{"id":6512,"date":"2025-01-30T12:53:42","date_gmt":"2025-01-30T11:53:42","guid":{"rendered":"https:\/\/etab.ac-reunion.fr\/clg-joseph-suacot\/?page_id=6512"},"modified":"2025-01-30T12:53:42","modified_gmt":"2025-01-30T11:53:42","slug":"assr-1-et-assr-2","status":"publish","type":"page","link":"https:\/\/etab.ac-reunion.fr\/clg-joseph-suacot\/assr-1-et-assr-2\/","title":{"rendered":"ASSR 1 et ASSR 2"},"content":{"rendered":"<p><strong>Les attestations scolaires de s\u00e9curit\u00e9 routi\u00e8re (ASSR)<\/strong> de 1er et 2e niveaux s&rsquo;obtiennent dans le cadre d&rsquo;un enseignement des r\u00e8gles de s\u00e9curit\u00e9 routi\u00e8re au coll\u00e8ge. Elles portent sur la connaissance des risques et des r\u00e8gles applicables pour chacun des types d&rsquo;usagers : pi\u00e9ton, cycliste, cyclomotoriste, passager d&rsquo;une voiture, futur automobiliste.<\/p>\n<p>L&rsquo;ASSR 1 ou l&rsquo;ASSR 2 permettent de s&rsquo;inscrire \u00e0 la formation du brevet de s\u00e9curit\u00e9 routi\u00e8re (BSR) qui permet lui-m\u00eame d&rsquo;obtenir la cat\u00e9gorie AM du permis de conduire.<\/p>\n<p>L&rsquo;ASSR 2 est obligatoire pour les personnes \u00e2g\u00e9es de moins de 21 ans, pour l&rsquo;obtention d&rsquo;une premi\u00e8re cat\u00e9gorie du permis de conduire, soit les cat\u00e9gories :<\/p>\n<p>A1 ou A2 (permis moto) ou B (permis voiture) ou B1 (permis quadricycle lourd \u00e0 moteur).<\/p>\n<p>ASSR de niveau 1 : pour les \u00e9l\u00e8ves de 5\u00e8me<br \/>\nASSR de niveau 2 pour les \u00e9l\u00e8ves de 3\u00e8me<\/p>\n<p>Les \u00e9preuves se d\u00e9roulent chaque ann\u00e9e pendant le temps scolaire, au cours d&rsquo;une p\u00e9riode comprise entre le d\u00e9but du 2e trimestre et la fin de l&rsquo;ann\u00e9e scolaire.<br \/>\nElles se pr\u00e9sentent sous la forme de 20 s\u00e9quences vid\u00e9o illustrant des questions \u00e0 choix multiples et n\u00e9cessite d&rsquo;obtenir au moins la note 10\/20. Les \u00e9l\u00e8ves ayant obtenu la note de 10\/20 ou plus \u00e0 l&rsquo;\u00e9preuve se voient attribuer l&rsquo;ASSR. Un \u00e9l\u00e8ve recal\u00e9 peut se pr\u00e9senter \u00e0 l&rsquo;\u00e9preuve de rattrapage durant la m\u00eame p\u00e9riode s&rsquo;il en fait la demande aupr\u00e8s du chef d&rsquo;\u00e9tablissement.<\/p>\n<p>Vous pouvez vous entra\u00eener aux \u00e9preuves de l&rsquo;ASSR1 : <a href=\"https:\/\/e-assr.education-securite-routiere.fr\/test\/assr\/2\/ASSR1\">entra\u00eenement ASSR1<\/a><br \/>\nVous pouvez vous entra\u00eener aux \u00e9preuves de l&rsquo;ASSR2 : <a href=\"https:\/\/e-assr.education-securite-routiere.fr\/test\/assr\/2\/ASSR2\">entra\u00eenement ASSR2<\/a><\/p>\n","protected":false},"excerpt":{"rendered":"<p>Les attestations scolaires de s\u00e9curit\u00e9 routi\u00e8re (ASSR) de 1er et 2e niveaux s&rsquo;obtiennent dans le cadre d&rsquo;un enseignement des r\u00e8gles de s\u00e9curit\u00e9 routi\u00e8re au coll\u00e8ge. Elles portent sur la connaissance des risques et des r\u00e8gles applicables pour chacun des types d&rsquo;usagers : pi\u00e9ton, cycliste, cyclomotoriste, passager d&rsquo;une voiture, futur automobiliste.\u2026<\/p>\n<p> <a class=\"continue-reading-link\" href=\"https:\/\/etab.ac-reunion.fr\/clg-joseph-suacot\/assr-1-et-assr-2\/\"><span>Lire la suite<\/span><i class=\"crycon-right-dir\"><\/i><\/a> <\/p>\n","protected":false},"author":27988,"featured_media":0,"parent":0,"menu_order":0,"comment_status":"closed","ping_status":"closed","template":"","meta":{"footnotes":"","_links_to":"","_links_to_target":""},"class_list":["post-6512","page","type-page","status-publish","hentry"],"_links":{"self":[{"href":"https:\/\/etab.ac-reunion.fr\/clg-joseph-suacot\/wp-json\/wp\/v2\/pages\/6512","targetHints":{"allow":["GET"]}}],"collection":[{"href":"https:\/\/etab.ac-reunion.fr\/clg-joseph-suacot\/wp-json\/wp\/v2\/pages"}],"about":[{"href":"https:\/\/etab.ac-reunion.fr\/clg-joseph-suacot\/wp-json\/wp\/v2\/types\/page"}],"author":[{"embeddable":true,"href":"https:\/\/etab.ac-reunion.fr\/clg-joseph-suacot\/wp-json\/wp\/v2\/users\/27988"}],"replies":[{"embeddable":true,"href":"https:\/\/etab.ac-reunion.fr\/clg-joseph-suacot\/wp-json\/wp\/v2\/comments?post=6512"}],"version-history":[{"count":4,"href":"https:\/\/etab.ac-reunion.fr\/clg-joseph-suacot\/wp-json\/wp\/v2\/pages\/6512\/revisions"}],"predecessor-version":[{"id":6516,"href":"https:\/\/etab.ac-reunion.fr\/clg-joseph-suacot\/wp-json\/wp\/v2\/pages\/6512\/revisions\/6516"}],"wp:attachment":[{"href":"https:\/\/etab.ac-reunion.fr\/clg-joseph-suacot\/wp-json\/wp\/v2\/media?parent=6512"}],"curies":[{"name":"wp","href":"https:\/\/api.w.org\/{rel}","templated":true}]}}