{"id":6538,"date":"2025-02-17T15:07:58","date_gmt":"2025-02-17T14:07:58","guid":{"rendered":"https:\/\/etab.ac-reunion.fr\/clg-joseph-suacot\/?page_id=6538"},"modified":"2025-02-17T15:07:58","modified_gmt":"2025-02-17T14:07:58","slug":"epreuve-orale-du-dnb","status":"publish","type":"page","link":"https:\/\/etab.ac-reunion.fr\/clg-joseph-suacot\/epreuve-orale-du-dnb\/","title":{"rendered":"Epreuve Orale du DNB"},"content":{"rendered":"<p>L&rsquo;\u00e9preuve orale permet au candidat de pr\u00e9senter l&rsquo;un des objets d&rsquo;\u00e9tude qu&rsquo;il a abord\u00e9s dans le cadre de l&rsquo;enseignement d&rsquo;histoire des arts, ou l&rsquo;un des projets qu&rsquo;il a men\u00e9s au cours des enseignements pratiques interdisciplinaires du cycle 4 ou dans le cadre de l&rsquo;un des parcours \u00e9ducatifs (parcours Avenir, parcours citoyen, parcours \u00e9ducatif de sant\u00e9, parcours d&rsquo;\u00e9ducation artistique et culturelle) qu&rsquo;il a suivis.<\/p>\n<p>Cette \u00e9preuve orale est une soutenance : elle a pour objet d&rsquo;\u00e9valuer la capacit\u00e9 du candidat \u00e0 exposer les comp\u00e9tences et connaissances qu&rsquo;il a acquises. Les candidats peuvent choisir de pr\u00e9senter l&rsquo;\u00e9preuve individuellement ou en groupe, sans qu&rsquo;un groupe puisse exc\u00e9der trois candidats. Dans tous les cas, chaque candidat fait l&rsquo;objet d&rsquo;une \u00e9valuation et d&rsquo;une notation individuelles.<\/p>\n<p>Le candidat peut, le cas \u00e9ch\u00e9ant, pr\u00e9senter ce qu&rsquo;il a r\u00e9alis\u00e9 (production sous forme de projection, enregistrement, r\u00e9alisation num\u00e9rique, etc.), mais cette r\u00e9alisation concr\u00e8te ne peut intervenir qu&rsquo;en appui d&rsquo;un expos\u00e9 qui permet d&rsquo;\u00e9valuer essentiellement les comp\u00e9tences orales et la capacit\u00e9 de synth\u00e8se. Elle ne peut donc se substituer \u00e0 la pr\u00e9sentation synth\u00e9tique qu&rsquo;elle peut cependant illustrer.<\/p>\n<p>L&rsquo;oral se d\u00e9roule en deux temps : un expos\u00e9 suivi d&rsquo;un entretien avec le jury.<\/p>\n<p>Dans le cas d&rsquo;une \u00e9preuve individuelle, l&rsquo;oral prend la forme d&rsquo;un expos\u00e9 par le candidat d&rsquo;environ <strong>cinq minutes suivi d&rsquo;un entretien d&rsquo;une dizaine de minutes<\/strong> avec le jury. Le cas \u00e9ch\u00e9ant, le candidat peut \u00eatre guid\u00e9 par le jury pour mener \u00e0 bien son expos\u00e9 personnel. La dur\u00e9e totale de l&rsquo;\u00e9preuve ne peut d\u00e9passer quinze minutes. Si l&rsquo;\u00e9preuve est collective, dix minutes d&rsquo;expos\u00e9, pendant lesquelles chacun des candidats intervient, pr\u00e9c\u00e8dent quinze minutes de reprise avec l&rsquo;ensemble du groupe. Le jury veille \u00e0 ce que chaque candidat dispose d&rsquo;un temps de parole suffisant pour exposer son implication personnelle dans le sujet ou le projet pr\u00e9sent\u00e9.<\/p>\n<p>Le candidat peut effectuer une partie de sa pr\u00e9sentation en langue vivante \u00e9trang\u00e8re ou r\u00e9gionale, dans la mesure o\u00f9 cette langue est enseign\u00e9e dans l&rsquo;\u00e9tablissement. Dans le cas d&rsquo;une prestation en langue \u00e9trang\u00e8re ou r\u00e9gionale, qu&rsquo;elle soit faite pendant l&rsquo;expos\u00e9 ou pendant l&rsquo;entretien, celle-ci ne doit pas exc\u00e9der cinq minutes au total. Dans son \u00e9valuation, le jury valorise cette prestation, d\u00e8s lors qu&rsquo;un niveau satisfaisant de ma\u00eetrise de la langue concern\u00e9e est atteint par le candidat.<\/p>\n","protected":false},"excerpt":{"rendered":"<p>L&rsquo;\u00e9preuve orale permet au candidat de pr\u00e9senter l&rsquo;un des objets d&rsquo;\u00e9tude qu&rsquo;il a abord\u00e9s dans le cadre de l&rsquo;enseignement d&rsquo;histoire des arts, ou l&rsquo;un des projets qu&rsquo;il a men\u00e9s au cours des enseignements pratiques interdisciplinaires du cycle 4 ou dans le cadre de l&rsquo;un des parcours \u00e9ducatifs (parcours Avenir, parcours\u2026<\/p>\n<p> <a class=\"continue-reading-link\" href=\"https:\/\/etab.ac-reunion.fr\/clg-joseph-suacot\/epreuve-orale-du-dnb\/\"><span>Lire la suite<\/span><i class=\"crycon-right-dir\"><\/i><\/a> <\/p>\n","protected":false},"author":27988,"featured_media":0,"parent":0,"menu_order":0,"comment_status":"closed","ping_status":"closed","template":"","meta":{"footnotes":"","_links_to":"","_links_to_target":""},"class_list":["post-6538","page","type-page","status-publish","hentry"],"_links":{"self":[{"href":"https:\/\/etab.ac-reunion.fr\/clg-joseph-suacot\/wp-json\/wp\/v2\/pages\/6538","targetHints":{"allow":["GET"]}}],"collection":[{"href":"https:\/\/etab.ac-reunion.fr\/clg-joseph-suacot\/wp-json\/wp\/v2\/pages"}],"about":[{"href":"https:\/\/etab.ac-reunion.fr\/clg-joseph-suacot\/wp-json\/wp\/v2\/types\/page"}],"author":[{"embeddable":true,"href":"https:\/\/etab.ac-reunion.fr\/clg-joseph-suacot\/wp-json\/wp\/v2\/users\/27988"}],"replies":[{"embeddable":true,"href":"https:\/\/etab.ac-reunion.fr\/clg-joseph-suacot\/wp-json\/wp\/v2\/comments?post=6538"}],"version-history":[{"count":1,"href":"https:\/\/etab.ac-reunion.fr\/clg-joseph-suacot\/wp-json\/wp\/v2\/pages\/6538\/revisions"}],"predecessor-version":[{"id":6539,"href":"https:\/\/etab.ac-reunion.fr\/clg-joseph-suacot\/wp-json\/wp\/v2\/pages\/6538\/revisions\/6539"}],"wp:attachment":[{"href":"https:\/\/etab.ac-reunion.fr\/clg-joseph-suacot\/wp-json\/wp\/v2\/media?parent=6538"}],"curies":[{"name":"wp","href":"https:\/\/api.w.org\/{rel}","templated":true}]}}