{"id":1078,"date":"2015-08-29T18:21:17","date_gmt":"2015-08-29T17:21:17","guid":{"rendered":"http:\/\/college-reydellet.ac-reunion.fr\/?page_id=1078"},"modified":"2019-03-05T14:51:25","modified_gmt":"2019-03-05T10:51:25","slug":"contact","status":"publish","type":"page","link":"https:\/\/etab.ac-reunion.fr\/clg-jules-reydellet\/contact\/","title":{"rendered":"Contacts"},"content":{"rendered":"<p style=\"text-align: center\"><a href=\"https:\/\/etab.ac-reunion.fr\/clg-jules-reydellet\/wp-content\/uploads\/sites\/89\/2015\/08\/mail_128px.png\"><img loading=\"lazy\" decoding=\"async\" class=\"aligncenter size-full wp-image-1400\" src=\"https:\/\/etab.ac-reunion.fr\/clg-jules-reydellet\/wp-content\/uploads\/sites\/89\/2015\/08\/mail_128px.png\" alt=\"mail_128px\" width=\"128\" height=\"128\" srcset=\"https:\/\/etab.ac-reunion.fr\/clg-jules-reydellet\/wp-content\/uploads\/sites\/89\/2015\/08\/mail_128px.png 128w, https:\/\/etab.ac-reunion.fr\/clg-jules-reydellet\/wp-content\/uploads\/sites\/89\/2015\/08\/mail_128px-50x50.png 50w\" sizes=\"(max-width: 128px) 100vw, 128px\" \/><\/a>Pour nous contacter, compl\u00e9tez le formulaire<\/p>\n<p style=\"text-align: center\"><strong><span style=\"color: #ff0000\">Ce formulaire est r\u00e9serv\u00e9 aux probl\u00e8mes techniques rencontr\u00e9s sur le site<\/span><\/strong><\/p>\n<p style=\"text-align: center\"><strong><span style=\"color: #ff0000\">Toute\u00a0 autre demande ne sera pas trait\u00e9e, merci de prendre contact par t\u00e9l\u00e9phone (0262 401 402) ou par courrier : 107 rue de la R\u00e9publique 97400 Saint Denis\u00a0<\/span> <\/strong><\/p>\n<p>Suite \u00e0 un probl\u00e8me technique le formulaire de contact n&rsquo;est plus disponible&#8230;Il sera bient\u00f4t r\u00e9tabli&#8230;.<\/p>\n<p style=\"text-align: center\">\n","protected":false},"excerpt":{"rendered":"<p>Pour nous contacter, compl\u00e9tez le formulaire Ce formulaire est r\u00e9serv\u00e9 aux probl\u00e8mes techniques rencontr\u00e9s sur le site Toute\u00a0 autre demande ne sera pas trait\u00e9e, merci de prendre contact par t\u00e9l\u00e9phone [&hellip;]<\/p>\n","protected":false},"author":2025,"featured_media":0,"parent":0,"menu_order":0,"comment_status":"closed","ping_status":"closed","template":"","meta":{"_et_pb_use_builder":"","_et_pb_old_content":"","_et_gb_content_width":"","footnotes":""},"class_list":["post-1078","page","type-page","status-publish","hentry"],"_links":{"self":[{"href":"https:\/\/etab.ac-reunion.fr\/clg-jules-reydellet\/wp-json\/wp\/v2\/pages\/1078","targetHints":{"allow":["GET"]}}],"collection":[{"href":"https:\/\/etab.ac-reunion.fr\/clg-jules-reydellet\/wp-json\/wp\/v2\/pages"}],"about":[{"href":"https:\/\/etab.ac-reunion.fr\/clg-jules-reydellet\/wp-json\/wp\/v2\/types\/page"}],"author":[{"embeddable":true,"href":"https:\/\/etab.ac-reunion.fr\/clg-jules-reydellet\/wp-json\/wp\/v2\/users\/2025"}],"replies":[{"embeddable":true,"href":"https:\/\/etab.ac-reunion.fr\/clg-jules-reydellet\/wp-json\/wp\/v2\/comments?post=1078"}],"version-history":[{"count":14,"href":"https:\/\/etab.ac-reunion.fr\/clg-jules-reydellet\/wp-json\/wp\/v2\/pages\/1078\/revisions"}],"predecessor-version":[{"id":5898,"href":"https:\/\/etab.ac-reunion.fr\/clg-jules-reydellet\/wp-json\/wp\/v2\/pages\/1078\/revisions\/5898"}],"wp:attachment":[{"href":"https:\/\/etab.ac-reunion.fr\/clg-jules-reydellet\/wp-json\/wp\/v2\/media?parent=1078"}],"curies":[{"name":"wp","href":"https:\/\/api.w.org\/{rel}","templated":true}]}}