{"id":1086,"date":"2015-08-29T18:24:16","date_gmt":"2015-08-29T17:24:16","guid":{"rendered":"http:\/\/college-reydellet.ac-reunion.fr\/?page_id=1086"},"modified":"2019-03-13T15:35:47","modified_gmt":"2019-03-13T11:35:47","slug":"mentions-legales","status":"publish","type":"page","link":"https:\/\/etab.ac-reunion.fr\/clg-jules-reydellet\/mentions-legales\/","title":{"rendered":"Mentions l\u00e9gales et donn\u00e9es personnelles"},"content":{"rendered":"[et_pb_section bb_built=\u00a0\u00bb1&Prime;][et_pb_row][et_pb_column type=\u00a0\u00bb4_4&Prime;][et_pb_toggle _builder_version=\u00a0\u00bb3.20.2&Prime; title=\u00a0\u00bbMENTIONS RELATIVE A L&rsquo;ETABLISSEMENT \u00a0\u00bb open_toggle_text_color=\u00a0\u00bb#000000&Prime; open_toggle_background_color=\u00a0\u00bb#c4af71&Prime; closed_toggle_background_color=\u00a0\u00bb#961732&Prime; closed_toggle_text_color=\u00a0\u00bb#ffffff\u00a0\u00bb]\n<p><span style=\"color: #000000\">Nom de l\u2019\u00e9tablissement : Coll\u00e8ge Jules Reydellet <br \/><\/span><\/p>\n<p><span style=\"color: #000000\">Adresse : 107 Rue de la R\u00e9publique 97 400 Saint Denis <\/span><\/p>\n<p><span style=\"color: #000000\">Adresse m\u00e9l.<\/span><\/p>\n<p><span style=\"color: #000000\">Num\u00e9ro de t\u00e9l\u00e9phone : 0262 401 402 <br \/><\/span><\/p>\n<p><span style=\"color: #000000\">Directeur de la publication : Christophe PAOLINETTI<br \/><\/span><\/p>\n[\/et_pb_toggle][et_pb_toggle _builder_version=\u00a0\u00bb3.20.2&Prime; title=\u00a0\u00bbHEBERGEUR DU SITE \u00a0\u00bb open_toggle_text_color=\u00a0\u00bb#000000&Prime; open_toggle_background_color=\u00a0\u00bb#c4af71&Prime; closed_toggle_text_color=\u00a0\u00bb#ffffff\u00a0\u00bb closed_toggle_background_color=\u00a0\u00bb#961732&Prime;]\n<p><span style=\"color: #000000\">Rectorat de l\u2019acad\u00e9mie de la R\u00e9union<\/span><\/p>\n<p><span style=\"color: #000000\">24, avenue Georges Brassens<\/span><br \/><span style=\"color: #000000\">CS 71003<\/span><br \/><span style=\"color: #000000\">97743 Saint Denis Cedex 9<\/span><\/p>\n<p><span style=\"color: #000000\">T\u00e9l.+262 (0)2 62 48 10 10<\/span><\/p>\n[\/et_pb_toggle][et_pb_toggle _builder_version=\u00a0\u00bb3.20.2&Prime; title=\u00a0\u00bbCONDITIONS D&rsquo;UTILISATION \u00a0\u00bb open_toggle_text_color=\u00a0\u00bb#000000&Prime; open_toggle_background_color=\u00a0\u00bb#c4af71&Prime; closed_toggle_text_color=\u00a0\u00bb#ffffff\u00a0\u00bb closed_toggle_background_color=\u00a0\u00bb#961732&Prime;]\n<p><span style=\"color: #000000\">Sur ce site, les photos ne sont pas libres de droit. Elles sont prot\u00e9g\u00e9es par le Code de la Propri\u00e9t\u00e9 Intellectuelle (CPI).<\/span><\/p>\n<p><span style=\"color: #000000\">Sauf mention contraire, les textes sont r\u00e9utilisables dans le respect de la licence Creative Commons Attribution \u2013 Pas d\u2019Utilisation Commerciale \u2013 Partage dans les M\u00eames Conditions (CC BY-NC-SA).<\/span><\/p>\n[\/et_pb_toggle][et_pb_toggle _builder_version=\u00a0\u00bb3.20.2&Prime; title=\u00a0\u00bbDONNEES PERSONNELLES \u00a0\u00bb open_toggle_text_color=\u00a0\u00bb#000000&Prime; open_toggle_background_color=\u00a0\u00bb#c4af71&Prime; closed_toggle_text_color=\u00a0\u00bb#ffffff\u00a0\u00bb closed_toggle_background_color=\u00a0\u00bb#961732&Prime;]\n<p><span style=\"color: #000000\">L\u2019\u00e9tablissement traite des donn\u00e9es personnelles conform\u00e9ment au R\u00e8glement G\u00e9n\u00e9ral sur la Protection des Donn\u00e9es (RGPD) et \u00e0 la loi Informatiques et Libert\u00e9s.<\/span><\/p>\n<h2><span style=\"color: #000000\">Politique de protection des donn\u00e9es<\/span><\/h2>\n<p><span style=\"color: #000000\">Les informations fournies via le formulaire de contact sont transmises par protocole s\u00e9curis\u00e9 au destinataire pour traitement.<\/span><\/p>\n<h2><span style=\"color: #000000\">Exercez vos droits<\/span><\/h2>\n<p><span style=\"color: #000000\">Pour toute information ou exercice de vos droits Informatique et Libert\u00e9s sur les traitements de donn\u00e9es personnelles g\u00e9r\u00e9s par l\u2019\u00e9tablissement, vous pouvez contacter l\u2019\u00e9tablissement :<\/span><\/p>\n<ul>\n<li><span style=\"color: #000000\">par courrier (avec copie de votre pi\u00e8ce d\u2019identit\u00e9 en cas d\u2019exercice de vos droits) \u00e0 l\u2019adresse suivante :<\/span><\/li>\n<\/ul>\n<p><span style=\"color: #000000\">(mettre l\u2019adresse postale de l\u2019\u00e9tablissement)<\/span><\/p>\n<p style=\"padding-left: 30px\"><span style=\"color: #000000\">\u00a0&#8211; en ligne (bient\u00f4t un formulaire de contact)<\/span><\/p>\n<h2><span style=\"color: #000000\">A propos des \u00ab\u00a0cookies\u00a0\u00bb<\/span><\/h2>\n<p><span style=\"color: #000000\">Les \u00ab\u00a0cookies\u00a0\u00bb sont des petits fichiers qui collectent des donn\u00e9es lors de l\u2019usage de sites internet.<\/span><\/p>\n<p><span style=\"color: #000000\">Trois types de cookies sont cr\u00e9\u00e9s lors de la consultation du site :<\/span><\/p>\n<p style=\"padding-left: 30px\"><span style=\"color: #000000\">1-Cookies internes n\u00e9cessaires au site pour fonctionner<\/span><\/p>\n<p style=\"padding-left: 90px\"><span style=\"color: #000000\">Exemples :<\/span><\/p>\n<p style=\"padding-left: 90px\"><span style=\"color: #000000\">PHPSESSID<\/span><\/p>\n<p style=\"padding-left: 90px\"><span style=\"color: #000000\">tarteaucitron<\/span><\/p>\n<p style=\"padding-left: 30px\"><span style=\"color: #000000\">2-Cookie de mesure d\u2019audience<\/span><\/p>\n<p style=\"padding-left: 60px\"><span style=\"color: #000000\">La mesure d\u2019audience se fait avec Matomo (ex-Piwik) o\u00f9 l\u2019adresse IP est anonymis\u00e9e sur 2 octets, conform\u00e9ment aux pr\u00e9conisations de la CNIL.<\/span><\/p>\n<p style=\"padding-left: 30px\"><span style=\"color: #000000\">3-Cookies tiers li\u00e9s \u00e0 des contenus tiers en ligne<\/span><\/p>\n<p style=\"padding-left: 60px\"><span style=\"color: #000000\">Des services tiers n\u00e9cessitent l\u2019acceptation des cookies pour fonctionner :<\/span><\/p>\n<p style=\"padding-left: 60px\"><span style=\"color: #000000\">Vid\u00e9os en ligne (Dailymotion, YouTube)<\/span><span style=\"color: #000000\">Tweets (Twitter)<\/span><\/p>\n<p style=\"padding-left: 60px\"><span style=\"color: #000000\">\u00a0<\/span><\/p>\n[\/et_pb_toggle][et_pb_divider _builder_version=\u00a0\u00bb3.20.2&Prime; show_divider=\u00a0\u00bboff\u00a0\u00bb height=\u00a0\u00bb10px\u00a0\u00bb \/][\/et_pb_column][\/et_pb_row][\/et_pb_section]\n","protected":false},"excerpt":{"rendered":"<p><div class=\"et_pb_row et_pb_row_0 et_pb_row_empty\">\n\t\t\t\t\n\t\t\t\t\n\t\t\t\t\n\t\t\t\t\n\t\t\t\t\n\t\t\t<\/div> Nom de l\u2019\u00e9tablissement : Coll\u00e8ge Jules Reydellet Adresse : 107 Rue de la R\u00e9publique 97 400 Saint Denis Adresse m\u00e9l. Num\u00e9ro de t\u00e9l\u00e9phone : 0262 401 402 Directeur de [&hellip;]<\/p>\n","protected":false},"author":2025,"featured_media":0,"parent":0,"menu_order":0,"comment_status":"closed","ping_status":"closed","template":"","meta":{"_et_pb_use_builder":"on","_et_pb_old_content":"","_et_gb_content_width":"","footnotes":""},"class_list":["post-1086","page","type-page","status-publish","hentry"],"_links":{"self":[{"href":"https:\/\/etab.ac-reunion.fr\/clg-jules-reydellet\/wp-json\/wp\/v2\/pages\/1086","targetHints":{"allow":["GET"]}}],"collection":[{"href":"https:\/\/etab.ac-reunion.fr\/clg-jules-reydellet\/wp-json\/wp\/v2\/pages"}],"about":[{"href":"https:\/\/etab.ac-reunion.fr\/clg-jules-reydellet\/wp-json\/wp\/v2\/types\/page"}],"author":[{"embeddable":true,"href":"https:\/\/etab.ac-reunion.fr\/clg-jules-reydellet\/wp-json\/wp\/v2\/users\/2025"}],"replies":[{"embeddable":true,"href":"https:\/\/etab.ac-reunion.fr\/clg-jules-reydellet\/wp-json\/wp\/v2\/comments?post=1086"}],"version-history":[{"count":6,"href":"https:\/\/etab.ac-reunion.fr\/clg-jules-reydellet\/wp-json\/wp\/v2\/pages\/1086\/revisions"}],"predecessor-version":[{"id":5903,"href":"https:\/\/etab.ac-reunion.fr\/clg-jules-reydellet\/wp-json\/wp\/v2\/pages\/1086\/revisions\/5903"}],"wp:attachment":[{"href":"https:\/\/etab.ac-reunion.fr\/clg-jules-reydellet\/wp-json\/wp\/v2\/media?parent=1086"}],"curies":[{"name":"wp","href":"https:\/\/api.w.org\/{rel}","templated":true}]}}