{"id":12403,"date":"2025-09-02T15:13:36","date_gmt":"2025-09-02T11:13:36","guid":{"rendered":"https:\/\/etab.ac-reunion.fr\/clg-jules-reydellet\/?page_id=12403"},"modified":"2025-10-31T12:00:52","modified_gmt":"2025-10-31T08:00:52","slug":"administration","status":"publish","type":"page","link":"https:\/\/etab.ac-reunion.fr\/clg-jules-reydellet\/administration\/","title":{"rendered":"ADMINISTRATION"},"content":{"rendered":"[et_pb_section fb_built=\u00a0\u00bb1&Prime; admin_label=\u00a0\u00bbsection\u00a0\u00bb _builder_version=\u00a0\u00bb4.16&Prime; global_colors_info=\u00a0\u00bb{}\u00a0\u00bb][et_pb_row _builder_version=\u00a0\u00bb4.27.4&Prime; _module_preset=\u00a0\u00bbdefault\u00a0\u00bb global_colors_info=\u00a0\u00bb{}\u00a0\u00bb][et_pb_column type=\u00a0\u00bb4_4&Prime; _builder_version=\u00a0\u00bb4.27.4&Prime; _module_preset=\u00a0\u00bbdefault\u00a0\u00bb global_colors_info=\u00a0\u00bb{}\u00a0\u00bb][et_pb_blurb title=\u00a0\u00bbSecr\u00e9tariat\u00a0\u00bb url=\u00a0\u00bbhttps:\/\/etab.ac-reunion.fr\/clg-jules-reydellet\/secretariat\/\u00a0\u00bb url_new_window=\u00a0\u00bbon\u00a0\u00bb use_icon=\u00a0\u00bbon\u00a0\u00bb font_icon=\u00a0\u00bb&#x6d;||divi||400&Prime; image_icon_background_color=\u00a0\u00bb#FFFFFF\u00a0\u00bb image_icon_width=\u00a0\u00bb100px\u00a0\u00bb icon_alignment=\u00a0\u00bbleft\u00a0\u00bb admin_label=\u00a0\u00bbSecr\u00e9tariat\u00a0\u00bb _builder_version=\u00a0\u00bb4.27.4&Prime; header_text_align=\u00a0\u00bbleft\u00a0\u00bb body_line_height=\u00a0\u00bb1.2em\u00a0\u00bb image_icon_custom_margin=\u00a0\u00bb-5px||-5px||false|false\u00a0\u00bb image_icon_custom_padding=\u00a0\u00bb0px|0px|0px|0px|false|false%22&Prime; custom_margin=\u00a0\u00bb20px|0px|0px|0px|false|false\u00a0\u00bb custom_padding=\u00a0\u00bb0px|0px|0px|0px|false|false\u00a0\u00bb animation_style=\u00a0\u00bbbounce\u00a0\u00bb hover_enabled=\u00a0\u00bb0&Prime; z_index_tablet=\u00a0\u00bb%22500%22&Prime; header_text_shadow_horizontal_length_tablet=\u00a0\u00bb%220px%22&Prime; header_text_shadow_vertical_length_tablet=\u00a0\u00bb%220px%22&Prime; header_text_shadow_blur_strength_tablet=\u00a0\u00bb%221px%22&Prime; body_text_shadow_horizontal_length_tablet=\u00a0\u00bb%220px%22&Prime; body_text_shadow_vertical_length_tablet=\u00a0\u00bb%220px%22&Prime; body_text_shadow_blur_strength_tablet=\u00a0\u00bb%221px%22&Prime; body_link_text_shadow_horizontal_length_tablet=\u00a0\u00bb%220px%22&Prime; body_link_text_shadow_vertical_length_tablet=\u00a0\u00bb%220px%22&Prime; body_link_text_shadow_blur_strength_tablet=\u00a0\u00bb%221px%22&Prime; body_ul_text_shadow_horizontal_length_tablet=\u00a0\u00bb%220px%22&Prime; body_ul_text_shadow_vertical_length_tablet=\u00a0\u00bb%220px%22&Prime; body_ul_text_shadow_blur_strength_tablet=\u00a0\u00bb%221px%22&Prime; body_ol_text_shadow_horizontal_length_tablet=\u00a0\u00bb%220px%22&Prime; body_ol_text_shadow_vertical_length_tablet=\u00a0\u00bb%220px%22&Prime; body_ol_text_shadow_blur_strength_tablet=\u00a0\u00bb%221px%22&Prime; body_quote_text_shadow_horizontal_length_tablet=\u00a0\u00bb%220px%22&Prime; body_quote_text_shadow_vertical_length_tablet=\u00a0\u00bb%220px%22&Prime; body_quote_text_shadow_blur_strength_tablet=\u00a0\u00bb%221px%22&Prime; border_radii_image=\u00a0\u00bb%22on|100%|100%|100%|100%%22&Prime; border_width_all_image=\u00a0\u00bb%223px%22&Prime; border_color_all_image=\u00a0\u00bb%22#e0e0e0%22&Prime; box_shadow_horizontal_tablet=\u00a0\u00bb%220px%22&Prime; box_shadow_vertical_tablet=\u00a0\u00bb%220px%22&Prime; box_shadow_blur_tablet=\u00a0\u00bb%2240px%22&Prime; box_shadow_spread_tablet=\u00a0\u00bb%220px%22&Prime; box_shadow_horizontal_image_tablet=\u00a0\u00bb%220px%22&Prime; box_shadow_vertical_image_tablet=\u00a0\u00bb%220px%22&Prime; box_shadow_blur_image_tablet=\u00a0\u00bb%2240px%22&Prime; box_shadow_spread_image_tablet=\u00a0\u00bb%220px%22&Prime; text_shadow_horizontal_length_tablet=\u00a0\u00bb%220px%22&Prime; text_shadow_vertical_length_tablet=\u00a0\u00bb%220px%22&Prime; text_shadow_blur_strength_tablet=\u00a0\u00bb%221px%22&Prime; border_style=\u00a0\u00bb%22solid%22&Prime; image_max_width=\u00a0\u00bbnone\u00a0\u00bb use_circle=\u00a0\u00bb%22on%22&Prime; use_circle_border=\u00a0\u00bb%22on%22&Prime; circle_border_color=\u00a0\u00bb%22#e0e0e0%22&Prime; circle_color=\u00a0\u00bb%22#ffffff%22&Prime; locked=\u00a0\u00bboff\u00a0\u00bb global_colors_info=\u00a0\u00bb%22{}%22&Prime; image_icon_background_color__sticky_enabled=\u00a0\u00bb%22#961732%22&Prime; image_icon_background_color__sticky=\u00a0\u00bb%22#961732%22&Prime; sticky_enabled=\u00a0\u00bb0&Prime;]\n<p>Dossier prot\u00e9g\u00e9<\/p>\n<p>&nbsp;<\/p>\n<p>&nbsp;<\/p>\n[\/et_pb_blurb][et_pb_divider show_divider=\u00a0\u00bboff\u00a0\u00bb _builder_version=\u00a0\u00bb4.27.4&Prime; _module_preset=\u00a0\u00bbdefault\u00a0\u00bb custom_margin=\u00a0\u00bb100px||||false|false\u00a0\u00bb global_colors_info=\u00a0\u00bb{}\u00a0\u00bb][\/et_pb_divider][et_pb_blurb title=\u00a0\u00bbVie scolaire\u00a0\u00bb url=\u00a0\u00bbhttps:\/\/etab.ac-reunion.fr\/clg-jules-reydellet\/vie-scolaire\/\u00a0\u00bb url_new_window=\u00a0\u00bbon\u00a0\u00bb use_icon=\u00a0\u00bbon\u00a0\u00bb font_icon=\u00a0\u00bb&#x6d;||divi||400&Prime; image_icon_background_color=\u00a0\u00bb#FFFFFF\u00a0\u00bb image_icon_width=\u00a0\u00bb100px\u00a0\u00bb icon_alignment=\u00a0\u00bbleft\u00a0\u00bb admin_label=\u00a0\u00bbVie scolaire\u00a0\u00bb _builder_version=\u00a0\u00bb4.27.4&Prime; header_text_align=\u00a0\u00bbleft\u00a0\u00bb body_line_height=\u00a0\u00bb1.2em\u00a0\u00bb image_icon_custom_margin=\u00a0\u00bb||||false|false\u00a0\u00bb image_icon_custom_padding=\u00a0\u00bb0px|0px|0px|0px|false|false%22&Prime; custom_margin=\u00a0\u00bb0px|0px|0px|0px|false|false\u00a0\u00bb custom_padding=\u00a0\u00bb0px|0px|0px|0px|false|false\u00a0\u00bb animation_style=\u00a0\u00bbbounce\u00a0\u00bb z_index_tablet=\u00a0\u00bb%22500%22&Prime; header_text_shadow_horizontal_length_tablet=\u00a0\u00bb%220px%22&Prime; header_text_shadow_vertical_length_tablet=\u00a0\u00bb%220px%22&Prime; header_text_shadow_blur_strength_tablet=\u00a0\u00bb%221px%22&Prime; body_text_shadow_horizontal_length_tablet=\u00a0\u00bb%220px%22&Prime; body_text_shadow_vertical_length_tablet=\u00a0\u00bb%220px%22&Prime; body_text_shadow_blur_strength_tablet=\u00a0\u00bb%221px%22&Prime; body_link_text_shadow_horizontal_length_tablet=\u00a0\u00bb%220px%22&Prime; body_link_text_shadow_vertical_length_tablet=\u00a0\u00bb%220px%22&Prime; body_link_text_shadow_blur_strength_tablet=\u00a0\u00bb%221px%22&Prime; body_ul_text_shadow_horizontal_length_tablet=\u00a0\u00bb%220px%22&Prime; body_ul_text_shadow_vertical_length_tablet=\u00a0\u00bb%220px%22&Prime; body_ul_text_shadow_blur_strength_tablet=\u00a0\u00bb%221px%22&Prime; body_ol_text_shadow_horizontal_length_tablet=\u00a0\u00bb%220px%22&Prime; body_ol_text_shadow_vertical_length_tablet=\u00a0\u00bb%220px%22&Prime; body_ol_text_shadow_blur_strength_tablet=\u00a0\u00bb%221px%22&Prime; body_quote_text_shadow_horizontal_length_tablet=\u00a0\u00bb%220px%22&Prime; body_quote_text_shadow_vertical_length_tablet=\u00a0\u00bb%220px%22&Prime; body_quote_text_shadow_blur_strength_tablet=\u00a0\u00bb%221px%22&Prime; border_radii_image=\u00a0\u00bb%22on|100%|100%|100%|100%%22&Prime; border_width_all_image=\u00a0\u00bb%223px%22&Prime; border_color_all_image=\u00a0\u00bb%22#e0e0e0%22&Prime; box_shadow_horizontal_tablet=\u00a0\u00bb%220px%22&Prime; box_shadow_vertical_tablet=\u00a0\u00bb%220px%22&Prime; box_shadow_blur_tablet=\u00a0\u00bb%2240px%22&Prime; box_shadow_spread_tablet=\u00a0\u00bb%220px%22&Prime; box_shadow_horizontal_image_tablet=\u00a0\u00bb%220px%22&Prime; box_shadow_vertical_image_tablet=\u00a0\u00bb%220px%22&Prime; box_shadow_blur_image_tablet=\u00a0\u00bb%2240px%22&Prime; box_shadow_spread_image_tablet=\u00a0\u00bb%220px%22&Prime; text_shadow_horizontal_length_tablet=\u00a0\u00bb%220px%22&Prime; text_shadow_vertical_length_tablet=\u00a0\u00bb%220px%22&Prime; text_shadow_blur_strength_tablet=\u00a0\u00bb%221px%22&Prime; border_style=\u00a0\u00bb%22solid%22&Prime; image_max_width=\u00a0\u00bbnone\u00a0\u00bb use_circle=\u00a0\u00bb%22on%22&Prime; use_circle_border=\u00a0\u00bb%22on%22&Prime; circle_border_color=\u00a0\u00bb%22#e0e0e0%22&Prime; circle_color=\u00a0\u00bb%22#ffffff%22&Prime; locked=\u00a0\u00bboff\u00a0\u00bb global_colors_info=\u00a0\u00bb%22{}%22&Prime; image_icon_background_color__sticky_enabled=\u00a0\u00bb%22#961732%22&Prime; image_icon_background_color__sticky=\u00a0\u00bb%22#961732%22&Prime;]\n<p><span style=\"color: #000000\">Dossier prot\u00e9g\u00e9<\/span><\/p>\n[\/et_pb_blurb][\/et_pb_column][\/et_pb_row][\/et_pb_section]\n","protected":false},"excerpt":{"rendered":"<p>Dossier prot\u00e9g\u00e9 &nbsp; &nbsp;Dossier prot\u00e9g\u00e9<\/p>\n","protected":false},"author":2025,"featured_media":0,"parent":0,"menu_order":0,"comment_status":"closed","ping_status":"closed","template":"","meta":{"_et_pb_use_builder":"on","_et_pb_old_content":"","_et_gb_content_width":"","footnotes":""},"class_list":["post-12403","page","type-page","status-publish","hentry"],"_links":{"self":[{"href":"https:\/\/etab.ac-reunion.fr\/clg-jules-reydellet\/wp-json\/wp\/v2\/pages\/12403","targetHints":{"allow":["GET"]}}],"collection":[{"href":"https:\/\/etab.ac-reunion.fr\/clg-jules-reydellet\/wp-json\/wp\/v2\/pages"}],"about":[{"href":"https:\/\/etab.ac-reunion.fr\/clg-jules-reydellet\/wp-json\/wp\/v2\/types\/page"}],"author":[{"embeddable":true,"href":"https:\/\/etab.ac-reunion.fr\/clg-jules-reydellet\/wp-json\/wp\/v2\/users\/2025"}],"replies":[{"embeddable":true,"href":"https:\/\/etab.ac-reunion.fr\/clg-jules-reydellet\/wp-json\/wp\/v2\/comments?post=12403"}],"version-history":[{"count":69,"href":"https:\/\/etab.ac-reunion.fr\/clg-jules-reydellet\/wp-json\/wp\/v2\/pages\/12403\/revisions"}],"predecessor-version":[{"id":12772,"href":"https:\/\/etab.ac-reunion.fr\/clg-jules-reydellet\/wp-json\/wp\/v2\/pages\/12403\/revisions\/12772"}],"wp:attachment":[{"href":"https:\/\/etab.ac-reunion.fr\/clg-jules-reydellet\/wp-json\/wp\/v2\/media?parent=12403"}],"curies":[{"name":"wp","href":"https:\/\/api.w.org\/{rel}","templated":true}]}}