{"id":1247,"date":"2015-09-02T08:10:17","date_gmt":"2015-09-02T04:10:17","guid":{"rendered":"http:\/\/college-reydellet.ac-reunion.fr\/?page_id=1247"},"modified":"2015-09-06T15:18:15","modified_gmt":"2015-09-06T11:18:15","slug":"histoire-2","status":"publish","type":"page","link":"https:\/\/etab.ac-reunion.fr\/clg-jules-reydellet\/histoire-2\/","title":{"rendered":"Histoire"},"content":{"rendered":"<p><a href=\"https:\/\/etab.ac-reunion.fr\/clg-jules-reydellet\/wp-content\/uploads\/sites\/89\/2015\/09\/rubon0.jpg\"><img loading=\"lazy\" decoding=\"async\" class=\"size-full wp-image-1194 alignleft\" src=\"https:\/\/etab.ac-reunion.fr\/clg-jules-reydellet\/wp-content\/uploads\/sites\/89\/2015\/09\/rubon0.jpg\" alt=\"rubon0\" width=\"44\" height=\"48\" \/><\/a><\/p>\n<p><span class=\"cs_rouge\" style=\"color: #ff0000\"><strong>La rivi\u00e8re Saint Denis\u00a0: un quartier historique<\/strong><\/span><\/p>\n<p style=\"text-align: justify\"><span style=\"color: #000000\">En 1774, Honor\u00e9 de Cr\u00e9mont, ordonnateur de l\u2019\u00eele Bourbon de 1764 \u00e0 1784, entreprend une r\u00e9organisation du plan de Saint Denis. La croissance anarchique des quartiers populaires impose alors de nouvelles limites \u00e0 la cit\u00e9. Il charge le chevalier Gustave Banks, arpenteur du Roy, de tracer un nouveau plan, la limite ouest de Saint Denis est constitu\u00e9e par ce qui sera la rue du Rempart en 1861, aujourd\u2019hui la rue Lucien Gasparin.<\/span><\/p>\n<div id=\"attachment_1190\" style=\"width: 810px\" class=\"wp-caption aligncenter\"><a class=\"fancybox\" href=\"https:\/\/etab.ac-reunion.fr\/clg-jules-reydellet\/wp-content\/uploads\/sites\/89\/2015\/09\/rrempart.jpg\" rel=\"galerie-portfolio\"><img loading=\"lazy\" decoding=\"async\" aria-describedby=\"caption-attachment-1190\" class=\"wp-image-1190 size-full\" src=\"https:\/\/etab.ac-reunion.fr\/clg-jules-reydellet\/wp-content\/uploads\/sites\/89\/2015\/09\/rrempart.jpg\" alt=\"La rue du Rempart, aujourd'hui rue Lucien Gasparin \" width=\"800\" height=\"533\" srcset=\"https:\/\/etab.ac-reunion.fr\/clg-jules-reydellet\/wp-content\/uploads\/sites\/89\/2015\/09\/rrempart.jpg 800w, https:\/\/etab.ac-reunion.fr\/clg-jules-reydellet\/wp-content\/uploads\/sites\/89\/2015\/09\/rrempart-150x100.jpg 150w, https:\/\/etab.ac-reunion.fr\/clg-jules-reydellet\/wp-content\/uploads\/sites\/89\/2015\/09\/rrempart-50x33.jpg 50w\" sizes=\"(max-width: 800px) 100vw, 800px\" \/><\/a><p id=\"caption-attachment-1190\" class=\"wp-caption-text\"><em> La rue du Rempart, aujourd&rsquo;hui rue Lucien Gasparin <\/em><\/p><\/div>\n<p style=\"text-align: left\"><span class=\"cs_rouge\" style=\"color: #ff0000\"><strong>Une vocation industrielle tr\u00e8s pr\u00e9coce\u2026<\/strong><\/span><\/p>\n<ul style=\"text-align: center\">\n<li style=\"text-align: justify\"><span style=\"color: #000000\">En 1777 Cr\u00e9mont fait installer en dehors de la ville, sur la rive droite de la rivi\u00e8re Saint-Denis, des moulins pour moudre le bl\u00e9, ainsi qu\u2019une boulangerie au pied du rempart. La rivi\u00e8re est en partie d\u00e9tourn\u00e9e vers un canal, le canal des Moulins, qui apporte l\u2019eau n\u00e9cessaire \u00e0 ce qui sera d\u00e9sormais le premier quartier industriel de Saint Denis. La rue de la Boulangerie est rebaptis\u00e9e rue de la R\u00e9publique en 1848.<\/span><\/li>\n<\/ul>\n<div id=\"attachment_1180\" style=\"width: 543px\" class=\"wp-caption aligncenter\"><a class=\"fancybox\" href=\"https:\/\/etab.ac-reunion.fr\/clg-jules-reydellet\/wp-content\/uploads\/sites\/89\/2015\/09\/canalm.jpg\" rel=\"galerie-portfolio\"><img loading=\"lazy\" decoding=\"async\" aria-describedby=\"caption-attachment-1180\" class=\"wp-image-1180 size-full\" src=\"https:\/\/etab.ac-reunion.fr\/clg-jules-reydellet\/wp-content\/uploads\/sites\/89\/2015\/09\/canalm.jpg\" alt=\"Les vestiges du canal des Moulins\" width=\"533\" height=\"800\" srcset=\"https:\/\/etab.ac-reunion.fr\/clg-jules-reydellet\/wp-content\/uploads\/sites\/89\/2015\/09\/canalm.jpg 533w, https:\/\/etab.ac-reunion.fr\/clg-jules-reydellet\/wp-content\/uploads\/sites\/89\/2015\/09\/canalm-100x150.jpg 100w, https:\/\/etab.ac-reunion.fr\/clg-jules-reydellet\/wp-content\/uploads\/sites\/89\/2015\/09\/canalm-50x75.jpg 50w\" sizes=\"(max-width: 533px) 100vw, 533px\" \/><\/a><p id=\"caption-attachment-1180\" class=\"wp-caption-text\">Les vestiges du canal des Moulins<\/p><\/div>\n<ul style=\"text-align: center\">\n<li>A<span style=\"color: #000000\">u fil du temps l\u2019\u00e9quipement industriel du quartier se compl\u00e8te avec l\u2019installation d\u2019une tannerie, d\u2019une usine de transformation de l\u2019alo\u00e8s, d\u2019un abattoir \u00e0 l\u2019embouchure, d\u2019une f\u00e9culerie, d\u2019une distillerie, d\u2019une chocolaterie, et d\u2019une fabrique \u00e0 tabac dans les ann\u00e9es 1920.<\/span><\/li>\n<\/ul>\n<div id=\"attachment_1191\" style=\"width: 810px\" class=\"wp-caption aligncenter\"><a class=\"fancybox\" href=\"https:\/\/etab.ac-reunion.fr\/clg-jules-reydellet\/wp-content\/uploads\/sites\/89\/2015\/09\/usined.jpg\" rel=\"galerie-portfolio\"><img loading=\"lazy\" decoding=\"async\" aria-describedby=\"caption-attachment-1191\" class=\"wp-image-1191 size-full\" src=\"https:\/\/etab.ac-reunion.fr\/clg-jules-reydellet\/wp-content\/uploads\/sites\/89\/2015\/09\/usined.jpg\" alt=\" L'ancienne distillerie, rue de la R\u00e9publique, face au coll\u00e8ge \" width=\"800\" height=\"589\" srcset=\"https:\/\/etab.ac-reunion.fr\/clg-jules-reydellet\/wp-content\/uploads\/sites\/89\/2015\/09\/usined.jpg 800w, https:\/\/etab.ac-reunion.fr\/clg-jules-reydellet\/wp-content\/uploads\/sites\/89\/2015\/09\/usined-150x110.jpg 150w, https:\/\/etab.ac-reunion.fr\/clg-jules-reydellet\/wp-content\/uploads\/sites\/89\/2015\/09\/usined-50x37.jpg 50w\" sizes=\"(max-width: 800px) 100vw, 800px\" \/><\/a><p id=\"caption-attachment-1191\" class=\"wp-caption-text\">L&rsquo;ancienne distillerie, rue de la R\u00e9publique, face au coll\u00e8ge<\/p><\/div>\n<div id=\"attachment_1182\" style=\"width: 543px\" class=\"wp-caption aligncenter\"><a class=\"fancybox\" href=\"https:\/\/etab.ac-reunion.fr\/clg-jules-reydellet\/wp-content\/uploads\/sites\/89\/2015\/09\/dchem.jpg\" rel=\"galerie-portfolio\"><img loading=\"lazy\" decoding=\"async\" aria-describedby=\"caption-attachment-1182\" class=\"wp-image-1182 size-full\" src=\"https:\/\/etab.ac-reunion.fr\/clg-jules-reydellet\/wp-content\/uploads\/sites\/89\/2015\/09\/dchem.jpg\" alt=\"D\u00e9tail de la chemin\u00e9e de la distillerie\" width=\"533\" height=\"800\" srcset=\"https:\/\/etab.ac-reunion.fr\/clg-jules-reydellet\/wp-content\/uploads\/sites\/89\/2015\/09\/dchem.jpg 533w, https:\/\/etab.ac-reunion.fr\/clg-jules-reydellet\/wp-content\/uploads\/sites\/89\/2015\/09\/dchem-100x150.jpg 100w, https:\/\/etab.ac-reunion.fr\/clg-jules-reydellet\/wp-content\/uploads\/sites\/89\/2015\/09\/dchem-50x75.jpg 50w\" sizes=\"(max-width: 533px) 100vw, 533px\" \/><\/a><p id=\"caption-attachment-1182\" class=\"wp-caption-text\">D\u00e9tail de la chemin\u00e9e de la distillerie<\/p><\/div>\n<ul style=\"text-align: center\">\n<li style=\"text-align: left\"><span style=\"color: #000000\">En 1812, un escalier est construit pour faciliter le passage entre le centre-ville et le \u00ab\u00a0bas de la rivi\u00e8re\u00a0\u00bb. Un droit de passage est impos\u00e9 avec un p\u00e9age qui laisse son nom \u00e0 l\u2019ouvrage, \u00ab\u00a0l\u2019escalier Ti quat sous\u00a0\u00bb. Un gardien install\u00e9 en haut de l\u2019escalier est charg\u00e9 de la collecte. Le droit de passage est supprim\u00e9 en 1913.<\/span><\/li>\n<\/ul>\n<div id=\"attachment_1183\" style=\"width: 810px\" class=\"wp-caption aligncenter\"><a class=\"fancybox\" href=\"https:\/\/etab.ac-reunion.fr\/clg-jules-reydellet\/wp-content\/uploads\/sites\/89\/2015\/09\/esca1.jpg\" rel=\"galerie-portfolio\"><img loading=\"lazy\" decoding=\"async\" aria-describedby=\"caption-attachment-1183\" class=\"wp-image-1183 size-full\" src=\"https:\/\/etab.ac-reunion.fr\/clg-jules-reydellet\/wp-content\/uploads\/sites\/89\/2015\/09\/esca1.jpg\" alt=\" L'escalier Tiquat'sous, au centre-ville \" width=\"800\" height=\"533\" srcset=\"https:\/\/etab.ac-reunion.fr\/clg-jules-reydellet\/wp-content\/uploads\/sites\/89\/2015\/09\/esca1.jpg 800w, https:\/\/etab.ac-reunion.fr\/clg-jules-reydellet\/wp-content\/uploads\/sites\/89\/2015\/09\/esca1-150x100.jpg 150w, https:\/\/etab.ac-reunion.fr\/clg-jules-reydellet\/wp-content\/uploads\/sites\/89\/2015\/09\/esca1-50x33.jpg 50w\" sizes=\"(max-width: 800px) 100vw, 800px\" \/><\/a><p id=\"caption-attachment-1183\" class=\"wp-caption-text\">L&rsquo;escalier Tiquat&rsquo;sous, au centre-ville<\/p><\/div>\n<div id=\"attachment_1184\" style=\"width: 543px\" class=\"wp-caption aligncenter\"><a class=\"fancybox\" href=\"https:\/\/etab.ac-reunion.fr\/clg-jules-reydellet\/wp-content\/uploads\/sites\/89\/2015\/09\/esca2.jpg\" rel=\"galerie-portfolio\"><img loading=\"lazy\" decoding=\"async\" aria-describedby=\"caption-attachment-1184\" class=\"wp-image-1184 size-full\" src=\"https:\/\/etab.ac-reunion.fr\/clg-jules-reydellet\/wp-content\/uploads\/sites\/89\/2015\/09\/esca2.jpg\" alt=\" L'escalier Tiquat'sous, au bas de la rivi\u00e8re \" width=\"533\" height=\"800\" srcset=\"https:\/\/etab.ac-reunion.fr\/clg-jules-reydellet\/wp-content\/uploads\/sites\/89\/2015\/09\/esca2.jpg 533w, https:\/\/etab.ac-reunion.fr\/clg-jules-reydellet\/wp-content\/uploads\/sites\/89\/2015\/09\/esca2-100x150.jpg 100w, https:\/\/etab.ac-reunion.fr\/clg-jules-reydellet\/wp-content\/uploads\/sites\/89\/2015\/09\/esca2-50x75.jpg 50w\" sizes=\"(max-width: 533px) 100vw, 533px\" \/><\/a><p id=\"caption-attachment-1184\" class=\"wp-caption-text\">L&rsquo;escalier Tiquat&rsquo;sous, au bas de la rivi\u00e8re<\/p><\/div>\n<ul style=\"text-align: center\">\n<li style=\"text-align: left\">L\u2019escalier permet d\u2019acc\u00e9der \u00e0 une petite place o\u00f9 est install\u00e9e la \u00ab\u00a0fontaine tortue\u00a0\u00bb.<\/li>\n<\/ul>\n<p style=\"text-align: left\"><span class=\"cs_rouge\" style=\"color: #ff0000\"><strong>Du Jardin du Roy\u2026au coll\u00e8ge Jules Reydellet.<\/strong><\/span><\/p>\n<ul style=\"text-align: center\">\n<li style=\"text-align: left\"><span style=\"color: #000000\">Une parcelle, pr\u00e8s de la rive droite de la rivi\u00e8re Saint Denis, accueillait un jardin botanique, le Jardin du Roy. En 1762, en raison des crues fr\u00e9quentes de la rivi\u00e8re, Honor\u00e9 de Cr\u00e9mont proc\u00e8de \u00e0 son transfert vers le quartier de la Source, le Jardin du Roy deviendra l\u2019actuel Jardin de l\u2019Etat. L\u2019ancien coll\u00e8ge Reydellet, d\u2019abord \u00e9cole primaire, est construit sur cet ancien Jardin du Roy, on y trouve encore aujourd\u2019hui quelques arbres et esp\u00e8ces rares.<\/span><\/li>\n<\/ul>\n<div id=\"attachment_1179\" style=\"width: 810px\" class=\"wp-caption aligncenter\"><a class=\"fancybox\" href=\"https:\/\/etab.ac-reunion.fr\/clg-jules-reydellet\/wp-content\/uploads\/sites\/89\/2015\/09\/ancoll.jpg\" rel=\"galerie-portfolio\"><img loading=\"lazy\" decoding=\"async\" aria-describedby=\"caption-attachment-1179\" class=\"wp-image-1179 size-full\" src=\"https:\/\/etab.ac-reunion.fr\/clg-jules-reydellet\/wp-content\/uploads\/sites\/89\/2015\/09\/ancoll.jpg\" alt=\" L'ancien coll\u00e8ge \" width=\"800\" height=\"471\" srcset=\"https:\/\/etab.ac-reunion.fr\/clg-jules-reydellet\/wp-content\/uploads\/sites\/89\/2015\/09\/ancoll.jpg 800w, https:\/\/etab.ac-reunion.fr\/clg-jules-reydellet\/wp-content\/uploads\/sites\/89\/2015\/09\/ancoll-150x88.jpg 150w, https:\/\/etab.ac-reunion.fr\/clg-jules-reydellet\/wp-content\/uploads\/sites\/89\/2015\/09\/ancoll-50x29.jpg 50w\" sizes=\"(max-width: 800px) 100vw, 800px\" \/><\/a><p id=\"caption-attachment-1179\" class=\"wp-caption-text\">L&rsquo;ancien coll\u00e8ge<\/p><\/div>\n<ul style=\"text-align: center\">\n<li style=\"text-align: left\"><span style=\"color: #000000\">A la rentr\u00e9e scolaire d\u2019ao\u00fbt 2010, le nouveau coll\u00e8ge situ\u00e9 \u00e0 une centaine de m\u00e8tres de l\u2019ancien, dans la m\u00eame rue de la R\u00e9publique, ouvre ses portes.<\/span><\/li>\n<\/ul>\n<div id=\"attachment_1181\" style=\"width: 810px\" class=\"wp-caption aligncenter\"><a class=\"fancybox\" href=\"https:\/\/etab.ac-reunion.fr\/clg-jules-reydellet\/wp-content\/uploads\/sites\/89\/2015\/09\/collr.jpg\" rel=\"galerie-portfolio\"><img loading=\"lazy\" decoding=\"async\" aria-describedby=\"caption-attachment-1181\" class=\"wp-image-1181 size-full\" src=\"https:\/\/etab.ac-reunion.fr\/clg-jules-reydellet\/wp-content\/uploads\/sites\/89\/2015\/09\/collr.jpg\" alt=\"Le nouveau coll\u00e8ge Jules Reydellet \" width=\"800\" height=\"493\" srcset=\"https:\/\/etab.ac-reunion.fr\/clg-jules-reydellet\/wp-content\/uploads\/sites\/89\/2015\/09\/collr.jpg 800w, https:\/\/etab.ac-reunion.fr\/clg-jules-reydellet\/wp-content\/uploads\/sites\/89\/2015\/09\/collr-150x92.jpg 150w, https:\/\/etab.ac-reunion.fr\/clg-jules-reydellet\/wp-content\/uploads\/sites\/89\/2015\/09\/collr-50x31.jpg 50w\" sizes=\"(max-width: 800px) 100vw, 800px\" \/><\/a><p id=\"caption-attachment-1181\" class=\"wp-caption-text\">Le nouveau coll\u00e8ge Jules Reydellet<\/p><\/div>\n<p style=\"text-align: left\"><strong><span style=\"color: #ff0000\">De l&rsquo;ancien\u00a0 coll\u00e8ge Reydellet \u00e0 l&rsquo;Espace Reydellet<\/span><\/strong><\/p>\n<p style=\"text-align: left\">L&rsquo;ancien coll\u00e8ge est d\u00e9sormais devenu \u00ab\u00a0l&rsquo;Espace Reydellet\u00a0\u00bb. Un espace d&rsquo;accueil et d&rsquo;animation du quartier du Bas de la Rivi\u00e8re<\/p>\n<p style=\"text-align: left\"><span class=\"cs_rouge\" style=\"color: #ff0000\"><strong>Et Jules Reydellet\u00a0?<\/strong><\/span><\/p>\n<div id=\"attachment_1186\" style=\"width: 210px\" class=\"wp-caption aligncenter\"><a class=\"fancybox\" href=\"https:\/\/etab.ac-reunion.fr\/clg-jules-reydellet\/wp-content\/uploads\/sites\/89\/2015\/09\/jules.jpg\" rel=\"galerie-portfolio\"><img loading=\"lazy\" decoding=\"async\" aria-describedby=\"caption-attachment-1186\" class=\"wp-image-1186 size-full\" src=\"https:\/\/etab.ac-reunion.fr\/clg-jules-reydellet\/wp-content\/uploads\/sites\/89\/2015\/09\/jules.jpg\" alt=\"Jules Reydellet\" width=\"200\" height=\"236\" srcset=\"https:\/\/etab.ac-reunion.fr\/clg-jules-reydellet\/wp-content\/uploads\/sites\/89\/2015\/09\/jules.jpg 200w, https:\/\/etab.ac-reunion.fr\/clg-jules-reydellet\/wp-content\/uploads\/sites\/89\/2015\/09\/jules-127x150.jpg 127w, https:\/\/etab.ac-reunion.fr\/clg-jules-reydellet\/wp-content\/uploads\/sites\/89\/2015\/09\/jules-50x59.jpg 50w\" sizes=\"(max-width: 200px) 100vw, 200px\" \/><\/a><p id=\"caption-attachment-1186\" class=\"wp-caption-text\">Jules Reydellet<\/p><\/div>\n<p style=\"text-align: center\"><span style=\"color: #000000\"><strong>\u00ab\u00a0Parmi les hommes dont l\u2019existence a \u00e9t\u00e9 le plus utile \u00e0 la colonie, il faut placer le docteur Reydellet, chirurgien de la marine de premi\u00e8re classe en retraite, chevalier de la L\u00e9gion d\u2019honneur, conservateur de la vaccine\u00a0\u00bb<\/strong><\/span><\/p>\n<p style=\"text-align: center\"><span style=\"color: #000000\"><i>E. No\u00ebl, introduction \u00e0 la notice biographique de Jules Reydellet, \u00ab\u00a0Album de la R\u00e9union\u00a0\u00bb, illustr\u00e9 par Roussin, 1858.<\/i><\/span><\/p>\n<p><span style=\"color: #000000\">Chirurgien de marine sous Napol\u00e9on Ier, Jules Reydellet s\u2019installe \u00e0 la R\u00e9union (rebaptis\u00e9e Bourbon en 1810) \u00e0 la chute de l\u2019Empire en 1815. Devenu m\u00e9decin-chef de la colonie, il se consacre \u00e0 la lutte contre la variole. Il met en place des vaccinations syst\u00e9matiques qui permettent \u00e0 l\u2019\u00eele d\u2019\u00e9chapper \u00e0 l\u2019\u00e9pid\u00e9mie de variole de 1851 qui s\u00e9vit \u00e0 Maurice et qui est transmise par les migrants dont le nombre augmente r\u00e9guli\u00e8rement \u00e0 partir de 1848, dans le cadre de l\u2019\u00e9conomie sucri\u00e8re. L\u2019\u00e9pid\u00e9mie de 1852 touchera cependant la colonie mais l\u2019action du docteur Reydellet limitera le nombre de victimes.<\/span><\/p>\n<p><span class=\"cs_rouge\" style=\"color: #ff0000\"><strong>Vous avez dit \u00ab\u00a0Jules\u00a0\u00bb\u00a0?<\/strong><\/span><\/p>\n<p style=\"text-align: center\"><span style=\"color: #000000\">Le docteur Reydellet, chirurgien de marine, se pr\u00e9nommait en fait Alexandre Charles Phillipe, c\u2019est du moins ce qu\u2019indique les archives de m\u00e9decine navale dans un \u00ab\u00a0<i>R\u00e9pertoire bibliographique des travaux des m\u00e9decins et des pharmaciens de la marine fran\u00e7aise 1698 -1873 \u00ab\u00a0<\/i>, publi\u00e9 en 1874.<\/span><\/p>\n<div id=\"attachment_1189\" style=\"width: 610px\" class=\"wp-caption aligncenter\"><a class=\"fancybox\" href=\"https:\/\/etab.ac-reunion.fr\/clg-jules-reydellet\/wp-content\/uploads\/sites\/89\/2015\/09\/repert.jpg\" rel=\"galerie-portfolio\"><img loading=\"lazy\" decoding=\"async\" aria-describedby=\"caption-attachment-1189\" class=\"wp-image-1189 size-full\" src=\"https:\/\/etab.ac-reunion.fr\/clg-jules-reydellet\/wp-content\/uploads\/sites\/89\/2015\/09\/repert.jpg\" alt=\" Le r\u00e9pertoire bibliographique des travaux des m\u00e9decins et pharmaciens de la marine fran\u00e7aise \" width=\"600\" height=\"791\" srcset=\"https:\/\/etab.ac-reunion.fr\/clg-jules-reydellet\/wp-content\/uploads\/sites\/89\/2015\/09\/repert.jpg 600w, https:\/\/etab.ac-reunion.fr\/clg-jules-reydellet\/wp-content\/uploads\/sites\/89\/2015\/09\/repert-114x150.jpg 114w, https:\/\/etab.ac-reunion.fr\/clg-jules-reydellet\/wp-content\/uploads\/sites\/89\/2015\/09\/repert-50x66.jpg 50w\" sizes=\"(max-width: 600px) 100vw, 600px\" \/><\/a><p id=\"caption-attachment-1189\" class=\"wp-caption-text\">Le r\u00e9pertoire bibliographique des travaux des m\u00e9decins et pharmaciens de la marine fran\u00e7aise<\/p><\/div>\n<div id=\"attachment_1187\" style=\"width: 542px\" class=\"wp-caption aligncenter\"><a class=\"fancybox\" href=\"https:\/\/etab.ac-reunion.fr\/clg-jules-reydellet\/wp-content\/uploads\/sites\/89\/2015\/09\/p216.jpg\" rel=\"galerie-portfolio\"><img loading=\"lazy\" decoding=\"async\" aria-describedby=\"caption-attachment-1187\" class=\"wp-image-1187 size-full\" src=\"https:\/\/etab.ac-reunion.fr\/clg-jules-reydellet\/wp-content\/uploads\/sites\/89\/2015\/09\/p216.jpg\" alt=\" La page 216 du r\u00e9pertoire \" width=\"532\" height=\"800\" srcset=\"https:\/\/etab.ac-reunion.fr\/clg-jules-reydellet\/wp-content\/uploads\/sites\/89\/2015\/09\/p216.jpg 532w, https:\/\/etab.ac-reunion.fr\/clg-jules-reydellet\/wp-content\/uploads\/sites\/89\/2015\/09\/p216-100x150.jpg 100w, https:\/\/etab.ac-reunion.fr\/clg-jules-reydellet\/wp-content\/uploads\/sites\/89\/2015\/09\/p216-50x75.jpg 50w\" sizes=\"(max-width: 532px) 100vw, 532px\" \/><\/a><p id=\"caption-attachment-1187\" class=\"wp-caption-text\">La page 216 du r\u00e9pertoire<\/p><\/div>\n<p style=\"text-align: left\"><span style=\"color: #000000\">On a pens\u00e9 \u00e9galement que Jules Reydellet \u00e9tait le nom d\u2019un ancien maire de la ville de Saint Denis. Le coll\u00e8ge, d\u2019abord \u00e9cole primaire, date des ann\u00e9es 1950, Jules Reydellet fut bien maire de Saint Denis mais du 9 avril 1968 au 15 juin 1969, si l\u2019on en croit l\u2019ouvrage de Mario Serviable <\/span><i><span style=\"color: #000000\">Les maires de Saint Denis, Edition ARS, Terres cr\u00e9oles.<\/span> <\/i><\/p>\n<p style=\"text-align: center\">\n","protected":false},"excerpt":{"rendered":"<p>La rivi\u00e8re Saint Denis\u00a0: un quartier historique En 1774, Honor\u00e9 de Cr\u00e9mont, ordonnateur de l\u2019\u00eele Bourbon de 1764 \u00e0 1784, entreprend une r\u00e9organisation du plan de Saint Denis. La croissance [&hellip;]<\/p>\n","protected":false},"author":2025,"featured_media":0,"parent":0,"menu_order":0,"comment_status":"closed","ping_status":"closed","template":"","meta":{"_et_pb_use_builder":"","_et_pb_old_content":"","_et_gb_content_width":"","footnotes":""},"class_list":["post-1247","page","type-page","status-publish","hentry"],"_links":{"self":[{"href":"https:\/\/etab.ac-reunion.fr\/clg-jules-reydellet\/wp-json\/wp\/v2\/pages\/1247","targetHints":{"allow":["GET"]}}],"collection":[{"href":"https:\/\/etab.ac-reunion.fr\/clg-jules-reydellet\/wp-json\/wp\/v2\/pages"}],"about":[{"href":"https:\/\/etab.ac-reunion.fr\/clg-jules-reydellet\/wp-json\/wp\/v2\/types\/page"}],"author":[{"embeddable":true,"href":"https:\/\/etab.ac-reunion.fr\/clg-jules-reydellet\/wp-json\/wp\/v2\/users\/2025"}],"replies":[{"embeddable":true,"href":"https:\/\/etab.ac-reunion.fr\/clg-jules-reydellet\/wp-json\/wp\/v2\/comments?post=1247"}],"version-history":[{"count":2,"href":"https:\/\/etab.ac-reunion.fr\/clg-jules-reydellet\/wp-json\/wp\/v2\/pages\/1247\/revisions"}],"predecessor-version":[{"id":1482,"href":"https:\/\/etab.ac-reunion.fr\/clg-jules-reydellet\/wp-json\/wp\/v2\/pages\/1247\/revisions\/1482"}],"wp:attachment":[{"href":"https:\/\/etab.ac-reunion.fr\/clg-jules-reydellet\/wp-json\/wp\/v2\/media?parent=1247"}],"curies":[{"name":"wp","href":"https:\/\/api.w.org\/{rel}","templated":true}]}}