{"id":1250,"date":"2015-09-02T08:23:38","date_gmt":"2015-09-02T04:23:38","guid":{"rendered":"http:\/\/college-reydellet.ac-reunion.fr\/?page_id=1250"},"modified":"2016-08-08T21:39:43","modified_gmt":"2016-08-08T17:39:43","slug":"situation","status":"publish","type":"page","link":"https:\/\/etab.ac-reunion.fr\/clg-jules-reydellet\/situation\/","title":{"rendered":"Situation"},"content":{"rendered":"[et_pb_section admin_label=\u00a0\u00bbsection\u00a0\u00bb][et_pb_row admin_label=\u00a0\u00bbrow\u00a0\u00bb][et_pb_column type=\u00a0\u00bb4_4&Prime;][et_pb_text admin_label=\u00a0\u00bbTexte\u00a0\u00bb background_layout=\u00a0\u00bblight\u00a0\u00bb text_orientation=\u00a0\u00bbleft\u00a0\u00bb text_line_height=\u00a0\u00bb1.7000000000000002em\u00a0\u00bb use_border_color=\u00a0\u00bboff\u00a0\u00bb border_color=\u00a0\u00bb#ffffff\u00a0\u00bb border_style=\u00a0\u00bbsolid\u00a0\u00bb]\n<p style=\"text-align: center\"><span style=\"color: #ff0000\">Nous rejoindre&#8230;<\/span><\/p>\n[\/et_pb_text][et_pb_map admin_label=\u00a0\u00bbCarte\u00a0\u00bb address=\u00a0\u00bb107 Rue de la R\u00e9publique, 97400, R\u00e9union\u00a0\u00bb address_lat=\u00a0\u00bb-20.884111022503415&Prime; address_lng=\u00a0\u00bb55.4466620055573&Prime; mouse_wheel=\u00a0\u00bbon\u00a0\u00bb mobile_dragging=\u00a0\u00bbon\u00a0\u00bb use_grayscale_filter=\u00a0\u00bboff\u00a0\u00bb] [et_pb_map_pin title=\u00a0\u00bbCollege Jules Reydellet \u00a0\u00bb pin_address=\u00a0\u00bb107 Rue de la R\u00e9publique, 97400, R\u00e9union\u00a0\u00bb pin_address_lat=\u00a0\u00bb-20.8848127&Prime; pin_address_lng=\u00a0\u00bb55.44643670000005&Prime;] [\/et_pb_map_pin] [\/et_pb_map][et_pb_text admin_label=\u00a0\u00bbTexte\u00a0\u00bb]\n<div id=\"attachment_1255\" style=\"width: 310px\" class=\"wp-caption aligncenter\"><a class=\"fancybox\" href=\"https:\/\/etab.ac-reunion.fr\/clg-jules-reydellet\/wp-content\/uploads\/sites\/89\/2015\/09\/reunion_copie.jpg\" rel=\"galerie-portfolio\"><img loading=\"lazy\" decoding=\"async\" aria-describedby=\"caption-attachment-1255\" class=\"wp-image-1255 size-full\" src=\"https:\/\/etab.ac-reunion.fr\/clg-jules-reydellet\/wp-content\/uploads\/sites\/89\/2015\/09\/reunion_copie.jpg\" alt=\"L'\u00eele de la R\u00e9union \" width=\"300\" height=\"272\" srcset=\"https:\/\/etab.ac-reunion.fr\/clg-jules-reydellet\/wp-content\/uploads\/sites\/89\/2015\/09\/reunion_copie.jpg 300w, https:\/\/etab.ac-reunion.fr\/clg-jules-reydellet\/wp-content\/uploads\/sites\/89\/2015\/09\/reunion_copie-50x45.jpg 50w\" sizes=\"(max-width: 300px) 100vw, 300px\" \/><\/a><p id=\"caption-attachment-1255\" class=\"wp-caption-text\">L&rsquo;\u00eele de la R\u00e9union<\/p><\/div>\n<p><a href=\"https:\/\/etab.ac-reunion.fr\/clg-jules-reydellet\/wp-content\/uploads\/sites\/89\/2015\/09\/arton95-29c9d.png\"><img loading=\"lazy\" decoding=\"async\" class=\"size-full wp-image-1251 alignnone\" src=\"https:\/\/etab.ac-reunion.fr\/clg-jules-reydellet\/wp-content\/uploads\/sites\/89\/2015\/09\/arton95-29c9d.png\" alt=\"arton95-29c9d\" width=\"128\" height=\"128\" srcset=\"https:\/\/etab.ac-reunion.fr\/clg-jules-reydellet\/wp-content\/uploads\/sites\/89\/2015\/09\/arton95-29c9d.png 128w, https:\/\/etab.ac-reunion.fr\/clg-jules-reydellet\/wp-content\/uploads\/sites\/89\/2015\/09\/arton95-29c9d-50x50.png 50w\" sizes=\"(max-width: 128px) 100vw, 128px\" \/><\/a><\/p>\n<p><span style=\"color: #000000\">Le coll\u00e8ge Jules Reydellet est l\u2019un des coll\u00e8ges de la ville de Saint Denis, chef-lieu de d\u00e9partement et de r\u00e9gion et plus grande ville d\u2019outre-mer avec 138 000 habitants. Il est construit sur la rive droite, (<strong>b<\/strong>) au coeur du quartier de la rivi\u00e8re Saint Denis, \u00e0 une centaine de m\u00e8tres de l\u2019ancien coll\u00e8ge (<strong>c<\/strong>), rue de la R\u00e9publique. Le quartier est g\u00e9ographiquement bien d\u00e9fini : <\/span><\/p>\n<p>&nbsp;<\/p>\n<p><a class=\"fancybox\" href=\"https:\/\/etab.ac-reunion.fr\/clg-jules-reydellet\/wp-content\/uploads\/sites\/89\/2015\/09\/Panorama_riviere.jpg\" rel=\"galerie-portfolio\"><img loading=\"lazy\" decoding=\"async\" class=\"aligncenter wp-image-1253 size-full\" src=\"https:\/\/etab.ac-reunion.fr\/clg-jules-reydellet\/wp-content\/uploads\/sites\/89\/2015\/09\/Panorama_riviere.jpg\" alt=\"\" width=\"501\" height=\"854\" srcset=\"https:\/\/etab.ac-reunion.fr\/clg-jules-reydellet\/wp-content\/uploads\/sites\/89\/2015\/09\/Panorama_riviere.jpg 501w, https:\/\/etab.ac-reunion.fr\/clg-jules-reydellet\/wp-content\/uploads\/sites\/89\/2015\/09\/Panorama_riviere-176x300.jpg 176w, https:\/\/etab.ac-reunion.fr\/clg-jules-reydellet\/wp-content\/uploads\/sites\/89\/2015\/09\/Panorama_riviere-50x85.jpg 50w\" sizes=\"(max-width: 501px) 100vw, 501px\" \/><\/a><\/p>\n<ul>\n<li><span style=\"color: #000000\">\u00a0Le pont Vinh-San (<strong>1<\/strong>) marque la limite amont, vers le sud, prolongement de la route du littoral et porte d\u2019entr\u00e9e du \u00ab\u00a0Boulevard Sud\u00a0\u00bb, l\u2019axe qui permet la travers\u00e9e de la ville d\u2019ouest en est.<\/span><\/li>\n<li><span style=\"color: #000000\">\u00a0La limite en aval est l\u2019embouchure (<strong>2<\/strong>) de la rivi\u00e8re Saint Denis (<strong>a<\/strong>)<\/span><\/li>\n<li><span style=\"color: #000000\">\u00a0La limite \u00e0 l\u2019ouest est marqu\u00e9e par la falaise du quartier de La Montagne (<strong>4<\/strong>) dominant le stade de la Redoute (<strong>d<\/strong>)<\/span><\/li>\n<li><span style=\"color: #000000\">\u00a0La limite \u00e0 l\u2019est est form\u00e9e par les remparts donnant sur la rue Lucien Gasparin et le centre ville de Saint Denis. (<strong>3<\/strong>)<\/span><\/li>\n<\/ul>\n<p>&nbsp;<\/p>\n<p>&nbsp;<\/p>\n<p><a class=\"fancybox\" href=\"https:\/\/etab.ac-reunion.fr\/clg-jules-reydellet\/wp-content\/uploads\/sites\/89\/2015\/09\/Panoramaoke.jpg\" rel=\"galerie-portfolio\"><img loading=\"lazy\" decoding=\"async\" class=\"aligncenter wp-image-1254 size-full\" src=\"https:\/\/etab.ac-reunion.fr\/clg-jules-reydellet\/wp-content\/uploads\/sites\/89\/2015\/09\/Panoramaoke.jpg\" alt=\"\" width=\"600\" height=\"300\" srcset=\"https:\/\/etab.ac-reunion.fr\/clg-jules-reydellet\/wp-content\/uploads\/sites\/89\/2015\/09\/Panoramaoke.jpg 600w, https:\/\/etab.ac-reunion.fr\/clg-jules-reydellet\/wp-content\/uploads\/sites\/89\/2015\/09\/Panoramaoke-300x150.jpg 300w, https:\/\/etab.ac-reunion.fr\/clg-jules-reydellet\/wp-content\/uploads\/sites\/89\/2015\/09\/Panoramaoke-50x25.jpg 50w\" sizes=\"(max-width: 600px) 100vw, 600px\" \/><\/a><\/p>\n<p>&nbsp;<\/p>\n<p><a class=\"fancy-box\" href=\"https:\/\/etab.ac-reunion.fr\/clg-jules-reydellet\/wp-content\/uploads\/sites\/89\/2015\/09\/Panorama_ouestoke.jpg\" rel=\"galerie-portfolio\"><img loading=\"lazy\" decoding=\"async\" class=\"aligncenter wp-image-1252 size-full\" src=\"https:\/\/etab.ac-reunion.fr\/clg-jules-reydellet\/wp-content\/uploads\/sites\/89\/2015\/09\/Panorama_ouestoke.jpg\" alt=\"\" width=\"600\" height=\"338\" srcset=\"https:\/\/etab.ac-reunion.fr\/clg-jules-reydellet\/wp-content\/uploads\/sites\/89\/2015\/09\/Panorama_ouestoke.jpg 600w, https:\/\/etab.ac-reunion.fr\/clg-jules-reydellet\/wp-content\/uploads\/sites\/89\/2015\/09\/Panorama_ouestoke-300x169.jpg 300w, https:\/\/etab.ac-reunion.fr\/clg-jules-reydellet\/wp-content\/uploads\/sites\/89\/2015\/09\/Panorama_ouestoke-50x28.jpg 50w\" sizes=\"(max-width: 600px) 100vw, 600px\" \/><\/a><\/p>\n<p>&nbsp;<\/p>\n<p>&nbsp;<\/p>\n<p>&nbsp;<\/p>\n<p>&nbsp;<\/p>\n[\/et_pb_text][\/et_pb_column][\/et_pb_row][\/et_pb_section]\n","protected":false},"excerpt":{"rendered":"<p>Nous rejoindre&#8230; Le coll\u00e8ge Jules Reydellet est l\u2019un des coll\u00e8ges de la ville de Saint Denis, chef-lieu de d\u00e9partement et de r\u00e9gion et plus grande ville d\u2019outre-mer avec 138 000 [&hellip;]<\/p>\n","protected":false},"author":2025,"featured_media":0,"parent":0,"menu_order":0,"comment_status":"closed","ping_status":"closed","template":"","meta":{"_et_pb_use_builder":"on","_et_pb_old_content":"[caption id=\"attachment_1255\" align=\"aligncenter\" width=\"300\"]<a class=\"fancybox\" href=\"https:\/\/etab.ac-reunion.fr\/clg-jules-reydellet\/wp-content\/uploads\/sites\/89\/2015\/09\/reunion_copie.jpg\" rel=\"galerie-portfolio\"><img class=\"wp-image-1255 size-full\" src=\"https:\/\/etab.ac-reunion.fr\/clg-jules-reydellet\/wp-content\/uploads\/sites\/89\/2015\/09\/reunion_copie.jpg\" alt=\"L'\u00eele de la R\u00e9union \" width=\"300\" height=\"272\" \/><\/a> L'\u00eele de la R\u00e9union[\/caption]<p><a href=\"https:\/\/etab.ac-reunion.fr\/clg-jules-reydellet\/wp-content\/uploads\/sites\/89\/2015\/09\/arton95-29c9d.png\"><img class=\"size-full wp-image-1251 alignnone\" src=\"https:\/\/etab.ac-reunion.fr\/clg-jules-reydellet\/wp-content\/uploads\/sites\/89\/2015\/09\/arton95-29c9d.png\" alt=\"arton95-29c9d\" width=\"128\" height=\"128\" \/><\/a><\/p><p><span style=\"color: #000000;\">Le coll\u00e8ge Jules Reydellet est l\u2019un des coll\u00e8ges de la ville de Saint Denis, chef-lieu de d\u00e9partement et de r\u00e9gion et plus grande ville d\u2019outre-mer avec 138 000 habitants. Il est construit sur la rive droite, (<strong>b<\/strong>) au coeur du quartier de la rivi\u00e8re Saint Denis, \u00e0 une centaine de m\u00e8tres de l\u2019ancien coll\u00e8ge (<strong>c<\/strong>), rue de la R\u00e9publique. Le quartier est g\u00e9ographiquement bien d\u00e9fini : <\/span><\/p><p>\u00a0<\/p><p><a class=\"fancybox\" href=\"https:\/\/etab.ac-reunion.fr\/clg-jules-reydellet\/wp-content\/uploads\/sites\/89\/2015\/09\/Panorama_riviere.jpg\" rel=\"galerie-portfolio\"><img class=\"aligncenter wp-image-1253 size-full\" src=\"https:\/\/etab.ac-reunion.fr\/clg-jules-reydellet\/wp-content\/uploads\/sites\/89\/2015\/09\/Panorama_riviere.jpg\" alt=\"\" width=\"501\" height=\"854\" \/><\/a><\/p><ul><li><span style=\"color: #000000;\">\u00a0Le pont Vinh-San (<strong>1<\/strong>) marque la limite amont, vers le sud, prolongement de la route du littoral et porte d\u2019entr\u00e9e du \"Boulevard Sud\", l\u2019axe qui permet la travers\u00e9e de la ville d\u2019ouest en est.<\/span><\/li><li><span style=\"color: #000000;\">\u00a0La limite en aval est l\u2019embouchure (<strong>2<\/strong>) de la rivi\u00e8re Saint Denis (<strong>a<\/strong>)<\/span><\/li><li><span style=\"color: #000000;\">\u00a0La limite \u00e0 l\u2019ouest est marqu\u00e9e par la falaise du quartier de La Montagne (<strong>4<\/strong>) dominant le stade de la Redoute (<strong>d<\/strong>)<\/span><\/li><li><span style=\"color: #000000;\">\u00a0La limite \u00e0 l\u2019est est form\u00e9e par les remparts donnant sur la rue Lucien Gasparin et le centre ville de Saint Denis. (<strong>3<\/strong>)<\/span><\/li><\/ul><p>\u00a0<\/p><p>\u00a0<\/p><p><a class=\"fancybox\" href=\"https:\/\/etab.ac-reunion.fr\/clg-jules-reydellet\/wp-content\/uploads\/sites\/89\/2015\/09\/Panoramaoke.jpg\" rel=\"galerie-portfolio\"><img class=\"aligncenter wp-image-1254 size-full\" src=\"https:\/\/etab.ac-reunion.fr\/clg-jules-reydellet\/wp-content\/uploads\/sites\/89\/2015\/09\/Panoramaoke.jpg\" alt=\"\" width=\"600\" height=\"300\" \/><\/a><\/p><p>\u00a0<\/p><p><a class=\"fancy-box\" href=\"https:\/\/etab.ac-reunion.fr\/clg-jules-reydellet\/wp-content\/uploads\/sites\/89\/2015\/09\/Panorama_ouestoke.jpg\" rel=\"galerie-portfolio\"><img class=\"aligncenter wp-image-1252 size-full\" src=\"https:\/\/etab.ac-reunion.fr\/clg-jules-reydellet\/wp-content\/uploads\/sites\/89\/2015\/09\/Panorama_ouestoke.jpg\" alt=\"\" width=\"600\" height=\"338\" \/><\/a><\/p><p>\u00a0<\/p><p>\u00a0<\/p><p>\u00a0<\/p><p>\u00a0<\/p>","_et_gb_content_width":"","footnotes":""},"class_list":["post-1250","page","type-page","status-publish","hentry"],"_links":{"self":[{"href":"https:\/\/etab.ac-reunion.fr\/clg-jules-reydellet\/wp-json\/wp\/v2\/pages\/1250","targetHints":{"allow":["GET"]}}],"collection":[{"href":"https:\/\/etab.ac-reunion.fr\/clg-jules-reydellet\/wp-json\/wp\/v2\/pages"}],"about":[{"href":"https:\/\/etab.ac-reunion.fr\/clg-jules-reydellet\/wp-json\/wp\/v2\/types\/page"}],"author":[{"embeddable":true,"href":"https:\/\/etab.ac-reunion.fr\/clg-jules-reydellet\/wp-json\/wp\/v2\/users\/2025"}],"replies":[{"embeddable":true,"href":"https:\/\/etab.ac-reunion.fr\/clg-jules-reydellet\/wp-json\/wp\/v2\/comments?post=1250"}],"version-history":[{"count":11,"href":"https:\/\/etab.ac-reunion.fr\/clg-jules-reydellet\/wp-json\/wp\/v2\/pages\/1250\/revisions"}],"predecessor-version":[{"id":3091,"href":"https:\/\/etab.ac-reunion.fr\/clg-jules-reydellet\/wp-json\/wp\/v2\/pages\/1250\/revisions\/3091"}],"wp:attachment":[{"href":"https:\/\/etab.ac-reunion.fr\/clg-jules-reydellet\/wp-json\/wp\/v2\/media?parent=1250"}],"curies":[{"name":"wp","href":"https:\/\/api.w.org\/{rel}","templated":true}]}}