{"id":1262,"date":"2015-09-02T09:27:05","date_gmt":"2015-09-02T05:27:05","guid":{"rendered":"http:\/\/college-reydellet.ac-reunion.fr\/?page_id=1262"},"modified":"2015-09-06T15:39:15","modified_gmt":"2015-09-06T11:39:15","slug":"locaux","status":"publish","type":"page","link":"https:\/\/etab.ac-reunion.fr\/clg-jules-reydellet\/locaux\/","title":{"rendered":"Les locaux"},"content":{"rendered":"<p><a href=\"https:\/\/etab.ac-reunion.fr\/clg-jules-reydellet\/wp-content\/uploads\/sites\/89\/2015\/09\/rubon0.jpg\"><img loading=\"lazy\" decoding=\"async\" class=\"size-full wp-image-1194 alignleft\" src=\"https:\/\/etab.ac-reunion.fr\/clg-jules-reydellet\/wp-content\/uploads\/sites\/89\/2015\/09\/rubon0.jpg\" alt=\"rubon0\" width=\"44\" height=\"48\" \/><\/a><a class=\"fancibox\" href=\"https:\/\/etab.ac-reunion.fr\/clg-jules-reydellet\/wp-content\/uploads\/sites\/89\/2015\/09\/panoextweb2.jpg\" rel=\"galerie\"><img loading=\"lazy\" decoding=\"async\" class=\"aligncenter wp-image-1266 size-full\" src=\"https:\/\/etab.ac-reunion.fr\/clg-jules-reydellet\/wp-content\/uploads\/sites\/89\/2015\/09\/panoextweb2.jpg\" alt=\"L'entr\u00e9e du coll\u00e8ge \" width=\"600\" height=\"218\" srcset=\"https:\/\/etab.ac-reunion.fr\/clg-jules-reydellet\/wp-content\/uploads\/sites\/89\/2015\/09\/panoextweb2.jpg 600w, https:\/\/etab.ac-reunion.fr\/clg-jules-reydellet\/wp-content\/uploads\/sites\/89\/2015\/09\/panoextweb2-300x109.jpg 300w, https:\/\/etab.ac-reunion.fr\/clg-jules-reydellet\/wp-content\/uploads\/sites\/89\/2015\/09\/panoextweb2-50x18.jpg 50w\" sizes=\"(max-width: 600px) 100vw, 600px\" \/><\/a><\/p>\n<p><span style=\"color: #000000\">Le coll\u00e8ge Jules Reydellet accueille aujourd\u2019hui 589 \u00e9l\u00e8ves, il est con\u00e7u pour en accueillir 800 et dispose du label HQE (haute Qualit\u00e9 Environnementale). Il a co\u00fbt\u00e9 15 millions d\u2019Euros.<\/span><\/p>\n<p style=\"text-align: left\"><span style=\"color: #000000\">Il a \u00e9t\u00e9 inaugur\u00e9 le vendredi 11 d\u00e9cembre 2009 par Madame Nassimah Dindar, Pr\u00e9sidente du Conseil G\u00e9n\u00e9ral, en pr\u00e9sence de Monsieur Mostafa Fourar, Recteur de l\u2019Acad\u00e9mie de la r\u00e9union.<\/span><\/p>\n<p style=\"text-align: center\"><a class=\"fancybox\" href=\"https:\/\/etab.ac-reunion.fr\/clg-jules-reydellet\/wp-content\/uploads\/sites\/89\/2015\/09\/panocours2.jpg\" rel=\"galerie\"><img loading=\"lazy\" decoding=\"async\" class=\"aligncenter wp-image-1265 size-full\" src=\"https:\/\/etab.ac-reunion.fr\/clg-jules-reydellet\/wp-content\/uploads\/sites\/89\/2015\/09\/panocours2.jpg\" alt=\"La cour centrale\" width=\"600\" height=\"239\" srcset=\"https:\/\/etab.ac-reunion.fr\/clg-jules-reydellet\/wp-content\/uploads\/sites\/89\/2015\/09\/panocours2.jpg 600w, https:\/\/etab.ac-reunion.fr\/clg-jules-reydellet\/wp-content\/uploads\/sites\/89\/2015\/09\/panocours2-300x120.jpg 300w, https:\/\/etab.ac-reunion.fr\/clg-jules-reydellet\/wp-content\/uploads\/sites\/89\/2015\/09\/panocours2-50x20.jpg 50w\" sizes=\"(max-width: 600px) 100vw, 600px\" \/><\/a><\/p>\n<p style=\"text-align: justify\"><span style=\"color: #000000\">Les locaux d\u2019enseignement\u00a0:<\/span><\/p>\n<ul>\n<li style=\"text-align: justify\"><span style=\"color: #000000\">21 salles banalis\u00e9es<\/span><\/li>\n<li><span style=\"color: #000000\">4 salles d\u2019enseignement artistique<\/span><\/li>\n<li><span style=\"color: #000000\">4 salles d\u2019enseignement scientifique<\/span><\/li>\n<li><span style=\"color: #000000\">4 salles d\u2019enseignement technologique<\/span><\/li>\n<li><span style=\"color: #000000\">1 salle informatique<\/span><\/li>\n<li><span style=\"color: #000000\">1 salle multimedia<\/span><\/li>\n<li><span style=\"color: #000000\">1 salle audiovisuelle<\/span><\/li>\n<li><span style=\"color: #000000\">1 salle d\u2019EPS avec vestiaires enseignants et \u00e9l\u00e8ves<\/span><\/li>\n<\/ul>\n<p><span style=\"color: #000000\">Le coll\u00e8ge dispose par ailleurs des installations sportives proches de l\u2019\u00e9tablissement\u00a0: stade de la redoute, Salle la Buse, Gymnase du bas de la Rivi\u00e8re Saint Denis, piscine de la Source.<\/span><\/p>\n<p><span style=\"color: #000000\">Des d\u00e9p\u00f4ts, des salles de collection, des espaces partag\u00e9s, accompagnent ces salles d\u2019enseignement.<\/span><\/p>\n<p><span style=\"color: #000000\">Les locaux de l\u2019administration et de la direction\u00a0:<\/span><\/p>\n<p>&nbsp;<\/p>\n<p><a class=\"fancybox\" href=\"https:\/\/etab.ac-reunion.fr\/clg-jules-reydellet\/wp-content\/uploads\/sites\/89\/2015\/09\/Panoadmiweb2.jpg\" rel=\"galerie\"><img loading=\"lazy\" decoding=\"async\" class=\"aligncenter wp-image-1263 size-full\" src=\"https:\/\/etab.ac-reunion.fr\/clg-jules-reydellet\/wp-content\/uploads\/sites\/89\/2015\/09\/Panoadmiweb2.jpg\" alt=\"Le b\u00e2timent administratif\" width=\"600\" height=\"281\" srcset=\"https:\/\/etab.ac-reunion.fr\/clg-jules-reydellet\/wp-content\/uploads\/sites\/89\/2015\/09\/Panoadmiweb2.jpg 600w, https:\/\/etab.ac-reunion.fr\/clg-jules-reydellet\/wp-content\/uploads\/sites\/89\/2015\/09\/Panoadmiweb2-300x141.jpg 300w, https:\/\/etab.ac-reunion.fr\/clg-jules-reydellet\/wp-content\/uploads\/sites\/89\/2015\/09\/Panoadmiweb2-50x23.jpg 50w\" sizes=\"(max-width: 600px) 100vw, 600px\" \/><\/a><\/p>\n<p style=\"text-align: left\"><span style=\"color: #000000\">De droite \u00e0 gauche\u00a0:<\/span><\/p>\n<ul>\n<li style=\"text-align: left\"><span style=\"color: #000000\">la gestion<\/span><\/li>\n<li style=\"text-align: left\"><span style=\"color: #000000\">la direction et le secr\u00e9tariat de direction<\/span><\/li>\n<li style=\"text-align: left\"><span style=\"color: #000000\">\u00a0la salle de r\u00e9union<\/span><\/li>\n<li style=\"text-align: left\"><span style=\"color: #000000\">\u00a0la salle des professeurs<\/span><\/li>\n<\/ul>\n<p><a class=\"fancybox\" href=\"https:\/\/etab.ac-reunion.fr\/clg-jules-reydellet\/wp-content\/uploads\/sites\/89\/2015\/09\/Panoviescoweb2.jpg\" rel=\"galerie\"><img loading=\"lazy\" decoding=\"async\" class=\"aligncenter wp-image-1267 size-full\" src=\"https:\/\/etab.ac-reunion.fr\/clg-jules-reydellet\/wp-content\/uploads\/sites\/89\/2015\/09\/Panoviescoweb2.jpg\" alt=\"La vie scolaire et l'infirmerie\" width=\"600\" height=\"305\" srcset=\"https:\/\/etab.ac-reunion.fr\/clg-jules-reydellet\/wp-content\/uploads\/sites\/89\/2015\/09\/Panoviescoweb2.jpg 600w, https:\/\/etab.ac-reunion.fr\/clg-jules-reydellet\/wp-content\/uploads\/sites\/89\/2015\/09\/Panoviescoweb2-300x153.jpg 300w, https:\/\/etab.ac-reunion.fr\/clg-jules-reydellet\/wp-content\/uploads\/sites\/89\/2015\/09\/Panoviescoweb2-50x25.jpg 50w\" sizes=\"(max-width: 600px) 100vw, 600px\" \/><\/a><\/p>\n<p><span style=\"color: #000000\">A droite :<\/span><\/p>\n<ul>\n<li><span style=\"color: #000000\">la vie scolaire<\/span><\/li>\n<li><span style=\"color: #000000\">l\u2019infirmerie<\/span><\/li>\n<\/ul>\n<p>&nbsp;<\/p>\n<p>&nbsp;<\/p>\n<p><a class=\"fancybox\" href=\"https:\/\/etab.ac-reunion.fr\/clg-jules-reydellet\/wp-content\/uploads\/sites\/89\/2015\/09\/panocdirestoweb2.jpg\" rel=\"galerie\"><img loading=\"lazy\" decoding=\"async\" class=\"aligncenter wp-image-1264 size-full\" src=\"https:\/\/etab.ac-reunion.fr\/clg-jules-reydellet\/wp-content\/uploads\/sites\/89\/2015\/09\/panocdirestoweb2.jpg\" alt=\"Le CDI et la salle de restauration \" width=\"600\" height=\"307\" srcset=\"https:\/\/etab.ac-reunion.fr\/clg-jules-reydellet\/wp-content\/uploads\/sites\/89\/2015\/09\/panocdirestoweb2.jpg 600w, https:\/\/etab.ac-reunion.fr\/clg-jules-reydellet\/wp-content\/uploads\/sites\/89\/2015\/09\/panocdirestoweb2-300x154.jpg 300w, https:\/\/etab.ac-reunion.fr\/clg-jules-reydellet\/wp-content\/uploads\/sites\/89\/2015\/09\/panocdirestoweb2-50x26.jpg 50w\" sizes=\"(max-width: 600px) 100vw, 600px\" \/><\/a><\/p>\n<p><span style=\"color: #000000\">De gauche \u00e0 droite :<\/span><\/p>\n<p><span style=\"color: #000000\">Le CDI et la salle de restauration<\/span><\/p>\n<p>&nbsp;<\/p>\n<p><span style=\"color: #000000\">Les parkings<\/span><\/p>\n<ul>\n<li><span style=\"color: #000000\"> 80 places professeurs au sous-sol<\/span><\/li>\n<li><span style=\"color: #000000\"> 15 places visiteurs<\/span><\/li>\n<li><span style=\"color: #000000\">un lin\u00e9aire de d\u00e9pose rapide<\/span>, <span style=\"color: #000000\">3 places de stationnement de bus.<\/span><\/li>\n<li><span style=\"color: #000000\">Un coll\u00e8ge HQE prenant en compte les \u00e9l\u00e9ments suivants\u00a0:<\/span><\/li>\n<li><span style=\"color: #000000\">les relations du b\u00e2timent avec son environnement imm\u00e9diat\u00a0: traitement des eaux de surface et r\u00e9cup\u00e9ration des eaux pluviales, qualit\u00e9 des traitements ext\u00e9rieurs avec cr\u00e9ation d\u2019espaces agr\u00e9ables avec alternance de zones min\u00e9rales et v\u00e9g\u00e9tales, protection des espaces de rencontre contre la pluie et le soleil par la cr\u00e9ation de coursives en p\u00e9riph\u00e9rie de la cour d\u00e9bouchant sur le pr\u00e9au, protection de la cour des bruits ext\u00e9rieurs tout en b\u00e9n\u00e9ficiant d\u2019une bonne a\u00e9ration dans le sens Nord Ouest\/Sud Est gr\u00e2ce aux ouvertures aux extr\u00e9mit\u00e9s permettant le passage d\u2019une brise thermique d\u2019\u00e9t\u00e9.<\/span><\/li>\n<li><span style=\"color: #000000\">le confort hygrothermique : prise en compte des caract\u00e9ristiques du site pour se prot\u00e9ger du soleil\u00a0: zone d\u2019ombre, orientations des baies, protection solaire par d\u00e9bords des fa\u00e7ades et brise soleil.<\/span><\/li>\n<li><span style=\"color: #000000\">la gestion de l\u2019\u00e9nergie eau chaude sanitaire solaire pour le terminal de restauration et les vestiaires,\u00a0 mat\u00e9riel basse consommation, d\u00e9tecteurs de pr\u00e9sence dans circulations int\u00e9rieures, escaliers, vestiaires et sanitaires, priorisation donn\u00e9e aux brasseurs d\u2019air, panneaux photovolta\u00efques avec installation raccord\u00e9e sur le r\u00e9seau et totalit\u00e9 de l\u2019\u00e9nergie produite revendue \u00e0 EDF en cours d\u2019\u00e9tudes.<\/span><\/li>\n<li><span style=\"color: #000000\">le confort acoustique : g\u00e9n\u00e9ralisation des traitements acoustiques en plafond, faux-plafond particulier pour salle polyvalente \u00e0 vocation sportive.<\/span><\/li>\n<\/ul>\n<p>&nbsp;<\/p>\n","protected":false},"excerpt":{"rendered":"<p>Le coll\u00e8ge Jules Reydellet accueille aujourd\u2019hui 589 \u00e9l\u00e8ves, il est con\u00e7u pour en accueillir 800 et dispose du label HQE (haute Qualit\u00e9 Environnementale). Il a co\u00fbt\u00e9 15 millions d\u2019Euros. Il [&hellip;]<\/p>\n","protected":false},"author":2025,"featured_media":0,"parent":0,"menu_order":0,"comment_status":"closed","ping_status":"closed","template":"","meta":{"_et_pb_use_builder":"","_et_pb_old_content":"","_et_gb_content_width":"","footnotes":""},"class_list":["post-1262","page","type-page","status-publish","hentry"],"_links":{"self":[{"href":"https:\/\/etab.ac-reunion.fr\/clg-jules-reydellet\/wp-json\/wp\/v2\/pages\/1262","targetHints":{"allow":["GET"]}}],"collection":[{"href":"https:\/\/etab.ac-reunion.fr\/clg-jules-reydellet\/wp-json\/wp\/v2\/pages"}],"about":[{"href":"https:\/\/etab.ac-reunion.fr\/clg-jules-reydellet\/wp-json\/wp\/v2\/types\/page"}],"author":[{"embeddable":true,"href":"https:\/\/etab.ac-reunion.fr\/clg-jules-reydellet\/wp-json\/wp\/v2\/users\/2025"}],"replies":[{"embeddable":true,"href":"https:\/\/etab.ac-reunion.fr\/clg-jules-reydellet\/wp-json\/wp\/v2\/comments?post=1262"}],"version-history":[{"count":11,"href":"https:\/\/etab.ac-reunion.fr\/clg-jules-reydellet\/wp-json\/wp\/v2\/pages\/1262\/revisions"}],"predecessor-version":[{"id":1270,"href":"https:\/\/etab.ac-reunion.fr\/clg-jules-reydellet\/wp-json\/wp\/v2\/pages\/1262\/revisions\/1270"}],"wp:attachment":[{"href":"https:\/\/etab.ac-reunion.fr\/clg-jules-reydellet\/wp-json\/wp\/v2\/media?parent=1262"}],"curies":[{"name":"wp","href":"https:\/\/api.w.org\/{rel}","templated":true}]}}