{"id":10351,"date":"2020-06-06T14:25:46","date_gmt":"2020-06-06T10:25:46","guid":{"rendered":"http:\/\/college-jules-solesse.ac-reunion.fr\/?page_id=10351"},"modified":"2022-11-07T12:32:12","modified_gmt":"2022-11-07T08:32:12","slug":"la-visite-virtuelle-du-college","status":"publish","type":"page","link":"https:\/\/etab.ac-reunion.fr\/clg-jules-solesse\/la-visite-virtuelle-du-college\/","title":{"rendered":"La visite virtuelle du coll\u00e8ge"},"content":{"rendered":"<blockquote><p>&nbsp;<\/p>\n<p style=\"text-align: justify\"><span style=\"font-size: 16pt;font-family: 'trebuchet ms', geneva, sans-serif;color: #000000\">\u00a0Nous vous proposons\u00a0 une visite du coll\u00e8ge&#8230;.mais virtuelle ! A vous de trouver tous les \u00e9l\u00e9ments interactifs en survolant et en cliquant dans les images.\u00a0<\/span><\/p>\n<p style=\"text-align: justify\"><span style=\"font-size: 16pt;font-family: 'trebuchet ms', geneva, sans-serif;color: #000000\"> Apr\u00e8s la visite vous pourrez continuer avec un petit Escape Game sp\u00e9cialement con\u00e7u pour vous&#8230;\u00a0<strong>\u00a0<\/strong><\/span><span style=\"font-size: 16pt;font-family: 'trebuchet ms', geneva, sans-serif;color: #000000\">Bonne visite et bon jeu \u00e0 tous en attendant de nous retrouver \u00e0 la rentr\u00e9e.<\/span><\/p>\n<\/blockquote>\n<p>&nbsp;<\/p>\n<p><a href=\"https:\/\/view.genial.ly\/5ec539166515ea0d8ae50c66\/interactive-image-college-jules-solesse-visite-virtuelle-pour-les-cm2\">\u00a0 <img loading=\"lazy\" decoding=\"async\" class=\"wp-image-10454 alignleft\" src=\"https:\/\/etab.ac-reunion.fr\/clg-jules-solesse\/wp-content\/uploads\/sites\/151\/2020\/06\/La-visite-logo.jpg\" alt=\"\" width=\"377\" height=\"256\" srcset=\"https:\/\/etab.ac-reunion.fr\/clg-jules-solesse\/wp-content\/uploads\/sites\/151\/2020\/06\/La-visite-logo-300x205.jpg 300w, https:\/\/etab.ac-reunion.fr\/clg-jules-solesse\/wp-content\/uploads\/sites\/151\/2020\/06\/La-visite-logo-150x103.jpg 150w\" sizes=\"auto, (max-width: 377px) 100vw, 377px\" \/><\/a><\/p>\n<p>&nbsp;<\/p>\n<p><a href=\"https:\/\/view.genial.ly\/5ee4702658db040dade9f02d\/interactive-content-escape-game-cm2\">\u00a0\u00a0 <\/a><\/p>\n<p>&nbsp;<\/p>\n<p>&nbsp;<\/p>\n<p>&nbsp;<\/p>\n<p><a href=\"https:\/\/view.genial.ly\/5ee4702658db040dade9f02d\/interactive-content-escape-game-cm2\"><img loading=\"lazy\" decoding=\"async\" class=\"wp-image-10456 alignleft\" src=\"https:\/\/etab.ac-reunion.fr\/clg-jules-solesse\/wp-content\/uploads\/sites\/151\/2020\/06\/le-jeu-logo-1.jpg\" alt=\"\" width=\"404\" height=\"282\" srcset=\"https:\/\/etab.ac-reunion.fr\/clg-jules-solesse\/wp-content\/uploads\/sites\/151\/2020\/06\/le-jeu-logo-1.jpg 721w, https:\/\/etab.ac-reunion.fr\/clg-jules-solesse\/wp-content\/uploads\/sites\/151\/2020\/06\/le-jeu-logo-1-300x209.jpg 300w, https:\/\/etab.ac-reunion.fr\/clg-jules-solesse\/wp-content\/uploads\/sites\/151\/2020\/06\/le-jeu-logo-1-150x105.jpg 150w\" sizes=\"auto, (max-width: 404px) 100vw, 404px\" \/><\/a><\/p>\n","protected":false},"excerpt":{"rendered":"<p>&nbsp; \u00a0Nous vous proposons\u00a0 une visite du coll\u00e8ge&#8230;.mais virtuelle ! A vous de trouver tous les \u00e9l\u00e9ments interactifs en survolant et en cliquant dans les images.\u00a0 Apr\u00e8s la visite vous pourrez continuer avec un petit Escape Game sp\u00e9cialement con\u00e7u pour vous&#8230;\u00a0\u00a0Bonne visite et bon jeu \u00e0 tous en attendant de\u2026<\/p>\n<p class=\"continue-reading-button\"> <a class=\"continue-reading-link\" href=\"https:\/\/etab.ac-reunion.fr\/clg-jules-solesse\/la-visite-virtuelle-du-college\/\">Continue reading<i class=\"crycon-right-dir\"><\/i><\/a><\/p>\n","protected":false},"author":13197,"featured_media":0,"parent":0,"menu_order":0,"comment_status":"open","ping_status":"closed","template":"","meta":{"footnotes":""},"class_list":["post-10351","page","type-page","status-publish","hentry"],"_links":{"self":[{"href":"https:\/\/etab.ac-reunion.fr\/clg-jules-solesse\/wp-json\/wp\/v2\/pages\/10351","targetHints":{"allow":["GET"]}}],"collection":[{"href":"https:\/\/etab.ac-reunion.fr\/clg-jules-solesse\/wp-json\/wp\/v2\/pages"}],"about":[{"href":"https:\/\/etab.ac-reunion.fr\/clg-jules-solesse\/wp-json\/wp\/v2\/types\/page"}],"author":[{"embeddable":true,"href":"https:\/\/etab.ac-reunion.fr\/clg-jules-solesse\/wp-json\/wp\/v2\/users\/13197"}],"replies":[{"embeddable":true,"href":"https:\/\/etab.ac-reunion.fr\/clg-jules-solesse\/wp-json\/wp\/v2\/comments?post=10351"}],"version-history":[{"count":21,"href":"https:\/\/etab.ac-reunion.fr\/clg-jules-solesse\/wp-json\/wp\/v2\/pages\/10351\/revisions"}],"predecessor-version":[{"id":14017,"href":"https:\/\/etab.ac-reunion.fr\/clg-jules-solesse\/wp-json\/wp\/v2\/pages\/10351\/revisions\/14017"}],"wp:attachment":[{"href":"https:\/\/etab.ac-reunion.fr\/clg-jules-solesse\/wp-json\/wp\/v2\/media?parent=10351"}],"curies":[{"name":"wp","href":"https:\/\/api.w.org\/{rel}","templated":true}]}}