{"id":1798,"date":"2017-02-26T09:21:19","date_gmt":"2017-02-26T08:21:19","guid":{"rendered":"http:\/\/college-jules-solesse.ac-reunion.fr\/?page_id=1798"},"modified":"2017-02-26T11:08:10","modified_gmt":"2017-02-26T10:08:10","slug":"le-cdi-les-expositions","status":"publish","type":"page","link":"https:\/\/etab.ac-reunion.fr\/clg-jules-solesse\/le-cdi-les-expositions\/","title":{"rendered":"Le CDI : les expositions"},"content":{"rendered":"<p><img loading=\"lazy\" decoding=\"async\" class=\"size-full wp-image-1788 alignleft\" src=\"https:\/\/etab.ac-reunion.fr\/clg-jules-solesse\/wp-content\/uploads\/sites\/151\/2017\/02\/grillesespo.jpg\" alt=\"\" width=\"275\" height=\"183\" srcset=\"https:\/\/etab.ac-reunion.fr\/clg-jules-solesse\/wp-content\/uploads\/sites\/151\/2017\/02\/grillesespo.jpg 275w, https:\/\/etab.ac-reunion.fr\/clg-jules-solesse\/wp-content\/uploads\/sites\/151\/2017\/02\/grillesespo-225x150.jpg 225w, https:\/\/etab.ac-reunion.fr\/clg-jules-solesse\/wp-content\/uploads\/sites\/151\/2017\/02\/grillesespo-150x100.jpg 150w\" sizes=\"auto, (max-width: 275px) 100vw, 275px\" \/><\/p>\n<p>&nbsp;<\/p>\n<h2>LES EXPOS<\/h2>\n<p>&nbsp;<\/p>\n<p>&nbsp;<\/p>\n<p>&nbsp;<\/p>\n<p><span style=\"font-family: Arial Narrow\"><span style=\"color: #000080;font-size: x-large\"><img loading=\"lazy\" decoding=\"async\" class=\"wp-image-1803 alignleft\" src=\"https:\/\/etab.ac-reunion.fr\/clg-jules-solesse\/wp-content\/uploads\/sites\/151\/2017\/02\/terreoutremer.jpg\" alt=\"\" width=\"206\" height=\"309\" srcset=\"https:\/\/etab.ac-reunion.fr\/clg-jules-solesse\/wp-content\/uploads\/sites\/151\/2017\/02\/terreoutremer.jpg 1703w, https:\/\/etab.ac-reunion.fr\/clg-jules-solesse\/wp-content\/uploads\/sites\/151\/2017\/02\/terreoutremer-200x300.jpg 200w, https:\/\/etab.ac-reunion.fr\/clg-jules-solesse\/wp-content\/uploads\/sites\/151\/2017\/02\/terreoutremer-768x1151.jpg 768w, https:\/\/etab.ac-reunion.fr\/clg-jules-solesse\/wp-content\/uploads\/sites\/151\/2017\/02\/terreoutremer-683x1024.jpg 683w, https:\/\/etab.ac-reunion.fr\/clg-jules-solesse\/wp-content\/uploads\/sites\/151\/2017\/02\/terreoutremer-100x150.jpg 100w\" sizes=\"auto, (max-width: 206px) 100vw, 206px\" \/><\/span><\/span><\/p>\n<p>&nbsp;<\/p>\n<h2><span style=\"color: #003366\"><strong>Terres d&rsquo;outre-mer, une tradition d&rsquo;innovation<\/strong><\/span><\/h2>\n<h4><span style=\"font-family: Arial Narrow\">Kit p\u00e9dagogique\u00a0\u00a0\u00a0\u00a0\u00a0\u00a0\u00a0\u00a0\u00a0\u00a0\u00a0\u00a0\u00a0 Sc\u00e9ren\/CNDP <\/span><\/h4>\n<h4><span style=\"font-family: Arial Narrow\">24 affiches de 60X90<\/span>\u00a0\u00a0\u00a0\u00a0\u00a0\u00a0\u00a0\u00a0\u00a0\u00a0 <span style=\"font-family: Arial Narrow\">\u00a0<a href=\"http:\/\/www.cndp.fr\/outre-mer\/exposition\"> Description et fiches d&rsquo;accompagnement p\u00e9dagogique sur le site du CNDP<\/a><\/span><\/h4>\n<h5><span style=\"font-family: Arial Narrow\">\u00a0 <\/span><b><span style=\"color: #000080\">Th\u00e8mes des panneaux :<\/span> <\/b><span style=\"font-family: Arial Narrow\">Planisph\u00e8re, G\u00e9opolitique, Ressources, Biodiversit\u00e9, \u00c9nergie, Technologies, Risques naturels, \u00c9conomie, Rayonnement culturel<\/span><\/h5>\n<p>&nbsp;<\/p>\n<p>&nbsp;<\/p>\n<p>&nbsp;<\/p>\n<h2 class=\"title\"><span style=\"color: #008000\"><span style=\"font-family: Arial Narrow\"><img loading=\"lazy\" decoding=\"async\" class=\"wp-image-1800 alignleft\" src=\"https:\/\/etab.ac-reunion.fr\/clg-jules-solesse\/wp-content\/uploads\/sites\/151\/2017\/02\/expoforet.png\" alt=\"\" width=\"466\" height=\"343\" srcset=\"https:\/\/etab.ac-reunion.fr\/clg-jules-solesse\/wp-content\/uploads\/sites\/151\/2017\/02\/expoforet.png 757w, https:\/\/etab.ac-reunion.fr\/clg-jules-solesse\/wp-content\/uploads\/sites\/151\/2017\/02\/expoforet-300x221.png 300w, https:\/\/etab.ac-reunion.fr\/clg-jules-solesse\/wp-content\/uploads\/sites\/151\/2017\/02\/expoforet-204x150.png 204w, https:\/\/etab.ac-reunion.fr\/clg-jules-solesse\/wp-content\/uploads\/sites\/151\/2017\/02\/expoforet-150x110.png 150w\" sizes=\"auto, (max-width: 466px) 100vw, 466px\" \/><\/span><\/span><\/h2>\n<h3><\/h3>\n<h2><strong><span style=\"color: #008000\">La for\u00eat : une communaut\u00e9 vivante<br \/>\n<\/span><\/strong><\/h2>\n<div class=\"content\">\n<h5><span style=\"font-family: Arial Narrow\">Une collection de posters p\u00e9dagogiques sur la for\u00eat offerte \u00e0 tous les \u00e9tablissements scolaires dans le monde par la<\/span><strong><b> <\/b><span style=\"color: #008000;font-family: Arial Narrow\"> <a href=\"http:\/\/www.goodplanet.org\/\">Fondation GoodPlanet<\/a>.<\/span><\/strong><strong><span style=\"font-family: Arial Narrow\">20 affiches\u00a0 75X55<\/span><\/strong><span style=\"font-family: Arial Narrow\">\u00a0\u00a0\u00a0\u00a0\u00a0\u00a0\u00a0\u00a0\u00a0\u00a0\u00a0\u00a0\u00a0\u00a0\u00a0\u00a0\u00a0 <\/span><\/h5>\n<\/div>\n<h5><span style=\"color: #008000\"> Th\u00e8me des panneaux<\/span> : D\u00e9couvrir la for\u00eat,\u00a0 Habiter la for\u00eat, Les for\u00eats dans l\u2019espace et dans le temps, La for\u00eat au service de la vie, La plan\u00e8te d\u00e9frich\u00e9e, L\u2019avenir des for\u00eats<\/h5>\n<p><img loading=\"lazy\" decoding=\"async\" class=\"size-full wp-image-1799 alignright\" src=\"https:\/\/etab.ac-reunion.fr\/clg-jules-solesse\/wp-content\/uploads\/sites\/151\/2017\/02\/divers.jpg\" alt=\"\" width=\"800\" height=\"480\" srcset=\"https:\/\/etab.ac-reunion.fr\/clg-jules-solesse\/wp-content\/uploads\/sites\/151\/2017\/02\/divers.jpg 800w, https:\/\/etab.ac-reunion.fr\/clg-jules-solesse\/wp-content\/uploads\/sites\/151\/2017\/02\/divers-300x180.jpg 300w, https:\/\/etab.ac-reunion.fr\/clg-jules-solesse\/wp-content\/uploads\/sites\/151\/2017\/02\/divers-768x461.jpg 768w, https:\/\/etab.ac-reunion.fr\/clg-jules-solesse\/wp-content\/uploads\/sites\/151\/2017\/02\/divers-250x150.jpg 250w, https:\/\/etab.ac-reunion.fr\/clg-jules-solesse\/wp-content\/uploads\/sites\/151\/2017\/02\/divers-150x90.jpg 150w\" sizes=\"auto, (max-width: 800px) 100vw, 800px\" \/><\/p>\n<p>&nbsp;<\/p>\n<p>&nbsp;<\/p>\n<p>&nbsp;<\/p>\n<h3><\/h3>\n<p>&nbsp;<\/p>\n<p>&nbsp;<\/p>\n<h2 style=\"text-align: right\"><\/h2>\n<h2 style=\"text-align: right\"><\/h2>\n<h2 style=\"text-align: right\"><strong><span style=\"color: #800080\">La biodiversit\u00e9 \u00ab\u00a0tout est vivant, tout est li\u00e9\u00a0\u00bb<\/span><\/strong><\/h2>\n<h5 style=\"text-align: right\"><span style=\"font-family: Arial Narrow\">Une collection de posters p\u00e9dagogiques sur la for\u00eat offerte \u00e0 tous les \u00e9tablissements scolaires dans le monde par la<\/span><strong><b> <\/b><span style=\"color: #008000;font-family: Arial Narrow\"> <a href=\"http:\/\/www.goodplanet.org\/\">Fondation Goo dPlanet<\/a><\/span><\/strong><\/h5>\n<h5 style=\"text-align: right\"><span style=\"font-family: Arial Narrow\">13 affiches\u00a0 62X42\u00a0\u00a0\u00a0 <a href=\"http:\/\/www.ledeveloppementdurable.fr\/biodiversite\/poster\/1.html\"> Description, t\u00e9l\u00e9chargement et fiches<\/a><\/span><\/h5>\n<p>&nbsp;<\/p>\n<p><img loading=\"lazy\" decoding=\"async\" class=\"size-full wp-image-1801 alignleft\" src=\"https:\/\/etab.ac-reunion.fr\/clg-jules-solesse\/wp-content\/uploads\/sites\/151\/2017\/02\/expomaladiesgenetiques.jpg\" alt=\"\" width=\"333\" height=\"500\" srcset=\"https:\/\/etab.ac-reunion.fr\/clg-jules-solesse\/wp-content\/uploads\/sites\/151\/2017\/02\/expomaladiesgenetiques.jpg 333w, https:\/\/etab.ac-reunion.fr\/clg-jules-solesse\/wp-content\/uploads\/sites\/151\/2017\/02\/expomaladiesgenetiques-200x300.jpg 200w, https:\/\/etab.ac-reunion.fr\/clg-jules-solesse\/wp-content\/uploads\/sites\/151\/2017\/02\/expomaladiesgenetiques-100x150.jpg 100w\" sizes=\"auto, (max-width: 333px) 100vw, 333px\" \/><\/p>\n<p>&nbsp;<\/p>\n<p>&nbsp;<\/p>\n<h2><strong><span style=\"color: #24ab24\">Maladies g\u00e9n\u00e9tiques et bioth\u00e9rapies<\/span><\/strong><\/h2>\n<h5><span style=\"font-family: Arial Narrow\">8 panneaux\u00a0\u00a0 60X90<\/span><\/h5>\n<h5><span style=\"font-family: Arial Narrow\">\u00a0Exposition r\u00e9alis\u00e9e en 2002 pour l&rsquo;Association Fran\u00e7aise contre les Myopathies et le T\u00e9l\u00e9thon, accompagn\u00e9e d\u2019une plaquette p\u00e9dagogique.<\/span><\/h5>\n<h5>\u00a0L<span style=\"font-family: Arial Narrow\">es panneaux pr\u00e9sentent la vie des malades, les cellules et les g\u00e8nes, les maladies g\u00e9n\u00e9tiques, les muscles et la myopathie de Duchenne, les bioth\u00e9rapies.<\/span><\/h5>\n<p>&nbsp;<\/p>\n<p>&nbsp;<\/p>\n<p>&nbsp;<\/p>\n<p>&nbsp;<\/p>\n<p>&nbsp;<\/p>\n<p>&nbsp;<\/p>\n<p>&nbsp;<\/p>\n<h3><strong><span style=\"color: #800000\">Voyage au pays de la tortue: La R\u00e9union, des origines \u00e0 nos jours<\/span><\/strong><\/h3>\n<p><img loading=\"lazy\" decoding=\"async\" class=\"wp-image-1802 alignleft\" src=\"https:\/\/etab.ac-reunion.fr\/clg-jules-solesse\/wp-content\/uploads\/sites\/151\/2017\/02\/expovoyageaupaysdela-tortue.jpg\" alt=\"\" width=\"351\" height=\"517\" srcset=\"https:\/\/etab.ac-reunion.fr\/clg-jules-solesse\/wp-content\/uploads\/sites\/151\/2017\/02\/expovoyageaupaysdela-tortue.jpg 1908w, https:\/\/etab.ac-reunion.fr\/clg-jules-solesse\/wp-content\/uploads\/sites\/151\/2017\/02\/expovoyageaupaysdela-tortue-203x300.jpg 203w, https:\/\/etab.ac-reunion.fr\/clg-jules-solesse\/wp-content\/uploads\/sites\/151\/2017\/02\/expovoyageaupaysdela-tortue-768x1133.jpg 768w, https:\/\/etab.ac-reunion.fr\/clg-jules-solesse\/wp-content\/uploads\/sites\/151\/2017\/02\/expovoyageaupaysdela-tortue-694x1024.jpg 694w, https:\/\/etab.ac-reunion.fr\/clg-jules-solesse\/wp-content\/uploads\/sites\/151\/2017\/02\/expovoyageaupaysdela-tortue-102x150.jpg 102w\" sizes=\"auto, (max-width: 351px) 100vw, 351px\" \/><\/p>\n<h5>Exposition r\u00e9alis\u00e9e par l&rsquo;association CLIP<\/h5>\n<h5>13 panneaux 62X42<\/h5>\n<h5>Approche chronologique de l&rsquo;histoire de la R\u00e9union<\/h5>\n<h5><strong>\u00a0I <u>En attendant l\u2019homme (des origines \u00e0 1665)<\/u><\/strong><\/h5>\n<h5>Panneau 1\u00a0: Naissance d\u2019une \u00eele<\/h5>\n<h5>Panneau 2\u00a0: Les d\u00e9couvreurs (1502-1663)<\/h5>\n<h5><strong> <u>\u00a0II La Compagnie des Indes (1665-1764)<\/u><\/strong><\/h5>\n<h5>Panneau 3\u00a0: L\u2019Abondance et l\u2019abandon (1665-1715)<\/h5>\n<h5>Panneau 4\u00a0: Le caf\u00e9 sans sucre (1715-1764)<\/h5>\n<h5><strong>\u00a0<u>III Les temps turbulents (1767-1815)<\/u><\/strong><\/h5>\n<h5><strong>\u00a0<\/strong>Panneau 5\u00a0: Pour le Roi, la r\u00e9volution et l\u2019Empire (1767-1810)<\/h5>\n<h5>Panneau\u00a06\u00a0: Bourbon Anglaise (1810-1815)<\/h5>\n<h5><strong> \u00a0<u>IV L\u2019Ile \u00e0 sucre (1815-1863)<\/u>\u00a0<\/strong><\/h5>\n<h5>Panneau 7\u00a0:Le retour \u00e0 la France (1815-1848)<\/h5>\n<h5>Panneau 8\u00a0: Libert\u00e9 et \u00e2ge d\u2019or (1848-1863)<strong>\u00a0<\/strong><\/h5>\n<h5><strong> <u>V L\u2019\u00eele de la fid\u00e9lit\u00e9<\/u>\u00a0<\/strong><\/h5>\n<h5>Panneau 10\u00a0: l\u2019\u00eele d\u00e9laiss\u00e9e (1863-1919)<\/h5>\n<h5>Panneau 11\u00a0: Le renouveau (1920-1939)<\/h5>\n<h5><strong> <u>VI La France de l\u2019Oc\u00e9an Indien<\/u>\u00a0<\/strong><\/h5>\n<h5>Panneau 12\u00a0: La guerre et la d\u00e9partementalisation (1939-1963)<\/h5>\n<h5>Panneau 13\u00a0: Les temps modernes (1963 \u00e0 nos jours)<\/h5>\n","protected":false},"excerpt":{"rendered":"<p>&nbsp; LES EXPOS &nbsp; &nbsp; &nbsp; &nbsp; Terres d&rsquo;outre-mer, une tradition d&rsquo;innovation Kit p\u00e9dagogique\u00a0\u00a0\u00a0\u00a0\u00a0\u00a0\u00a0\u00a0\u00a0\u00a0\u00a0\u00a0\u00a0 Sc\u00e9ren\/CNDP 24 affiches de 60X90\u00a0\u00a0\u00a0\u00a0\u00a0\u00a0\u00a0\u00a0\u00a0\u00a0 \u00a0 Description et fiches d&rsquo;accompagnement p\u00e9dagogique sur le site du CNDP \u00a0 Th\u00e8mes des panneaux : Planisph\u00e8re, G\u00e9opolitique, Ressources, Biodiversit\u00e9, \u00c9nergie, Technologies, Risques naturels, \u00c9conomie, Rayonnement culturel &nbsp; &nbsp; &nbsp; La\u2026<\/p>\n<p class=\"continue-reading-button\"> <a class=\"continue-reading-link\" href=\"https:\/\/etab.ac-reunion.fr\/clg-jules-solesse\/le-cdi-les-expositions\/\">Continue reading<i class=\"crycon-right-dir\"><\/i><\/a><\/p>\n","protected":false},"author":13197,"featured_media":1799,"parent":0,"menu_order":0,"comment_status":"closed","ping_status":"closed","template":"templates\/template-onecolumn.php","meta":{"footnotes":""},"class_list":["post-1798","page","type-page","status-publish","has-post-thumbnail","hentry"],"_links":{"self":[{"href":"https:\/\/etab.ac-reunion.fr\/clg-jules-solesse\/wp-json\/wp\/v2\/pages\/1798","targetHints":{"allow":["GET"]}}],"collection":[{"href":"https:\/\/etab.ac-reunion.fr\/clg-jules-solesse\/wp-json\/wp\/v2\/pages"}],"about":[{"href":"https:\/\/etab.ac-reunion.fr\/clg-jules-solesse\/wp-json\/wp\/v2\/types\/page"}],"author":[{"embeddable":true,"href":"https:\/\/etab.ac-reunion.fr\/clg-jules-solesse\/wp-json\/wp\/v2\/users\/13197"}],"replies":[{"embeddable":true,"href":"https:\/\/etab.ac-reunion.fr\/clg-jules-solesse\/wp-json\/wp\/v2\/comments?post=1798"}],"version-history":[{"count":29,"href":"https:\/\/etab.ac-reunion.fr\/clg-jules-solesse\/wp-json\/wp\/v2\/pages\/1798\/revisions"}],"predecessor-version":[{"id":1832,"href":"https:\/\/etab.ac-reunion.fr\/clg-jules-solesse\/wp-json\/wp\/v2\/pages\/1798\/revisions\/1832"}],"wp:featuredmedia":[{"embeddable":true,"href":"https:\/\/etab.ac-reunion.fr\/clg-jules-solesse\/wp-json\/wp\/v2\/media\/1799"}],"wp:attachment":[{"href":"https:\/\/etab.ac-reunion.fr\/clg-jules-solesse\/wp-json\/wp\/v2\/media?parent=1798"}],"curies":[{"name":"wp","href":"https:\/\/api.w.org\/{rel}","templated":true}]}}