{"id":201,"date":"2016-12-03T06:24:19","date_gmt":"2016-12-03T05:24:19","guid":{"rendered":"http:\/\/college-jules-solesse.ac-reunion.fr\/?page_id=201"},"modified":"2026-04-10T10:13:53","modified_gmt":"2026-04-10T06:13:53","slug":"les-equipes-pedagogiques","status":"publish","type":"page","link":"https:\/\/etab.ac-reunion.fr\/clg-jules-solesse\/les-equipes-pedagogiques\/","title":{"rendered":"Les \u00e9quipes p\u00e9dagogiques"},"content":{"rendered":"<h1><span style=\"font-family: 'trebuchet ms', geneva, sans-serif\"><strong><span style=\"color: #ff0000\">Les profs c\u00f4t\u00e9 coll\u00e8ge<\/span><\/strong><\/span><\/h1>\n<table>\n<tbody>\n<tr>\n<td width=\"201\">\n<h3 style=\"text-align: center\"><span style=\"font-family: 'trebuchet ms', geneva, sans-serif;font-size: 18pt;color: #e06eeb\">Arts plastiques<\/span><\/h3>\n<\/td>\n<td width=\"201\">\n<h3 style=\"text-align: left\"><span style=\"font-family: 'trebuchet ms', geneva, sans-serif;font-size: 18pt;color: #ff6600\">\u00a0 \u00a0 \u00a0 \u00a0 \u00a0EPS<\/span><\/h3>\n<\/td>\n<td width=\"201\">\n<h3><span style=\"font-family: 'trebuchet ms', geneva, sans-serif;color: #993366;font-size: 18pt\">Musique<\/span><\/h3>\n<\/td>\n<\/tr>\n<tr>\n<td width=\"201\"><img loading=\"lazy\" decoding=\"async\" class=\"aligncenter\" src=\"https:\/\/etab.ac-reunion.fr\/clg-jules-solesse\/wp-content\/uploads\/sites\/151\/2016\/12\/poudlardluna.jpg\" alt=\"poudlardluna\" width=\"190\" height=\"317\" \/><\/p>\n<p style=\"text-align: left\"><span style=\"font-family: 'trebuchet ms', geneva, sans-serif;font-size: 14pt\">Delphine Baldassini (Coord.)<br \/>\n<\/span><\/p>\n<p><span style=\"font-family: trebuchet ms, geneva, sans-serif;font-size: 14pt\">Bruno Camillerrie<\/span><\/p>\n<p style=\"text-align: center\"><span style=\"font-family: 'trebuchet ms', geneva, sans-serif;font-size: 14pt\">\u00a0<\/span><\/p>\n<p style=\"text-align: center\"><span style=\"font-family: 'trebuchet ms', geneva, sans-serif;font-size: 14pt\">\u00a0<\/span><\/p>\n<p>&nbsp;<\/p>\n<p>&nbsp;<\/td>\n<td width=\"201\">\n<h5 style=\"text-align: center\"><img loading=\"lazy\" decoding=\"async\" class=\"wp-image-10489 alignleft\" src=\"https:\/\/etab.ac-reunion.fr\/clg-jules-solesse\/wp-content\/uploads\/sites\/151\/2020\/06\/bibined.jpg\" alt=\"\" width=\"185\" height=\"243\" srcset=\"https:\/\/etab.ac-reunion.fr\/clg-jules-solesse\/wp-content\/uploads\/sites\/151\/2020\/06\/bibined.jpg 294w, https:\/\/etab.ac-reunion.fr\/clg-jules-solesse\/wp-content\/uploads\/sites\/151\/2020\/06\/bibined-228x300.jpg 228w, https:\/\/etab.ac-reunion.fr\/clg-jules-solesse\/wp-content\/uploads\/sites\/151\/2020\/06\/bibined-114x150.jpg 114w\" sizes=\"auto, (max-width: 185px) 100vw, 185px\" \/><\/h5>\n<h5 style=\"text-align: left\"><\/h5>\n<p>&nbsp;<\/p>\n<p>&nbsp;<\/p>\n<p>&nbsp;<\/p>\n<p>&nbsp;<\/p>\n<p>&nbsp;<\/p>\n<p>&nbsp;<\/p>\n<p>&nbsp;<\/p>\n<p><span style=\"font-family: 'trebuchet ms', geneva, sans-serif;font-size: 14pt\">Doroth\u00e9e Benard\u00a0 \u00a0<\/span><\/p>\n<h5 style=\"text-align: left\"><span style=\"font-family: 'trebuchet ms', geneva, sans-serif\">Estelle Catinat (Coord.)<\/span><\/h5>\n<h5 style=\"text-align: left\"><span style=\"font-family: 'trebuchet ms', geneva, sans-serif\">David Cadot\u00a0<\/span><\/h5>\n<p style=\"text-align: left\"><span style=\"font-size: 14pt;font-family: trebuchet ms, geneva, sans-serif\">B\u00e9atrice Dorlat (Coord.)<\/span><\/p>\n<h5 style=\"text-align: left\"><span style=\"font-family: 'trebuchet ms', geneva, sans-serif\">Laetitia Dragyn<\/span><\/h5>\n<p style=\"text-align: left\"><span style=\"font-size: 14pt;font-family: trebuchet ms, geneva, sans-serif\">Samuel Jams<\/span><\/p>\n<p style=\"text-align: left\"><span style=\"font-size: 14pt;font-family: 'trebuchet ms', geneva, sans-serif\">Serge Pascual\u00a0<\/span><\/p>\n<p style=\"text-align: left\"><span style=\"font-size: 14pt;font-family: trebuchet ms, geneva, sans-serif\">Vincent Pelissier<\/span><\/p>\n<h5 style=\"text-align: left\"><span style=\"font-family: 'trebuchet ms', geneva, sans-serif\">\u00a0<\/span><\/h5>\n<\/td>\n<td width=\"201\"><img loading=\"lazy\" decoding=\"async\" class=\"alignleft\" src=\"https:\/\/etab.ac-reunion.fr\/clg-jules-solesse\/wp-content\/uploads\/sites\/151\/2016\/12\/poudlardmusique.jpg\" alt=\"poudlardmusique\" width=\"212\" height=\"307\" \/><\/p>\n<p>&nbsp;<\/p>\n<p>&nbsp;<\/p>\n<p>&nbsp;<\/p>\n<p>&nbsp;<\/p>\n<p>&nbsp;<\/p>\n<p>&nbsp;<\/p>\n<p>&nbsp;<\/p>\n<p>&nbsp;<\/p>\n<p>&nbsp;<\/p>\n<p style=\"text-align: left\"><span style=\"font-family: 'trebuchet ms', geneva, sans-serif;font-size: 14pt;color: #993366\">Marc Elvira <span style=\"font-family: 'trebuchet ms', geneva, sans-serif;font-size: 14pt\">(Coord.)<\/span><\/span><\/p>\n<p><span style=\"font-size: 14pt;font-family: 'trebuchet ms', geneva, sans-serif\">Damien Hoarau<\/span><\/td>\n<\/tr>\n<tr>\n<td width=\"201\">\n<h3 style=\"text-align: center\"><span style=\"font-size: 18pt\"><strong><span style=\"font-family: 'trebuchet ms', geneva, sans-serif;color: #e3569d\">Langues vivantes\u00a0<\/span><\/strong><\/span><\/h3>\n<\/td>\n<td width=\"201\">\n<h3 style=\"text-align: center\"><span style=\"color: #000080\"><strong><span style=\"font-size: 18pt\"><span style=\"font-family: 'trebuchet ms', geneva, sans-serif\">Histoir<\/span>e\/G\u00e9o<\/span><\/strong><\/span><\/h3>\n<\/td>\n<td width=\"201\">\n<h3><strong><span style=\"font-family: 'trebuchet ms', geneva, sans-serif;color: #339966;font-size: 18pt\">Lettres modernes\u00a0<\/span><span style=\"font-family: 'trebuchet ms', geneva, sans-serif;color: #339966;font-size: 18pt\">et Classiques<\/span><\/strong><\/h3>\n<\/td>\n<\/tr>\n<tr>\n<td width=\"201\">\n<h3 style=\"text-align: center\"><strong><img loading=\"lazy\" decoding=\"async\" class=\"\" src=\"https:\/\/etab.ac-reunion.fr\/clg-jules-solesse\/wp-content\/uploads\/sites\/151\/2016\/12\/anglaispoudlard.jpg\" alt=\"anglaispoudlard\" width=\"191\" height=\"284\" \/><\/strong><\/h3>\n<h3 style=\"text-align: center\"><strong><span style=\"font-family: 'trebuchet ms', geneva, sans-serif;color: #e3569d\">Allemand <\/span><\/strong><\/h3>\n<h5 style=\"text-align: center\"><span style=\"font-family: 'trebuchet ms', geneva, sans-serif\">Corine Moimbe <span style=\"font-family: 'trebuchet ms', geneva, sans-serif;font-size: 14pt\">(Coord.)<\/span><\/span><\/h5>\n<h4 style=\"text-align: center\"><strong><span style=\"font-family: 'trebuchet ms', geneva, sans-serif;color: #e3569d\">Anglais\u00a0<\/span><\/strong><\/h4>\n<h5 style=\"text-align: center\"><span style=\"font-family: 'trebuchet ms', geneva, sans-serif\">Nathalie Chaussignand<\/span><\/h5>\n<h5 style=\"text-align: center\"><span style=\"font-family: 'trebuchet ms', geneva, sans-serif\">Djelloul Gharsallah<br \/>\n<\/span><\/h5>\n<h5 style=\"text-align: center\"><span style=\"font-family: 'trebuchet ms', geneva, sans-serif\">Laurence H\u00e9rode <\/span><\/h5>\n<h5 style=\"text-align: center\"><span style=\"font-family: 'trebuchet ms', geneva, sans-serif\">Isabelle Macarty<\/span><\/h5>\n<p style=\"text-align: center\"><span style=\"font-size: 14pt;font-family: trebuchet ms, geneva, sans-serif\">Vincent Michault<\/span><\/p>\n<p style=\"text-align: center\"><span style=\"font-family: trebuchet ms, geneva, sans-serif;font-size: 14pt\">Katrina Parfitt<\/span><\/p>\n<h5 style=\"text-align: center\"><span style=\"font-family: 'trebuchet ms', geneva, sans-serif\">Patricia Vaitilingom<\/span><\/h5>\n<h5 style=\"text-align: center\"><span style=\"font-family: 'trebuchet ms', geneva, sans-serif\">Sylvia Vermont\u00a0<\/span><\/h5>\n<h4 style=\"text-align: center\"><strong><span style=\"font-family: 'trebuchet ms', geneva, sans-serif;color: #e3569d\">Espagnol<\/span><\/strong><\/h4>\n<h5 style=\"text-align: center\"><span style=\"font-family: trebuchet ms, geneva, sans-serif\">\u00a0B\u00e9n\u00e9dicte Boyer<\/span><\/h5>\n<h5 style=\"text-align: center\"><span style=\"font-family: 'trebuchet ms', geneva, sans-serif\">Corinne Michel<\/span><\/h5>\n<p style=\"text-align: center\"><span style=\"font-size: 14pt;font-family: trebuchet ms, geneva, sans-serif\">Ketty Rochat<\/span><\/p>\n<p style=\"text-align: center\"><span style=\"font-family: 'trebuchet ms', geneva, sans-serif;font-size: 14pt\">Cindy Wislez<\/span><\/p>\n<\/td>\n<td width=\"201\"><img decoding=\"async\" class=\"aligncenter\" src=\"https:\/\/etab.ac-reunion.fr\/clg-jules-solesse\/wp-content\/uploads\/sites\/151\/2016\/12\/poudlarddumbledore-300x200.jpg\" alt=\"poudlarddumbledore\" \/><\/p>\n<h5 style=\"text-align: center\"><span style=\"font-family: 'trebuchet ms', geneva, sans-serif;color: #000080\">Ga\u00eblle Bordier<\/span><\/h5>\n<h5 style=\"text-align: center\"><span style=\"font-family: 'trebuchet ms', geneva, sans-serif;color: #000080\">V\u00e9ronique Izard Achour<br \/>\n<\/span><\/h5>\n<h5 style=\"text-align: center\"><span style=\"font-family: 'trebuchet ms', geneva, sans-serif;color: #000080\">Alexis Lapra<\/span><\/h5>\n<h5 style=\"text-align: center\"><span style=\"font-family: 'trebuchet ms', geneva, sans-serif;font-size: 14pt;color: #000080\">Aline Rigaud<\/span><\/h5>\n<h5 style=\"text-align: center\"><span style=\"font-family: 'trebuchet ms', geneva, sans-serif;color: #000080\">Ariane Zampa<\/span><\/h5>\n<p style=\"text-align: center\"><span style=\"font-family: 'trebuchet ms', geneva, sans-serif;font-size: 20pt\"><strong><span style=\"color: #800000\">\u00a0 \u00a0 \u00a0 <\/span><\/strong><\/span><\/p>\n<p>&nbsp;<\/p>\n<p>&nbsp;<\/p>\n<p style=\"text-align: center\"><span style=\"font-family: 'trebuchet ms', geneva, sans-serif;font-size: 20pt\"><strong><span style=\"color: #800000\">Documentaliste<\/span><\/strong><\/span><\/p>\n<p><img loading=\"lazy\" decoding=\"async\" class=\"aligncenter\" src=\"https:\/\/etab.ac-reunion.fr\/clg-jules-solesse\/wp-content\/uploads\/sites\/151\/2016\/12\/poudlarddobbie.jpg\" alt=\"poudlarddobbie\" width=\"202\" height=\"152\" \/><\/p>\n<p style=\"text-align: center\"><span style=\"color: #800000;font-family: 'trebuchet ms', geneva, sans-serif;font-size: 14pt\">Anne Leclaire<\/span><\/p>\n<p>&nbsp;<\/p>\n<p>&nbsp;<\/p>\n<p>&nbsp;<\/p>\n<p>&nbsp;<\/p>\n<p>&nbsp;<\/p>\n<p>&nbsp;<\/p>\n<p>&nbsp;<\/p>\n<p>&nbsp;<\/td>\n<td width=\"201\">\n<h5><strong><img decoding=\"async\" src=\"https:\/\/etab.ac-reunion.fr\/clg-jules-solesse\/wp-content\/uploads\/sites\/151\/2016\/12\/poudlardsibylle.jpg\" alt=\"poudlardsibylle\" \/><\/strong><\/h5>\n<h5 style=\"text-align: left\"><span style=\"font-family: 'trebuchet ms', geneva, sans-serif;font-size: 14pt\">Malika Artaban (Coord.)<\/span><\/h5>\n<h5 style=\"text-align: left\"><span style=\"font-family: 'trebuchet ms', geneva, sans-serif;font-size: 14pt\">Marie-Claude Boutier\u00a0<\/span><\/h5>\n<h5 style=\"text-align: left\"><span style=\"font-family: 'trebuchet ms', geneva, sans-serif;font-size: 14pt\">Astrid Bourdais\u00a0<\/span><\/h5>\n<p><span style=\"font-size: 14pt;font-family: 'trebuchet ms', geneva, sans-serif\">Michelle Guyvarc&rsquo;h<\/span><\/p>\n<p><span style=\"font-size: 14pt;font-family: trebuchet ms, geneva, sans-serif\">Clara Lucot Balbine (Lettres Classiques)<\/span><\/p>\n<h5 style=\"text-align: left\"><span style=\"font-family: 'trebuchet ms', geneva, sans-serif;font-size: 14pt\">Florence Mallet<\/span><\/h5>\n<p><span style=\"font-size: 14pt;font-family: trebuchet ms, geneva, sans-serif\">Rapha\u00ebl\u00a0 Ravenne<\/span><\/p>\n<p><span style=\"font-size: 14pt;font-family: trebuchet ms, geneva, sans-serif\">Elo\u00efse Remphan<\/span><\/p>\n<h5 style=\"text-align: left\"><span style=\"font-family: 'trebuchet ms', geneva, sans-serif;font-size: 14pt\">Ma\u00ebli Valentin\u00a0<\/span><\/h5>\n<h5 style=\"text-align: left\"><span style=\"font-family: 'trebuchet ms', geneva, sans-serif;font-size: 14pt\">Karine Vote<\/span><\/h5>\n<p>&nbsp;<\/p>\n<p>&nbsp;<\/p>\n<p>&nbsp;<\/p>\n<p>&nbsp;<\/td>\n<\/tr>\n<tr>\n<td width=\"201\">\n<h3 style=\"text-align: center\"><span style=\"font-size: 18pt\"><strong><span style=\"font-family: 'trebuchet ms', geneva, sans-serif\"><span style=\"color: #ff6600\">Sciences Physiques<\/span><\/span><\/strong><\/span><\/h3>\n<\/td>\n<td width=\"201\">\n<p style=\"text-align: center\">\u00a0<span style=\"font-family: 'trebuchet ms', geneva, sans-serif\"><strong>\u00a0<span style=\"font-size: 22pt;color: #000080\">Math\u00e9matiques<\/span><\/strong><\/span><\/p>\n<\/td>\n<td width=\"201\"><span style=\"font-family: 'trebuchet ms', geneva, sans-serif;font-size: 20pt\">\u00a0 <strong><span style=\"font-family: 'trebuchet ms', geneva, sans-serif;font-size: 22pt;color: #8c3862\">\u00a0Enseignante ULIS<\/span><\/strong><\/span><\/td>\n<\/tr>\n<tr>\n<td width=\"201\"><img loading=\"lazy\" decoding=\"async\" class=\"aligncenter\" src=\"https:\/\/etab.ac-reunion.fr\/clg-jules-solesse\/wp-content\/uploads\/sites\/151\/2016\/12\/poudlardslughorg-289x300.jpg\" alt=\"poudlardslughorg\" width=\"150\" height=\"156\" \/><\/p>\n<h5 style=\"text-align: center\"><span style=\"font-family: 'trebuchet ms', geneva, sans-serif;color: #ff6600\">C\u00e9dric Millot <span style=\"font-family: 'trebuchet ms', geneva, sans-serif;font-size: 14pt\">(Coord.)<\/span><\/span><\/h5>\n<h5 style=\"text-align: center\"><span style=\"font-family: 'trebuchet ms', geneva, sans-serif;color: #ff6600\">Clarisse Pitault <\/span><\/h5>\n<h5 style=\"text-align: center\"><span style=\"font-family: 'trebuchet ms', geneva, sans-serif;color: #ff6600\">Natacha Zietek<\/span><\/h5>\n<h5><\/h5>\n<h3 style=\"text-align: center\"><span style=\"font-family: 'trebuchet ms', geneva, sans-serif\"><strong><span style=\"color: #339966\">SVT\u00a0<\/span><\/strong><\/span><\/h3>\n<p><img loading=\"lazy\" decoding=\"async\" class=\"aligncenter\" src=\"https:\/\/etab.ac-reunion.fr\/clg-jules-solesse\/wp-content\/uploads\/sites\/151\/2016\/12\/poudlardchourave-266x300.jpg\" alt=\"poudlardchourave\" width=\"198\" height=\"223\" \/><\/p>\n<p style=\"text-align: center\"><span style=\"font-family: 'trebuchet ms', geneva, sans-serif;font-size: 14pt;color: #008000\">Gis\u00e8le Coulonges<br \/>\n<\/span><\/p>\n<h5 style=\"text-align: center\"><span style=\"font-family: 'trebuchet ms', geneva, sans-serif;color: #008000\">Arthur Frick <span style=\"font-family: 'trebuchet ms', geneva, sans-serif;font-size: 14pt\">(Coord.)<\/span><\/span><\/h5>\n<p style=\"text-align: center\"><span style=\"font-family: 'trebuchet ms', geneva, sans-serif;font-size: 14pt;color: #008000\">Sylvie Montauban<\/span><span style=\"font-size: 14pt;font-family: 'trebuchet ms', geneva, sans-serif;color: #339966\">\u00a0 \u00a0 \u00a0<\/span><\/p>\n<p style=\"text-align: center\"><span style=\"font-size: 14pt;font-family: 'trebuchet ms', geneva, sans-serif;color: #339966\">\u00a0 \u00a0 \u00a0 \u00a0 Alexandre Thomas\u00a0 \u00a0 \u00a0 \u00a0 \u00a0 \u00a0 \u00a0 \u00a0<\/span><\/p>\n<\/td>\n<td width=\"201\"><img decoding=\"async\" class=\"aligncenter\" src=\"https:\/\/etab.ac-reunion.fr\/clg-jules-solesse\/wp-content\/uploads\/sites\/151\/2016\/12\/poudlardrogue2-214x300.png\" alt=\"poudlardrogue2\" \/><\/p>\n<h5 style=\"text-align: center\">\u00a0 <span style=\"font-family: trebuchet ms, geneva, sans-serif\">Merwan Bendiab<\/span><\/h5>\n<h5 style=\"text-align: center\"><span style=\"color: #000080\"><span style=\"font-family: 'trebuchet ms', geneva, sans-serif\">Juliette Boyer<\/span><\/span><\/h5>\n<h5 style=\"text-align: center\"><span style=\"color: #000080\"><span style=\"font-family: 'trebuchet ms', geneva, sans-serif\">Nathalie Gonthier<br \/>\n<\/span><\/span><\/h5>\n<h5 style=\"text-align: center\"><span style=\"color: #000080\"><span style=\"font-family: 'trebuchet ms', geneva, sans-serif\">Audrey Gufflet<\/span><\/span><\/h5>\n<h5 style=\"text-align: center\"><span style=\"color: #000080\"><span style=\"font-family: 'trebuchet ms', geneva, sans-serif\">B\u00e9atrice Michel <\/span><\/span><\/h5>\n<p style=\"text-align: center\"><span style=\"font-size: 14pt;font-family: trebuchet ms, geneva, sans-serif\">Steven Rodrigues<\/span><\/p>\n<h5 style=\"text-align: center\"><span style=\"color: #000080\"><span style=\"font-family: 'trebuchet ms', geneva, sans-serif\">Jean-Bernard Serveaux<\/span><\/span><\/h5>\n<h5 style=\"text-align: center\"><\/h5>\n<\/td>\n<td width=\"201\"><strong><span style=\"font-family: 'trebuchet ms', geneva, sans-serif;font-size: 22pt;color: #8c3862\">\u00a0<\/span><\/strong><\/p>\n<p><img loading=\"lazy\" decoding=\"async\" class=\"alignleft\" src=\"https:\/\/etab.ac-reunion.fr\/clg-jules-solesse\/wp-content\/uploads\/sites\/151\/2018\/09\/nymphadora-tonk.jpg\" width=\"190\" height=\"190\" \/><\/p>\n<p>&nbsp;<\/p>\n<p>&nbsp;<\/p>\n<p>&nbsp;<\/p>\n<p>&nbsp;<\/p>\n<p>&nbsp;<\/p>\n<p>&nbsp;<\/p>\n<p><span style=\"font-size: 14pt;font-family: 'trebuchet ms', geneva, sans-serif;color: #8c3862\">Murielle Reinenbergh<\/span><\/p>\n<p>&nbsp;<\/p>\n<h3><strong><span style=\"font-family: 'trebuchet ms', geneva, sans-serif;color: #993300\">Technologie<\/span><\/strong><\/h3>\n<p><img loading=\"lazy\" decoding=\"async\" class=\"\" src=\"https:\/\/etab.ac-reunion.fr\/clg-jules-solesse\/wp-content\/uploads\/sites\/151\/2016\/12\/technopoudlard-298x300.jpg\" alt=\"technopoudlard\" width=\"171\" height=\"172\" \/><\/p>\n<p><span style=\"font-family: 'trebuchet ms', geneva, sans-serif;font-size: 14pt;color: #993300\">Freddy Masson<\/span><\/p>\n<p><span style=\"font-family: 'trebuchet ms', geneva, sans-serif;font-size: 14pt;color: #993300\">Yanick Lagourde <span style=\"font-family: 'trebuchet ms', geneva, sans-serif;font-size: 14pt\">(Coord.)<\/span><\/span><\/p>\n<p><span style=\"font-size: 14pt;font-family: trebuchet ms, geneva, sans-serif;color: #993300\">Olivier Martin-Calle<\/span><\/p>\n<p>&nbsp;<\/p>\n<p>&nbsp;<\/td>\n<\/tr>\n<\/tbody>\n<\/table>\n<h1><span style=\"font-family: 'trebuchet ms', geneva, sans-serif;color: #ff00ff\">Les profs c\u00f4t\u00e9 SEGPA<\/span><\/h1>\n<table>\n<tbody>\n<tr>\n<td width=\"201\">\n<h4><strong>Professeurs Option F<\/strong><\/h4>\n<\/td>\n<td width=\"201\">\n<h4 style=\"text-align: left\"><strong>\u00a0 \u00a0 \u00a0 \u00a0 \u00a0\u00a0<\/strong><\/h4>\n<\/td>\n<td width=\"201\">\n<h4><strong>Professeurs d&rsquo;atelier<\/strong><\/h4>\n<\/td>\n<\/tr>\n<tr>\n<td width=\"201\"><img decoding=\"async\" src=\"https:\/\/etab.ac-reunion.fr\/clg-jules-solesse\/wp-content\/uploads\/sites\/151\/2016\/12\/poudlardlovegood-225x300.jpg\" alt=\"poudlardlovegood\" \/><\/p>\n<h5><span style=\"font-family: 'trebuchet ms', geneva, sans-serif;font-size: 14pt\">St\u00e9phanie Berthomieu<\/span><\/h5>\n<h5><span style=\"font-family: 'trebuchet ms', geneva, sans-serif;font-size: 14pt\">S\u00e9bastien Guillemot<\/span><\/h5>\n<p><span style=\"font-family: 'trebuchet ms', geneva, sans-serif;font-size: 14pt\">Mathilde Foin<\/span><\/p>\n<p><span style=\"font-size: 14pt;font-family: trebuchet ms, geneva, sans-serif\">V\u00e9ronique Stadler<\/span><\/p>\n<p>&nbsp;<\/p>\n<p>&nbsp;<\/td>\n<td width=\"201\"><\/td>\n<td width=\"201\"><img decoding=\"async\" class=\"alignnone\" src=\"https:\/\/etab.ac-reunion.fr\/clg-jules-solesse\/wp-content\/uploads\/sites\/151\/2016\/12\/hagrid-177x300.jpg\" alt=\"hagrid\" \/><\/p>\n<h5><span style=\"font-family: 'trebuchet ms', geneva, sans-serif\">David Robert<br \/>\n<\/span><\/h5>\n<h5><span style=\"font-family: 'trebuchet ms', geneva, sans-serif\">Production Industrielle: Patrick Barbe-Gayet<br \/>\n<\/span><\/h5>\n<h5><span style=\"font-family: 'trebuchet ms', geneva, sans-serif\">ERE : Hugues Briois<br \/>\n<\/span><\/h5>\n<h5><span style=\"font-family: 'trebuchet ms', geneva, sans-serif\">HAS:\u00a0 Tristan Colliez<\/span><\/h5>\n<\/td>\n<\/tr>\n<\/tbody>\n<\/table>\n<p>&nbsp;<\/p>\n<p>&nbsp;<\/p>\n","protected":false},"excerpt":{"rendered":"<p>Les profs c\u00f4t\u00e9 coll\u00e8ge Arts plastiques \u00a0 \u00a0 \u00a0 \u00a0 \u00a0EPS Musique Delphine Baldassini (Coord.) Bruno Camillerrie \u00a0 \u00a0 &nbsp; &nbsp; &nbsp; &nbsp; &nbsp; &nbsp; &nbsp; &nbsp; &nbsp; Doroth\u00e9e Benard\u00a0 \u00a0 Estelle Catinat (Coord.) David Cadot\u00a0 B\u00e9atrice Dorlat (Coord.) Laetitia Dragyn Samuel Jams Serge Pascual\u00a0 Vincent Pelissier \u00a0 &nbsp; &nbsp;\u2026<\/p>\n<p class=\"continue-reading-button\"> <a class=\"continue-reading-link\" href=\"https:\/\/etab.ac-reunion.fr\/clg-jules-solesse\/les-equipes-pedagogiques\/\">Continue reading<i class=\"crycon-right-dir\"><\/i><\/a><\/p>\n","protected":false},"author":13197,"featured_media":0,"parent":0,"menu_order":0,"comment_status":"closed","ping_status":"closed","template":"templates\/template-onecolumn.php","meta":{"footnotes":""},"class_list":["post-201","page","type-page","status-publish","hentry"],"_links":{"self":[{"href":"https:\/\/etab.ac-reunion.fr\/clg-jules-solesse\/wp-json\/wp\/v2\/pages\/201","targetHints":{"allow":["GET"]}}],"collection":[{"href":"https:\/\/etab.ac-reunion.fr\/clg-jules-solesse\/wp-json\/wp\/v2\/pages"}],"about":[{"href":"https:\/\/etab.ac-reunion.fr\/clg-jules-solesse\/wp-json\/wp\/v2\/types\/page"}],"author":[{"embeddable":true,"href":"https:\/\/etab.ac-reunion.fr\/clg-jules-solesse\/wp-json\/wp\/v2\/users\/13197"}],"replies":[{"embeddable":true,"href":"https:\/\/etab.ac-reunion.fr\/clg-jules-solesse\/wp-json\/wp\/v2\/comments?post=201"}],"version-history":[{"count":51,"href":"https:\/\/etab.ac-reunion.fr\/clg-jules-solesse\/wp-json\/wp\/v2\/pages\/201\/revisions"}],"predecessor-version":[{"id":19467,"href":"https:\/\/etab.ac-reunion.fr\/clg-jules-solesse\/wp-json\/wp\/v2\/pages\/201\/revisions\/19467"}],"wp:attachment":[{"href":"https:\/\/etab.ac-reunion.fr\/clg-jules-solesse\/wp-json\/wp\/v2\/media?parent=201"}],"curies":[{"name":"wp","href":"https:\/\/api.w.org\/{rel}","templated":true}]}}