{"id":256,"date":"2016-12-03T14:23:28","date_gmt":"2016-12-03T13:23:28","guid":{"rendered":"http:\/\/college-jules-solesse.ac-reunion.fr\/?page_id=256"},"modified":"2023-06-16T10:01:10","modified_gmt":"2023-06-16T06:01:10","slug":"le-fse","status":"publish","type":"page","link":"https:\/\/etab.ac-reunion.fr\/clg-jules-solesse\/le-fse\/","title":{"rendered":"Le FSE"},"content":{"rendered":"<p><img loading=\"lazy\" decoding=\"async\" class=\"wp-image-15222 alignleft\" src=\"https:\/\/etab.ac-reunion.fr\/clg-jules-solesse\/wp-content\/uploads\/sites\/151\/2023\/06\/Logo-FSE.png\" alt=\"\" width=\"398\" height=\"245\" srcset=\"https:\/\/etab.ac-reunion.fr\/clg-jules-solesse\/wp-content\/uploads\/sites\/151\/2023\/06\/Logo-FSE.png 237w, https:\/\/etab.ac-reunion.fr\/clg-jules-solesse\/wp-content\/uploads\/sites\/151\/2023\/06\/Logo-FSE-150x92.png 150w\" sizes=\"auto, (max-width: 398px) 100vw, 398px\" \/><img loading=\"lazy\" decoding=\"async\" class=\"wp-image-14054 alignright\" src=\"https:\/\/etab.ac-reunion.fr\/clg-jules-solesse\/wp-content\/uploads\/sites\/151\/2022\/11\/FSE-bureau-corrige.jpg\" alt=\"\" width=\"795\" height=\"283\" srcset=\"https:\/\/etab.ac-reunion.fr\/clg-jules-solesse\/wp-content\/uploads\/sites\/151\/2022\/11\/FSE-bureau-corrige.jpg 1536w, https:\/\/etab.ac-reunion.fr\/clg-jules-solesse\/wp-content\/uploads\/sites\/151\/2022\/11\/FSE-bureau-corrige-300x107.jpg 300w, https:\/\/etab.ac-reunion.fr\/clg-jules-solesse\/wp-content\/uploads\/sites\/151\/2022\/11\/FSE-bureau-corrige-1024x365.jpg 1024w, https:\/\/etab.ac-reunion.fr\/clg-jules-solesse\/wp-content\/uploads\/sites\/151\/2022\/11\/FSE-bureau-corrige-768x274.jpg 768w, https:\/\/etab.ac-reunion.fr\/clg-jules-solesse\/wp-content\/uploads\/sites\/151\/2022\/11\/FSE-bureau-corrige-150x53.jpg 150w\" sizes=\"auto, (max-width: 795px) 100vw, 795px\" \/><\/p>\n<p>&nbsp;<\/p>\n<h4><strong>\u00a0\u00a0\u00a0<\/strong><span style=\"font-size: 14pt\"><div class=\"su-pullquote su-pullquote-align-right\">Le FSE c&rsquo;est quoi ? Les foyers socio-\u00e9ducatifs (F.S.E.) sont des associations constitu\u00e9es au sein des \u00e9tablissements scolaires dans le but de participer \u00e0 la finalit\u00e9 \u00e9ducative de ceux-ci par le biais d&rsquo;activit\u00e9s diverses, mais aussi dans le but de d\u00e9velopper chez les \u00e9l\u00e8ves le sens des responsabilit\u00e9s. Les \u00e9l\u00e8ves le connaissent surtout pour les clubs et activit\u00e9s propos\u00e9s par un adulte ou par un \u00e9l\u00e8ve. Ces activit\u00e9s varient selon les \u00e9tablissements. Le F.S.E est dot\u00e9 d&rsquo;un budget propre, financ\u00e9 par les cotisations des \u00e9l\u00e8ves (par adh\u00e9sion volontaire) et par la vente des objets fabriqu\u00e9s et par l&rsquo;organisation de manifestations. Il peut recevoir des dons ou des subventions.<\/div><\/span><\/h4>\n<h4><strong>\u00a0\u00a0\u00a0\u00a0\u00a0<\/strong><\/h4>\n<hr \/>\n<h4 style=\"text-align: center\"><strong><span style=\"color: #ff6600\">Au coll\u00e8ge Jules Solesse le FSE finance en totalit\u00e9 ou en partie\u00a0\u00a0\u00a0<\/span>\u00a0\u00a0\u00a0\u00a0\u00a0\u00a0<\/strong><\/h4>\n<ul style=\"text-align: center\">\n<li>\n<h5>Des magazines mis \u00e0 disposition des \u00e9l\u00e8ves en salle de permanence<\/h5>\n<\/li>\n<li>\n<h5>Des sorties diverses (cin\u00e9ma, th\u00e9\u00e2tre, spectacles&#8230;.)<\/h5>\n<\/li>\n<li>\n<h5>Des\u00a0 concours (Kangourou &#8211; CDI&#8230;.)<\/h5>\n<\/li>\n<\/ul>\n<h4 style=\"text-align: center\"><span style=\"color: #ff6600\"><strong>Le FSE a mis en place ou soutien<\/strong><\/span><\/h4>\n<ul style=\"text-align: center\">\n<li>\n<h5>Club a\u00e9ronautique<\/h5>\n<\/li>\n<li>\n<h5>Le Club d&rsquo;\u00e9checs<\/h5>\n<\/li>\n<li>Option Science (Ruches, L\u00e9go&#8230;..)<\/li>\n<\/ul>\n<h4 style=\"text-align: center\"><span style=\"color: #ff6600\"><strong>Le FSE aide \u00e0 l&rsquo;organisation des voyages scolaires et soutient Radio Soleil.<\/strong><\/span><\/h4>\n<h4 style=\"text-align: center\"><span style=\"color: #008000\"><strong>Vos propositions et vos id\u00e9es sont les bienvenues pour d&rsquo;autres actions.<\/strong><\/span><\/h4>\n<h4><\/h4>\n<h4><\/h4>\n<h4><\/h4>\n<h4><\/h4>\n<h4><\/h4>\n<h4><\/h4>\n<h4><\/h4>\n<h4><\/h4>\n<h4><\/h4>\n<h4><\/h4>\n<h4><\/h4>\n<h4><\/h4>\n<h4><\/h4>\n<h4><\/h4>\n","protected":false},"excerpt":{"rendered":"<p>&nbsp; \u00a0\u00a0\u00a0 \u00a0\u00a0\u00a0\u00a0\u00a0 Au coll\u00e8ge Jules Solesse le FSE finance en totalit\u00e9 ou en partie\u00a0\u00a0\u00a0\u00a0\u00a0\u00a0\u00a0\u00a0\u00a0 Des magazines mis \u00e0 disposition des \u00e9l\u00e8ves en salle de permanence Des sorties diverses (cin\u00e9ma, th\u00e9\u00e2tre, spectacles&#8230;.) Des\u00a0 concours (Kangourou &#8211; CDI&#8230;.) Le FSE a mis en place ou soutien Club a\u00e9ronautique Le Club d&rsquo;\u00e9checs\u2026<\/p>\n<p class=\"continue-reading-button\"> <a class=\"continue-reading-link\" href=\"https:\/\/etab.ac-reunion.fr\/clg-jules-solesse\/le-fse\/\">Continue reading<i class=\"crycon-right-dir\"><\/i><\/a><\/p>\n","protected":false},"author":13197,"featured_media":0,"parent":0,"menu_order":0,"comment_status":"closed","ping_status":"closed","template":"templates\/template-onecolumn.php","meta":{"footnotes":""},"class_list":["post-256","page","type-page","status-publish","hentry"],"_links":{"self":[{"href":"https:\/\/etab.ac-reunion.fr\/clg-jules-solesse\/wp-json\/wp\/v2\/pages\/256","targetHints":{"allow":["GET"]}}],"collection":[{"href":"https:\/\/etab.ac-reunion.fr\/clg-jules-solesse\/wp-json\/wp\/v2\/pages"}],"about":[{"href":"https:\/\/etab.ac-reunion.fr\/clg-jules-solesse\/wp-json\/wp\/v2\/types\/page"}],"author":[{"embeddable":true,"href":"https:\/\/etab.ac-reunion.fr\/clg-jules-solesse\/wp-json\/wp\/v2\/users\/13197"}],"replies":[{"embeddable":true,"href":"https:\/\/etab.ac-reunion.fr\/clg-jules-solesse\/wp-json\/wp\/v2\/comments?post=256"}],"version-history":[{"count":24,"href":"https:\/\/etab.ac-reunion.fr\/clg-jules-solesse\/wp-json\/wp\/v2\/pages\/256\/revisions"}],"predecessor-version":[{"id":15223,"href":"https:\/\/etab.ac-reunion.fr\/clg-jules-solesse\/wp-json\/wp\/v2\/pages\/256\/revisions\/15223"}],"wp:attachment":[{"href":"https:\/\/etab.ac-reunion.fr\/clg-jules-solesse\/wp-json\/wp\/v2\/media?parent=256"}],"curies":[{"name":"wp","href":"https:\/\/api.w.org\/{rel}","templated":true}]}}