{"id":326,"date":"2016-12-05T15:46:25","date_gmt":"2016-12-05T14:46:25","guid":{"rendered":"http:\/\/college-jules-solesse.ac-reunion.fr\/?page_id=326"},"modified":"2020-12-04T10:54:11","modified_gmt":"2020-12-04T06:54:11","slug":"vie-scolaire","status":"publish","type":"page","link":"https:\/\/etab.ac-reunion.fr\/clg-jules-solesse\/vie-scolaire\/","title":{"rendered":"Vie Scolaire"},"content":{"rendered":"<h3><img loading=\"lazy\" decoding=\"async\" class=\"wp-image-328 alignnone\" src=\"https:\/\/etab.ac-reunion.fr\/clg-jules-solesse\/wp-content\/uploads\/sites\/151\/2016\/12\/boulesherbe.jpg\" alt=\"boulesherbe\" width=\"127\" height=\"102\" srcset=\"https:\/\/etab.ac-reunion.fr\/clg-jules-solesse\/wp-content\/uploads\/sites\/151\/2016\/12\/boulesherbe.jpg 565w, https:\/\/etab.ac-reunion.fr\/clg-jules-solesse\/wp-content\/uploads\/sites\/151\/2016\/12\/boulesherbe-300x242.jpg 300w, https:\/\/etab.ac-reunion.fr\/clg-jules-solesse\/wp-content\/uploads\/sites\/151\/2016\/12\/boulesherbe-186x150.jpg 186w, https:\/\/etab.ac-reunion.fr\/clg-jules-solesse\/wp-content\/uploads\/sites\/151\/2016\/12\/boulesherbe-150x121.jpg 150w\" sizes=\"auto, (max-width: 127px) 100vw, 127px\" \/><strong><span style=\"color: #008000\">Informations Vie Scolaire<\/span><\/strong><\/h3>\r\n<hr \/>\r\n<h5><strong><span style=\"color: #008000\">Nous vous proposons ci-dessous quelques informations concernant le fonctionnement du service de vie scolaire.<\/span><\/strong><\/h5>\r\n<p>La vie scolaire est, par essence, le centre de notre communaut\u00e9 \u00e9ducative\u00a0: celles des \u00e9l\u00e8ves, des professeurs, des parents\u2026. Nous sommes au front\u00a0! Et nous devons bien souvent g\u00e9rer l\u2019urgence suivant une n\u00e9cessaire gestion des priorit\u00e9s.<\/p>\r\n<p><img loading=\"lazy\" decoding=\"async\" class=\"alignleft size-full wp-image-435\" src=\"https:\/\/etab.ac-reunion.fr\/clg-jules-solesse\/wp-content\/uploads\/sites\/151\/2016\/12\/cypres.jpg\" alt=\"\" width=\"79\" height=\"228\" srcset=\"https:\/\/etab.ac-reunion.fr\/clg-jules-solesse\/wp-content\/uploads\/sites\/151\/2016\/12\/cypres.jpg 79w, https:\/\/etab.ac-reunion.fr\/clg-jules-solesse\/wp-content\/uploads\/sites\/151\/2016\/12\/cypres-52x150.jpg 52w\" sizes=\"auto, (max-width: 79px) 100vw, 79px\" \/><\/p>\r\n<p>Le r\u00f4le des personnels de vie scolaire va donc consister \u00e0 essayer de prendre en compte toutes les situations in situ.<\/p>\r\n<p>Cette capacit\u00e9 \u00e0 cr\u00e9er une ambiance de travail agr\u00e9able, \u00e0 accueillir et \u00e0 \u00eatre \u00e0 l\u2019\u00e9coute, \u00e0 g\u00e9rer paisiblement la vie scolaireest d\u00e9j\u00e0 \u2013 en soi- une relation d\u2019aide \u00e0 l\u2019\u00e9l\u00e8ve et aux adultes.<\/p>\r\n<p>Nous vous invitons donc \u00e0 consid\u00e9rer la vie scolaire comme un espace d\u2019\u00e9changes et de communication dont l\u2019objectif est d\u2019essayer de faciliter au mieux le bon fonctionnement de l\u2019\u00e9tablissement dans l\u2019objectif de favoriser la r\u00e9ussite de tous les \u00e9l\u00e8ves.<\/p>\r\n<p>Nous sommes bien s\u00fbr \u00e0 l\u2019\u00e9coute de toutes les propositions visant \u00e0 am\u00e9liorer l\u2019encadrement des \u00e9l\u00e8ves. Nous comptons donc sur votre participation active.<\/p>\r\n<h5 style=\"text-align: center\"><strong><span style=\"color: #008000\">Merci de l\u2019attention que vous voudrez bien porter aux quelques lignes ci-dessous.<\/span><\/strong><\/h5>\r\n<h3><img loading=\"lazy\" decoding=\"async\" class=\"alignleft wp-image-437\" src=\"https:\/\/etab.ac-reunion.fr\/clg-jules-solesse\/wp-content\/uploads\/sites\/151\/2016\/12\/cypres2.jpg\" alt=\"\" width=\"114\" height=\"171\" srcset=\"https:\/\/etab.ac-reunion.fr\/clg-jules-solesse\/wp-content\/uploads\/sites\/151\/2016\/12\/cypres2.jpg 798w, https:\/\/etab.ac-reunion.fr\/clg-jules-solesse\/wp-content\/uploads\/sites\/151\/2016\/12\/cypres2-200x300.jpg 200w, https:\/\/etab.ac-reunion.fr\/clg-jules-solesse\/wp-content\/uploads\/sites\/151\/2016\/12\/cypres2-768x1155.jpg 768w, https:\/\/etab.ac-reunion.fr\/clg-jules-solesse\/wp-content\/uploads\/sites\/151\/2016\/12\/cypres2-681x1024.jpg 681w, https:\/\/etab.ac-reunion.fr\/clg-jules-solesse\/wp-content\/uploads\/sites\/151\/2016\/12\/cypres2-100x150.jpg 100w\" sizes=\"auto, (max-width: 114px) 100vw, 114px\" \/><\/h3>\r\n<p><strong><span style=\"color: #008000\">TRAITEMENTS DES ABSENCES ET DES RETARDS<\/span><\/strong><\/p>\r\n<p><strong>Absences\u00a0:<\/strong><\/p>\r\n<p><u>L\u2019appel doit \u00eatre fait heure par heure : il engage la responsabilit\u00e9 du professeur (documentaliste ou surveillant).<\/u><\/p>\r\n<p>Merci de le faire avec beaucoup de rigueur car il enclenche <u>de mani\u00e8re imm\u00e9diate<\/u> un traitement au niveau du service vie scolaire qui informe t\u00e9l\u00e9phoniquement les familles de l\u2019absence de leur enfant.<\/p>\r\n<p>Si l\u2019absence n\u2019est en fait qu\u2019un retard, merci de nous en informer.<\/p>\r\n<p><strong>Retards\u00a0:<\/strong><\/p>\r\n<p>Les \u00e9l\u00e8ves qui arrivent en retard doivent pr\u00e9senter un justificatif. Si le retard est d\u00fb \u00e0 une convocation ou un entretien prolong\u00e9, l&rsquo;adulte responsable du retard, compl\u00e8tera le justificatif.<br \/>Sans raison valable, il vous appartient de compl\u00e9ter la page 43 du carnet et de le rentrer sur PRONOTE, et ce quelque soit l&rsquo;heure du retard<\/p>\r\n<p>Si le retard d\u00e9passe 15 minutes, l\u2019\u00e9l\u00e8ve sera obligatoirement dirig\u00e9 vers la permanence jusqu\u2019\u00e0 la prochaine heure.<\/p>\r\n<p><strong>R\u00e9gularisation des Absences et des retards\u00a0:<\/strong><\/p>\r\n<p>Apr\u00e8s chaque absence ou retard, l\u2019\u00e9l\u00e8ve doit r\u00e9gulariser sa situation.<\/p>\r\n<p>A cet effet, il doit passer \u00e0 la vie scolaire pour pr\u00e9senter son carnet avec le justificatif sign\u00e9 par ses parents.<\/p>\r\n<p>S\u2019il ne passe pas avant le d\u00e9but des cours, il sera convoqu\u00e9 \u00e0 la r\u00e9cr\u00e9ation ou aux intercours par l\u2019interm\u00e9diaire du logiciel pronote.<\/p>\r\n<p>Lors de l\u2019appel apparaitra un sifflet en face du nom de l\u2019\u00e9l\u00e8ve. Il vous appartiendra alors de lui signifier sa convocation (ce dispositif permet d\u2019\u00e9viter de d\u00e9ranger les cours).<\/p>\r\n<p>Merci d\u2019avance pour votre collaboration.<\/p>\r\n<h3><img loading=\"lazy\" decoding=\"async\" class=\"alignleft wp-image-437\" src=\"https:\/\/etab.ac-reunion.fr\/clg-jules-solesse\/wp-content\/uploads\/sites\/151\/2016\/12\/cypres2.jpg\" alt=\"\" width=\"114\" height=\"171\" srcset=\"https:\/\/etab.ac-reunion.fr\/clg-jules-solesse\/wp-content\/uploads\/sites\/151\/2016\/12\/cypres2.jpg 798w, https:\/\/etab.ac-reunion.fr\/clg-jules-solesse\/wp-content\/uploads\/sites\/151\/2016\/12\/cypres2-200x300.jpg 200w, https:\/\/etab.ac-reunion.fr\/clg-jules-solesse\/wp-content\/uploads\/sites\/151\/2016\/12\/cypres2-768x1155.jpg 768w, https:\/\/etab.ac-reunion.fr\/clg-jules-solesse\/wp-content\/uploads\/sites\/151\/2016\/12\/cypres2-681x1024.jpg 681w, https:\/\/etab.ac-reunion.fr\/clg-jules-solesse\/wp-content\/uploads\/sites\/151\/2016\/12\/cypres2-100x150.jpg 100w\" sizes=\"auto, (max-width: 114px) 100vw, 114px\" \/><\/h3>\r\n<p><strong><span style=\"color: #008000\">CARNET DE LIAISON<\/span><\/strong><\/p>\r\n<p>L\u2019\u00e9l\u00e8ve ne peut rentrer au coll\u00e8ge sans son carnet (remplac\u00e9 par un passeport en cas d\u2019oubli). Il doit le poser sur la table \u00e0 chaque d\u00e9but de cours.<\/p>\r\n<p>En cas d\u2019incident, il se peut que le carnet se trouve \u00e0 la vie scolaire ou avec l\u2019administration. Merci de v\u00e9rifier l\u2019information \u00e0 l\u2019issue du cours.<\/p>\r\n<p>Si vous mettez un mot dans le carnet de liaison, merci de v\u00e9rifier la signature des parents.<\/p>\r\n<h3><img loading=\"lazy\" decoding=\"async\" class=\"alignleft wp-image-437\" src=\"https:\/\/etab.ac-reunion.fr\/clg-jules-solesse\/wp-content\/uploads\/sites\/151\/2016\/12\/cypres2.jpg\" alt=\"\" width=\"114\" height=\"171\" srcset=\"https:\/\/etab.ac-reunion.fr\/clg-jules-solesse\/wp-content\/uploads\/sites\/151\/2016\/12\/cypres2.jpg 798w, https:\/\/etab.ac-reunion.fr\/clg-jules-solesse\/wp-content\/uploads\/sites\/151\/2016\/12\/cypres2-200x300.jpg 200w, https:\/\/etab.ac-reunion.fr\/clg-jules-solesse\/wp-content\/uploads\/sites\/151\/2016\/12\/cypres2-768x1155.jpg 768w, https:\/\/etab.ac-reunion.fr\/clg-jules-solesse\/wp-content\/uploads\/sites\/151\/2016\/12\/cypres2-681x1024.jpg 681w, https:\/\/etab.ac-reunion.fr\/clg-jules-solesse\/wp-content\/uploads\/sites\/151\/2016\/12\/cypres2-100x150.jpg 100w\" sizes=\"auto, (max-width: 114px) 100vw, 114px\" \/><\/h3>\r\n<p><strong><span style=\"color: #008000\">PUNITIONS ET SANCTIONS<\/span><\/strong><\/p>\r\n<p>Si nous devons sanctionner un \u00e9l\u00e8ve en faute, rappelons que nous devons essayer d\u2019appliquer cette sanction dans un but \u00e9ducatif. Il ne nous appartient pas d\u2019arbitrer ou de rendre la justice, ce qui rend parfois notre t\u00e2che difficile.<\/p>\r\n<p>Il nous arrive parfois de r\u00e9unir des informations sur une situation qui permettent de relativiser la gravit\u00e9 du probl\u00e8me ou d\u2019intervenir aupr\u00e8s des adultes pour mod\u00e9rer leurs r\u00e9actions. C\u2019est un travail d\u00e9licat qui, s\u2019il ne nous autorise pas \u00e0 juger, nous demande une capacit\u00e9 d\u2019appr\u00e9ciation la plus objective possible de mani\u00e8re \u00e0 ne pas laisser les passions se m\u00ealer de certaines situations. Nous ne cherchons pas \u00e0 juger qui aurait tort ou raison, la finalit\u00e9 de notre r\u00f4le est de r\u00e9concilier \u00e9l\u00e8ves et professeurs (ou autres personnels), pour que la relation, conflictuelle au d\u00e9part, devienne raisonnable, que l\u2019\u00e9l\u00e8ve se remette au travail, reprenne confiance en l\u2019\u00e9cole dans un climat serein.<\/p>\r\n<div class='et-box et-download'>\n\t\t\t\t\t<div class='et-box-content'><strong>Extrait du r\u00e8glement int\u00e9rieur<\/strong> Le r\u00e8glement int\u00e9rieur d\u00e9finit des droits et des obligations. Les punitions et les sanctions interviennent quand il n\u2019est pas respect\u00e9.<\/p>\r\n<p>1) <strong>Les punitions :<\/strong> concernent essentiellement certains manquements mineurs aux obligations des \u00e9l\u00e8ves et les perturbations dans la vie de la classe ou de l\u2019\u00e9tablissement. Inscription sur le carnet de liaison, excuse orale et\/ou \u00e9crite, devoir suppl\u00e9mentaire, Retenue effectu\u00e9e sur le temps scolaire ou apr\u00e8s les cours, Exclusion ponctuelle de cours. Une fiche de suivi peut \u00eatre mise en place pour un \u00e9l\u00e8ve. Cette mesure alternative permet un accompagnement quotidien de l\u2019\u00e9l\u00e8ve par les adultes de l\u2019\u00e9tablissement en lien avec sa famille.<\/p>\r\n<p>2) <strong>Les sanctions :<\/strong> concernent les atteintes aux personnes et aux biens et les manquements graves aux obligations des \u00e9l\u00e8ves. l\u2019avertissement, le bl\u00e2me, l\u2019exclusion temporaire de l\u2019\u00e9tablissement, assortie ou non d\u2019un sursis total ou partiel, l\u2019exclusion d\u00e9finitive, assortie ou non d\u2019un sursis. Seul le conseil de discipline peut prononcer cette sanction. En cas de d\u00e9gradation de mat\u00e9riel ou de non-respect des locaux, l\u2019\u00e9l\u00e8ve pourra \u00eatre amen\u00e9 \u00e0 effectuer une action r\u00e9paratrice (t\u00e2che) ou d\u2019int\u00e9r\u00eat collectif. Dans des situations exceptionnelles et par mesure conservatoire, un \u00e9l\u00e8ve peut se voir momentan\u00e9ment refuser l\u2019acc\u00e8s \u00e0 l\u2019\u00e9tablissement dans l\u2019attente de la visite de sa famille ou de la tenue d\u2019un conseil de discipline.<\/p>\r\n<p>3) <strong>La commission \u00e9ducative :<\/strong> est charg\u00e9e d\u2019examiner les cas graves et\/ou r\u00e9p\u00e9t\u00e9s de manquements au r\u00e8glement. Elle se r\u00e9unit \u00e0 l\u2019initiative du chef d\u2019\u00e9tablissement avec les personnels, les familles et les \u00e9l\u00e8ves concern\u00e9s. Son objectif n\u2019est pas de sanctionner, mais d\u2019amener l\u2019\u00e9l\u00e8ve \u00e0 la prise de conscience de la gravit\u00e9 de son attitude en formulant une mise en garde solennelle, suivie d\u2019un engagement et de proposer d\u2019\u00e9ventuelles mesures d\u2019accompagnement. Sa composition est vot\u00e9e en conseil d\u2019administration.<\/div><\/div>\r\n<p><img loading=\"lazy\" decoding=\"async\" class=\"alignleft size-full wp-image-435\" src=\"https:\/\/etab.ac-reunion.fr\/clg-jules-solesse\/wp-content\/uploads\/sites\/151\/2016\/12\/cypres.jpg\" alt=\"\" width=\"79\" height=\"228\" srcset=\"https:\/\/etab.ac-reunion.fr\/clg-jules-solesse\/wp-content\/uploads\/sites\/151\/2016\/12\/cypres.jpg 79w, https:\/\/etab.ac-reunion.fr\/clg-jules-solesse\/wp-content\/uploads\/sites\/151\/2016\/12\/cypres-52x150.jpg 52w\" sizes=\"auto, (max-width: 79px) 100vw, 79px\" \/><\/p>\r\n<p><strong><span style=\"color: #008000\">RAPPEL\u00a0 :<\/span><\/strong><\/p>\r\n<p>La vie scolaire n\u2019est pas tenue de surveiller les \u00e9l\u00e8ves coll\u00e9s, sauf si c\u2019est elle-m\u00eame qui donne la retenue bien entendu. En effet, c\u2019est en principe \u00e0 la personne qui met la retenue de surveiller les \u00e9l\u00e8ves concern\u00e9s.<\/p>\r\n<p>Le syst\u00e8me des retenues propos\u00e9 est donc un service que la vie scolaire propose en plus de ses activit\u00e9s.<\/p>\r\n<p><strong><em><u>Pour toute demande de retenue, nous vous demandons\u00a0:<\/u><\/em><\/strong><\/p>\r\n<p>De compl\u00e9ter le document \u00ab\u00a0demande de retenue\u00a0\u00bb, puis d\u2019amener (ou de faire amener) le document, le carnet aux CPE pour permettre le suivi.<\/p>\r\n<p>Si vous prenez l\u2019\u00e9l\u00e8ve avec vous pour la retenue, vous choisissez la date et l\u2019heure qui vous convient. Par contre, si la prise en charge se fait par la vie scolaire, merci de laisser la date et l\u2019heure en blanc.<\/p>\r\n<p>Si l\u2019\u00e9l\u00e8ve fait sa retenue avec vous dans un de vos cours, vous voudrez bien \u00e0 l\u2019issue de celle-ci noter sa pr\u00e9sence dans le carnet et le rapporter aux CPE.<\/p>\r\n<p><strong><em>Attention\u00a0: ne pas oublier de fournir le travail<\/em><\/strong><\/p>\r\n<p>En cas d\u2019absence de l\u2019\u00e9l\u00e8ve \u00e0 la retenue, il vous appartiendra d\u2019informer la vie scolaire de son absence.<\/p>\r\n<p>Nous nous tenons \u00e0 votre disposition pour toute information compl\u00e9mentaire.<\/p>\r\n<h3><img loading=\"lazy\" decoding=\"async\" class=\"alignleft wp-image-437\" src=\"https:\/\/etab.ac-reunion.fr\/clg-jules-solesse\/wp-content\/uploads\/sites\/151\/2016\/12\/cypres2.jpg\" alt=\"\" width=\"114\" height=\"171\" srcset=\"https:\/\/etab.ac-reunion.fr\/clg-jules-solesse\/wp-content\/uploads\/sites\/151\/2016\/12\/cypres2.jpg 798w, https:\/\/etab.ac-reunion.fr\/clg-jules-solesse\/wp-content\/uploads\/sites\/151\/2016\/12\/cypres2-200x300.jpg 200w, https:\/\/etab.ac-reunion.fr\/clg-jules-solesse\/wp-content\/uploads\/sites\/151\/2016\/12\/cypres2-768x1155.jpg 768w, https:\/\/etab.ac-reunion.fr\/clg-jules-solesse\/wp-content\/uploads\/sites\/151\/2016\/12\/cypres2-681x1024.jpg 681w, https:\/\/etab.ac-reunion.fr\/clg-jules-solesse\/wp-content\/uploads\/sites\/151\/2016\/12\/cypres2-100x150.jpg 100w\" sizes=\"auto, (max-width: 114px) 100vw, 114px\" \/><\/h3>\r\n<p><strong><span style=\"color: #008000\">EXCLUSIONS PONCTUELLES DE COURS<\/span><\/strong><\/p>\r\n<p>La discipline dans la classe rel\u00e8ve de la comp\u00e9tence du professeur. L\u2019exclusion doit rester une mesure exceptionnelle. Les cas d\u2019exclusion sont donc limit\u00e9s aux situations suivantes\u00a0:<\/p>\r\n<ul>\r\n<li>Perturbe le bon d\u00e9roulement du cours<\/li>\r\n<li>Violences verbales<\/li>\r\n<li>Violences physiques au sein de la classe<\/li>\r\n<\/ul>\r\n<div class='et-box et-download'>\n\t\t\t\t\t<div class='et-box-content'><strong>RAPPEL DE LA LOI<\/strong> Conform\u00e9ment \u00e0 la loi du 05.07.1890 : \u00ab\u2026 L\u2019exclusion de cours ne peut ainsi \u00eatre motiv\u00e9e qu\u2019en cas de mise en danger d\u2019autrui ou de l\u2019\u00e9l\u00e8ve mis en cause lui m\u00eame. \u00bb, \u00e0 la circulaire n\u00b02000-105 du 11.07.2000 article 2.2 et \u00e0 la circulaire n\u00b0 2011-111 du 1-8-2011 : \u00ab \u2026L\u2019exclusion ponctuelle de cours s\u2019accompagne d\u2019une prise en charge de l\u2019\u00e9l\u00e8ve dans le cadre d\u2019un dispositif pr\u00e9vu \u00e0 cet effet\u2026Justifi\u00e9e par un manquement grave, elle doit demeurer tout \u00e0 fait exceptionnelle et donner lieu syst\u00e9matiquement \u00e0 une information \u00e9crite au CPE et au chef d\u2019\u00e9tablissement. \u00bb<\/div><\/div>\r\n<p>En dehors des cas pr\u00e9cit\u00e9s, les \u00e9l\u00e8ves doivent rester en classe et la situation sera prise en charge par le professeur, qui est le seul \u00e0 avoir autorit\u00e9 pendant son cours.<\/p>\r\n<p><strong>Remarque\u00a0:<\/strong> il vous est possible de signaler tout incident dont vous \u00eates t\u00e9moin, dans ou hors la classe, \u00e0 l\u2019aide du document \u00ab\u00a0rapport d\u2019incident\u00a0\u00bb mis \u00e0 votre disposition dans la salle des professeurs.<\/p>\r\n<p><strong>DISPOSITIF A SUIVRE EN CAS D\u2019EXCLUSION<\/strong><\/p>\r\n<p>Dans toutes les situations l\u2019\u00e9l\u00e8ve exclu\u00a0:<\/p>\r\n<ul>\r\n<li>doit \u00eatre syst\u00e9matiquement accompagn\u00e9 au bureau des CPE par un autre \u00e9l\u00e8ve de la classe<\/li>\r\n<li>doit arriver avec l\u2019imprim\u00e9-type (qui pourra \u00eatre compl\u00e9t\u00e9, dans sa totalit\u00e9, par le professeur \u00e0 l\u2019issue du cours <strong>lors de l\u2019entretien avec le CPE<\/strong>).<\/li>\r\n<li>doit arriver avec un travail \u00e0 r\u00e9aliser pendant son temps d\u2019exclusion.<\/li>\r\n<li>Pour assurer le suivi de l\u2019incident, le professeur devra pr\u00e9ciser \u00e0 quelle date il peut rencontrer la famille.<\/li>\r\n<\/ul>\r\n<p><strong>Aucun \u00e9l\u00e8ve exclu d\u2019un cours ne sera accept\u00e9 par les CPE sans un rapport \u00e9crit de l\u2019enseignant ni travail \u00e0 faire.<\/strong><\/p>\r\n<p><strong><span style=\"color: #008000\">\u00a0Merci de l\u2019attention que vous aurez bien voulu accorder \u00e0 ces quelques pages.<\/span><\/strong><\/p>\r\n<p><strong><span style=\"color: #008000\">Nous esp\u00e9rons avoir r\u00e9pondu \u00e0 vos interrogations sur les proc\u00e9dures concernant la vie scolaire. Mais dans tous les cas, nous restons \u00e0 votre disposition pour toute information compl\u00e9mentaire.<\/span><\/strong><\/p>\r\n<div class='et-box et-download'>\n\t\t\t\t\t<div class='et-box-content'><strong>Application de la r\u00e8gle, mesures de pr\u00e9vention et sanctions NOR : MENE1406107C Circulaire n\u00b0 2014-059 du 27-5-2014 MENESR &#8211; DGESCO B3-3<\/strong> De fa\u00e7on g\u00e9n\u00e9rale, le respect des r\u00e8gles applicables dans la classe est de la responsabilit\u00e9 de l&rsquo;enseignant : il lui revient d&rsquo;y maintenir un climat serein par toutes mesures \u00e9ducatives appropri\u00e9es. Dans ce cadre, les punitions sont prises en seule consid\u00e9ration du comportement de l&rsquo;\u00e9l\u00e8ve ind\u00e9pendamment de ses r\u00e9sultats scolaires. Des dispositions devront donc \u00eatre prises, au sein de chaque \u00e9tablissement, afin d&rsquo;\u00e9viter que les faits les moins graves commis par des \u00e9l\u00e8ves perturbateurs pendant les heures de cours, ne fassent syst\u00e9matiquement l&rsquo;objet d&rsquo;un traitement par le service de la vie scolaire de l&rsquo;\u00e9tablissement. Si, dans des cas tr\u00e8s exceptionnels, l&rsquo;enseignant d\u00e9cide d&rsquo;exclure un \u00e9l\u00e8ve de cours, cette punition s&rsquo;accompagne n\u00e9cessairement d&rsquo;une prise en charge de l&rsquo;\u00e9l\u00e8ve dans le cadre d&rsquo;un dispositif pr\u00e9vu \u00e0 cet effet et connu de tous les enseignants et personnels d&rsquo;\u00e9ducation. L&rsquo;enseignant demandera notamment \u00e0 l&rsquo;\u00e9l\u00e8ve de lui remettre un travail en lien avec la mati\u00e8re enseign\u00e9e. La liste indicative des punitions ci-dessous sert de base \u00e0 l&rsquo;\u00e9laboration des r\u00e8glements int\u00e9rieurs des \u00e9tablissements :<\/p>\r\n<ul>\r\n<li>rapport port\u00e9 sur le carnet de correspondance ou sur un document sign\u00e9 par les parents ;<\/li>\r\n<li>excuse publique orale ou \u00e9crite : elle vise \u00e0 d\u00e9boucher sur une r\u00e9elle prise de conscience du manquement \u00e0 la r\u00e8gle ;<\/li>\r\n<li>devoir suppl\u00e9mentaire (assorti ou non d&rsquo;une retenue) qui devra \u00eatre corrig\u00e9 par celui qui l&rsquo;a prescrit.<\/li>\r\n<\/ul>\r\n<p>Les devoirs suppl\u00e9mentaires effectu\u00e9s dans l&rsquo;\u00e9tablissement doivent \u00eatre r\u00e9dig\u00e9s sous surveillance ; &#8211; retenue pour faire un devoir ou un exercice non fait. D&rsquo;autres punitions peuvent \u00e9ventuellement \u00eatre prononc\u00e9es. Toute punition doit faire l&rsquo;objet d&rsquo;une information \u00e9crite des parents. Pour rappel, la note z\u00e9ro inflig\u00e9e \u00e0 un \u00e9l\u00e8ve en raison de motif exclusivement disciplinaire est proscrite.<\/div><\/div>\r\n<p><strong><span style=\"color: #008000\">Les CPE<\/span><\/strong><\/p>\r\n<p>&nbsp;<\/p>\r\n<p>&nbsp;<\/p>\r\n","protected":false},"excerpt":{"rendered":"<p>Informations Vie Scolaire Nous vous proposons ci-dessous quelques informations concernant le fonctionnement du service de vie scolaire. La vie scolaire est, par essence, le centre de notre communaut\u00e9 \u00e9ducative\u00a0: celles des \u00e9l\u00e8ves, des professeurs, des parents\u2026. Nous sommes au front\u00a0! Et nous devons bien souvent g\u00e9rer l\u2019urgence suivant une n\u00e9cessaire\u2026<\/p>\n<p class=\"continue-reading-button\"> <a class=\"continue-reading-link\" href=\"https:\/\/etab.ac-reunion.fr\/clg-jules-solesse\/vie-scolaire\/\">Continue reading<i class=\"crycon-right-dir\"><\/i><\/a><\/p>\n","protected":false},"author":13197,"featured_media":0,"parent":0,"menu_order":0,"comment_status":"closed","ping_status":"closed","template":"templates\/template-onecolumn.php","meta":{"footnotes":""},"class_list":["post-326","page","type-page","status-publish","hentry"],"_links":{"self":[{"href":"https:\/\/etab.ac-reunion.fr\/clg-jules-solesse\/wp-json\/wp\/v2\/pages\/326","targetHints":{"allow":["GET"]}}],"collection":[{"href":"https:\/\/etab.ac-reunion.fr\/clg-jules-solesse\/wp-json\/wp\/v2\/pages"}],"about":[{"href":"https:\/\/etab.ac-reunion.fr\/clg-jules-solesse\/wp-json\/wp\/v2\/types\/page"}],"author":[{"embeddable":true,"href":"https:\/\/etab.ac-reunion.fr\/clg-jules-solesse\/wp-json\/wp\/v2\/users\/13197"}],"replies":[{"embeddable":true,"href":"https:\/\/etab.ac-reunion.fr\/clg-jules-solesse\/wp-json\/wp\/v2\/comments?post=326"}],"version-history":[{"count":13,"href":"https:\/\/etab.ac-reunion.fr\/clg-jules-solesse\/wp-json\/wp\/v2\/pages\/326\/revisions"}],"predecessor-version":[{"id":10983,"href":"https:\/\/etab.ac-reunion.fr\/clg-jules-solesse\/wp-json\/wp\/v2\/pages\/326\/revisions\/10983"}],"wp:attachment":[{"href":"https:\/\/etab.ac-reunion.fr\/clg-jules-solesse\/wp-json\/wp\/v2\/media?parent=326"}],"curies":[{"name":"wp","href":"https:\/\/api.w.org\/{rel}","templated":true}]}}