{"id":37,"date":"2016-11-22T05:32:06","date_gmt":"2016-11-22T04:32:06","guid":{"rendered":"http:\/\/college-jules-solesse.ac-reunion.fr\/?page_id=37"},"modified":"2026-04-10T13:47:22","modified_gmt":"2026-04-10T09:47:22","slug":"le-college","status":"publish","type":"page","link":"https:\/\/etab.ac-reunion.fr\/clg-jules-solesse\/le-college\/","title":{"rendered":"Contact et acc\u00e8s"},"content":{"rendered":"\r\n<figure><\/figure>\r\n<figure><\/figure>\r\n<figure><\/figure>\r\n<figure><\/figure>\r\n<figure class=\"wp-block-image\"><img loading=\"lazy\" decoding=\"async\" class=\"wp-image-8099 alignleft\" src=\"https:\/\/etab.ac-reunion.fr\/clg-jules-solesse\/wp-content\/uploads\/sites\/151\/2019\/06\/carole-chaix9.jpg\" alt=\"\" width=\"355\" height=\"222\" srcset=\"https:\/\/etab.ac-reunion.fr\/clg-jules-solesse\/wp-content\/uploads\/sites\/151\/2019\/06\/carole-chaix9.jpg 800w, https:\/\/etab.ac-reunion.fr\/clg-jules-solesse\/wp-content\/uploads\/sites\/151\/2019\/06\/carole-chaix9-300x188.jpg 300w, https:\/\/etab.ac-reunion.fr\/clg-jules-solesse\/wp-content\/uploads\/sites\/151\/2019\/06\/carole-chaix9-768x480.jpg 768w, https:\/\/etab.ac-reunion.fr\/clg-jules-solesse\/wp-content\/uploads\/sites\/151\/2019\/06\/carole-chaix9-150x94.jpg 150w\" sizes=\"auto, (max-width: 355px) 100vw, 355px\" \/><span style=\"font-family: 'trebuchet ms', geneva, sans-serif;font-size: 14pt\">HORAIRES<\/span><\/figure>\r\n<p><span style=\"font-size: 14pt;font-family: 'trebuchet ms', geneva, sans-serif\">Le coll\u00e8ge est ouvert de 7h15 \u00e0 16h15, les lundi, mardi, jeudi vendredi et de 7h15 \u00e0 13h le mercredi.<\/span><\/p>\r\n<p><span style=\"font-size: 14pt;font-family: 'trebuchet ms', geneva, sans-serif\">Il est ferm\u00e9 le mercredi apr\u00e8s midi et le samedi.<\/span><\/p>\r\n<hr \/><hr \/>\r\n<p align=\"justify\"><span style=\"font-size: 14pt;font-family: 'trebuchet ms', geneva, sans-serif\">ADRESSE<\/span><\/p>\r\n<p align=\"justify\"><span style=\"font-size: 14pt;font-family: 'trebuchet ms', geneva, sans-serif\">Coll\u00e8ge Jules Solesse<\/span><\/p>\r\n<p><span style=\"font-family: 'trebuchet ms', geneva, sans-serif;font-size: 14pt\">3 rue Roland Garros<\/span><\/p>\r\n<p><span style=\"font-family: 'trebuchet ms', geneva, sans-serif;font-size: 14pt\">CS-11005<\/span><\/p>\r\n<p><span style=\"font-family: 'trebuchet ms', geneva, sans-serif;font-size: 14pt\">97411 Bois de N\u00e8fles Saint Paul<\/span><\/p>\r\n<hr \/>\r\n<p align=\"justify\"><span style=\"color: #0f4488;font-family: Arial Narrow\"><b>Code \u00e9tablissement : 9740093H<\/b><\/span><\/p>\r\n<hr \/>\r\n<p align=\"justify\"><strong><span style=\"font-family: trebuchet ms, geneva, sans-serif;font-size: 14pt\">VENIR <br \/><\/span><\/strong><\/p>\r\n<p align=\"justify\">\u00a0<img loading=\"lazy\" decoding=\"async\" class=\"alignleft size-full wp-image-352\" src=\"https:\/\/etab.ac-reunion.fr\/clg-jules-solesse\/wp-content\/uploads\/sites\/151\/2016\/11\/map.png\" alt=\"map\" width=\"272\" height=\"205\" srcset=\"https:\/\/etab.ac-reunion.fr\/clg-jules-solesse\/wp-content\/uploads\/sites\/151\/2016\/11\/map.png 272w, https:\/\/etab.ac-reunion.fr\/clg-jules-solesse\/wp-content\/uploads\/sites\/151\/2016\/11\/map-199x150.png 199w, https:\/\/etab.ac-reunion.fr\/clg-jules-solesse\/wp-content\/uploads\/sites\/151\/2016\/11\/map-150x113.png 150w\" sizes=\"auto, (max-width: 272px) 100vw, 272px\" \/><\/p>\r\n<p><small><a href=\"http:\/\/www.openstreetmap.org\/?mlat=-20.99036&amp;mlon=55.33147#map=18\/-20.99036\/55.33147\">Afficher une carte plus grande<\/a><\/small><\/p>\r\n<p>&nbsp;<\/p>\r\n<p><a href=\"http:\/\/docreader.readspeaker.com\/docreader\/?cid=carxq&amp;lang=fr_fr&amp;url=http%3A%2F%2Fkarouest.re%2Fwp-content%2Fthemes%2Fkarouest%2Fdocuments%2FHoraires%2F3.Saint+Paul%2FLigne_8.0_Ruisseau%2523Bois-de-Nefles___Gare_Routiere_de_Saint_Paul.pdf\"><strong>En bus : Ligne 8.0 KAR OUEST<\/strong> <\/a><\/p>\r\n<p>&nbsp;<\/p>\r\n<hr \/>\r\n<p><a href=\"https:\/\/etab.ac-reunion.fr\/clg-jules-solesse\/wp-content\/uploads\/sites\/151\/2019\/09\/Fiches_synthese_R-V_registre.pdf\"><img loading=\"lazy\" decoding=\"async\" class=\"aligncenter  wp-image-8634\" src=\"https:\/\/etab.ac-reunion.fr\/clg-jules-solesse\/wp-content\/uploads\/sites\/151\/2019\/09\/accesibilite.jpg\" alt=\"\" width=\"203\" height=\"166\" srcset=\"https:\/\/etab.ac-reunion.fr\/clg-jules-solesse\/wp-content\/uploads\/sites\/151\/2019\/09\/accesibilite.jpg 704w, https:\/\/etab.ac-reunion.fr\/clg-jules-solesse\/wp-content\/uploads\/sites\/151\/2019\/09\/accesibilite-300x245.jpg 300w, https:\/\/etab.ac-reunion.fr\/clg-jules-solesse\/wp-content\/uploads\/sites\/151\/2019\/09\/accesibilite-150x123.jpg 150w\" sizes=\"auto, (max-width: 203px) 100vw, 203px\" \/><\/a><\/p>\r\n<hr \/>\r\n<p><span style=\"font-family: 'trebuchet ms', geneva, sans-serif;font-size: 14pt\"><strong>Pour contacter le secr\u00e9tariat du coll\u00e8ge<\/strong><\/span><\/p>\r\n<h5 align=\"justify\"><span style=\"font-family: 'trebuchet ms', geneva, sans-serif;font-size: 14pt\">T\u00e9l : 0262 44 00 34\u00a0 \/ Fax : 0262 44 36 08<\/span><\/h5>\r\n<hr \/>\r\n\n<div class=\"wpcf7 no-js\" id=\"wpcf7-f7834-o1\" lang=\"fr-FR\" dir=\"ltr\" data-wpcf7-id=\"7834\">\n<div class=\"screen-reader-response\"><p role=\"status\" aria-live=\"polite\" aria-atomic=\"true\"><\/p> <ul><\/ul><\/div>\n<form action=\"\/clg-jules-solesse\/wp-json\/wp\/v2\/pages\/37#wpcf7-f7834-o1\" method=\"post\" class=\"wpcf7-form init\" aria-label=\"Formulaire de contact\" novalidate=\"novalidate\" data-status=\"init\">\n<fieldset class=\"hidden-fields-container\"><input type=\"hidden\" name=\"_wpcf7\" value=\"7834\" \/><input type=\"hidden\" name=\"_wpcf7_version\" value=\"6.1.5\" \/><input type=\"hidden\" name=\"_wpcf7_locale\" value=\"fr_FR\" \/><input type=\"hidden\" name=\"_wpcf7_unit_tag\" value=\"wpcf7-f7834-o1\" \/><input type=\"hidden\" name=\"_wpcf7_container_post\" value=\"0\" \/><input type=\"hidden\" name=\"_wpcf7_posted_data_hash\" value=\"\" \/>\n<\/fieldset>\n<p><label> Votre nom (obligatoire)<br \/>\n<span class=\"wpcf7-form-control-wrap\" data-name=\"your-name\"><input size=\"40\" maxlength=\"400\" class=\"wpcf7-form-control wpcf7-text wpcf7-validates-as-required\" aria-required=\"true\" aria-invalid=\"false\" value=\"\" type=\"text\" name=\"your-name\" \/><\/span> <\/label>\n<\/p>\n<p><label> Votre m\u00e9l (obligatoire)<br \/>\n<span class=\"wpcf7-form-control-wrap\" data-name=\"your-email\"><input size=\"40\" maxlength=\"400\" class=\"wpcf7-form-control wpcf7-email wpcf7-validates-as-required wpcf7-text wpcf7-validates-as-email\" aria-required=\"true\" aria-invalid=\"false\" value=\"\" type=\"email\" name=\"your-email\" \/><\/span> <\/label>\n<\/p>\n<p><label> Objet<br \/>\n<span class=\"wpcf7-form-control-wrap\" data-name=\"your-subject\"><input size=\"40\" maxlength=\"400\" class=\"wpcf7-form-control wpcf7-text\" aria-invalid=\"false\" value=\"\" type=\"text\" name=\"your-subject\" \/><\/span> <\/label>\n<\/p>\n<p><label> Votre message<br \/>\n<span class=\"wpcf7-form-control-wrap\" data-name=\"your-message\"><textarea cols=\"40\" rows=\"10\" maxlength=\"2000\" class=\"wpcf7-form-control wpcf7-textarea\" aria-invalid=\"false\" name=\"your-message\"><\/textarea><\/span> <\/label>\n<\/p>\n<p><input class=\"wpcf7-form-control wpcf7-submit has-spinner\" type=\"submit\" value=\"Envoyer\" \/>\n<\/p><div class=\"wpcf7-response-output\" aria-hidden=\"true\"><\/div>\n<\/form>\n<\/div>\n\r\n<p>&nbsp;<\/p>\r\n<p>&nbsp;<\/p>\r\n\r\n<p><a href=\"https:\/\/etab.ac-reunion.fr\/clg-jules-solesse\/mentions-legales\/\">Mention l\u00e9gales <\/a><\/p>\r\n","protected":false},"excerpt":{"rendered":"<p>ADRESSE Coll\u00e8ge Jules Solesse 3 rue Roland Garros CS-11005 97411 Bois de N\u00e8fles Saint Paul Code \u00e9tablissement : 9740093H VENIR \u00a0 Afficher une carte plus grande &nbsp; En bus : Ligne 8.0 KAR OUEST &nbsp; Pour contacter le secr\u00e9tariat du coll\u00e8ge T\u00e9l : 0262 44 00 34\u00a0 \/ Fax :\u2026<\/p>\n<p class=\"continue-reading-button\"> <a class=\"continue-reading-link\" href=\"https:\/\/etab.ac-reunion.fr\/clg-jules-solesse\/le-college\/\">Continue reading<i class=\"crycon-right-dir\"><\/i><\/a><\/p>\n","protected":false},"author":13197,"featured_media":0,"parent":0,"menu_order":0,"comment_status":"closed","ping_status":"closed","template":"","meta":{"footnotes":""},"class_list":["post-37","page","type-page","status-publish","hentry"],"_links":{"self":[{"href":"https:\/\/etab.ac-reunion.fr\/clg-jules-solesse\/wp-json\/wp\/v2\/pages\/37","targetHints":{"allow":["GET"]}}],"collection":[{"href":"https:\/\/etab.ac-reunion.fr\/clg-jules-solesse\/wp-json\/wp\/v2\/pages"}],"about":[{"href":"https:\/\/etab.ac-reunion.fr\/clg-jules-solesse\/wp-json\/wp\/v2\/types\/page"}],"author":[{"embeddable":true,"href":"https:\/\/etab.ac-reunion.fr\/clg-jules-solesse\/wp-json\/wp\/v2\/users\/13197"}],"replies":[{"embeddable":true,"href":"https:\/\/etab.ac-reunion.fr\/clg-jules-solesse\/wp-json\/wp\/v2\/comments?post=37"}],"version-history":[{"count":40,"href":"https:\/\/etab.ac-reunion.fr\/clg-jules-solesse\/wp-json\/wp\/v2\/pages\/37\/revisions"}],"predecessor-version":[{"id":19496,"href":"https:\/\/etab.ac-reunion.fr\/clg-jules-solesse\/wp-json\/wp\/v2\/pages\/37\/revisions\/19496"}],"wp:attachment":[{"href":"https:\/\/etab.ac-reunion.fr\/clg-jules-solesse\/wp-json\/wp\/v2\/media?parent=37"}],"curies":[{"name":"wp","href":"https:\/\/api.w.org\/{rel}","templated":true}]}}