{"id":490,"date":"2016-12-12T08:35:06","date_gmt":"2016-12-12T07:35:06","guid":{"rendered":"http:\/\/college-jules-solesse.ac-reunion.fr\/?page_id=490"},"modified":"2026-04-10T10:18:06","modified_gmt":"2026-04-10T06:18:06","slug":"la-segpa","status":"publish","type":"page","link":"https:\/\/etab.ac-reunion.fr\/clg-jules-solesse\/la-segpa\/","title":{"rendered":"Segpa : Pr\u00e9sentation"},"content":{"rendered":"<h3><strong><span style=\"color: #000080\"><span style=\"font-size: 32pt\">\u00a0 \u00a0 \u00a0 \u00a0 \u00a0 \u00a0 \u00a0 \u00a0 \u00a0 \u00a0 <span style=\"font-size: 34pt\">S<\/span><\/span>ection d\u2019<span style=\"font-size: 34pt\">E<\/span>nseignement <span style=\"font-size: 34pt\">G<\/span>\u00e9n\u00e9ral\u00a0<\/span><\/strong><strong><span style=\"color: #000080\">et <span style=\"font-size: 34pt\">P<\/span>rofessionnel<span style=\"font-size: 34pt\"> A<\/span>dapt\u00e9<\/span><\/strong><\/h3>\n<hr \/>\n<p>&nbsp;<\/p>\n<h2><img loading=\"lazy\" decoding=\"async\" class=\"wp-image-492 size-full alignleft\" src=\"https:\/\/etab.ac-reunion.fr\/clg-jules-solesse\/wp-content\/uploads\/sites\/151\/2016\/12\/segpaa6.jpg\" width=\"611\" height=\"612\" srcset=\"https:\/\/etab.ac-reunion.fr\/clg-jules-solesse\/wp-content\/uploads\/sites\/151\/2016\/12\/segpaa6.jpg 611w, https:\/\/etab.ac-reunion.fr\/clg-jules-solesse\/wp-content\/uploads\/sites\/151\/2016\/12\/segpaa6-150x150.jpg 150w, https:\/\/etab.ac-reunion.fr\/clg-jules-solesse\/wp-content\/uploads\/sites\/151\/2016\/12\/segpaa6-300x300.jpg 300w\" sizes=\"auto, (max-width: 611px) 100vw, 611px\" \/><\/h2>\n<h4 style=\"text-align: left\"><span style=\"color: #993300\"><strong>Les plateaux techniques propos\u00e9s aux \u00e9l\u00e8ves <\/strong><img loading=\"lazy\" decoding=\"async\" class=\"size-thumbnail wp-image-505 alignright\" src=\"https:\/\/etab.ac-reunion.fr\/clg-jules-solesse\/wp-content\/uploads\/sites\/151\/2016\/12\/segpacadre-137x150.jpg\" alt=\"\" width=\"137\" height=\"150\" \/><\/span><\/h4>\n<ul>\n<li>\n<h4 style=\"text-align: left\">Habitat<\/h4>\n<\/li>\n<li>\n<h4 style=\"text-align: left\">P.I (Production Industrielle)<\/h4>\n<\/li>\n<li>\n<h4 style=\"text-align: left\">\u00a0H.A.S (Hygi\u00e8ne Alimentation S\u00e9curit\u00e9)<\/h4>\n<\/li>\n<li>\n<h4 style=\"text-align: left\"><a href=\"https:\/\/etab.ac-reunion.fr\/clg-jules-solesse\/que-font-nos-eleves-sur-le-plateau-technique-ere\/\">ERE (Espace Rural et Environnement<span style=\"color: #993300\">)<\/span><\/a><\/h4>\n<\/li>\n<\/ul>\n<p><span style=\"font-size: 16pt\"><a href=\"https:\/\/etab.ac-reunion.fr\/clg-jules-solesse\/les-equipes-pedagogiques\/\"><strong>L&rsquo;\u00e9quipe p\u00e9dagogique<\/strong><\/a><\/span><\/p>\n<h4><\/h4>\n<p><img loading=\"lazy\" decoding=\"async\" class=\"size-thumbnail wp-image-451 alignleft\" src=\"https:\/\/etab.ac-reunion.fr\/clg-jules-solesse\/wp-content\/uploads\/sites\/151\/2016\/12\/puzzle-150x150.jpg\" alt=\"\" width=\"150\" height=\"150\" \/><\/p>\n<p>&nbsp;<\/p>\n<p>&nbsp;<\/p>\n<p><a href=\"https:\/\/etab.ac-reunion.fr\/clg-jules-solesse\/les-equipes-pedagogiques\/\"><strong>L&rsquo;\u00e9quipe p\u00e9dagogique<\/strong><\/a><\/p>\n<p><img loading=\"lazy\" decoding=\"async\" class=\"size-thumbnail wp-image-365 alignright\" src=\"https:\/\/etab.ac-reunion.fr\/clg-jules-solesse\/wp-content\/uploads\/sites\/151\/2016\/12\/porte-parapluie-147x150.jpg\" alt=\"\" width=\"147\" height=\"150\" \/><\/p>\n<p><strong>Directeur : Serge FERRERO<\/strong><\/p>\n","protected":false},"excerpt":{"rendered":"<p>\u00a0 \u00a0 \u00a0 \u00a0 \u00a0 \u00a0 \u00a0 \u00a0 \u00a0 \u00a0 Section d\u2019Enseignement G\u00e9n\u00e9ral\u00a0et Professionnel Adapt\u00e9 &nbsp; Les plateaux techniques propos\u00e9s aux \u00e9l\u00e8ves Habitat P.I (Production Industrielle) \u00a0H.A.S (Hygi\u00e8ne Alimentation S\u00e9curit\u00e9) ERE (Espace Rural et Environnement) L&rsquo;\u00e9quipe p\u00e9dagogique &nbsp; &nbsp; L&rsquo;\u00e9quipe p\u00e9dagogique Directeur : Serge FERRERO<\/p>\n<p class=\"continue-reading-button\"> <a class=\"continue-reading-link\" href=\"https:\/\/etab.ac-reunion.fr\/clg-jules-solesse\/la-segpa\/\">Continue reading<i class=\"crycon-right-dir\"><\/i><\/a><\/p>\n","protected":false},"author":13197,"featured_media":0,"parent":0,"menu_order":0,"comment_status":"closed","ping_status":"closed","template":"templates\/template-onecolumn.php","meta":{"footnotes":""},"class_list":["post-490","page","type-page","status-publish","hentry"],"_links":{"self":[{"href":"https:\/\/etab.ac-reunion.fr\/clg-jules-solesse\/wp-json\/wp\/v2\/pages\/490","targetHints":{"allow":["GET"]}}],"collection":[{"href":"https:\/\/etab.ac-reunion.fr\/clg-jules-solesse\/wp-json\/wp\/v2\/pages"}],"about":[{"href":"https:\/\/etab.ac-reunion.fr\/clg-jules-solesse\/wp-json\/wp\/v2\/types\/page"}],"author":[{"embeddable":true,"href":"https:\/\/etab.ac-reunion.fr\/clg-jules-solesse\/wp-json\/wp\/v2\/users\/13197"}],"replies":[{"embeddable":true,"href":"https:\/\/etab.ac-reunion.fr\/clg-jules-solesse\/wp-json\/wp\/v2\/comments?post=490"}],"version-history":[{"count":61,"href":"https:\/\/etab.ac-reunion.fr\/clg-jules-solesse\/wp-json\/wp\/v2\/pages\/490\/revisions"}],"predecessor-version":[{"id":19470,"href":"https:\/\/etab.ac-reunion.fr\/clg-jules-solesse\/wp-json\/wp\/v2\/pages\/490\/revisions\/19470"}],"wp:attachment":[{"href":"https:\/\/etab.ac-reunion.fr\/clg-jules-solesse\/wp-json\/wp\/v2\/media?parent=490"}],"curies":[{"name":"wp","href":"https:\/\/api.w.org\/{rel}","templated":true}]}}