{"id":6035,"date":"2018-01-27T11:10:38","date_gmt":"2018-01-27T07:10:38","guid":{"rendered":"http:\/\/college-jules-solesse.ac-reunion.fr\/?page_id=6035"},"modified":"2018-12-04T09:24:50","modified_gmt":"2018-12-04T05:24:50","slug":"consultation-marche-public","status":"publish","type":"page","link":"https:\/\/etab.ac-reunion.fr\/clg-jules-solesse\/consultation-marche-public\/","title":{"rendered":"Consultations march\u00e9 public"},"content":{"rendered":"<p><span style=\"font-size: 14pt\">Dossiers de Consultation des\u00a0Entreprises \u2013 Coll\u00e8ge Jules\u00a0SOLESSE\u00a0<\/span><\/p>\n<p><strong>PAS DE DOSSIER EN COURS<\/strong><\/p>\n<p>&nbsp;<\/p>\n<div class=\"su-spoiler su-spoiler-style-simple su-spoiler-icon-chevron-circle su-spoiler-closed\" data-scroll-offset=\"0\" data-anchor-in-url=\"no\"><div class=\"su-spoiler-title\" tabindex=\"0\" role=\"button\"><span class=\"su-spoiler-icon\"><\/span>March\u00e9s cl\u00f4tur\u00e9s<\/div><div class=\"su-spoiler-content su-u-clearfix su-u-trim\">Janvier 2018 March\u00e9 pour organisation Voyage en Inde du Nord &#8211; Cl\u00f4tur\u00e9<\/p>\n<p>Ao\u00fbt 2018 March\u00e9 de Travaux de C\u00e2blage Informatique &amp; Acquisition d\u2019Equipement Actif &#8211; Cl\u00f4tur\u00e9<\/div><\/div>\n<p>&nbsp;<\/p>\n<ul>\n<li><\/li>\n<\/ul>\n","protected":false},"excerpt":{"rendered":"<p>Dossiers de Consultation des\u00a0Entreprises \u2013 Coll\u00e8ge Jules\u00a0SOLESSE\u00a0 PAS DE DOSSIER EN COURS &nbsp; &nbsp;<\/p>\n<p class=\"continue-reading-button\"> <a class=\"continue-reading-link\" href=\"https:\/\/etab.ac-reunion.fr\/clg-jules-solesse\/consultation-marche-public\/\">Continue reading<i class=\"crycon-right-dir\"><\/i><\/a><\/p>\n","protected":false},"author":13197,"featured_media":0,"parent":0,"menu_order":0,"comment_status":"closed","ping_status":"closed","template":"","meta":{"footnotes":""},"class_list":["post-6035","page","type-page","status-publish","hentry"],"_links":{"self":[{"href":"https:\/\/etab.ac-reunion.fr\/clg-jules-solesse\/wp-json\/wp\/v2\/pages\/6035","targetHints":{"allow":["GET"]}}],"collection":[{"href":"https:\/\/etab.ac-reunion.fr\/clg-jules-solesse\/wp-json\/wp\/v2\/pages"}],"about":[{"href":"https:\/\/etab.ac-reunion.fr\/clg-jules-solesse\/wp-json\/wp\/v2\/types\/page"}],"author":[{"embeddable":true,"href":"https:\/\/etab.ac-reunion.fr\/clg-jules-solesse\/wp-json\/wp\/v2\/users\/13197"}],"replies":[{"embeddable":true,"href":"https:\/\/etab.ac-reunion.fr\/clg-jules-solesse\/wp-json\/wp\/v2\/comments?post=6035"}],"version-history":[{"count":11,"href":"https:\/\/etab.ac-reunion.fr\/clg-jules-solesse\/wp-json\/wp\/v2\/pages\/6035\/revisions"}],"predecessor-version":[{"id":6838,"href":"https:\/\/etab.ac-reunion.fr\/clg-jules-solesse\/wp-json\/wp\/v2\/pages\/6035\/revisions\/6838"}],"wp:attachment":[{"href":"https:\/\/etab.ac-reunion.fr\/clg-jules-solesse\/wp-json\/wp\/v2\/media?parent=6035"}],"curies":[{"name":"wp","href":"https:\/\/api.w.org\/{rel}","templated":true}]}}