{"id":313,"date":"2013-04-13T10:05:14","date_gmt":"2013-04-13T06:05:14","guid":{"rendered":"http:\/\/college-juliette-dodu.ac-reunion.fr\/?page_id=313"},"modified":"2024-03-28T18:28:22","modified_gmt":"2024-03-28T14:28:22","slug":"mentions-legales","status":"publish","type":"page","link":"https:\/\/etab.ac-reunion.fr\/clg-juliette-dodu\/mentions-legales\/","title":{"rendered":"Mentions l\u00e9gales"},"content":{"rendered":"[et_pb_section fb_built=\u00a0\u00bb1&Prime; admin_label=\u00a0\u00bbsection\u00a0\u00bb _builder_version=\u00a0\u00bb4.16&Prime; global_colors_info=\u00a0\u00bb{}\u00a0\u00bb][et_pb_row admin_label=\u00a0\u00bbrow\u00a0\u00bb _builder_version=\u00a0\u00bb4.16&Prime; background_size=\u00a0\u00bbinitial\u00a0\u00bb background_position=\u00a0\u00bbtop_left\u00a0\u00bb background_repeat=\u00a0\u00bbrepeat\u00a0\u00bb global_colors_info=\u00a0\u00bb{}\u00a0\u00bb][et_pb_column type=\u00a0\u00bb4_4&Prime; _builder_version=\u00a0\u00bb4.16&Prime; custom_padding=\u00a0\u00bb|||\u00a0\u00bb global_colors_info=\u00a0\u00bb{}\u00a0\u00bb custom_padding__hover=\u00a0\u00bb|||\u00a0\u00bb][et_pb_text admin_label=\u00a0\u00bbText\u00a0\u00bb _builder_version=\u00a0\u00bb4.16&Prime; background_size=\u00a0\u00bbinitial\u00a0\u00bb background_position=\u00a0\u00bbtop_left\u00a0\u00bb background_repeat=\u00a0\u00bbrepeat\u00a0\u00bb global_colors_info=\u00a0\u00bb{}\u00a0\u00bb]\n<h2><strong>I\/ \u00c9diteur :<\/strong><\/h2>\n<p>Acad\u00e9mie de La R\u00e9union<br \/>Service Communication<br \/>24, Avenue Georges Brassens \u2013 97702 \u2013 St-Denis \u2013 Messag Cedex 9<\/p>\n<h3><strong>Responsable l\u00e9gal &#8211; Directeur de la publication :<\/strong><\/h3>\n<p>Madame LAFFARGUE Sarah, principale du coll\u00e8ge Juliette DODU<\/p>\n<h3><strong>H\u00e9bergement :<\/strong><\/h3>\n<p>DSI<\/p>\n<p>Adresse de la DSI :<br \/>Acad\u00e9mie de La R\u00e9union<br \/>Service Communication<br \/>24, Avenue Georges Brassens \u2013 97702 \u2013 St-Denis \u2013 Messag Cedex 9<br \/>T\u00e9l. : 0262 48 10 33<\/p>\n<h3><strong>Webmestre :<\/strong><\/h3>\n<p>Monsieur MORICEAU Alexandre, coll\u00e8ge Juliette DODU<\/p>\n<h2>II\/<strong> Droits de modification et de suppression de vos donn\u00e9es personnelles<\/strong><\/h2>\n<p>Conform\u00e9ment aux textes fran\u00e7ais et europ\u00e9en en vigueur et notamment la loi informatique et libert\u00e9 du N\u00b0\u00a078-17 du 6 janvier 1978 modifi\u00e9e et le R\u00e8glement g\u00e9n\u00e9ral sur la protection des donn\u00e9es N\u00b02016\/679 du 27 avril 2016, l\u2019acad\u00e9mie de La R\u00e9union s\u2019engage \u00e0 prot\u00e9ger la vie priv\u00e9e de ses utilisateurs lors du traitement des donn\u00e9es \u00e0 caract\u00e8re personnel.<\/p>\n<p>Les donn\u00e9es \u00e0 caract\u00e8re personnel collect\u00e9es sont les suivantes : nom, pr\u00e9nom, adresse \u00e9lectronique professionnelle, discipline(s), usages p\u00e9dagogiques du num\u00e9rique, dispositifs acad\u00e9miques et nationaux sur lesquels l\u2019agent intervient, lieux et \u00e9tablissements d\u2019exercice, missions et projets.<\/p>\n<p>Elles sont \u00e0 destination du Rectorat de l\u2019acad\u00e9mie de La R\u00e9union dans une finalit\u00e9 de communication et d\u2019information. Leur dur\u00e9e de conservation n\u2019exc\u00e8de pas 3 ans.<\/p>\n<p>Conform\u00e9ment aux dispositions de la loi Informatique et libert\u00e9s, l\u2019acad\u00e9mie vous informe que vous disposez d\u2019un droit d\u2019information, d\u2019acc\u00e8s, de rectification, d\u2019opposition et de suppression de l\u2019ensemble des donn\u00e9es personnelles vous concernant et dont nous disposons.<\/p>\n<p><a class=\"spip_out\" href=\"http:\/\/www.legifrance.gouv.fr\/html\/frame_jo.html\" rel=\"external\">Loi n\u00b0\u00a078-17 du 6 janvier 1978<\/a><\/p>\n<p><a class=\"spip_out\" href=\"http:\/\/eur-lex.europa.eu\/legal-content\/FR\/TXT\/PDF\/?uri=CELEX:32016R0679&amp;from=FR\" rel=\"external\">RGPD n\u00b02016\/679<\/a><\/p>\n<p>Vous pouvez exercer ces droits \u00e0 l\u2019adresse suivante\u00a0:<br class=\"manualbr\" \/>Coll\u00e8ge Juliette Dodu<br \/>64, rue Juliette Dodu<br \/>97400 SAINT-DENIS<\/p>\n<p><strong>Adresse :<\/strong><\/p>\n<p>Coll\u00e8ge Juliette Dodu<br \/>64, rue Juliette Dodu<br \/>97400 SAINT-DENIS<br \/>T\u00e9l. 02 62 20 11 83<br \/>Mail : 9740081V@ac-reunion.fr<\/p>\n<p>Vous souhaitez modifier vos donn\u00e9es\u00a0:<br class=\"manualbr\" \/>Vous pouvez nous envoyer un courrier \u00e9lectronique \u00e0 l\u2019adresse suivante,<br class=\"manualbr\" \/><span id=\"eeb-182697\"><a class=\"spip_mail mailto-link\" href=\"mailto:ce.9740081v@ac-reunion.fr\">Courriel<\/a><\/span><\/p>\n<p>Dans le cadre d\u2019\u00e9v\u00e9nements ponctuels ces donn\u00e9es pourraient \u00eatre transf\u00e9r\u00e9es \u00e0 des sous-traitants \u00e0 des fins strictement logistiques, comme par exemple l\u2019organisation d\u2019un service de restauration.<\/p>\n<p><strong>Cookies<\/strong><\/p>\n<p>La navigation sur le site etab.ac-reunion.fr\/clg-juliette-dodu est susceptible de provoquer l\u2019installation de cookie(s) sur l\u2019ordinateur de l\u2019utilisateur. Un cookie est un fichier de petite taille, qui ne permet pas l\u2019identification de l\u2019utilisateur, mais qui enregistre des informations relatives \u00e0 la navigation d\u2019un ordinateur sur un site. Les donn\u00e9es ainsi obtenues visent \u00e0 faciliter la navigation ult\u00e9rieure sur le site, et ont \u00e9galement vocation \u00e0 permettre diverses mesures de fr\u00e9quentation.<\/p>\n<p>Le refus d\u2019installation d\u2019un cookie peut entra\u00eener l\u2019impossibilit\u00e9 d\u2019acc\u00e9der \u00e0 certains services. L\u2019utilisateur peut toutefois configurer son ordinateur de la mani\u00e8re suivante, pour refuser l\u2019installation des cookies :<\/p>\n<ul>\n<li>Pour Internet Explorer : <a href=\"http:\/\/windows.microsoft.com\/fr-FR\/windows-vista\/Block-or-allow-cookies\">http:\/\/windows.microsoft.com\/fr-FR\/windows-vista\/Block-or-allow-cookies<\/a><\/li>\n<li>Pour Safari : <a href=\"https:\/\/support.apple.com\/fr-fr\/ht1677\">https:\/\/support.apple.com\/fr-fr\/ht1677<\/a><\/li>\n<li>Pour Google Chrome : <a href=\"https:\/\/support.google.com\/chrome\/answer\/95647?hl=fr&amp;hlrm=en&amp;safe=on\">https:\/\/support.google.com\/chrome\/answer\/95647?hl=fr&amp;hlrm=en&amp;safe=on<\/a><\/li>\n<li>Pour Firefox : <a href=\"https:\/\/support.mozilla.org\/fr\/kb\/activer-desactiver-cookies\">https:\/\/support.mozilla.org\/fr\/kb\/activer-desactiver-cookies<\/a><\/li>\n<li>Pour Opera : <a href=\"http:\/\/help.opera.com\/Windows\/10.20\/fr\/cookies.html\">http:\/\/help.opera.com\/Windows\/10.20\/fr\/cookies.html<\/a><\/li>\n<\/ul>\n<p><em><strong>\u00c9diteur:<\/strong><\/em><\/p>\n<p>Coll\u00e8ge Juliette Dodu<br \/>64, rue Juliette Dodu<br \/>97400 SAINT-DENIS<br \/>T\u00e9l. 02 62 20 11 83<br \/>Mail : 9740081V@ac-reunion.fr<\/p>\n<p><strong><em>Propri\u00e9t\u00e9 intellectuelle:<\/em><\/strong><\/p>\n<p>Les photographies, textes, slogans, dessins, images, s\u00e9quences anim\u00e9es,<\/p>\n<p>sonores ou non, ainsi que toutes les \u0153uvres int\u00e9gr\u00e9es dans le site sont la propri\u00e9t\u00e9<\/p>\n<p>de l\u2019\u00e9diteur du site ou de tiers ayant autoris\u00e9 l\u2019\u00e9diteur du site \u00e0 les utiliser.<\/p>\n<p>Toute reproduction totale ou partielle de ces \u00e9l\u00e9ments sans l\u2019autorisation expresse de<\/p>\n<p>l\u2019exploitant du site Internet ou de ses ayant-droit est prohib\u00e9e, au sens de l\u2019article L713-2 du CPI.<\/p>\n[\/et_pb_text][\/et_pb_column][\/et_pb_row][\/et_pb_section]\n<!-- AddThis Advanced Settings generic via filter on the_content --><!-- AddThis Share Buttons generic via filter on the_content -->","protected":false},"excerpt":{"rendered":"<p>I\/ \u00c9diteur : Acad\u00e9mie de La R\u00e9unionService Communication24, Avenue Georges Brassens \u2013 97702 \u2013 St-Denis \u2013 Messag Cedex 9 Responsable l\u00e9gal &#8211; Directeur de la publication : Madame LAFFARGUE Sarah, principale du coll\u00e8ge Juliette DODU H\u00e9bergement : DSI Adresse de la DSI :Acad\u00e9mie de La R\u00e9unionService Communication24, Avenue Georges Brassens \u2013 97702 \u2013 St-Denis \u2013 [&hellip;]<\/p>\n<p><!-- AddThis Advanced Settings generic via filter on get_the_excerpt --><!-- AddThis Share Buttons generic via filter on get_the_excerpt --><\/p>\n","protected":false},"author":86,"featured_media":0,"parent":0,"menu_order":0,"comment_status":"closed","ping_status":"closed","template":"","meta":{"_et_pb_use_builder":"on","_et_pb_old_content":"<h2><strong>I\/ \u00c9diteur :<\/strong><\/h2>\r\nAcad\u00e9mie de La R\u00e9union\r\nService Communication\r\n24, Avenue Georges Brassens \u2013 97702 \u2013 St-Denis \u2013 Messag Cedex 9\r\n<h3><strong>Responsable l\u00e9gal - Directeur de la publication :<\/strong><\/h3>\r\nMadame RAGOUVIN Sarah, principale du coll\u00e8ge Juliette DODU\r\n<h3><strong>H\u00e9bergement :<\/strong><\/h3>\r\nDSI\r\n\r\nAdresse de la DSI :\r\nAcad\u00e9mie de La R\u00e9union\r\nService Communication\r\n24, Avenue Georges Brassens \u2013 97702 \u2013 St-Denis \u2013 Messag Cedex 9\r\nT\u00e9l. : 0262 48 10 33\r\n<h3><strong>Webmestre :<\/strong><\/h3>\r\nMonsieur MORICEAU Alexandre, coll\u00e8ge Juliette DODU\r\n<h2>II\/<strong> Droits de modification et de suppression de vos donn\u00e9es personnelles<\/strong><\/h2>\r\nConform\u00e9ment aux textes fran\u00e7ais et europ\u00e9en en vigueur et notamment la loi informatique et libert\u00e9 du N\u00b0\u00a078-17 du 6 janvier 1978 modifi\u00e9e et le R\u00e8glement g\u00e9n\u00e9ral sur la protection des donn\u00e9es N\u00b02016\/679 du 27 avril 2016, l\u2019acad\u00e9mie de La R\u00e9union s\u2019engage \u00e0 prot\u00e9ger la vie priv\u00e9e de ses utilisateurs lors du traitement des donn\u00e9es \u00e0 caract\u00e8re personnel.\r\n\r\nLes donn\u00e9es \u00e0 caract\u00e8re personnel collect\u00e9es sont les suivantes : nom, pr\u00e9nom, adresse \u00e9lectronique professionnelle, discipline(s), usages p\u00e9dagogiques du num\u00e9rique, dispositifs acad\u00e9miques et nationaux sur lesquels l\u2019agent intervient, lieux et \u00e9tablissements d\u2019exercice, missions et projets.\r\n\r\nElles sont \u00e0 destination du Rectorat de l\u2019acad\u00e9mie de La R\u00e9union dans une finalit\u00e9 de communication et d\u2019information. Leur dur\u00e9e de conservation n\u2019exc\u00e8de pas 3 ans.\r\n\r\nConform\u00e9ment aux dispositions de la loi Informatique et libert\u00e9s, l\u2019acad\u00e9mie vous informe que vous disposez d\u2019un droit d\u2019information, d\u2019acc\u00e8s, de rectification, d\u2019opposition et de suppression de l\u2019ensemble des donn\u00e9es personnelles vous concernant et dont nous disposons.\r\n\r\n<a class=\"spip_out\" href=\"http:\/\/www.legifrance.gouv.fr\/html\/frame_jo.html\" rel=\"external\">Loi n\u00b0\u00a078-17 du 6 janvier 1978<\/a>\r\n\r\n<a class=\"spip_out\" href=\"http:\/\/eur-lex.europa.eu\/legal-content\/FR\/TXT\/PDF\/?uri=CELEX:32016R0679&amp;from=FR\" rel=\"external\">RGPD n\u00b02016\/679<\/a>\r\n\r\nVous pouvez exercer ces droits \u00e0 l\u2019adresse suivante\u00a0:<br class=\"manualbr\" \/>Coll\u00e8ge Juliette Dodu\r\n64, rue Juliette Dodu\r\n97400 SAINT-DENIS\r\n\r\n<strong>Adresse :<\/strong>\r\n\r\nColl\u00e8ge Juliette Dodu\r\n64, rue Juliette Dodu\r\n97400 SAINT-DENIS\r\nT\u00e9l. 02 62 20 11 83\r\nMail : 9740081V@ac-reunion.fr\r\n\r\nVous souhaitez modifier vos donn\u00e9es\u00a0:<br class=\"manualbr\" \/>Vous pouvez nous envoyer un courrier \u00e9lectronique \u00e0 l\u2019adresse suivante,<br class=\"manualbr\" \/><span id=\"eeb-182697\"><a class=\"spip_mail mailto-link\" href=\"mailto:ce.9740081v@ac-reunion.fr\">Courriel<\/a><\/span>\r\n\r\nDans le cadre d\u2019\u00e9v\u00e9nements ponctuels ces donn\u00e9es pourraient \u00eatre transf\u00e9r\u00e9es \u00e0 des sous-traitants \u00e0 des fins strictement logistiques, comme par exemple l\u2019organisation d\u2019un service de restauration.\r\n\r\n<strong>Cookies<\/strong>\r\n\r\nLa navigation sur le site etab.ac-reunion.fr\/clg-juliette-dodu est susceptible de provoquer l\u2019installation de cookie(s) sur l\u2019ordinateur de l\u2019utilisateur. Un cookie est un fichier de petite taille, qui ne permet pas l\u2019identification de l\u2019utilisateur, mais qui enregistre des informations relatives \u00e0 la navigation d\u2019un ordinateur sur un site. Les donn\u00e9es ainsi obtenues visent \u00e0 faciliter la navigation ult\u00e9rieure sur le site, et ont \u00e9galement vocation \u00e0 permettre diverses mesures de fr\u00e9quentation.\r\n\r\nLe refus d\u2019installation d\u2019un cookie peut entra\u00eener l\u2019impossibilit\u00e9 d\u2019acc\u00e9der \u00e0 certains services. L\u2019utilisateur peut toutefois configurer son ordinateur de la mani\u00e8re suivante, pour refuser l\u2019installation des cookies :\r\n<ul>\r\n \t<li>Pour Internet Explorer : <a href=\"http:\/\/windows.microsoft.com\/fr-FR\/windows-vista\/Block-or-allow-cookies\">http:\/\/windows.microsoft.com\/fr-FR\/windows-vista\/Block-or-allow-cookies<\/a><\/li>\r\n \t<li>Pour Safari : <a href=\"https:\/\/support.apple.com\/fr-fr\/ht1677\">https:\/\/support.apple.com\/fr-fr\/ht1677<\/a><\/li>\r\n \t<li>Pour Google Chrome : <a href=\"https:\/\/support.google.com\/chrome\/answer\/95647?hl=fr&amp;hlrm=en&amp;safe=on\">https:\/\/support.google.com\/chrome\/answer\/95647?hl=fr&amp;hlrm=en&amp;safe=on<\/a><\/li>\r\n \t<li>Pour Firefox : <a href=\"https:\/\/support.mozilla.org\/fr\/kb\/activer-desactiver-cookies\">https:\/\/support.mozilla.org\/fr\/kb\/activer-desactiver-cookies<\/a><\/li>\r\n \t<li>Pour Opera : <a href=\"http:\/\/help.opera.com\/Windows\/10.20\/fr\/cookies.html\">http:\/\/help.opera.com\/Windows\/10.20\/fr\/cookies.html<\/a><\/li>\r\n<\/ul>\r\n<em><strong>\u00c9diteur:<\/strong><\/em>\r\n\r\nColl\u00e8ge Juliette Dodu\r\n64, rue Juliette Dodu\r\n97400 SAINT-DENIS\r\nT\u00e9l. 02 62 20 11 83\r\nMail : 9740081V@ac-reunion.fr\r\n\r\n<strong><em>Propri\u00e9t\u00e9 intellectuelle:<\/em><\/strong>\r\n\r\nLes photographies, textes, slogans, dessins, images, s\u00e9quences anim\u00e9es,\r\n\r\nsonores ou non, ainsi que toutes les \u0153uvres int\u00e9gr\u00e9es dans le site sont la propri\u00e9t\u00e9\r\n\r\nde l\u2019\u00e9diteur du site ou de tiers ayant autoris\u00e9 l\u2019\u00e9diteur du site \u00e0 les utiliser.\r\n\r\nToute reproduction totale ou partielle de ces \u00e9l\u00e9ments sans l\u2019autorisation expresse de\r\n\r\nl\u2019exploitant du site Internet ou de ses ayant-droit est prohib\u00e9e, au sens de l\u2019article L713-2 du CPI.","_et_gb_content_width":"","footnotes":""},"class_list":["post-313","page","type-page","status-publish","hentry"],"_links":{"self":[{"href":"https:\/\/etab.ac-reunion.fr\/clg-juliette-dodu\/wp-json\/wp\/v2\/pages\/313","targetHints":{"allow":["GET"]}}],"collection":[{"href":"https:\/\/etab.ac-reunion.fr\/clg-juliette-dodu\/wp-json\/wp\/v2\/pages"}],"about":[{"href":"https:\/\/etab.ac-reunion.fr\/clg-juliette-dodu\/wp-json\/wp\/v2\/types\/page"}],"author":[{"embeddable":true,"href":"https:\/\/etab.ac-reunion.fr\/clg-juliette-dodu\/wp-json\/wp\/v2\/users\/86"}],"replies":[{"embeddable":true,"href":"https:\/\/etab.ac-reunion.fr\/clg-juliette-dodu\/wp-json\/wp\/v2\/comments?post=313"}],"version-history":[{"count":13,"href":"https:\/\/etab.ac-reunion.fr\/clg-juliette-dodu\/wp-json\/wp\/v2\/pages\/313\/revisions"}],"predecessor-version":[{"id":8539,"href":"https:\/\/etab.ac-reunion.fr\/clg-juliette-dodu\/wp-json\/wp\/v2\/pages\/313\/revisions\/8539"}],"wp:attachment":[{"href":"https:\/\/etab.ac-reunion.fr\/clg-juliette-dodu\/wp-json\/wp\/v2\/media?parent=313"}],"curies":[{"name":"wp","href":"https:\/\/api.w.org\/{rel}","templated":true}]}}