{"id":610,"date":"2013-10-18T09:30:29","date_gmt":"2013-10-18T05:30:29","guid":{"rendered":"http:\/\/college-juliette-dodu-tmp.ac-reunion.fr\/?page_id=610"},"modified":"2022-11-28T17:47:09","modified_gmt":"2022-11-28T13:47:09","slug":"contact","status":"publish","type":"page","link":"https:\/\/etab.ac-reunion.fr\/clg-juliette-dodu\/contact\/","title":{"rendered":"Contact"},"content":{"rendered":"<h3>\u00c9tablissement public<\/h3>\n<h3>164, rue Juliette Dodu 97400 SAINT-DENIS<\/h3>\n<h3>Mail : 9740081V@ac-reunion.fr<\/h3>\n<h3>T\u00e9l. 02 62 20 11 83<\/h3>\n<p>\u00c9crire au webmestre : Alexandre. Moriceau@ac-reunion.fr<\/p>\n<!-- AddThis Advanced Settings generic via filter on the_content --><!-- AddThis Share Buttons generic via filter on the_content -->","protected":false},"excerpt":{"rendered":"<p>\u00c9tablissement public 164, rue Juliette Dodu 97400 SAINT-DENIS Mail : 9740081V@ac-reunion.fr T\u00e9l. 02 62 20 11 83 \u00c9crire au webmestre : Alexandre. Moriceau@ac-reunion.fr<!-- AddThis Advanced Settings generic via filter on get_the_excerpt --><!-- AddThis Share Buttons generic via filter on get_the_excerpt --><\/p>\n","protected":false},"author":1,"featured_media":0,"parent":0,"menu_order":0,"comment_status":"closed","ping_status":"open","template":"page-contact.php","meta":{"_et_pb_use_builder":"","_et_pb_old_content":"","_et_gb_content_width":"","footnotes":""},"class_list":["post-610","page","type-page","status-publish","hentry"],"_links":{"self":[{"href":"https:\/\/etab.ac-reunion.fr\/clg-juliette-dodu\/wp-json\/wp\/v2\/pages\/610","targetHints":{"allow":["GET"]}}],"collection":[{"href":"https:\/\/etab.ac-reunion.fr\/clg-juliette-dodu\/wp-json\/wp\/v2\/pages"}],"about":[{"href":"https:\/\/etab.ac-reunion.fr\/clg-juliette-dodu\/wp-json\/wp\/v2\/types\/page"}],"author":[{"embeddable":true,"href":"https:\/\/etab.ac-reunion.fr\/clg-juliette-dodu\/wp-json\/wp\/v2\/users\/1"}],"replies":[{"embeddable":true,"href":"https:\/\/etab.ac-reunion.fr\/clg-juliette-dodu\/wp-json\/wp\/v2\/comments?post=610"}],"version-history":[{"count":6,"href":"https:\/\/etab.ac-reunion.fr\/clg-juliette-dodu\/wp-json\/wp\/v2\/pages\/610\/revisions"}],"predecessor-version":[{"id":6682,"href":"https:\/\/etab.ac-reunion.fr\/clg-juliette-dodu\/wp-json\/wp\/v2\/pages\/610\/revisions\/6682"}],"wp:attachment":[{"href":"https:\/\/etab.ac-reunion.fr\/clg-juliette-dodu\/wp-json\/wp\/v2\/media?parent=610"}],"curies":[{"name":"wp","href":"https:\/\/api.w.org\/{rel}","templated":true}]}}