{"id":8307,"date":"2024-02-26T08:04:07","date_gmt":"2024-02-26T04:04:07","guid":{"rendered":"https:\/\/etab.ac-reunion.fr\/clg-juliette-dodu\/?page_id=8307"},"modified":"2025-11-11T16:35:07","modified_gmt":"2025-11-11T12:35:07","slug":"le-mot-de-la-principale-2","status":"publish","type":"page","link":"https:\/\/etab.ac-reunion.fr\/clg-juliette-dodu\/le-mot-de-la-principale-2\/","title":{"rendered":"Le mot de la Principale"},"content":{"rendered":"[et_pb_section fb_built=\u00a0\u00bb1&Prime; _builder_version=\u00a0\u00bb4.24.2&Prime; _module_preset=\u00a0\u00bbdefault\u00a0\u00bb background_color=\u00a0\u00bb#DCEAEF\u00a0\u00bb background_image=\u00a0\u00bbhttps:\/\/etab.ac-reunion.fr\/clg-juliette-dodu\/wp-content\/uploads\/sites\/33\/2024\/02\/College-JD-5-Cour-fleurie-1-scaled.jpg\u00a0\u00bb global_colors_info=\u00a0\u00bb{}\u00a0\u00bb][et_pb_row column_structure=\u00a0\u00bb3_5,2_5&Prime; custom_padding_last_edited=\u00a0\u00bbon|phone\u00a0\u00bb _builder_version=\u00a0\u00bb4.25.0&Prime; _module_preset=\u00a0\u00bbdefault\u00a0\u00bb background_color=\u00a0\u00bb#D2E4F9&Prime; width=\u00a0\u00bb83.5%\u00a0\u00bb width_tablet=\u00a0\u00bb83.5%\u00a0\u00bb width_phone=\u00a0\u00bb83.5%\u00a0\u00bb width_last_edited=\u00a0\u00bbon|phone\u00a0\u00bb max_width_tablet=\u00a0\u00bb\u00a0\u00bb max_width_phone=\u00a0\u00bb179%\u00a0\u00bb max_width_last_edited=\u00a0\u00bbon|phone\u00a0\u00bb max_height_tablet=\u00a0\u00bb\u00a0\u00bb max_height_phone=\u00a0\u00bb2008px\u00a0\u00bb max_height_last_edited=\u00a0\u00bbon|phone\u00a0\u00bb custom_margin_tablet=\u00a0\u00bb\u00a0\u00bb custom_margin_phone=\u00a0\u00bb||-6px||false|false\u00a0\u00bb custom_margin_last_edited=\u00a0\u00bbon|phone\u00a0\u00bb custom_padding=\u00a0\u00bb|0px|15px||false|false\u00a0\u00bb custom_padding_tablet=\u00a0\u00bb|0px|15px||false|false\u00a0\u00bb custom_padding_phone=\u00a0\u00bb|0px|15px||false|false\u00a0\u00bb global_colors_info=\u00a0\u00bb{}\u00a0\u00bb][et_pb_column type=\u00a0\u00bb3_5&Prime; _builder_version=\u00a0\u00bb4.24.2&Prime; _module_preset=\u00a0\u00bbdefault\u00a0\u00bb global_colors_info=\u00a0\u00bb{}\u00a0\u00bb][et_pb_image src=\u00a0\u00bbhttps:\/\/etab.ac-reunion.fr\/clg-juliette-dodu\/wp-content\/uploads\/sites\/33\/2025\/11\/IMG_3093.jpeg\u00a0\u00bb title_text=\u00a0\u00bbIMG_3093&Prime; _builder_version=\u00a0\u00bb4.27.4&Prime; _module_preset=\u00a0\u00bbdefault\u00a0\u00bb background_color=\u00a0\u00bbRGBA(255,255,255,0)\u00a0\u00bb width=\u00a0\u00bb53%\u00a0\u00bb module_alignment=\u00a0\u00bbcenter\u00a0\u00bb global_colors_info=\u00a0\u00bb{}\u00a0\u00bb][\/et_pb_image][\/et_pb_column][et_pb_column type=\u00a0\u00bb2_5&Prime; _builder_version=\u00a0\u00bb4.24.2&Prime; _module_preset=\u00a0\u00bbdefault\u00a0\u00bb global_colors_info=\u00a0\u00bb{}\u00a0\u00bb][et_pb_text _builder_version=\u00a0\u00bb4.25.0&Prime; _module_preset=\u00a0\u00bbdefault\u00a0\u00bb text_font_size=\u00a0\u00bb11px\u00a0\u00bb custom_margin=\u00a0\u00bb70px|176px||-154px||\u00a0\u00bb custom_margin_tablet=\u00a0\u00bb70px|176px||-154px||\u00a0\u00bb custom_margin_phone=\u00a0\u00bb35px|0px||90px|false|false\u00a0\u00bb custom_margin_last_edited=\u00a0\u00bbon|phone\u00a0\u00bb custom_padding=\u00a0\u00bb|57px||||\u00a0\u00bb global_colors_info=\u00a0\u00bb{}\u00a0\u00bb]\n<p><span style=\"font-size: x-large\"><strong>LE MOT DE LA PRINCIPALE<\/strong><\/span><\/p>\n[\/et_pb_text][et_pb_text _builder_version=\u00a0\u00bb4.25.0&Prime; _module_preset=\u00a0\u00bbdefault\u00a0\u00bb width_tablet=\u00a0\u00bb\u00a0\u00bb width_phone=\u00a0\u00bb\u00a0\u00bb width_last_edited=\u00a0\u00bbon|phone\u00a0\u00bb height_tablet=\u00a0\u00bb\u00a0\u00bb height_phone=\u00a0\u00bb\u00a0\u00bb height_last_edited=\u00a0\u00bbon|phone\u00a0\u00bb max_height_tablet=\u00a0\u00bb\u00a0\u00bb max_height_phone=\u00a0\u00bb617px\u00a0\u00bb max_height_last_edited=\u00a0\u00bbon|phone\u00a0\u00bb custom_margin=\u00a0\u00bb34px|||-140px||\u00a0\u00bb custom_margin_tablet=\u00a0\u00bb34px|||-140px||\u00a0\u00bb custom_margin_phone=\u00a0\u00bb|-54px||39px|false|false\u00a0\u00bb custom_margin_last_edited=\u00a0\u00bbon|phone\u00a0\u00bb custom_padding=\u00a0\u00bb|94px||||\u00a0\u00bb text_font_size_tablet=\u00a0\u00bb\u00a0\u00bb text_font_size_phone=\u00a0\u00bb12px\u00a0\u00bb text_font_size_last_edited=\u00a0\u00bbon|phone\u00a0\u00bb global_colors_info=\u00a0\u00bb{}\u00a0\u00bb]\n<p align=\"justify\">\u00a0Chers membres de la communaut\u00e9 \u00e9ducative,<\/p>\n<p align=\"justify\">En ce d\u00e9but d&rsquo;ann\u00e9e scolaire, je souhaite \u00e0 chacun d&rsquo;entre vous une excellente rentr\u00e9e, plac\u00e9e sous le signe de l&rsquo;engagement et de la r\u00e9ussite pour nos \u00e9l\u00e8ves. Je souhaite \u00e9galement la bienvenue aux nouveaux personnels que je remercie d\u00e8s \u00e0 pr\u00e9sent pour l&rsquo;\u00e9nergie qu&rsquo;ils mettront\u00a0 au service de notre mission commune.<\/p>\n<p align=\"justify\">Le chantier prioritaire qui nous attend concerne l&rsquo;accompagnement personnalis\u00e9 de nos \u00e9l\u00e8ves. Nous devons, collectivement, leur offrir des r\u00e9ponses adapt\u00e9es \u00e0 leurs besoins, afin de consolider leurs acquis et de d\u00e9velopper les comp\u00e9tences indispensables \u00e0 leur r\u00e9ussite. Les groupes de besoin en fran\u00e7ais et en math\u00e9matiques, mis en place \u00e0 nouveau d\u00e8s cette rentr\u00e9e, feront l&rsquo;objet toute l&rsquo;ann\u00e9e d&rsquo;un suivi attentif et rigoureux.<\/p>\n<p align=\"justify\">Les r\u00e9sultats de la session 2025 du Dipl\u00f4me National du Brevet traduisent \u00e0 la fois de belles r\u00e9ussites et de nouveaux d\u00e9fis: 100% de r\u00e9ussite pour nos \u00e9l\u00e8ves de 3\u00e8me Pr\u00e9pa-M\u00e9tiers, ce qui t\u00e9moigne de leur s\u00e9rieux et de l&rsquo;accompagnement de qualit\u00e9 dont ils ont b\u00e9n\u00e9fici\u00e9, mais \u00e9galement une baisse de performance pour la 3\u00e8me g\u00e9n\u00e9rale, ce qui nous invite \u00e0 renforcer nos exigences tout en maintenant une bienveillance constante.<\/p>\n<p align=\"justify\">Nous avons tous un r\u00f4le \u00e0 jouer dans cette dynamique: enseignants, personnels \u00e9ducatifs, administratifs, de sant\u00e9, de sant\u00e9, de vie scolaire, techniques, familles et partenaires ext\u00e9rieurs. C&rsquo;est gr\u00e2ce \u00e0 notre action concert\u00e9e que nous offrirons \u00e0 chaque \u00e9l\u00e8ve les meilleures conditions d&rsquo;apprentissage et d&rsquo;\u00e9panouissement.<\/p>\n<p align=\"justify\">Je vous souhaite \u00e0 tous une ann\u00e9e scolaire sereine, jalonn\u00e9e de beaux temps forts et couronn\u00e9e de r\u00e9ussites partag\u00e9es.<\/p>\n<p align=\"justify\">\n<p align=\"justify\">La principale<\/p>\n<p align=\"justify\">Sarah LAFFARGUE<\/p>\n<p align=\"justify\">\n<p align=\"justify\">\n[\/et_pb_text][\/et_pb_column][\/et_pb_row][\/et_pb_section][et_pb_section fb_built=\u00a0\u00bb1&Prime; _builder_version=\u00a0\u00bb4.24.2&Prime; _module_preset=\u00a0\u00bbdefault\u00a0\u00bb custom_padding=\u00a0\u00bb42px||2px|||\u00a0\u00bb global_colors_info=\u00a0\u00bb{}\u00a0\u00bb][et_pb_row _builder_version=\u00a0\u00bb4.24.2&Prime; _module_preset=\u00a0\u00bbdefault\u00a0\u00bb global_colors_info=\u00a0\u00bb{}\u00a0\u00bb][et_pb_column type=\u00a0\u00bb4_4&Prime; _builder_version=\u00a0\u00bb4.24.2&Prime; _module_preset=\u00a0\u00bbdefault\u00a0\u00bb global_colors_info=\u00a0\u00bb{}\u00a0\u00bb][\/et_pb_column][\/et_pb_row][\/et_pb_section][et_pb_section fb_built=\u00a0\u00bb1&Prime; _builder_version=\u00a0\u00bb4.24.2&Prime; _module_preset=\u00a0\u00bbdefault\u00a0\u00bb custom_margin=\u00a0\u00bb-6px|||||\u00a0\u00bb custom_padding=\u00a0\u00bb26px||0px|||\u00a0\u00bb global_colors_info=\u00a0\u00bb{}\u00a0\u00bb][et_pb_row _builder_version=\u00a0\u00bb4.24.2&Prime; _module_preset=\u00a0\u00bbdefault\u00a0\u00bb global_colors_info=\u00a0\u00bb{}\u00a0\u00bb][et_pb_column type=\u00a0\u00bb4_4&Prime; _builder_version=\u00a0\u00bb4.24.2&Prime; _module_preset=\u00a0\u00bbdefault\u00a0\u00bb global_colors_info=\u00a0\u00bb{}\u00a0\u00bb][\/et_pb_column][\/et_pb_row][et_pb_row _builder_version=\u00a0\u00bb4.24.2&Prime; _module_preset=\u00a0\u00bbdefault\u00a0\u00bb global_colors_info=\u00a0\u00bb{}\u00a0\u00bb][et_pb_column type=\u00a0\u00bb4_4&Prime; _builder_version=\u00a0\u00bb4.24.2&Prime; _module_preset=\u00a0\u00bbdefault\u00a0\u00bb global_colors_info=\u00a0\u00bb{}\u00a0\u00bb][\/et_pb_column][\/et_pb_row][et_pb_row _builder_version=\u00a0\u00bb4.24.2&Prime; _module_preset=\u00a0\u00bbdefault\u00a0\u00bb global_colors_info=\u00a0\u00bb{}\u00a0\u00bb][et_pb_column type=\u00a0\u00bb4_4&Prime; _builder_version=\u00a0\u00bb4.24.2&Prime; _module_preset=\u00a0\u00bbdefault\u00a0\u00bb global_colors_info=\u00a0\u00bb{}\u00a0\u00bb][\/et_pb_column][\/et_pb_row][\/et_pb_section][et_pb_section fb_built=\u00a0\u00bb1&Prime; _builder_version=\u00a0\u00bb4.24.2&Prime; _module_preset=\u00a0\u00bbdefault\u00a0\u00bb background_color=\u00a0\u00bb#EFE6DC\u00a0\u00bb global_colors_info=\u00a0\u00bb{}\u00a0\u00bb][et_pb_row _builder_version=\u00a0\u00bb4.24.2&Prime; _module_preset=\u00a0\u00bbdefault\u00a0\u00bb global_colors_info=\u00a0\u00bb{}\u00a0\u00bb][et_pb_column type=\u00a0\u00bb4_4&Prime; _builder_version=\u00a0\u00bb4.24.2&Prime; _module_preset=\u00a0\u00bbdefault\u00a0\u00bb global_colors_info=\u00a0\u00bb{}\u00a0\u00bb][\/et_pb_column][\/et_pb_row][et_pb_row column_structure=\u00a0\u00bb1_2,1_2&Prime; _builder_version=\u00a0\u00bb4.25.0&Prime; _module_preset=\u00a0\u00bbdefault\u00a0\u00bb custom_margin_tablet=\u00a0\u00bb\u00a0\u00bb custom_margin_phone=\u00a0\u00bb-29px||||false|false\u00a0\u00bb custom_margin_last_edited=\u00a0\u00bbon|phone\u00a0\u00bb global_colors_info=\u00a0\u00bb{}\u00a0\u00bb][et_pb_column type=\u00a0\u00bb1_2&Prime; _builder_version=\u00a0\u00bb4.24.2&Prime; _module_preset=\u00a0\u00bbdefault\u00a0\u00bb global_colors_info=\u00a0\u00bb{}\u00a0\u00bb][et_pb_text _builder_version=\u00a0\u00bb4.24.2&Prime; _module_preset=\u00a0\u00bbdefault\u00a0\u00bb text_orientation=\u00a0\u00bbcenter\u00a0\u00bb custom_padding=\u00a0\u00bb29px|||||\u00a0\u00bb global_colors_info=\u00a0\u00bb{}\u00a0\u00bb]\n<p align=\"justify\">\n<p align=\"justify\">\n[\/et_pb_text][\/et_pb_column][et_pb_column type=\u00a0\u00bb1_2&Prime; _builder_version=\u00a0\u00bb4.24.2&Prime; _module_preset=\u00a0\u00bbdefault\u00a0\u00bb global_colors_info=\u00a0\u00bb{}\u00a0\u00bb][et_pb_image src=\u00a0\u00bbhttps:\/\/etab.ac-reunion.fr\/clg-juliette-dodu\/wp-content\/uploads\/sites\/33\/2023\/12\/Facade-3-du-college-scaled.jpeg\u00a0\u00bb title_text=\u00a0\u00bbFa\u00e7ade-3-du-coll\u00e8ge\u00a0\u00bb _builder_version=\u00a0\u00bb4.24.2&Prime; _module_preset=\u00a0\u00bbdefault\u00a0\u00bb global_colors_info=\u00a0\u00bb{}\u00a0\u00bb][\/et_pb_image][\/et_pb_column][\/et_pb_row][\/et_pb_section]\n<!-- AddThis Advanced Settings generic via filter on the_content --><!-- AddThis Share Buttons generic via filter on the_content -->","protected":false},"excerpt":{"rendered":"<p>LE MOT DE LA PRINCIPALE\u00a0Chers membres de la communaut\u00e9 \u00e9ducative, En ce d\u00e9but d&rsquo;ann\u00e9e scolaire, je souhaite \u00e0 chacun d&rsquo;entre vous une excellente rentr\u00e9e, plac\u00e9e sous le signe de l&rsquo;engagement et de la r\u00e9ussite pour nos \u00e9l\u00e8ves. Je souhaite \u00e9galement la bienvenue aux nouveaux personnels que je remercie d\u00e8s \u00e0 pr\u00e9sent pour l&rsquo;\u00e9nergie qu&rsquo;ils mettront\u00a0 [&hellip;]<\/p>\n<p><!-- AddThis Advanced Settings generic via filter on get_the_excerpt --><!-- AddThis Share Buttons generic via filter on get_the_excerpt --><\/p>\n","protected":false},"author":1515,"featured_media":0,"parent":0,"menu_order":0,"comment_status":"closed","ping_status":"closed","template":"","meta":{"_et_pb_use_builder":"on","_et_pb_old_content":"","_et_gb_content_width":"","footnotes":""},"class_list":["post-8307","page","type-page","status-publish","hentry"],"_links":{"self":[{"href":"https:\/\/etab.ac-reunion.fr\/clg-juliette-dodu\/wp-json\/wp\/v2\/pages\/8307","targetHints":{"allow":["GET"]}}],"collection":[{"href":"https:\/\/etab.ac-reunion.fr\/clg-juliette-dodu\/wp-json\/wp\/v2\/pages"}],"about":[{"href":"https:\/\/etab.ac-reunion.fr\/clg-juliette-dodu\/wp-json\/wp\/v2\/types\/page"}],"author":[{"embeddable":true,"href":"https:\/\/etab.ac-reunion.fr\/clg-juliette-dodu\/wp-json\/wp\/v2\/users\/1515"}],"replies":[{"embeddable":true,"href":"https:\/\/etab.ac-reunion.fr\/clg-juliette-dodu\/wp-json\/wp\/v2\/comments?post=8307"}],"version-history":[{"count":26,"href":"https:\/\/etab.ac-reunion.fr\/clg-juliette-dodu\/wp-json\/wp\/v2\/pages\/8307\/revisions"}],"predecessor-version":[{"id":10205,"href":"https:\/\/etab.ac-reunion.fr\/clg-juliette-dodu\/wp-json\/wp\/v2\/pages\/8307\/revisions\/10205"}],"wp:attachment":[{"href":"https:\/\/etab.ac-reunion.fr\/clg-juliette-dodu\/wp-json\/wp\/v2\/media?parent=8307"}],"curies":[{"name":"wp","href":"https:\/\/api.w.org\/{rel}","templated":true}]}}