{"id":8454,"date":"2024-03-28T16:04:16","date_gmt":"2024-03-28T12:04:16","guid":{"rendered":"https:\/\/etab.ac-reunion.fr\/clg-juliette-dodu\/?page_id=8454"},"modified":"2025-11-16T11:12:54","modified_gmt":"2025-11-16T07:12:54","slug":"erasmus-2","status":"publish","type":"page","link":"https:\/\/etab.ac-reunion.fr\/clg-juliette-dodu\/erasmus-2\/","title":{"rendered":"Erasmus"},"content":{"rendered":"[et_pb_section fb_built=\u00a0\u00bb1&Prime; _builder_version=\u00a0\u00bb4.24.2&Prime; _module_preset=\u00a0\u00bbdefault\u00a0\u00bb global_colors_info=\u00a0\u00bb{}\u00a0\u00bb][\/et_pb_section][et_pb_section fb_built=\u00a0\u00bb1&Prime; _builder_version=\u00a0\u00bb4.24.2&Prime; _module_preset=\u00a0\u00bbdefault\u00a0\u00bb background_color=\u00a0\u00bb#88C4DD\u00a0\u00bb background_enable_image=\u00a0\u00bboff\u00a0\u00bb background_enable_mask_style=\u00a0\u00bbon\u00a0\u00bb background_mask_color=\u00a0\u00bbRGBA(255,255,255,0)\u00a0\u00bb min_height=\u00a0\u00bb279.6px\u00a0\u00bb custom_margin=\u00a0\u00bb-211px||3px|||\u00a0\u00bb custom_padding=\u00a0\u00bb130px||0px|||\u00a0\u00bb global_colors_info=\u00a0\u00bb{}\u00a0\u00bb][et_pb_row _builder_version=\u00a0\u00bb4.24.2&Prime; _module_preset=\u00a0\u00bbdefault\u00a0\u00bb custom_margin=\u00a0\u00bb6px|auto||auto||\u00a0\u00bb custom_padding=\u00a0\u00bb32px||48px|||\u00a0\u00bb global_colors_info=\u00a0\u00bb{}\u00a0\u00bb][et_pb_column type=\u00a0\u00bb4_4&Prime; _builder_version=\u00a0\u00bb4.24.2&Prime; _module_preset=\u00a0\u00bbdefault\u00a0\u00bb global_colors_info=\u00a0\u00bb{}\u00a0\u00bb][et_pb_text _builder_version=\u00a0\u00bb4.24.2&Prime; _module_preset=\u00a0\u00bbdefault\u00a0\u00bb text_orientation=\u00a0\u00bbcenter\u00a0\u00bb custom_margin=\u00a0\u00bb-6px|-24px||||\u00a0\u00bb custom_padding=\u00a0\u00bb6px||10px|||\u00a0\u00bb text_text_shadow_style=\u00a0\u00bbpreset2&Prime; text_text_shadow_blur_strength=\u00a0\u00bb0.58em\u00a0\u00bb global_colors_info=\u00a0\u00bb{}\u00a0\u00bb]\n<h1><strong><span style=\"color: #ffffff\">MOBILIT\u00c9 ERASMUS +<\/span><\/strong><\/h1>\n[\/et_pb_text][\/et_pb_column][\/et_pb_row][\/et_pb_section][et_pb_section fb_built=\u00a0\u00bb1&Prime; _builder_version=\u00a0\u00bb4.24.3&Prime; _module_preset=\u00a0\u00bbdefault\u00a0\u00bb background_color=\u00a0\u00bbrgba(239,230,220,0.63)\u00a0\u00bb background_enable_image=\u00a0\u00bboff\u00a0\u00bb min_height=\u00a0\u00bb324.6px\u00a0\u00bb custom_margin=\u00a0\u00bb-4px||-77px||false|false\u00a0\u00bb custom_padding=\u00a0\u00bb1px||18px||false|false\u00a0\u00bb global_colors_info=\u00a0\u00bb{}\u00a0\u00bb][et_pb_row column_structure=\u00a0\u00bb1_2,1_2&Prime; _builder_version=\u00a0\u00bb4.24.2&Prime; _module_preset=\u00a0\u00bbdefault\u00a0\u00bb background_color=\u00a0\u00bbRGBA(255,255,255,0)\u00a0\u00bb width=\u00a0\u00bb63.1%\u00a0\u00bb min_height=\u00a0\u00bb81.7px\u00a0\u00bb custom_margin=\u00a0\u00bb-23px|auto||auto||\u00a0\u00bb custom_padding=\u00a0\u00bb||0px|||\u00a0\u00bb global_colors_info=\u00a0\u00bb{}\u00a0\u00bb][et_pb_column type=\u00a0\u00bb1_2&Prime; _builder_version=\u00a0\u00bb4.24.2&Prime; _module_preset=\u00a0\u00bbdefault\u00a0\u00bb global_colors_info=\u00a0\u00bb{}\u00a0\u00bb][et_pb_image src=\u00a0\u00bbhttps:\/\/etab.ac-reunion.fr\/clg-juliette-dodu\/wp-content\/uploads\/sites\/33\/2024\/03\/1280px-Erasmus_Logo.svg_.png\u00a0\u00bb title_text=\u00a0\u00bb1280px-Erasmus_Logo.svg\u00a0\u00bb _builder_version=\u00a0\u00bb4.24.2&Prime; _module_preset=\u00a0\u00bbdefault\u00a0\u00bb custom_padding=\u00a0\u00bb35px|||||\u00a0\u00bb global_colors_info=\u00a0\u00bb{}\u00a0\u00bb][\/et_pb_image][et_pb_text _builder_version=\u00a0\u00bb4.25.0&Prime; _module_preset=\u00a0\u00bbdefault\u00a0\u00bb text_font_size=\u00a0\u00bb19px\u00a0\u00bb background_enable_color=\u00a0\u00bboff\u00a0\u00bb text_orientation=\u00a0\u00bbcenter\u00a0\u00bb width=\u00a0\u00bb100%\u00a0\u00bb min_height=\u00a0\u00bb256.3px\u00a0\u00bb custom_margin=\u00a0\u00bb||-10px|||\u00a0\u00bb custom_margin_tablet=\u00a0\u00bb||-10px|||\u00a0\u00bb custom_margin_phone=\u00a0\u00bb||-70px||false|false\u00a0\u00bb custom_margin_last_edited=\u00a0\u00bbon|phone\u00a0\u00bb custom_padding=\u00a0\u00bb7px||0px|0px||\u00a0\u00bb custom_padding_tablet=\u00a0\u00bb7px||0px|0px||\u00a0\u00bb custom_padding_phone=\u00a0\u00bb||0px||false|false\u00a0\u00bb custom_padding_last_edited=\u00a0\u00bbon|phone\u00a0\u00bb global_colors_info=\u00a0\u00bb{}\u00a0\u00bb]\n<div><span style=\"font-size: x-large;color: #0a0a0a\"><\/span><\/div>\n<div><span style=\"font-size: x-large;color: #0a0a0a\"><\/span><\/div>\n<div><span style=\"font-size: medium\"><span style=\"color: #0a0a0a\"><span style=\"color: #0a0a0a\">Notre \u00e9tablissement est, pour la premi\u00e8re fois de son histoire,\u00a0 <\/span><\/span><\/span><span style=\"font-size: medium\"><span style=\"color: #0a0a0a\"><span style=\"color: #0a0a0a\">accr\u00e9dit\u00e9 Erasmus+ ! Cette accr\u00e9ditation s&rsquo;\u00e9tend de <\/span><\/span><\/span><span style=\"font-size: medium\"><span style=\"color: #0a0a0a\"><span style=\"color: #0a0a0a\">2022 \u00e0 2027 <\/span><\/span><\/span><span style=\"color: #0a0a0a;font-size: 16px\">et permettra d&rsquo;atteindre les objectifs suivants :<\/span><\/div>\n<div><span style=\"font-size: xx-large\"><strong><span style=\"color: #0a0a0a\"><\/span><\/strong><\/span><\/div>\n<div><span style=\"font-size: xx-large\"><strong><span style=\"color: #0a0a0a\"><\/span><\/strong><\/span><\/div>\n<div><span style=\"font-size: xx-large\"><strong><span style=\"color: #0a0a0a\"><\/span><\/strong><\/span><\/div>\n<div><span style=\"font-size: xx-large\"><strong><span style=\"color: #0a0a0a\"><\/span><\/strong><\/span><\/div>\n<div><span style=\"font-size: xx-large\"><strong><span style=\"color: #0a0a0a\"><\/span><\/strong><\/span><\/div>\n<div><span style=\"font-size: xx-large\"><strong><span style=\"color: #0a0a0a\"><\/span><\/strong><\/span><\/div>\n<div><span style=\"font-size: xx-large\"><strong><span style=\"color: #0a0a0a\"><\/span><\/strong><\/span><\/div>\n<div><span style=\"font-size: xx-large\"><strong><span style=\"color: #0a0a0a\"><\/span><\/strong><\/span><\/div>\n<div><span style=\"font-size: xx-large\"><strong><span style=\"color: #0a0a0a\"><\/span><\/strong><\/span><\/div>\n<div><span style=\"font-size: xx-large\"><strong><span style=\"color: #0a0a0a\"><\/span><\/strong><\/span><\/div>\n<div><span style=\"font-size: xx-large\"><strong><span style=\"color: #0a0a0a\"><\/span><\/strong><\/span><\/div>\n<div><span style=\"font-size: x-large;color: #0a0a0a\"><\/span><\/div>\n<p>&nbsp;<\/p>\n[\/et_pb_text][\/et_pb_column][et_pb_column type=\u00a0\u00bb1_2&Prime; _builder_version=\u00a0\u00bb4.24.2&Prime; _module_preset=\u00a0\u00bbdefault\u00a0\u00bb global_colors_info=\u00a0\u00bb{}\u00a0\u00bb][et_pb_divider show_divider=\u00a0\u00bboff\u00a0\u00bb _builder_version=\u00a0\u00bb4.24.2&Prime; _module_preset=\u00a0\u00bbdefault\u00a0\u00bb global_colors_info=\u00a0\u00bb{}\u00a0\u00bb][\/et_pb_divider][et_pb_divider show_divider=\u00a0\u00bboff\u00a0\u00bb _builder_version=\u00a0\u00bb4.24.2&Prime; _module_preset=\u00a0\u00bbdefault\u00a0\u00bb global_colors_info=\u00a0\u00bb{}\u00a0\u00bb][\/et_pb_divider][et_pb_image title_text=\u00a0\u00bbcaption\u00a0\u00bb _builder_version=\u00a0\u00bb4.24.3&Prime; _module_preset=\u00a0\u00bbdefault\u00a0\u00bb custom_margin=\u00a0\u00bb||1px|||\u00a0\u00bb custom_padding=\u00a0\u00bb||0px|||\u00a0\u00bb global_colors_info=\u00a0\u00bb{}\u00a0\u00bb][\/et_pb_image][\/et_pb_column][\/et_pb_row][\/et_pb_section][et_pb_section fb_built=\u00a0\u00bb1&Prime; _builder_version=\u00a0\u00bb4.24.2&Prime; _module_preset=\u00a0\u00bbdefault\u00a0\u00bb background_color=\u00a0\u00bb#D7ECF4&Prime; min_height=\u00a0\u00bb336.6px\u00a0\u00bb custom_margin=\u00a0\u00bb-16px|||||\u00a0\u00bb custom_padding=\u00a0\u00bb64px||57px|||\u00a0\u00bb global_colors_info=\u00a0\u00bb{}\u00a0\u00bb][et_pb_row column_structure=\u00a0\u00bb1_4,1_4,1_4,1_4&Prime; _builder_version=\u00a0\u00bb4.24.2&Prime; _module_preset=\u00a0\u00bbdefault\u00a0\u00bb min_height=\u00a0\u00bb190.7px\u00a0\u00bb custom_margin=\u00a0\u00bb-47px|auto|-19px|auto||\u00a0\u00bb custom_padding=\u00a0\u00bb59px||3px|||\u00a0\u00bb global_colors_info=\u00a0\u00bb{}\u00a0\u00bb][et_pb_column type=\u00a0\u00bb1_4&Prime; _builder_version=\u00a0\u00bb4.24.2&Prime; _module_preset=\u00a0\u00bbdefault\u00a0\u00bb global_colors_info=\u00a0\u00bb{}\u00a0\u00bb][et_pb_image src=\u00a0\u00bbhttps:\/\/etab.ac-reunion.fr\/clg-juliette-dodu\/wp-content\/uploads\/sites\/33\/2024\/03\/tmp_2F918379_2F1590515890968_2Fpng-formation-6.png\u00a0\u00bb title_text=\u00a0\u00bbtmp_2F918379_2F1590515890968_2Fpng-formation-6&Prime; align=\u00a0\u00bbcenter\u00a0\u00bb _builder_version=\u00a0\u00bb4.25.0&Prime; _module_preset=\u00a0\u00bbdefault\u00a0\u00bb width=\u00a0\u00bb16%\u00a0\u00bb width_tablet=\u00a0\u00bb16%\u00a0\u00bb width_phone=\u00a0\u00bb28%\u00a0\u00bb width_last_edited=\u00a0\u00bbon|phone\u00a0\u00bb global_colors_info=\u00a0\u00bb{}\u00a0\u00bb][\/et_pb_image][et_pb_text _builder_version=\u00a0\u00bb4.24.2&Prime; _module_preset=\u00a0\u00bbdefault\u00a0\u00bb global_colors_info=\u00a0\u00bb{}\u00a0\u00bb]\n<div><span style=\"font-family: Verdana;font-size: medium\">Former les personnels afin de renouveler les pratiques p\u00e9dagogiques et renforcer leurs comp\u00e9tences.<\/span><\/div>\n<p>&nbsp;<\/p>\n[\/et_pb_text][\/et_pb_column][et_pb_column type=\u00a0\u00bb1_4&Prime; _builder_version=\u00a0\u00bb4.24.2&Prime; _module_preset=\u00a0\u00bbdefault\u00a0\u00bb global_colors_info=\u00a0\u00bb{}\u00a0\u00bb][et_pb_image src=\u00a0\u00bbhttps:\/\/etab.ac-reunion.fr\/clg-juliette-dodu\/wp-content\/uploads\/sites\/33\/2024\/03\/683205.png\u00a0\u00bb title_text=\u00a0\u00bb683205&Prime; align=\u00a0\u00bbcenter\u00a0\u00bb _builder_version=\u00a0\u00bb4.25.0&Prime; _module_preset=\u00a0\u00bbdefault\u00a0\u00bb width=\u00a0\u00bb16%\u00a0\u00bb width_tablet=\u00a0\u00bb16%\u00a0\u00bb width_phone=\u00a0\u00bb28%\u00a0\u00bb width_last_edited=\u00a0\u00bbon|phone\u00a0\u00bb global_colors_info=\u00a0\u00bb{}\u00a0\u00bb][\/et_pb_image][et_pb_text _builder_version=\u00a0\u00bb4.24.2&Prime; _module_preset=\u00a0\u00bbdefault\u00a0\u00bb global_colors_info=\u00a0\u00bb{}\u00a0\u00bb]\n<div><span style=\"font-family: Verdana;font-size: medium\">D\u00e9velopper les comp\u00e9tences linguistiques des personnels et des \u00e9l\u00e8ves en s&rsquo;ouvrant \u00e0 l&rsquo;Europe.<\/span><\/div>\n<p>&nbsp;<\/p>\n[\/et_pb_text][\/et_pb_column][et_pb_column type=\u00a0\u00bb1_4&Prime; _builder_version=\u00a0\u00bb4.24.2&Prime; _module_preset=\u00a0\u00bbdefault\u00a0\u00bb global_colors_info=\u00a0\u00bb{}\u00a0\u00bb][et_pb_image src=\u00a0\u00bbhttps:\/\/etab.ac-reunion.fr\/clg-juliette-dodu\/wp-content\/uploads\/sites\/33\/2024\/03\/globe-icon-2048&#215;2048-la3vxx3a.png\u00a0\u00bb title_text=\u00a0\u00bbglobe-icon-2048&#215;2048-la3vxx3a\u00a0\u00bb align=\u00a0\u00bbcenter\u00a0\u00bb _builder_version=\u00a0\u00bb4.25.0&Prime; _module_preset=\u00a0\u00bbdefault\u00a0\u00bb width=\u00a0\u00bb16%\u00a0\u00bb width_tablet=\u00a0\u00bb16%\u00a0\u00bb width_phone=\u00a0\u00bb28%\u00a0\u00bb width_last_edited=\u00a0\u00bbon|phone\u00a0\u00bb global_colors_info=\u00a0\u00bb{}\u00a0\u00bb][\/et_pb_image][et_pb_text _builder_version=\u00a0\u00bb4.24.2&Prime; _module_preset=\u00a0\u00bbdefault\u00a0\u00bb global_colors_info=\u00a0\u00bb{}\u00a0\u00bb]\n<div>\n<div><span style=\"font-family: Verdana;font-size: medium\">Ouvrir le coll\u00e8ge \u00e0 l&rsquo;Europe et \u00e0 ses diff\u00e9rentes cultures.<\/span><\/div>\n<\/div>\n<p>&nbsp;<\/p>\n[\/et_pb_text][\/et_pb_column][et_pb_column type=\u00a0\u00bb1_4&Prime; _builder_version=\u00a0\u00bb4.24.2&Prime; _module_preset=\u00a0\u00bbdefault\u00a0\u00bb global_colors_info=\u00a0\u00bb{}\u00a0\u00bb][et_pb_image src=\u00a0\u00bbhttps:\/\/etab.ac-reunion.fr\/clg-juliette-dodu\/wp-content\/uploads\/sites\/33\/2024\/03\/1306221.png\u00a0\u00bb title_text=\u00a0\u00bb1306221&Prime; align=\u00a0\u00bbcenter\u00a0\u00bb _builder_version=\u00a0\u00bb4.25.0&Prime; _module_preset=\u00a0\u00bbdefault\u00a0\u00bb width=\u00a0\u00bb16%\u00a0\u00bb max_width_tablet=\u00a0\u00bb\u00a0\u00bb max_width_phone=\u00a0\u00bb28%\u00a0\u00bb max_width_last_edited=\u00a0\u00bbon|phone\u00a0\u00bb global_colors_info=\u00a0\u00bb{}\u00a0\u00bb][\/et_pb_image][et_pb_text _builder_version=\u00a0\u00bb4.25.0&Prime; _module_preset=\u00a0\u00bbdefault\u00a0\u00bb global_colors_info=\u00a0\u00bb{}\u00a0\u00bb]\n<div style=\"text-align: left\"><span style=\"font-family: Verdana;font-size: medium\">Sensibiliser au d\u00e9veloppement durable et promouvoir un comportement responsable et durable.<\/span><\/div>\n<p>&nbsp;<\/p>\n[\/et_pb_text][\/et_pb_column][\/et_pb_row][\/et_pb_section][et_pb_section fb_built=\u00a0\u00bb1&Prime; _builder_version=\u00a0\u00bb4.24.3&Prime; _module_preset=\u00a0\u00bbdefault\u00a0\u00bb background_color=\u00a0\u00bbrgba(239,230,220,0.63)\u00a0\u00bb custom_margin=\u00a0\u00bb-3px|||||\u00a0\u00bb custom_padding=\u00a0\u00bb3px|||||\u00a0\u00bb scroll_vertical_motion=\u00a0\u00bb0|7|34|100|4|0|-4&Prime; global_colors_info=\u00a0\u00bb{}\u00a0\u00bb][et_pb_row make_equal=\u00a0\u00bbon\u00a0\u00bb _builder_version=\u00a0\u00bb4.24.2&Prime; _module_preset=\u00a0\u00bbdefault\u00a0\u00bb width=\u00a0\u00bb85.9%\u00a0\u00bb max_width=\u00a0\u00bb1905px\u00a0\u00bb module_alignment=\u00a0\u00bbcenter\u00a0\u00bb custom_padding=\u00a0\u00bb46px|||||\u00a0\u00bb global_colors_info=\u00a0\u00bb{}\u00a0\u00bb][et_pb_column type=\u00a0\u00bb4_4&Prime; _builder_version=\u00a0\u00bb4.24.2&Prime; _module_preset=\u00a0\u00bbdefault\u00a0\u00bb global_colors_info=\u00a0\u00bb{}\u00a0\u00bb][et_pb_text _builder_version=\u00a0\u00bb4.24.2&Prime; _module_preset=\u00a0\u00bbdefault\u00a0\u00bb text_text_color=\u00a0\u00bb#000000&Prime; header_text_align=\u00a0\u00bbcenter\u00a0\u00bb header_text_color=\u00a0\u00bb#000000&Prime; header_letter_spacing=\u00a0\u00bb1px\u00a0\u00bb custom_margin=\u00a0\u00bb||46px|||\u00a0\u00bb custom_margin_tablet=\u00a0\u00bb||46px|||\u00a0\u00bb custom_margin_phone=\u00a0\u00bb||46px|||\u00a0\u00bb custom_margin_last_edited=\u00a0\u00bbon|tablet\u00a0\u00bb custom_padding=\u00a0\u00bb||2px||false|false\u00a0\u00bb header_font_size_tablet=\u00a0\u00bb\u00a0\u00bb header_font_size_phone=\u00a0\u00bb51px\u00a0\u00bb header_font_size_last_edited=\u00a0\u00bbon|tablet\u00a0\u00bb global_colors_info=\u00a0\u00bb{}\u00a0\u00bb]\n<h1><strong><span style=\"font-size: xx-large\">LES MOBILITES<\/span><\/strong><\/h1>\n[\/et_pb_text][et_pb_blog fullwidth=\u00a0\u00bboff\u00a0\u00bb include_categories=\u00a0\u00bb129,136&Prime; show_author=\u00a0\u00bboff\u00a0\u00bb show_date=\u00a0\u00bboff\u00a0\u00bb show_categories=\u00a0\u00bboff\u00a0\u00bb show_excerpt=\u00a0\u00bboff\u00a0\u00bb show_pagination=\u00a0\u00bboff\u00a0\u00bb use_overlay=\u00a0\u00bbon\u00a0\u00bb hover_icon=\u00a0\u00bb&#x55;||divi||400&Prime; _builder_version=\u00a0\u00bb4.25.1&Prime; _module_preset=\u00a0\u00bbdefault\u00a0\u00bb header_text_align=\u00a0\u00bbcenter\u00a0\u00bb header_text_color=\u00a0\u00bb#000000&Prime; header_font_size=\u00a0\u00bb15px\u00a0\u00bb background_enable_color=\u00a0\u00bboff\u00a0\u00bb custom_padding=\u00a0\u00bb||94px|0px||\u00a0\u00bb border_width_all=\u00a0\u00bb0px\u00a0\u00bb box_shadow_style=\u00a0\u00bbpreset1&Prime; global_colors_info=\u00a0\u00bb{}\u00a0\u00bb][\/et_pb_blog][\/et_pb_column][\/et_pb_row][\/et_pb_section][et_pb_section fb_built=\u00a0\u00bb1&Prime; _builder_version=\u00a0\u00bb4.24.2&Prime; _module_preset=\u00a0\u00bbdefault\u00a0\u00bb background_color=\u00a0\u00bb#12876D\u00a0\u00bb background_image=\u00a0\u00bbhttps:\/\/etab.ac-reunion.fr\/clg-juliette-dodu\/wp-content\/uploads\/sites\/33\/2024\/03\/PHOTO-2024-03-26-13-53-05.jpg\u00a0\u00bb min_height=\u00a0\u00bb308.7px\u00a0\u00bb custom_margin=\u00a0\u00bb-153px|||||\u00a0\u00bb custom_padding=\u00a0\u00bb60px||31px|||\u00a0\u00bb global_colors_info=\u00a0\u00bb{}\u00a0\u00bb][et_pb_row _builder_version=\u00a0\u00bb4.24.2&Prime; _module_preset=\u00a0\u00bbdefault\u00a0\u00bb custom_margin=\u00a0\u00bb47px|auto||auto||\u00a0\u00bb custom_padding=\u00a0\u00bb10px|||||\u00a0\u00bb global_colors_info=\u00a0\u00bb{}\u00a0\u00bb][et_pb_column type=\u00a0\u00bb4_4&Prime; _builder_version=\u00a0\u00bb4.24.2&Prime; _module_preset=\u00a0\u00bbdefault\u00a0\u00bb global_colors_info=\u00a0\u00bb{}\u00a0\u00bb][et_pb_text _builder_version=\u00a0\u00bb4.25.0&Prime; _module_preset=\u00a0\u00bbdefault\u00a0\u00bb text_font_size=\u00a0\u00bb1px\u00a0\u00bb background_color=\u00a0\u00bbrgba(239,230,220,0.81)\u00a0\u00bb text_orientation=\u00a0\u00bbcenter\u00a0\u00bb custom_margin=\u00a0\u00bb6px|||||\u00a0\u00bb custom_padding=\u00a0\u00bb30px||||false|false\u00a0\u00bb text_font_size_tablet=\u00a0\u00bb1px\u00a0\u00bb text_font_size_phone=\u00a0\u00bb1px\u00a0\u00bb text_font_size_last_edited=\u00a0\u00bbon|phone\u00a0\u00bb global_colors_info=\u00a0\u00bb{}\u00a0\u00bb]\n<div><span style=\"font-family: Verdana;font-size: xx-large;color: #0a0a0a\">Chaque ann\u00e9e, nous c\u00e9l\u00e9brons l&rsquo;Union Europ\u00e9enne <\/span><\/div>\n<div><span style=\"font-family: Verdana;font-size: xx-large;color: #0a0a0a\">lors des Erasmus Days, permettant de valoriser <\/span><\/div>\n<div><span style=\"font-family: Verdana;font-size: xx-large;color: #0a0a0a\">les mobilit\u00e9s r\u00e9alis\u00e9es ou \u00e0 venir <\/span><\/div>\n<div><span style=\"font-family: Verdana;font-size: xx-large;color: #0a0a0a\">ainsi que les projets en lien avec l&rsquo;Europe.<\/span><\/div>\n<p>&nbsp;<\/p>\n[\/et_pb_text][\/et_pb_column][\/et_pb_row][\/et_pb_section][et_pb_section fb_built=\u00a0\u00bb1&Prime; _builder_version=\u00a0\u00bb4.24.3&Prime; _module_preset=\u00a0\u00bbdefault\u00a0\u00bb background_color=\u00a0\u00bbrgba(239,230,220,0.63)\u00a0\u00bb custom_margin=\u00a0\u00bb-2px|||||\u00a0\u00bb custom_padding=\u00a0\u00bb3px|||||\u00a0\u00bb global_colors_info=\u00a0\u00bb{}\u00a0\u00bb][et_pb_row make_equal=\u00a0\u00bbon\u00a0\u00bb _builder_version=\u00a0\u00bb4.24.2&Prime; _module_preset=\u00a0\u00bbdefault\u00a0\u00bb custom_padding=\u00a0\u00bb48px|||||\u00a0\u00bb global_colors_info=\u00a0\u00bb{}\u00a0\u00bb][et_pb_column type=\u00a0\u00bb4_4&Prime; _builder_version=\u00a0\u00bb4.24.2&Prime; _module_preset=\u00a0\u00bbdefault\u00a0\u00bb global_colors_info=\u00a0\u00bb{}\u00a0\u00bb][et_pb_text _builder_version=\u00a0\u00bb4.24.2&Prime; _module_preset=\u00a0\u00bbdefault\u00a0\u00bb text_text_color=\u00a0\u00bb#000000&Prime; header_text_align=\u00a0\u00bbcenter\u00a0\u00bb header_text_color=\u00a0\u00bb#000000&Prime; header_letter_spacing=\u00a0\u00bb1px\u00a0\u00bb custom_margin=\u00a0\u00bb||46px|||\u00a0\u00bb custom_margin_tablet=\u00a0\u00bb||46px|||\u00a0\u00bb custom_margin_phone=\u00a0\u00bb||46px|||\u00a0\u00bb custom_margin_last_edited=\u00a0\u00bbon|tablet\u00a0\u00bb custom_padding=\u00a0\u00bb||2px||false|false\u00a0\u00bb header_font_size_tablet=\u00a0\u00bb\u00a0\u00bb header_font_size_phone=\u00a0\u00bb51px\u00a0\u00bb header_font_size_last_edited=\u00a0\u00bbon|tablet\u00a0\u00bb global_colors_info=\u00a0\u00bb{}\u00a0\u00bb]\n<h1><strong><span style=\"font-size: xx-large\">ARTICLES R\u00c9CENTS<\/span><\/strong><\/h1>\n[\/et_pb_text][et_pb_blog fullwidth=\u00a0\u00bboff\u00a0\u00bb include_categories=\u00a0\u00bb130&Prime; show_more=\u00a0\u00bbon\u00a0\u00bb _builder_version=\u00a0\u00bb4.24.2&Prime; _module_preset=\u00a0\u00bbdefault\u00a0\u00bb header_text_color=\u00a0\u00bb#000000&Prime; global_colors_info=\u00a0\u00bb{}\u00a0\u00bb][\/et_pb_blog][\/et_pb_column][\/et_pb_row][\/et_pb_section]\n<!-- AddThis Advanced Settings generic via filter on the_content --><!-- AddThis Share Buttons generic via filter on the_content -->","protected":false},"excerpt":{"rendered":"<p>MOBILIT\u00c9 ERASMUS + Notre \u00e9tablissement est, pour la premi\u00e8re fois de son histoire,\u00a0 accr\u00e9dit\u00e9 Erasmus+ ! Cette accr\u00e9ditation s&rsquo;\u00e9tend de 2022 \u00e0 2027 et permettra d&rsquo;atteindre les objectifs suivants : &nbsp;Former les personnels afin de renouveler les pratiques p\u00e9dagogiques et renforcer leurs comp\u00e9tences. &nbsp;D\u00e9velopper les comp\u00e9tences linguistiques des personnels et des \u00e9l\u00e8ves en s&rsquo;ouvrant \u00e0 [&hellip;]<\/p>\n<p><!-- AddThis Advanced Settings generic via filter on get_the_excerpt --><!-- AddThis Share Buttons generic via filter on get_the_excerpt --><\/p>\n","protected":false},"author":36476,"featured_media":0,"parent":0,"menu_order":0,"comment_status":"closed","ping_status":"closed","template":"","meta":{"_et_pb_use_builder":"on","_et_pb_old_content":"","_et_gb_content_width":"","footnotes":""},"class_list":["post-8454","page","type-page","status-publish","hentry"],"_links":{"self":[{"href":"https:\/\/etab.ac-reunion.fr\/clg-juliette-dodu\/wp-json\/wp\/v2\/pages\/8454","targetHints":{"allow":["GET"]}}],"collection":[{"href":"https:\/\/etab.ac-reunion.fr\/clg-juliette-dodu\/wp-json\/wp\/v2\/pages"}],"about":[{"href":"https:\/\/etab.ac-reunion.fr\/clg-juliette-dodu\/wp-json\/wp\/v2\/types\/page"}],"author":[{"embeddable":true,"href":"https:\/\/etab.ac-reunion.fr\/clg-juliette-dodu\/wp-json\/wp\/v2\/users\/36476"}],"replies":[{"embeddable":true,"href":"https:\/\/etab.ac-reunion.fr\/clg-juliette-dodu\/wp-json\/wp\/v2\/comments?post=8454"}],"version-history":[{"count":34,"href":"https:\/\/etab.ac-reunion.fr\/clg-juliette-dodu\/wp-json\/wp\/v2\/pages\/8454\/revisions"}],"predecessor-version":[{"id":10231,"href":"https:\/\/etab.ac-reunion.fr\/clg-juliette-dodu\/wp-json\/wp\/v2\/pages\/8454\/revisions\/10231"}],"wp:attachment":[{"href":"https:\/\/etab.ac-reunion.fr\/clg-juliette-dodu\/wp-json\/wp\/v2\/media?parent=8454"}],"curies":[{"name":"wp","href":"https:\/\/api.w.org\/{rel}","templated":true}]}}