{"id":8560,"date":"2024-04-23T22:14:01","date_gmt":"2024-04-23T18:14:01","guid":{"rendered":"https:\/\/etab.ac-reunion.fr\/clg-juliette-dodu\/?page_id=8560"},"modified":"2024-04-23T22:15:25","modified_gmt":"2024-04-23T18:15:25","slug":"disciplines","status":"publish","type":"page","link":"https:\/\/etab.ac-reunion.fr\/clg-juliette-dodu\/disciplines\/","title":{"rendered":"DISCIPLINES"},"content":{"rendered":"[et_pb_section fb_built=\u00a0\u00bb1&Prime; _builder_version=\u00a0\u00bb4.25.0&Prime; _module_preset=\u00a0\u00bbdefault\u00a0\u00bb background_color=\u00a0\u00bb#88C4DD\u00a0\u00bb custom_padding=\u00a0\u00bb93px|||||\u00a0\u00bb global_colors_info=\u00a0\u00bb{}\u00a0\u00bb][et_pb_row _builder_version=\u00a0\u00bb4.25.0&Prime; _module_preset=\u00a0\u00bbdefault\u00a0\u00bb custom_padding=\u00a0\u00bb32px|||||\u00a0\u00bb global_colors_info=\u00a0\u00bb{}\u00a0\u00bb][et_pb_column type=\u00a0\u00bb4_4&Prime; _builder_version=\u00a0\u00bb4.25.0&Prime; _module_preset=\u00a0\u00bbdefault\u00a0\u00bb global_colors_info=\u00a0\u00bb{}\u00a0\u00bb][et_pb_text _builder_version=\u00a0\u00bb4.25.0&Prime; _module_preset=\u00a0\u00bbdefault\u00a0\u00bb text_text_shadow_style=\u00a0\u00bbpreset3&Prime; global_colors_info=\u00a0\u00bb{}\u00a0\u00bb]\n<h1 style=\"text-align: center\"><span style=\"color: #ffffff\"><strong>LES DISCIPLINES<\/strong><\/span><\/h1>\n[\/et_pb_text][\/et_pb_column][\/et_pb_row][\/et_pb_section][et_pb_section fb_built=\u00a0\u00bb1&Prime; _builder_version=\u00a0\u00bb4.25.0&Prime; _module_preset=\u00a0\u00bbdefault\u00a0\u00bb hover_enabled=\u00a0\u00bb0&Prime; global_colors_info=\u00a0\u00bb{}\u00a0\u00bb background_color=\u00a0\u00bbrgba(239,230,220,0.63)\u00a0\u00bb sticky_enabled=\u00a0\u00bb0&Prime;][et_pb_row column_structure=\u00a0\u00bb1_4,1_4,1_4,1_4&Prime; _builder_version=\u00a0\u00bb4.25.0&Prime; _module_preset=\u00a0\u00bbdefault\u00a0\u00bb global_colors_info=\u00a0\u00bb{}\u00a0\u00bb][et_pb_column type=\u00a0\u00bb1_4&Prime; _builder_version=\u00a0\u00bb4.24.2&Prime; _module_preset=\u00a0\u00bbdefault\u00a0\u00bb global_colors_info=\u00a0\u00bb{}\u00a0\u00bb][et_pb_image src=\u00a0\u00bbhttps:\/\/etab.ac-reunion.fr\/clg-juliette-dodu\/wp-content\/uploads\/sites\/33\/2024\/04\/1009454-Drapeau_de_lAllemagne.jpg\u00a0\u00bb title_text=\u00a0\u00bb1009454-Drapeau_de_lAllemagne\u00a0\u00bb url=\u00a0\u00bbhttps:\/\/etab.ac-reunion.fr\/clg-juliette-dodu\/allemand-2\/\u00a0\u00bb _builder_version=\u00a0\u00bb4.25.0&Prime; _module_preset=\u00a0\u00bbdefault\u00a0\u00bb min_height=\u00a0\u00bb172px\u00a0\u00bb box_shadow_style=\u00a0\u00bbpreset3&Prime; global_colors_info=\u00a0\u00bb{}\u00a0\u00bb][\/et_pb_image][et_pb_text _builder_version=\u00a0\u00bb4.25.0&Prime; _module_preset=\u00a0\u00bbdefault\u00a0\u00bb global_colors_info=\u00a0\u00bb{}\u00a0\u00bb]\n<h1 style=\"text-align: center\"><strong>ALLEMAND<\/strong><\/h1>\n[\/et_pb_text][\/et_pb_column][et_pb_column type=\u00a0\u00bb1_4&Prime; _builder_version=\u00a0\u00bb4.24.2&Prime; _module_preset=\u00a0\u00bbdefault\u00a0\u00bb global_colors_info=\u00a0\u00bb{}\u00a0\u00bb][et_pb_image src=\u00a0\u00bbhttps:\/\/etab.ac-reunion.fr\/clg-juliette-dodu\/wp-content\/uploads\/sites\/33\/2024\/04\/830.jpeg\u00a0\u00bb title_text=\u00a0\u00bb830&Prime; url=\u00a0\u00bbhttps:\/\/etab.ac-reunion.fr\/clg-juliette-dodu\/anglais\/\u00a0\u00bb _builder_version=\u00a0\u00bb4.25.0&Prime; _module_preset=\u00a0\u00bbdefault\u00a0\u00bb min_height=\u00a0\u00bb172px\u00a0\u00bb box_shadow_style=\u00a0\u00bbpreset3&Prime; global_colors_info=\u00a0\u00bb{}\u00a0\u00bb][\/et_pb_image][et_pb_text _builder_version=\u00a0\u00bb4.25.0&Prime; _module_preset=\u00a0\u00bbdefault\u00a0\u00bb global_colors_info=\u00a0\u00bb{}\u00a0\u00bb]\n<h1 style=\"text-align: center\"><strong>ANGLAIS<\/strong><\/h1>\n[\/et_pb_text][\/et_pb_column][et_pb_column type=\u00a0\u00bb1_4&Prime; _builder_version=\u00a0\u00bb4.24.2&Prime; _module_preset=\u00a0\u00bbdefault\u00a0\u00bb global_colors_info=\u00a0\u00bb{}\u00a0\u00bb][et_pb_image src=\u00a0\u00bbhttps:\/\/etab.ac-reunion.fr\/clg-juliette-dodu\/wp-content\/uploads\/sites\/33\/2024\/04\/000b6d72e4507809a28a6e071b67316e.jpg\u00a0\u00bb title_text=\u00a0\u00bb000b6d72e4507809a28a6e071b67316e\u00a0\u00bb url=\u00a0\u00bbhttps:\/\/etab.ac-reunion.fr\/clg-juliette-dodu\/arabe\/\u00a0\u00bb _builder_version=\u00a0\u00bb4.25.0&Prime; _module_preset=\u00a0\u00bbdefault\u00a0\u00bb min_height=\u00a0\u00bb170px\u00a0\u00bb box_shadow_style=\u00a0\u00bbpreset3&Prime; global_colors_info=\u00a0\u00bb{}\u00a0\u00bb][\/et_pb_image][et_pb_text _builder_version=\u00a0\u00bb4.25.0&Prime; _module_preset=\u00a0\u00bbdefault\u00a0\u00bb global_colors_info=\u00a0\u00bb{}\u00a0\u00bb]\n<h1 style=\"text-align: center\"><strong>ARABE<\/strong><\/h1>\n[\/et_pb_text][\/et_pb_column][et_pb_column type=\u00a0\u00bb1_4&Prime; _builder_version=\u00a0\u00bb4.24.2&Prime; _module_preset=\u00a0\u00bbdefault\u00a0\u00bb global_colors_info=\u00a0\u00bb{}\u00a0\u00bb][et_pb_image src=\u00a0\u00bbhttps:\/\/etab.ac-reunion.fr\/clg-juliette-dodu\/wp-content\/uploads\/sites\/33\/2024\/04\/vocabulaire-creation-art.jpg\u00a0\u00bb title_text=\u00a0\u00bbvocabulaire-creation-art\u00a0\u00bb url=\u00a0\u00bbhttps:\/\/etab.ac-reunion.fr\/clg-juliette-dodu\/arts-plastiques\/\u00a0\u00bb _builder_version=\u00a0\u00bb4.25.0&Prime; _module_preset=\u00a0\u00bbdefault\u00a0\u00bb box_shadow_style=\u00a0\u00bbpreset3&Prime; global_colors_info=\u00a0\u00bb{}\u00a0\u00bb][\/et_pb_image][et_pb_text _builder_version=\u00a0\u00bb4.25.0&Prime; _module_preset=\u00a0\u00bbdefault\u00a0\u00bb global_colors_info=\u00a0\u00bb{}\u00a0\u00bb]\n<h1 style=\"text-align: center\"><strong>ARTS PLASTIQUES<\/strong><\/h1>\n[\/et_pb_text][\/et_pb_column][\/et_pb_row][et_pb_row column_structure=\u00a0\u00bb1_4,1_4,1_4,1_4&Prime; _builder_version=\u00a0\u00bb4.24.2&Prime; _module_preset=\u00a0\u00bbdefault\u00a0\u00bb global_colors_info=\u00a0\u00bb{}\u00a0\u00bb][et_pb_column type=\u00a0\u00bb1_4&Prime; _builder_version=\u00a0\u00bb4.24.2&Prime; _module_preset=\u00a0\u00bbdefault\u00a0\u00bb global_colors_info=\u00a0\u00bb{}\u00a0\u00bb][et_pb_image src=\u00a0\u00bbhttps:\/\/etab.ac-reunion.fr\/clg-juliette-dodu\/wp-content\/uploads\/sites\/33\/2024\/04\/Flag_of_the_Peoples_Republic_of_China.svg_.png\u00a0\u00bb title_text=\u00a0\u00bbFlag_of_the_People&rsquo;s_Republic_of_China.svg\u00a0\u00bb url=\u00a0\u00bbhttps:\/\/etab.ac-reunion.fr\/clg-juliette-dodu\/chinois\/\u00a0\u00bb _builder_version=\u00a0\u00bb4.25.0&Prime; _module_preset=\u00a0\u00bbdefault\u00a0\u00bb box_shadow_style=\u00a0\u00bbpreset3&Prime; global_colors_info=\u00a0\u00bb{}\u00a0\u00bb][\/et_pb_image][et_pb_text _builder_version=\u00a0\u00bb4.25.0&Prime; _module_preset=\u00a0\u00bbdefault\u00a0\u00bb link_option_url=\u00a0\u00bbhttps:\/\/etab.ac-reunion.fr\/clg-juliette-dodu\/chinois\/\u00a0\u00bb global_colors_info=\u00a0\u00bb{}\u00a0\u00bb]\n<h1 style=\"text-align: center\"><strong>CHINOIS<\/strong><\/h1>\n[\/et_pb_text][\/et_pb_column][et_pb_column type=\u00a0\u00bb1_4&Prime; _builder_version=\u00a0\u00bb4.24.2&Prime; _module_preset=\u00a0\u00bbdefault\u00a0\u00bb global_colors_info=\u00a0\u00bb{}\u00a0\u00bb][et_pb_image src=\u00a0\u00bbhttps:\/\/etab.ac-reunion.fr\/clg-juliette-dodu\/wp-content\/uploads\/sites\/33\/2024\/04\/images.jpeg\u00a0\u00bb title_text=\u00a0\u00bbimages\u00a0\u00bb url=\u00a0\u00bbhttps:\/\/etab.ac-reunion.fr\/clg-juliette-dodu\/chorale\/\u00a0\u00bb _builder_version=\u00a0\u00bb4.25.0&Prime; _module_preset=\u00a0\u00bbdefault\u00a0\u00bb min_height=\u00a0\u00bb161px\u00a0\u00bb box_shadow_style=\u00a0\u00bbpreset3&Prime; global_colors_info=\u00a0\u00bb{}\u00a0\u00bb][\/et_pb_image][et_pb_text _builder_version=\u00a0\u00bb4.25.0&Prime; _module_preset=\u00a0\u00bbdefault\u00a0\u00bb global_colors_info=\u00a0\u00bb{}\u00a0\u00bb]\n<h1 style=\"text-align: center\"><strong>CHORALE<\/strong><\/h1>\n[\/et_pb_text][\/et_pb_column][et_pb_column type=\u00a0\u00bb1_4&Prime; _builder_version=\u00a0\u00bb4.24.2&Prime; _module_preset=\u00a0\u00bbdefault\u00a0\u00bb global_colors_info=\u00a0\u00bb{}\u00a0\u00bb][et_pb_image src=\u00a0\u00bbhttps:\/\/etab.ac-reunion.fr\/clg-juliette-dodu\/wp-content\/uploads\/sites\/33\/2024\/04\/istockphoto-1185808970-640&#215;640-1.jpg\u00a0\u00bb title_text=\u00a0\u00bbistockphoto-1185808970-640&#215;640&Prime; url=\u00a0\u00bbhttps:\/\/etab.ac-reunion.fr\/clg-juliette-dodu\/e-p-s\/\u00a0\u00bb _builder_version=\u00a0\u00bb4.25.0&Prime; _module_preset=\u00a0\u00bbdefault\u00a0\u00bb min_height=\u00a0\u00bb164px\u00a0\u00bb box_shadow_style=\u00a0\u00bbpreset3&Prime; global_colors_info=\u00a0\u00bb{}\u00a0\u00bb][\/et_pb_image][et_pb_text _builder_version=\u00a0\u00bb4.25.0&Prime; _module_preset=\u00a0\u00bbdefault\u00a0\u00bb global_colors_info=\u00a0\u00bb{}\u00a0\u00bb]\n<h1 style=\"text-align: center\"><strong>E.P.S<\/strong><\/h1>\n[\/et_pb_text][\/et_pb_column][et_pb_column type=\u00a0\u00bb1_4&Prime; _builder_version=\u00a0\u00bb4.24.2&Prime; _module_preset=\u00a0\u00bbdefault\u00a0\u00bb global_colors_info=\u00a0\u00bb{}\u00a0\u00bb][et_pb_image src=\u00a0\u00bbhttps:\/\/etab.ac-reunion.fr\/clg-juliette-dodu\/wp-content\/uploads\/sites\/33\/2024\/04\/texture-treble-clef-dark-background-isolated-generative-ai_169016-29581.jpg.avif\u00a0\u00bb title_text=\u00a0\u00bbtexture-treble-clef-dark-background-isolated-generative-ai_169016-29581.jpg\u00a0\u00bb url=\u00a0\u00bbhttps:\/\/etab.ac-reunion.fr\/clg-juliette-dodu\/education-musicale\/\u00a0\u00bb _builder_version=\u00a0\u00bb4.25.0&Prime; _module_preset=\u00a0\u00bbdefault\u00a0\u00bb min_height=\u00a0\u00bb167px\u00a0\u00bb box_shadow_style=\u00a0\u00bbpreset3&Prime; global_colors_info=\u00a0\u00bb{}\u00a0\u00bb][\/et_pb_image][et_pb_text _builder_version=\u00a0\u00bb4.25.0&Prime; _module_preset=\u00a0\u00bbdefault\u00a0\u00bb global_colors_info=\u00a0\u00bb{}\u00a0\u00bb]\n<h1 style=\"text-align: center\"><strong>EDUCATION MUSICALE<\/strong><\/h1>\n[\/et_pb_text][\/et_pb_column][\/et_pb_row][et_pb_row column_structure=\u00a0\u00bb1_4,1_4,1_4,1_4&Prime; _builder_version=\u00a0\u00bb4.24.2&Prime; _module_preset=\u00a0\u00bbdefault\u00a0\u00bb global_colors_info=\u00a0\u00bb{}\u00a0\u00bb][et_pb_column type=\u00a0\u00bb1_4&Prime; _builder_version=\u00a0\u00bb4.24.2&Prime; _module_preset=\u00a0\u00bbdefault\u00a0\u00bb global_colors_info=\u00a0\u00bb{}\u00a0\u00bb][et_pb_image src=\u00a0\u00bbhttps:\/\/etab.ac-reunion.fr\/clg-juliette-dodu\/wp-content\/uploads\/sites\/33\/2024\/04\/1009665-Drapeau_de_lEspagne.jpg\u00a0\u00bb title_text=\u00a0\u00bb1009665-Drapeau_de_lEspagne\u00a0\u00bb url=\u00a0\u00bbhttps:\/\/etab.ac-reunion.fr\/clg-juliette-dodu\/espagnol\/\u00a0\u00bb _builder_version=\u00a0\u00bb4.25.0&Prime; _module_preset=\u00a0\u00bbdefault\u00a0\u00bb box_shadow_style=\u00a0\u00bbpreset3&Prime; global_colors_info=\u00a0\u00bb{}\u00a0\u00bb][\/et_pb_image][et_pb_text _builder_version=\u00a0\u00bb4.25.0&Prime; _module_preset=\u00a0\u00bbdefault\u00a0\u00bb link_option_url=\u00a0\u00bbhttps:\/\/etab.ac-reunion.fr\/clg-juliette-dodu\/chinois\/\u00a0\u00bb global_colors_info=\u00a0\u00bb{}\u00a0\u00bb]\n<h1 style=\"text-align: center\"><strong>ESPAGNOL<\/strong><\/h1>\n[\/et_pb_text][\/et_pb_column][et_pb_column type=\u00a0\u00bb1_4&Prime; _builder_version=\u00a0\u00bb4.24.2&Prime; _module_preset=\u00a0\u00bbdefault\u00a0\u00bb global_colors_info=\u00a0\u00bb{}\u00a0\u00bb][et_pb_image src=\u00a0\u00bbhttps:\/\/etab.ac-reunion.fr\/clg-juliette-dodu\/wp-content\/uploads\/sites\/33\/2024\/04\/1009493-Drapeau_de_la_France.jpg\u00a0\u00bb title_text=\u00a0\u00bb1009493-Drapeau_de_la_France\u00a0\u00bb url=\u00a0\u00bbhttps:\/\/etab.ac-reunion.fr\/clg-juliette-dodu\/francais\/\u00a0\u00bb _builder_version=\u00a0\u00bb4.25.0&Prime; _module_preset=\u00a0\u00bbdefault\u00a0\u00bb box_shadow_style=\u00a0\u00bbpreset3&Prime; global_colors_info=\u00a0\u00bb{}\u00a0\u00bb][\/et_pb_image][et_pb_text _builder_version=\u00a0\u00bb4.25.0&Prime; _module_preset=\u00a0\u00bbdefault\u00a0\u00bb link_option_url=\u00a0\u00bbhttps:\/\/etab.ac-reunion.fr\/clg-juliette-dodu\/chinois\/\u00a0\u00bb global_colors_info=\u00a0\u00bb{}\u00a0\u00bb]\n<h1 style=\"text-align: center\"><strong>FRAN\u00c7AIS<\/strong><\/h1>\n[\/et_pb_text][\/et_pb_column][et_pb_column type=\u00a0\u00bb1_4&Prime; _builder_version=\u00a0\u00bb4.24.2&Prime; _module_preset=\u00a0\u00bbdefault\u00a0\u00bb global_colors_info=\u00a0\u00bb{}\u00a0\u00bb][et_pb_image src=\u00a0\u00bbhttps:\/\/etab.ac-reunion.fr\/clg-juliette-dodu\/wp-content\/uploads\/sites\/33\/2024\/04\/G6DWJPSK3RDA3P22ML5BVXBDKU.jpg\u00a0\u00bb title_text=\u00a0\u00bbG6DWJPSK3RDA3P22ML5BVXBDKU\u00a0\u00bb url=\u00a0\u00bbhttps:\/\/etab.ac-reunion.fr\/clg-juliette-dodu\/histoire-geographie\/\u00a0\u00bb _builder_version=\u00a0\u00bb4.25.0&Prime; _module_preset=\u00a0\u00bbdefault\u00a0\u00bb min_height=\u00a0\u00bb161px\u00a0\u00bb box_shadow_style=\u00a0\u00bbpreset3&Prime; global_colors_info=\u00a0\u00bb{}\u00a0\u00bb][\/et_pb_image][et_pb_text _builder_version=\u00a0\u00bb4.25.0&Prime; _module_preset=\u00a0\u00bbdefault\u00a0\u00bb link_option_url=\u00a0\u00bbhttps:\/\/etab.ac-reunion.fr\/clg-juliette-dodu\/chinois\/\u00a0\u00bb global_colors_info=\u00a0\u00bb{}\u00a0\u00bb]\n<h1 style=\"text-align: center\"><strong>HISTOIRE-G\u00c9OGRAPHIE<\/strong><\/h1>\n[\/et_pb_text][\/et_pb_column][et_pb_column type=\u00a0\u00bb1_4&Prime; _builder_version=\u00a0\u00bb4.24.2&Prime; _module_preset=\u00a0\u00bbdefault\u00a0\u00bb global_colors_info=\u00a0\u00bb{}\u00a0\u00bb][et_pb_image src=\u00a0\u00bbhttps:\/\/etab.ac-reunion.fr\/clg-juliette-dodu\/wp-content\/uploads\/sites\/33\/2024\/04\/360_F_128516752_cqZQpF2ve7HKkmINgxwsUQG6jUru8yZa.jpg\u00a0\u00bb title_text=\u00a0\u00bb360_F_128516752_cqZQpF2ve7HKkmINgxwsUQG6jUru8yZa\u00a0\u00bb url=\u00a0\u00bbhttps:\/\/etab.ac-reunion.fr\/clg-juliette-dodu\/latin\/\u00a0\u00bb _builder_version=\u00a0\u00bb4.25.0&Prime; _module_preset=\u00a0\u00bbdefault\u00a0\u00bb box_shadow_style=\u00a0\u00bbpreset3&Prime; global_colors_info=\u00a0\u00bb{}\u00a0\u00bb][\/et_pb_image][et_pb_text _builder_version=\u00a0\u00bb4.25.0&Prime; _module_preset=\u00a0\u00bbdefault\u00a0\u00bb link_option_url=\u00a0\u00bbhttps:\/\/etab.ac-reunion.fr\/clg-juliette-dodu\/chinois\/\u00a0\u00bb global_colors_info=\u00a0\u00bb{}\u00a0\u00bb]\n<h1 style=\"text-align: center\"><strong>LATIN<\/strong><\/h1>\n[\/et_pb_text][\/et_pb_column][\/et_pb_row][et_pb_row column_structure=\u00a0\u00bb1_4,1_4,1_4,1_4&Prime; _builder_version=\u00a0\u00bb4.24.2&Prime; _module_preset=\u00a0\u00bbdefault\u00a0\u00bb global_colors_info=\u00a0\u00bb{}\u00a0\u00bb][et_pb_column type=\u00a0\u00bb1_4&Prime; _builder_version=\u00a0\u00bb4.24.2&Prime; _module_preset=\u00a0\u00bbdefault\u00a0\u00bb global_colors_info=\u00a0\u00bb{}\u00a0\u00bb][et_pb_image src=\u00a0\u00bbhttps:\/\/etab.ac-reunion.fr\/clg-juliette-dodu\/wp-content\/uploads\/sites\/33\/2024\/04\/R-3.jpg\u00a0\u00bb title_text=\u00a0\u00bbR-3&Prime; url=\u00a0\u00bbhttps:\/\/etab.ac-reunion.fr\/clg-juliette-dodu\/mathematiques\/\u00a0\u00bb _builder_version=\u00a0\u00bb4.25.0&Prime; _module_preset=\u00a0\u00bbdefault\u00a0\u00bb box_shadow_style=\u00a0\u00bbpreset3&Prime; global_colors_info=\u00a0\u00bb{}\u00a0\u00bb][\/et_pb_image][et_pb_text _builder_version=\u00a0\u00bb4.25.0&Prime; _module_preset=\u00a0\u00bbdefault\u00a0\u00bb link_option_url=\u00a0\u00bbhttps:\/\/etab.ac-reunion.fr\/clg-juliette-dodu\/chinois\/\u00a0\u00bb global_colors_info=\u00a0\u00bb{}\u00a0\u00bb]\n<h1 style=\"text-align: center\"><strong>MATH\u00c9MATIQUES<\/strong><\/h1>\n[\/et_pb_text][\/et_pb_column][et_pb_column type=\u00a0\u00bb1_4&Prime; _builder_version=\u00a0\u00bb4.24.2&Prime; _module_preset=\u00a0\u00bbdefault\u00a0\u00bb global_colors_info=\u00a0\u00bb{}\u00a0\u00bb][et_pb_image src=\u00a0\u00bbhttps:\/\/etab.ac-reunion.fr\/clg-juliette-dodu\/wp-content\/uploads\/sites\/33\/2024\/04\/2294465-adobestock-180633286-766&#215;438-1.jpeg\u00a0\u00bb title_text=\u00a0\u00bb2294465-adobestock-180633286-766&#215;438&Prime; url=\u00a0\u00bbhttps:\/\/etab.ac-reunion.fr\/clg-juliette-dodu\/physique-chimie\/\u00a0\u00bb _builder_version=\u00a0\u00bb4.25.0&Prime; _module_preset=\u00a0\u00bbdefault\u00a0\u00bb min_height=\u00a0\u00bb148px\u00a0\u00bb box_shadow_style=\u00a0\u00bbpreset3&Prime; global_colors_info=\u00a0\u00bb{}\u00a0\u00bb][\/et_pb_image][et_pb_text _builder_version=\u00a0\u00bb4.25.0&Prime; _module_preset=\u00a0\u00bbdefault\u00a0\u00bb link_option_url=\u00a0\u00bbhttps:\/\/etab.ac-reunion.fr\/clg-juliette-dodu\/chinois\/\u00a0\u00bb global_colors_info=\u00a0\u00bb{}\u00a0\u00bb]\n<h1 style=\"text-align: center\"><strong>PHYSIQUE &#8211; CHIMIE<\/strong><\/h1>\n[\/et_pb_text][\/et_pb_column][et_pb_column type=\u00a0\u00bb1_4&Prime; _builder_version=\u00a0\u00bb4.24.2&Prime; _module_preset=\u00a0\u00bbdefault\u00a0\u00bb global_colors_info=\u00a0\u00bb{}\u00a0\u00bb][et_pb_image src=\u00a0\u00bbhttps:\/\/etab.ac-reunion.fr\/clg-juliette-dodu\/wp-content\/uploads\/sites\/33\/2024\/04\/Earth-in-Hands.jpg\u00a0\u00bb title_text=\u00a0\u00bbEarth-in-Hands\u00a0\u00bb url=\u00a0\u00bbhttps:\/\/etab.ac-reunion.fr\/clg-juliette-dodu\/s-v-t\/\u00a0\u00bb _builder_version=\u00a0\u00bb4.25.0&Prime; _module_preset=\u00a0\u00bbdefault\u00a0\u00bb box_shadow_style=\u00a0\u00bbpreset3&Prime; global_colors_info=\u00a0\u00bb{}\u00a0\u00bb][\/et_pb_image][et_pb_text _builder_version=\u00a0\u00bb4.25.0&Prime; _module_preset=\u00a0\u00bbdefault\u00a0\u00bb link_option_url=\u00a0\u00bbhttps:\/\/etab.ac-reunion.fr\/clg-juliette-dodu\/chinois\/\u00a0\u00bb global_colors_info=\u00a0\u00bb{}\u00a0\u00bb]\n<h1 style=\"text-align: center\"><strong>S . V . T<\/strong><\/h1>\n[\/et_pb_text][\/et_pb_column][et_pb_column type=\u00a0\u00bb1_4&Prime; _builder_version=\u00a0\u00bb4.24.2&Prime; _module_preset=\u00a0\u00bbdefault\u00a0\u00bb global_colors_info=\u00a0\u00bb{}\u00a0\u00bb][et_pb_image src=\u00a0\u00bbhttps:\/\/etab.ac-reunion.fr\/clg-juliette-dodu\/wp-content\/uploads\/sites\/33\/2024\/04\/Laptop-Computer-Illustration-Graphics-61991210-3-580&#215;386-1.jpg\u00a0\u00bb title_text=\u00a0\u00bbLaptop-Computer-Illustration-Graphics-61991210-3-580&#215;386&Prime; url=\u00a0\u00bbhttps:\/\/etab.ac-reunion.fr\/clg-juliette-dodu\/technologie\/\u00a0\u00bb _builder_version=\u00a0\u00bb4.25.0&Prime; _module_preset=\u00a0\u00bbdefault\u00a0\u00bb box_shadow_style=\u00a0\u00bbpreset3&Prime; global_colors_info=\u00a0\u00bb{}\u00a0\u00bb][\/et_pb_image][et_pb_text _builder_version=\u00a0\u00bb4.25.0&Prime; _module_preset=\u00a0\u00bbdefault\u00a0\u00bb link_option_url=\u00a0\u00bbhttps:\/\/etab.ac-reunion.fr\/clg-juliette-dodu\/chinois\/\u00a0\u00bb global_colors_info=\u00a0\u00bb{}\u00a0\u00bb]\n<h1 style=\"text-align: center\"><strong>TECHNOLOGIE<\/strong><\/h1>\n[\/et_pb_text][\/et_pb_column][\/et_pb_row][\/et_pb_section]\n<!-- AddThis Advanced Settings generic via filter on the_content --><!-- AddThis Share Buttons generic via filter on the_content -->","protected":false},"excerpt":{"rendered":"<p>LES DISCIPLINESALLEMANDANGLAISARABEARTS PLASTIQUESCHINOISCHORALEE.P.SEDUCATION MUSICALEESPAGNOLFRAN\u00c7AISHISTOIRE-G\u00c9OGRAPHIELATINMATH\u00c9MATIQUESPHYSIQUE &#8211; CHIMIES . V . TTECHNOLOGIE<\/p>\n<p><!-- AddThis Advanced Settings generic via filter on get_the_excerpt --><!-- AddThis Share Buttons generic via filter on get_the_excerpt --><\/p>\n","protected":false},"author":36476,"featured_media":0,"parent":0,"menu_order":0,"comment_status":"closed","ping_status":"closed","template":"","meta":{"_et_pb_use_builder":"on","_et_pb_old_content":"","_et_gb_content_width":"","footnotes":""},"class_list":["post-8560","page","type-page","status-publish","hentry"],"_links":{"self":[{"href":"https:\/\/etab.ac-reunion.fr\/clg-juliette-dodu\/wp-json\/wp\/v2\/pages\/8560","targetHints":{"allow":["GET"]}}],"collection":[{"href":"https:\/\/etab.ac-reunion.fr\/clg-juliette-dodu\/wp-json\/wp\/v2\/pages"}],"about":[{"href":"https:\/\/etab.ac-reunion.fr\/clg-juliette-dodu\/wp-json\/wp\/v2\/types\/page"}],"author":[{"embeddable":true,"href":"https:\/\/etab.ac-reunion.fr\/clg-juliette-dodu\/wp-json\/wp\/v2\/users\/36476"}],"replies":[{"embeddable":true,"href":"https:\/\/etab.ac-reunion.fr\/clg-juliette-dodu\/wp-json\/wp\/v2\/comments?post=8560"}],"version-history":[{"count":24,"href":"https:\/\/etab.ac-reunion.fr\/clg-juliette-dodu\/wp-json\/wp\/v2\/pages\/8560\/revisions"}],"predecessor-version":[{"id":9139,"href":"https:\/\/etab.ac-reunion.fr\/clg-juliette-dodu\/wp-json\/wp\/v2\/pages\/8560\/revisions\/9139"}],"wp:attachment":[{"href":"https:\/\/etab.ac-reunion.fr\/clg-juliette-dodu\/wp-json\/wp\/v2\/media?parent=8560"}],"curies":[{"name":"wp","href":"https:\/\/api.w.org\/{rel}","templated":true}]}}