{"id":8859,"date":"2024-04-16T23:32:33","date_gmt":"2024-04-16T19:32:33","guid":{"rendered":"https:\/\/etab.ac-reunion.fr\/clg-juliette-dodu\/?page_id=8859"},"modified":"2024-04-23T20:37:59","modified_gmt":"2024-04-23T16:37:59","slug":"phare-lutte-contre-le-harcelement","status":"publish","type":"page","link":"https:\/\/etab.ac-reunion.fr\/clg-juliette-dodu\/phare-lutte-contre-le-harcelement\/","title":{"rendered":"pHARe &#8211; LUTTE CONTRE LE HARC\u00c8LEMENT"},"content":{"rendered":"[et_pb_section fb_built=\u00a0\u00bb1&Prime; _builder_version=\u00a0\u00bb4.24.2&Prime; _module_preset=\u00a0\u00bbdefault\u00a0\u00bb global_colors_info=\u00a0\u00bb{}\u00a0\u00bb][\/et_pb_section][et_pb_section fb_built=\u00a0\u00bb1&Prime; _builder_version=\u00a0\u00bb4.24.2&Prime; _module_preset=\u00a0\u00bbdefault\u00a0\u00bb background_color=\u00a0\u00bb#88C4DD\u00a0\u00bb background_enable_image=\u00a0\u00bboff\u00a0\u00bb background_enable_mask_style=\u00a0\u00bbon\u00a0\u00bb background_mask_color=\u00a0\u00bbRGBA(255,255,255,0)\u00a0\u00bb min_height=\u00a0\u00bb279.6px\u00a0\u00bb custom_margin=\u00a0\u00bb-211px||3px|||\u00a0\u00bb custom_padding=\u00a0\u00bb130px||0px|||\u00a0\u00bb global_colors_info=\u00a0\u00bb{}\u00a0\u00bb][et_pb_row _builder_version=\u00a0\u00bb4.24.2&Prime; _module_preset=\u00a0\u00bbdefault\u00a0\u00bb custom_margin=\u00a0\u00bb6px|auto||auto||\u00a0\u00bb custom_padding=\u00a0\u00bb32px||48px|||\u00a0\u00bb global_colors_info=\u00a0\u00bb{}\u00a0\u00bb][et_pb_column type=\u00a0\u00bb4_4&Prime; _builder_version=\u00a0\u00bb4.24.2&Prime; _module_preset=\u00a0\u00bbdefault\u00a0\u00bb global_colors_info=\u00a0\u00bb{}\u00a0\u00bb][et_pb_text _builder_version=\u00a0\u00bb4.25.0&Prime; _module_preset=\u00a0\u00bbdefault\u00a0\u00bb text_orientation=\u00a0\u00bbcenter\u00a0\u00bb custom_margin=\u00a0\u00bb-6px|-24px||||\u00a0\u00bb custom_padding=\u00a0\u00bb6px||10px|||\u00a0\u00bb text_font_size_tablet=\u00a0\u00bb\u00a0\u00bb text_font_size_phone=\u00a0\u00bb\u00a0\u00bb text_font_size_last_edited=\u00a0\u00bbon|phone\u00a0\u00bb header_font_size_tablet=\u00a0\u00bb\u00a0\u00bb header_font_size_phone=\u00a0\u00bb36px\u00a0\u00bb header_font_size_last_edited=\u00a0\u00bbon|phone\u00a0\u00bb text_text_shadow_style=\u00a0\u00bbpreset2&Prime; text_text_shadow_blur_strength=\u00a0\u00bb0.58em\u00a0\u00bb global_colors_info=\u00a0\u00bb{}\u00a0\u00bb]\n<h1><strong><span style=\"color: #ffffff\">pHARe &#8211; LUTTE CONTRE LE HARC\u00c8LEMENT<\/span><\/strong><\/h1>\n[\/et_pb_text][\/et_pb_column][\/et_pb_row][\/et_pb_section][et_pb_section fb_built=\u00a0\u00bb1&Prime; _builder_version=\u00a0\u00bb4.24.3&Prime; _module_preset=\u00a0\u00bbdefault\u00a0\u00bb background_color=\u00a0\u00bbrgba(239,230,220,0.63)\u00a0\u00bb background_enable_image=\u00a0\u00bboff\u00a0\u00bb min_height=\u00a0\u00bb324.6px\u00a0\u00bb custom_margin=\u00a0\u00bb-4px||-2px||false|false\u00a0\u00bb custom_padding=\u00a0\u00bb57px||59px||false|false\u00a0\u00bb global_colors_info=\u00a0\u00bb{}\u00a0\u00bb][et_pb_row column_structure=\u00a0\u00bb1_2,1_2&Prime; _builder_version=\u00a0\u00bb4.24.2&Prime; _module_preset=\u00a0\u00bbdefault\u00a0\u00bb background_color=\u00a0\u00bbRGBA(255,255,255,0)\u00a0\u00bb width=\u00a0\u00bb83.5%\u00a0\u00bb min_height=\u00a0\u00bb81.7px\u00a0\u00bb custom_margin=\u00a0\u00bb-23px|auto||auto||\u00a0\u00bb custom_padding=\u00a0\u00bb||0px|||\u00a0\u00bb global_colors_info=\u00a0\u00bb{}\u00a0\u00bb][et_pb_column type=\u00a0\u00bb1_2&Prime; _builder_version=\u00a0\u00bb4.24.2&Prime; _module_preset=\u00a0\u00bbdefault\u00a0\u00bb global_colors_info=\u00a0\u00bb{}\u00a0\u00bb][et_pb_text _builder_version=\u00a0\u00bb4.24.2&Prime; _module_preset=\u00a0\u00bbdefault\u00a0\u00bb text_font_size=\u00a0\u00bb19px\u00a0\u00bb background_enable_color=\u00a0\u00bboff\u00a0\u00bb text_orientation=\u00a0\u00bbcenter\u00a0\u00bb width=\u00a0\u00bb100%\u00a0\u00bb min_height=\u00a0\u00bb256.3px\u00a0\u00bb custom_margin=\u00a0\u00bb||-10px|||\u00a0\u00bb custom_padding=\u00a0\u00bb7px|0px|0px|0px||\u00a0\u00bb global_colors_info=\u00a0\u00bb{}\u00a0\u00bb]\n<div><span style=\"font-size: x-large;color: #0a0a0a\"><\/span><\/div>\n<div><span style=\"font-size: x-large;color: #0a0a0a\"><\/span><\/div>\n<div>\n<p style=\"font-weight: 400\">Le coll\u00e8ge Juliette Dodu s\u2019engage dans la lutte contre le harc\u00e8lement scolaire et en fait une de ses priorit\u00e9s.<\/p>\n<p style=\"font-weight: 400\">Une \u00e9quipe d\u00e9di\u00e9e, appel\u00e9e pHARe, compos\u00e9e de 5 personnes (infirmi\u00e8re, professeur-documentaliste, professeur, CPE, assistante sociale) s\u2019attelle \u00e0 mener des actions de sensibilisation et de pr\u00e9vention tout au long de l\u2019ann\u00e9e. De plus, 14 \u00e9l\u00e8ves se sont port\u00e9s volontaires pour \u00eatre ambassadeurs.<\/p>\n<p style=\"font-weight: 400\">L\u2019\u00e9quipe pHARe et l\u2019ensemble de la communaut\u00e9 \u00e9ducative sont tr\u00e8s attentifs \u00e0 toutes situations de harc\u00e8lement signal\u00e9es.<\/p>\n<p style=\"font-weight: 400\">Lorsque cela est n\u00e9cessaire, des entretiens sont men\u00e9s aupr\u00e8s des \u00e9l\u00e8ves auteurs, victimes, t\u00e9moins et de leurs parents.<\/p>\n<\/div>\n<div><span style=\"font-size: xx-large\"><strong><span style=\"color: #0a0a0a\"><\/span><\/strong><\/span><\/div>\n<div><span style=\"font-size: xx-large\"><strong><span style=\"color: #0a0a0a\"><\/span><\/strong><\/span><\/div>\n<div><span style=\"font-size: xx-large\"><strong><span style=\"color: #0a0a0a\"><\/span><\/strong><\/span><\/div>\n<div><span style=\"font-size: xx-large\"><strong><span style=\"color: #0a0a0a\"><\/span><\/strong><\/span><\/div>\n<div><span style=\"font-size: xx-large\"><strong><span style=\"color: #0a0a0a\"><\/span><\/strong><\/span><\/div>\n<div><span style=\"font-size: xx-large\"><strong><span style=\"color: #0a0a0a\"><\/span><\/strong><\/span><\/div>\n<div><span style=\"font-size: xx-large\"><strong><span style=\"color: #0a0a0a\"><\/span><\/strong><\/span><\/div>\n<div><span style=\"font-size: xx-large\"><strong><span style=\"color: #0a0a0a\"><\/span><\/strong><\/span><\/div>\n<div><span style=\"font-size: xx-large\"><strong><span style=\"color: #0a0a0a\"><\/span><\/strong><\/span><\/div>\n<div><span style=\"font-size: xx-large\"><strong><span style=\"color: #0a0a0a\"><\/span><\/strong><\/span><\/div>\n<div><span style=\"font-size: xx-large\"><strong><span style=\"color: #0a0a0a\"><\/span><\/strong><\/span><\/div>\n<div><span style=\"font-size: x-large;color: #0a0a0a\"><\/span><\/div>\n<p>&nbsp;<\/p>\n[\/et_pb_text][\/et_pb_column][et_pb_column type=\u00a0\u00bb1_2&Prime; _builder_version=\u00a0\u00bb4.24.2&Prime; _module_preset=\u00a0\u00bbdefault\u00a0\u00bb global_colors_info=\u00a0\u00bb{}\u00a0\u00bb][et_pb_divider show_divider=\u00a0\u00bboff\u00a0\u00bb _builder_version=\u00a0\u00bb4.24.2&Prime; _module_preset=\u00a0\u00bbdefault\u00a0\u00bb global_colors_info=\u00a0\u00bb{}\u00a0\u00bb][\/et_pb_divider][et_pb_divider show_divider=\u00a0\u00bboff\u00a0\u00bb _builder_version=\u00a0\u00bb4.24.2&Prime; _module_preset=\u00a0\u00bbdefault\u00a0\u00bb global_colors_info=\u00a0\u00bb{}\u00a0\u00bb][\/et_pb_divider][et_pb_image title_text=\u00a0\u00bbcaption\u00a0\u00bb _builder_version=\u00a0\u00bb4.24.3&Prime; _module_preset=\u00a0\u00bbdefault\u00a0\u00bb custom_margin=\u00a0\u00bb||1px|||\u00a0\u00bb custom_padding=\u00a0\u00bb||0px|||\u00a0\u00bb global_colors_info=\u00a0\u00bb{}\u00a0\u00bb][\/et_pb_image][\/et_pb_column][\/et_pb_row][\/et_pb_section]\n<!-- AddThis Advanced Settings generic via filter on the_content --><!-- AddThis Share Buttons generic via filter on the_content -->","protected":false},"excerpt":{"rendered":"<p>pHARe &#8211; LUTTE CONTRE LE HARC\u00c8LEMENT Le coll\u00e8ge Juliette Dodu s\u2019engage dans la lutte contre le harc\u00e8lement scolaire et en fait une de ses priorit\u00e9s. Une \u00e9quipe d\u00e9di\u00e9e, appel\u00e9e pHARe, compos\u00e9e de 5 personnes (infirmi\u00e8re, professeur-documentaliste, professeur, CPE, assistante sociale) s\u2019attelle \u00e0 mener des actions de sensibilisation et de pr\u00e9vention tout au long de l\u2019ann\u00e9e. [&hellip;]<\/p>\n<p><!-- AddThis Advanced Settings generic via filter on get_the_excerpt --><!-- AddThis Share Buttons generic via filter on get_the_excerpt --><\/p>\n","protected":false},"author":36476,"featured_media":0,"parent":0,"menu_order":0,"comment_status":"closed","ping_status":"closed","template":"","meta":{"_et_pb_use_builder":"on","_et_pb_old_content":"","_et_gb_content_width":"","footnotes":""},"class_list":["post-8859","page","type-page","status-publish","hentry"],"_links":{"self":[{"href":"https:\/\/etab.ac-reunion.fr\/clg-juliette-dodu\/wp-json\/wp\/v2\/pages\/8859","targetHints":{"allow":["GET"]}}],"collection":[{"href":"https:\/\/etab.ac-reunion.fr\/clg-juliette-dodu\/wp-json\/wp\/v2\/pages"}],"about":[{"href":"https:\/\/etab.ac-reunion.fr\/clg-juliette-dodu\/wp-json\/wp\/v2\/types\/page"}],"author":[{"embeddable":true,"href":"https:\/\/etab.ac-reunion.fr\/clg-juliette-dodu\/wp-json\/wp\/v2\/users\/36476"}],"replies":[{"embeddable":true,"href":"https:\/\/etab.ac-reunion.fr\/clg-juliette-dodu\/wp-json\/wp\/v2\/comments?post=8859"}],"version-history":[{"count":5,"href":"https:\/\/etab.ac-reunion.fr\/clg-juliette-dodu\/wp-json\/wp\/v2\/pages\/8859\/revisions"}],"predecessor-version":[{"id":9010,"href":"https:\/\/etab.ac-reunion.fr\/clg-juliette-dodu\/wp-json\/wp\/v2\/pages\/8859\/revisions\/9010"}],"wp:attachment":[{"href":"https:\/\/etab.ac-reunion.fr\/clg-juliette-dodu\/wp-json\/wp\/v2\/media?parent=8859"}],"curies":[{"name":"wp","href":"https:\/\/api.w.org\/{rel}","templated":true}]}}