{"id":4242,"date":"2021-04-22T10:50:31","date_gmt":"2021-04-22T06:50:31","guid":{"rendered":"http:\/\/college-lachatoire.ac-reunion.fr\/?page_id=4242"},"modified":"2021-05-04T11:44:55","modified_gmt":"2021-05-04T07:44:55","slug":"projets-de-letablissement-2","status":"publish","type":"page","link":"https:\/\/etab.ac-reunion.fr\/clg-la-chatoire\/projets-de-letablissement-2\/","title":{"rendered":"Projets de l&rsquo;Etablissement"},"content":{"rendered":"\n<p><strong>Contrats d&rsquo;Objectifs :\u00a0<a href=\"https:\/\/etab.ac-reunion.fr\/clg-la-chatoire\/projets-de-letablissement-2\/2016-2020\/\">2016-2020<\/a><\/strong><\/p>\n\n\n\n<p><strong>Projet d&rsquo;\u00e9tablissement (en cours de r\u00e9alisation) :<\/strong> <a href=\"https:\/\/etab.ac-reunion.fr\/clg-la-chatoire\/vie-de-letablissement\/projet-detablissement-2021-2024-converti\/\">2021-2024<\/a><\/p>\n\n\n\n<p><strong>Bilans P\u00e9dagogiques :<\/strong> <a href=\"https:\/\/etab.ac-reunion.fr\/clg-la-chatoire\/vie-de-letablissement\/bilan-annee-scolaire-2017-2018\/\">2017-2018<\/a> \/\/ <a href=\"https:\/\/etab.ac-reunion.fr\/clg-la-chatoire\/vie-de-letablissement\/bilan-annee-scolaire-2018-2019-b-2\/\">2018-2019<\/a> \/\/ <a href=\"https:\/\/etab.ac-reunion.fr\/clg-la-chatoire\/vie-de-letablissement\/2019-2020-converti\/\">2019-2020<\/a><\/p>\n\n\n\n<p><\/p>\n","protected":false},"excerpt":{"rendered":"<p>Contrats d&rsquo;Objectifs :\u00a02016-2020 Projet d&rsquo;\u00e9tablissement (en cours de r\u00e9alisation) : 2021-2024 Bilans P\u00e9dagogiques : 2017-2018 \/\/ 2018-2019 \/\/ 2019-2020<\/p>\n<p> <a class=\"continue-reading-link\" href=\"https:\/\/etab.ac-reunion.fr\/clg-la-chatoire\/projets-de-letablissement-2\/\"><span>Lire l&rsquo;Article<\/span><i class=\"crycon-right-dir\"><\/i><\/a> <\/p>\n","protected":false},"author":19408,"featured_media":0,"parent":0,"menu_order":0,"comment_status":"closed","ping_status":"closed","template":"","meta":{"footnotes":""},"class_list":["post-4242","page","type-page","status-publish","hentry"],"_links":{"self":[{"href":"https:\/\/etab.ac-reunion.fr\/clg-la-chatoire\/wp-json\/wp\/v2\/pages\/4242","targetHints":{"allow":["GET"]}}],"collection":[{"href":"https:\/\/etab.ac-reunion.fr\/clg-la-chatoire\/wp-json\/wp\/v2\/pages"}],"about":[{"href":"https:\/\/etab.ac-reunion.fr\/clg-la-chatoire\/wp-json\/wp\/v2\/types\/page"}],"author":[{"embeddable":true,"href":"https:\/\/etab.ac-reunion.fr\/clg-la-chatoire\/wp-json\/wp\/v2\/users\/19408"}],"replies":[{"embeddable":true,"href":"https:\/\/etab.ac-reunion.fr\/clg-la-chatoire\/wp-json\/wp\/v2\/comments?post=4242"}],"version-history":[{"count":6,"href":"https:\/\/etab.ac-reunion.fr\/clg-la-chatoire\/wp-json\/wp\/v2\/pages\/4242\/revisions"}],"predecessor-version":[{"id":4367,"href":"https:\/\/etab.ac-reunion.fr\/clg-la-chatoire\/wp-json\/wp\/v2\/pages\/4242\/revisions\/4367"}],"wp:attachment":[{"href":"https:\/\/etab.ac-reunion.fr\/clg-la-chatoire\/wp-json\/wp\/v2\/media?parent=4242"}],"curies":[{"name":"wp","href":"https:\/\/api.w.org\/{rel}","templated":true}]}}