{"id":4247,"date":"2021-04-22T11:05:31","date_gmt":"2021-04-22T07:05:31","guid":{"rendered":"http:\/\/college-lachatoire.ac-reunion.fr\/?page_id=4247"},"modified":"2021-04-22T11:20:57","modified_gmt":"2021-04-22T07:20:57","slug":"labellisation-e-d-d","status":"publish","type":"page","link":"https:\/\/etab.ac-reunion.fr\/clg-la-chatoire\/labellisation-e-d-d\/","title":{"rendered":"Labellisation E.D.D"},"content":{"rendered":"\n<ul class=\"wp-block-list\"><li><strong>La Labellisation EDD :<\/strong> <a href=\"https:\/\/etab.ac-reunion.fr\/clg-la-chatoire\/vie-de-letablissement\/grille-labellisation-edd-2020-la-chatoire\/\">Grille labellisation EDD 2020 La Chatoire<\/a><\/li><li><strong>Projet Embellissement &#8211; Espace Emeraude : <\/strong><a href=\"https:\/\/etab.ac-reunion.fr\/clg-la-chatoire\/vie-de-letablissement\/embellissement-emeraude\/\">Embellissement Emeraude<\/a> \/\/ <a href=\"https:\/\/etab.ac-reunion.fr\/clg-la-chatoire\/vie-de-letablissement\/espace-emeraude\/\">Espace Emeraude<\/a><\/li><li><strong>Projet Permaculture : <\/strong><a href=\"https:\/\/etab.ac-reunion.fr\/clg-la-chatoire\/vie-de-letablissement\/projet-permaculture\/\">Projet permaculture<\/a> \/\/ <a href=\"https:\/\/etab.ac-reunion.fr\/clg-la-chatoire\/vie-de-letablissement\/potager-en-permaculture-de-lespace-emeuraude-2-compresse\/\">Potager en permaculture de l\u2019espace \u00e9meuraude<\/a><\/li><li><strong>Les Eco-D\u00e9l\u00e9gu\u00e9s : <\/strong><a href=\"https:\/\/etab.ac-reunion.fr\/clg-la-chatoire\/vie-de-letablissement\/eco-delegues\/\">ECO D\u00e9l\u00e9gu\u00e9s<\/a>&nbsp;<\/li><li><strong>Implication \u00e9cologique du Coll\u00e8ge :<\/strong> <a href=\"https:\/\/etab.ac-reunion.fr\/clg-la-chatoire\/vie-de-letablissement\/implication-du-college\/\">Implication du Coll\u00e8ge<\/a><\/li><\/ul>\n","protected":false},"excerpt":{"rendered":"<p>La Labellisation EDD : Grille labellisation EDD 2020 La Chatoire Projet Embellissement &#8211; Espace Emeraude : Embellissement Emeraude \/\/ Espace Emeraude Projet Permaculture : Projet permaculture \/\/ Potager en permaculture de l\u2019espace \u00e9meuraude Les Eco-D\u00e9l\u00e9gu\u00e9s : ECO D\u00e9l\u00e9gu\u00e9s&nbsp; Implication \u00e9cologique du Coll\u00e8ge : Implication du Coll\u00e8ge<\/p>\n<p> <a class=\"continue-reading-link\" href=\"https:\/\/etab.ac-reunion.fr\/clg-la-chatoire\/labellisation-e-d-d\/\"><span>Lire l&rsquo;Article<\/span><i class=\"crycon-right-dir\"><\/i><\/a> <\/p>\n","protected":false},"author":19408,"featured_media":0,"parent":0,"menu_order":0,"comment_status":"closed","ping_status":"closed","template":"","meta":{"footnotes":""},"class_list":["post-4247","page","type-page","status-publish","hentry"],"_links":{"self":[{"href":"https:\/\/etab.ac-reunion.fr\/clg-la-chatoire\/wp-json\/wp\/v2\/pages\/4247","targetHints":{"allow":["GET"]}}],"collection":[{"href":"https:\/\/etab.ac-reunion.fr\/clg-la-chatoire\/wp-json\/wp\/v2\/pages"}],"about":[{"href":"https:\/\/etab.ac-reunion.fr\/clg-la-chatoire\/wp-json\/wp\/v2\/types\/page"}],"author":[{"embeddable":true,"href":"https:\/\/etab.ac-reunion.fr\/clg-la-chatoire\/wp-json\/wp\/v2\/users\/19408"}],"replies":[{"embeddable":true,"href":"https:\/\/etab.ac-reunion.fr\/clg-la-chatoire\/wp-json\/wp\/v2\/comments?post=4247"}],"version-history":[{"count":2,"href":"https:\/\/etab.ac-reunion.fr\/clg-la-chatoire\/wp-json\/wp\/v2\/pages\/4247\/revisions"}],"predecessor-version":[{"id":4259,"href":"https:\/\/etab.ac-reunion.fr\/clg-la-chatoire\/wp-json\/wp\/v2\/pages\/4247\/revisions\/4259"}],"wp:attachment":[{"href":"https:\/\/etab.ac-reunion.fr\/clg-la-chatoire\/wp-json\/wp\/v2\/media?parent=4247"}],"curies":[{"name":"wp","href":"https:\/\/api.w.org\/{rel}","templated":true}]}}