{"id":5245,"date":"2024-06-06T10:21:06","date_gmt":"2024-06-06T06:21:06","guid":{"rendered":"https:\/\/etab.ac-reunion.fr\/clg-la-chatoire\/?page_id=5245"},"modified":"2024-06-06T10:21:51","modified_gmt":"2024-06-06T06:21:51","slug":"club-echecs","status":"publish","type":"page","link":"https:\/\/etab.ac-reunion.fr\/clg-la-chatoire\/projets-de-letablissement-2\/club-echecs\/","title":{"rendered":"CLUB ECHECS"},"content":{"rendered":"\n<p>Le Club d&rsquo;Echecs du coll\u00e8ge a lieu tous les mardi de 11h50 \u00e0 12h50 en B04.<\/p>\n\n\n\n<p>Pour plus d&rsquo;informations sur le club ECHECS du coll\u00e8ge la Chatoire, veuillez cliquer sur le lien digipad suivant :<\/p>\n\n\n\n<p><a href=\"https:\/\/digipad.app\/p\/755045\/3402f627a89f1\">https:\/\/digipad.app\/p\/755045\/3402f627a89f1<\/a><\/p>\n","protected":false},"excerpt":{"rendered":"<p>Le Club d&rsquo;Echecs du coll\u00e8ge a lieu tous les mardi de 11h50 \u00e0 12h50 en B04. Pour plus d&rsquo;informations sur le club ECHECS du coll\u00e8ge la Chatoire, veuillez cliquer sur le lien digipad suivant : https:\/\/digipad.app\/p\/755045\/3402f627a89f1<\/p>\n<p> <a class=\"continue-reading-link\" href=\"https:\/\/etab.ac-reunion.fr\/clg-la-chatoire\/projets-de-letablissement-2\/club-echecs\/\"><span>Lire l&rsquo;Article<\/span><i class=\"crycon-right-dir\"><\/i><\/a> <\/p>\n","protected":false},"author":19408,"featured_media":0,"parent":4242,"menu_order":0,"comment_status":"closed","ping_status":"closed","template":"","meta":{"footnotes":""},"class_list":["post-5245","page","type-page","status-publish","hentry"],"_links":{"self":[{"href":"https:\/\/etab.ac-reunion.fr\/clg-la-chatoire\/wp-json\/wp\/v2\/pages\/5245","targetHints":{"allow":["GET"]}}],"collection":[{"href":"https:\/\/etab.ac-reunion.fr\/clg-la-chatoire\/wp-json\/wp\/v2\/pages"}],"about":[{"href":"https:\/\/etab.ac-reunion.fr\/clg-la-chatoire\/wp-json\/wp\/v2\/types\/page"}],"author":[{"embeddable":true,"href":"https:\/\/etab.ac-reunion.fr\/clg-la-chatoire\/wp-json\/wp\/v2\/users\/19408"}],"replies":[{"embeddable":true,"href":"https:\/\/etab.ac-reunion.fr\/clg-la-chatoire\/wp-json\/wp\/v2\/comments?post=5245"}],"version-history":[{"count":2,"href":"https:\/\/etab.ac-reunion.fr\/clg-la-chatoire\/wp-json\/wp\/v2\/pages\/5245\/revisions"}],"predecessor-version":[{"id":5247,"href":"https:\/\/etab.ac-reunion.fr\/clg-la-chatoire\/wp-json\/wp\/v2\/pages\/5245\/revisions\/5247"}],"up":[{"embeddable":true,"href":"https:\/\/etab.ac-reunion.fr\/clg-la-chatoire\/wp-json\/wp\/v2\/pages\/4242"}],"wp:attachment":[{"href":"https:\/\/etab.ac-reunion.fr\/clg-la-chatoire\/wp-json\/wp\/v2\/media?parent=5245"}],"curies":[{"name":"wp","href":"https:\/\/api.w.org\/{rel}","templated":true}]}}