{"id":248,"date":"2015-06-11T13:51:27","date_gmt":"2015-06-11T09:51:27","guid":{"rendered":"http:\/\/college-de-la-marine.ac-reunion.fr\/?page_id=248"},"modified":"2024-11-28T08:29:51","modified_gmt":"2024-11-28T04:29:51","slug":"mentions-legales","status":"publish","type":"page","link":"https:\/\/etab.ac-reunion.fr\/clg-la-marine\/?page_id=248","title":{"rendered":"Mentions l\u00e9gales"},"content":{"rendered":"<h4><span style=\"color: #000000\"><strong><span style=\"color: #000000\">Editeur :<\/span><br \/>\n<\/strong>Coll\u00e8ge La Marine<\/span><br \/>\n<span style=\"color: #000000\">4, Rue de La Marine<\/span><br \/>\n<span style=\"color: #000000\">Vincendo<\/span><br \/>\n<span style=\"color: #000000\">97480 Saint Joseph<\/span><br \/>\n<span style=\"color: #000000\">La R\u00e9union<\/span><\/h4>\n<h4><span style=\"color: #000000\">T\u00e9l : 0262 37 20 39<\/span><br \/>\n<span style=\"color: #000000\">Mail : ce.9741047v@ac-reunion.fr<\/span><\/h4>\n<h4><span style=\"color: #000000\">Directeur de la publication : M. Jean-Fran\u00e7ois LEBIHAN, Principal du Coll\u00e8ge<\/span><\/h4>\n<h4><strong><span style=\"color: #000000\">Site h\u00e9berg\u00e9 par :<\/span><\/strong><br \/>\n<span style=\"color: #000000\">Acad\u00e9mie de la R\u00e9union<br \/>\n24, avenue Georges Brassens<br \/>\nCS 71003<br \/>\n97743 Saint Denis Cedex 9<\/span><br \/>\n<span style=\"color: #000000\">T\u00e9l : 0262 48 10 10<\/span><\/h4>\n<p>Cr\u00e9dits<\/p>\n<p>Voici la liste des images utilis\u00e9es sur le site et provenant de sites ext\u00e9rieurs, vous y trouverez l&rsquo;auteur, le format original ainsi que la licence associ\u00e9e :<\/p>\n<p>Menu d\u00e9roulant :<\/p>\n<p><a href=\"https:\/\/www.flickr.com\/photos\/voyages-lambert\/14684528592\/in\/photolist-onC3Ks-kfTdXF-iVnDGU-goDo7x-a5poTE-aEfN7k-8Nc9wE-kUMaYh-aT92SZ-hZn7Do-9UQ7YF-7LbqTX-sswD5i-p9ogkT-6fTCYE-btNuQw-awmk1Q-jp8L3j-p9ot6C-jV8ZLP-hZn8em-73XDfU-p9oVU5-p9ph3F-pqRNju-p9odvz-pqB5pV-pqB4ne-pqRHzQ-p9oVyq-pqTfn2-pqREVS-pqTgaz-poRt5J-pqTfGv-p9psbr-p9oXGy-poRtnh-pqTdbD-pqRFPA-p9oWWq-pqTfxn-pqRNSo-pqB3LK-p9o8ND-pqThBc-p9opMo-p9osxJ-p9oeUM-p9oUao\" target=\"_blank\" rel=\"noopener\">Onglet \u00ab\u00a0Allemand\u00a0\u00bb<\/a><\/p>\n<p><a href=\"https:\/\/www.flickr.com\/photos\/_mll_\/6142732289\/in\/photolist-amP7ip-aeH33p-tokQja-97LDaM-bY6smm-oJ49XY-8xZ9VR-oCSxzD-eex3kc-2LeSnk-oCSbXh-d6nTko-oCStTv-anuRHP-apUw2D-6bmDmV-9fQpr9-eeuGyx-eeArVh-eeva86-eewhGi-eeArCf-8gsA67-hZHVhq-6fTCYE-oVjS1y-eex4DZ-eeArTC-ees6yd-eeArsd-eerBVS-ees6uN-eevaqT-otsub4-eeAU93-ovdMXF-ees6A5-otr1rL-otsXuT-bCQkeF-ef9dZ4-eeu6a6-ec6veY-noR5PC-eerBX5-eeuGua-eeuGNB-djzTNz-nqB6Nn-eeCLrh\" target=\"_blank\" rel=\"noopener\">Onglet \u00ab\u00a0Anglais\u00a0\u00bb<\/a><\/p>\n<p><a href=\"https:\/\/www.flickr.com\/photos\/pierremarcel\/6530044905\/in\/photolist-aX3bR8-aX3bBr-aX3cqp-aX3cc6-aX3c7R-aX3bnH-aX3bZr-aX3c3R-5rL49Q-5rFGwK-5rBD4V-5rBN8r-5rFTpu-5rBGXa-5rFHtr-5rBwPK-5rGdvL-5rFJTx-5rL1PE-5rBPK8-5rBRKi-5rBLCa-5rG4EE-5rFVFb-5rBXUr-5rBESp-5rBWeD-5rKZXb-5oh77s-9zfr89-rryUSD-rpGp6t-rpFCiT-rrs9AW-qMeoic-rrrb8U-rHVstF-rryQMe-rJ1vsv-qM1vGC-rpG3YV-9yZYB9-7TWK66-7TZSow-7TZWfq-7TWFyB-7TWPfa-7U11Su-7TWG1v-7TZWFo\" target=\"_blank\" rel=\"noopener\">Onglet \u00ab\u00a0Arts Plastiques\u00a0\u00bb<\/a><\/p>\n<p><a href=\"https:\/\/www.flickr.com\/photos\/valdemarne\/6106114050\/in\/photolist-aizqYs-4rS1ud-ohcQDP-ohcxy7-p8b1sR-oxS7E6-oyGtuM-6yvpTv-8ri625-khHXR3-i1bxgz-8nyhRY-c7eQHU-9QqMEg-8rf4qD-c7Aw3W-8riagY-c7Aerq-6upUf7-e1JBEk-mkUWA-mkVeD-mkUSa-mkUTL-mkVok-mkVCD-mkVvE-mkVrz-mkVa2-mkVj7-mkUZy-mkVm2-mkVyw-mkVhx-mkVq6-mkVbk-mkVwM-mkVAs-mkUNr-mkUYb-mkV1U-mkUMi-mkVuh-mkUVa-mkULc-mkVBz-mkV3F-mkVt1-mkV56-mkVgi\" target=\"_blank\" rel=\"noopener\">Onglet \u00ab\u00a0Education musicale\u00a0\u00bb<\/a><\/p>\n<p><a href=\"https:\/\/www.flickr.com\/photos\/telecom-bretagne\/4665647003\/in\/photolist-87hEiH-87hEgc-87hEdp-87hEat\" target=\"_blank\" rel=\"noopener\">Onglet \u00ab\u00a0EPS\u00a0\u00bb<\/a><\/p>\n<p><a href=\"https:\/\/www.flickr.com\/photos\/elentir\/8973308625\/in\/photolist-eEWy2F-qjt6Gf-9u3mWa-oJ49XY-cpphTs-cppfhu-cppgyW-cppnzo-cppiuJ-cppfW9-cppjib-cppeDu-cppoem-cppcJS-cppmWW-6fTCYE-gXFyyW-gXFeSN-gXFzmB-cpphgS-8icxsW-cppdn3-cppmnC-aoErMN-ophCH6-gXFkny\/\" target=\"_blank\" rel=\"noopener\">Onglet \u00ab\u00a0Espagnol\u00a0\u00bb<\/a><\/p>\n<p><a href=\"https:\/\/www.flickr.com\/photos\/woolamaloo_gazette\/7257520692\/in\/photolist-c4jG47-diqJoZ-qRiyVk-65Zw9U-r2j25p-quBHaT-ay2o5d-3nrHAi-47cvPK-9LtRda-4kTe3c-84StjE-i2Qn1T-i2PBCd-q4n5CX-qUCqhV-bVJwV5-9F6y9K-c8g5tL-rySc27-bkbBr6-k1sFLe-9Y3vSv-9Y2ZoR-ac6ph7-7xm9Hv-8H1eM5-a347Mj-sexiWq-8hYaim-pBdbrw-31bsCw-cV3fm5-qwwGjP-bXSp47-poXexb-e9Y5Yd-qQFZoh-9K2thk-8dum9E-qQHqfb-316UPc-57fqW-4Ghdx3-jKoJga-4NWmD5-boNjnU-7Z9HQh-7Z9HKC-jUWVcx\" target=\"_blank\" rel=\"noopener\">Onglet \u00ab\u00a0Fran\u00e7ais\u00a0\u00bb<\/a><\/p>\n<p><a href=\"https:\/\/www.flickr.com\/photos\/dynamosquito\/5865689943\/in\/photolist-9Wkcge-dJ6BeX-egknAn-egr8yf-3gkeEc-eFvUba-eFBWCb-aF58KV-9VLoMn-3gkesF-9Wo2HN-egr8ES-h43Aty-k5a3gx-egkn86-imcSgr-egkntF-aF58Mx-f1VRLB-h433Hi-egr86A-aF58LK-dP5moN-p23GH1-dJcvih-dJ6FJP-jneovv-dMo8DZ-dMtyMo-dMnR3F-a3CQ8b-82juDY-aEdXEx-dJ75MM-kh81MT-9tPP8d-oHFA14-dJ6Ag2-9tLxxv-rXm6Ha-mJdXYF-9Uhqoa-dSwTiE-mJdRGK-mJdVAB-dSriJx-mJdVZk-nNEYET-dMnVua-aEhNcY\" target=\"_blank\" rel=\"noopener\">Demi-onglet \u00ab\u00a0Histoire\u00a0\u00bb<\/a><\/p>\n<p><a href=\"https:\/\/www.flickr.com\/photos\/26010838@N06\/8788334766\/in\/photolist-eoAvKd-eo1MQ4-pyEYhf-ryEMgv-rDeea8-rXuye9-scBxAx-rXcZgR-scvXGS-sM1iEm-s3tR3C-sJmsYV-tH1hBR-tHTFXh-qvYSNN-qTXJzL-saKm97-p5SBfp-pJekAC-sre22k-suV4ig-qyr7yv-ru2eB9-rv3yqT-37xAfi-rAicCV-sa1UBv-rE3fHA-sbxxwF-rJkhKx-s6KycQ-s3oL4F-rV3Fm2-p9VN8s-rTWUid-sMZ4Pn-sdByiH-s8CpJ9-s5Xxvv-scBtXR-soZ8id-sRifc3-sb6ZJB-rVda8X-rV6eYd-rYAt3J-rjmWt4-pM4AHc-77HYht-6GS32W\" target=\"_blank\" rel=\"noopener\">Demi-onglet \u00ab\u00a0G\u00e9ographie<\/a>\u00a0\u00bb<\/p>\n<p><a href=\"https:\/\/www.flickr.com\/photos\/irchriscdk\/13946605527\/in\/photolist-nfpZVZ-nTQKCs-e4PoHG-8xb1Ek-fCYCVe-8xb1HZ-nCsbdv-6h7niN-4wFYSm-crzcdm-8x75eB-8xb1Tz-eDVquR-4s5Rm-dodBaC-dWETvk-ntp1TH-541ftN-fP3Xvh-dRvxaA-aGhYRT-e4VAqv-dUKDwa-e1uaHf-av3Lyc-6238uS-edPJVt-7DuvnM-86Jfej-5XcC51-pd2zYK-4svcsi-fCYLFT-ofxVFQ-6zBt6C-8qnJKb-fDgeH7-fDbr1A-8Rdemt-c8jodE-541ftW-7xRMxr-eaydZ-jiFzcH-ndaQD3-FCdMm-863FYD-541add-gN8Piw-aM8heK\" target=\"_blank\" rel=\"noopener\">Onglet \u00ab\u00a0Math\u00e9matiques\u00a0\u00bb<\/a><\/p>\n<p><a href=\"https:\/\/www.flickr.com\/photos\/mars_p\/4257968097\/in\/photolist-7ugcz4-8x1cP7-72mZFJ-8e1Pdt-7yjF19-7WZ5ua-7Ee6hi-6RzxLm-6YZUWw-dKjNV1-8HiPTc-7JWKXg-7kbYmD-7dobVW-p5HRD-6UaHyi-8cgG6f-3HVnc-6TB3Lh-72hXSg-7wXkhY-8EKcjk-6uGrui-7yQQ3L-7BnvCa-zTFfW-7tL7tJ-77KW8j-8M7YHE-8xe1uc-7u8t6P-Snqu-89unRT-6GrAFm-6Pmm5H-7jHTYB-7BSg1m-6NqZXc-7Vynhy-77UjxD-7ouoof-bXDBB7-8BFZ9K-7D9Eyf-8GmWUy-71h5ks-8aE4iy-73Nyyw-4NyEAA-7yWSbn\" target=\"_blank\" rel=\"noopener\">Onglet \u00ab\u00a0Sciences physiques \/ Chimie\u00a0\u00bb<\/a><\/p>\n<p><a href=\"https:\/\/www.flickr.com\/photos\/tjflex\/8536715599\/in\/photolist-e1mU8H-y3DhB-5h4S2N-oFy62v-5Awa7H-7ugcz4-8x1cP7-72mZFJ-8e1Pdt-7yjF19-7WZ5ua-7Ee6hi-6RzxLm-6YZUWw-dKjNV1-8HiPTc-7JWKXg-7kbYmD-7dobVW-p5HRD-6UaHyi-8cgG6f-3HVnc-6TB3Lh-72hXSg-7wXkhY-8EKcjk-6uGrui-7yQQ3L-7BnvCa-zTFfW-7tL7tJ-77KW8j-8M7YHE-8xe1uc-7u8t6P-Snqu-89unRT-6GrAFm-6Pmm5H-7jHTYB-7BSg1m-6NqZXc-7Vynhy-77UjxD-7ouoof-bXDBB7-8BFZ9K-7D9Eyf-8GmWUy\" target=\"_blank\" rel=\"noopener\">Onglet \u00ab\u00a0SVT\u00a0\u00bb<\/a><\/p>\n<p><a href=\"https:\/\/www.flickr.com\/photos\/marcwathieu\/3305301930\/\" target=\"_blank\" rel=\"noopener\">Onglet \u00ab\u00a0Technologie\u00a0\u00bb<\/a><\/p>\n<p>Articles :<\/p>\n<p>Histoire des arts:<\/p>\n<p>Gagnants loterie :<\/p>\n<p><a href=\"https:\/\/www.flickr.com\/photos\/paille-fr\/8752773641\" target=\"_blank\" rel=\"noopener\">Photo 1<\/a><\/p>\n","protected":false},"excerpt":{"rendered":"<p>Editeur : Coll\u00e8ge La Marine 4, Rue de La Marine Vincendo 97480 Saint Joseph La R\u00e9union T\u00e9l : 0262 37 20 39 Mail : ce.9741047v@ac-reunion.fr Directeur de la publication : M. Jean-Fran\u00e7ois LEBIHAN, Principal du Coll\u00e8ge Site h\u00e9berg\u00e9 par : Acad\u00e9mie de la R\u00e9union 24, avenue Georges Brassens CS 71003&#8230;<\/p>\n<p class=\"continue-reading-button\"> <a class=\"continue-reading-link\" href=\"https:\/\/etab.ac-reunion.fr\/clg-la-marine\/?page_id=248\">En savoir plus&#8230;<i class=\"crycon-right-dir\"><\/i><\/a><\/p>\n","protected":false},"author":5356,"featured_media":0,"parent":0,"menu_order":0,"comment_status":"closed","ping_status":"closed","template":"","meta":{"footnotes":"","_links_to":"","_links_to_target":""},"class_list":["post-248","page","type-page","status-publish","hentry"],"_links":{"self":[{"href":"https:\/\/etab.ac-reunion.fr\/clg-la-marine\/index.php?rest_route=\/wp\/v2\/pages\/248","targetHints":{"allow":["GET"]}}],"collection":[{"href":"https:\/\/etab.ac-reunion.fr\/clg-la-marine\/index.php?rest_route=\/wp\/v2\/pages"}],"about":[{"href":"https:\/\/etab.ac-reunion.fr\/clg-la-marine\/index.php?rest_route=\/wp\/v2\/types\/page"}],"author":[{"embeddable":true,"href":"https:\/\/etab.ac-reunion.fr\/clg-la-marine\/index.php?rest_route=\/wp\/v2\/users\/5356"}],"replies":[{"embeddable":true,"href":"https:\/\/etab.ac-reunion.fr\/clg-la-marine\/index.php?rest_route=%2Fwp%2Fv2%2Fcomments&post=248"}],"version-history":[{"count":8,"href":"https:\/\/etab.ac-reunion.fr\/clg-la-marine\/index.php?rest_route=\/wp\/v2\/pages\/248\/revisions"}],"predecessor-version":[{"id":2972,"href":"https:\/\/etab.ac-reunion.fr\/clg-la-marine\/index.php?rest_route=\/wp\/v2\/pages\/248\/revisions\/2972"}],"wp:attachment":[{"href":"https:\/\/etab.ac-reunion.fr\/clg-la-marine\/index.php?rest_route=%2Fwp%2Fv2%2Fmedia&parent=248"}],"curies":[{"name":"wp","href":"https:\/\/api.w.org\/{rel}","templated":true}]}}