{"id":250,"date":"2015-06-11T13:52:48","date_gmt":"2015-06-11T09:52:48","guid":{"rendered":"http:\/\/college-de-la-marine.ac-reunion.fr\/?page_id=250"},"modified":"2021-02-10T23:06:12","modified_gmt":"2021-02-10T19:06:12","slug":"contact","status":"publish","type":"page","link":"https:\/\/etab.ac-reunion.fr\/clg-la-marine\/?page_id=250","title":{"rendered":"Nous contacter"},"content":{"rendered":"<h4>Coll\u00e8ge La Marine<br \/>\n4, Rue de La Marine<br \/>\nVincendo<br \/>\n97480 Saint Joseph<br \/>\nLa R\u00e9union<\/h4>\n<h4>T\u00e9l : 0262 37 20 39\u00a0\u00a0\u00a0 Fax : 0262 37 27 66<br \/>\nMail : ce.9741047v@ac-reunion.fr<\/h4>\n","protected":false},"excerpt":{"rendered":"<p>Coll\u00e8ge La Marine 4, Rue de La Marine Vincendo 97480 Saint Joseph La R\u00e9union T\u00e9l : 0262 37 20 39\u00a0\u00a0\u00a0 Fax : 0262 37 27 66 Mail : ce.9741047v@ac-reunion.fr<\/p>\n<p class=\"continue-reading-button\"> <a class=\"continue-reading-link\" href=\"https:\/\/etab.ac-reunion.fr\/clg-la-marine\/?page_id=250\">En savoir plus&#8230;<i class=\"crycon-right-dir\"><\/i><\/a><\/p>\n","protected":false},"author":5356,"featured_media":0,"parent":0,"menu_order":0,"comment_status":"closed","ping_status":"closed","template":"","meta":{"footnotes":"","_links_to":"","_links_to_target":""},"class_list":["post-250","page","type-page","status-publish","hentry"],"_links":{"self":[{"href":"https:\/\/etab.ac-reunion.fr\/clg-la-marine\/index.php?rest_route=\/wp\/v2\/pages\/250","targetHints":{"allow":["GET"]}}],"collection":[{"href":"https:\/\/etab.ac-reunion.fr\/clg-la-marine\/index.php?rest_route=\/wp\/v2\/pages"}],"about":[{"href":"https:\/\/etab.ac-reunion.fr\/clg-la-marine\/index.php?rest_route=\/wp\/v2\/types\/page"}],"author":[{"embeddable":true,"href":"https:\/\/etab.ac-reunion.fr\/clg-la-marine\/index.php?rest_route=\/wp\/v2\/users\/5356"}],"replies":[{"embeddable":true,"href":"https:\/\/etab.ac-reunion.fr\/clg-la-marine\/index.php?rest_route=%2Fwp%2Fv2%2Fcomments&post=250"}],"version-history":[{"count":4,"href":"https:\/\/etab.ac-reunion.fr\/clg-la-marine\/index.php?rest_route=\/wp\/v2\/pages\/250\/revisions"}],"predecessor-version":[{"id":1786,"href":"https:\/\/etab.ac-reunion.fr\/clg-la-marine\/index.php?rest_route=\/wp\/v2\/pages\/250\/revisions\/1786"}],"wp:attachment":[{"href":"https:\/\/etab.ac-reunion.fr\/clg-la-marine\/index.php?rest_route=%2Fwp%2Fv2%2Fmedia&parent=250"}],"curies":[{"name":"wp","href":"https:\/\/api.w.org\/{rel}","templated":true}]}}