{"id":98,"date":"2015-01-27T23:16:18","date_gmt":"2015-01-27T19:16:18","guid":{"rendered":"http:\/\/college-de-la-marine.ac-reunion.fr\/?page_id=98"},"modified":"2015-12-15T08:43:27","modified_gmt":"2015-12-15T04:43:27","slug":"vie-scolaire","status":"publish","type":"page","link":"https:\/\/etab.ac-reunion.fr\/clg-la-marine\/?page_id=98","title":{"rendered":"Vie scolaire"},"content":{"rendered":"\n\n<div class=\"su-posts su-posts-default-loop \">\n\n\t\n\t\t\t\t\t\n\t\t\t\n\t\t\t<div id=\"su-post-2740\" class=\"su-post \">\n\n\t\t\t\t\t\t\t\t\t<a class=\"su-post-thumbnail\" href=\"https:\/\/etab.ac-reunion.fr\/clg-la-marine\/?p=2740\"><a href=\"https:\/\/etab.ac-reunion.fr\/clg-la-marine\/?p=2740\" title=\"Le jardin partag\u00e9 avec l\u2019\u00e9cole primaire et maternelle de Vincendo\"><img loading=\"lazy\" decoding=\"async\" width=\"113\" height=\"150\" src=\"https:\/\/etab.ac-reunion.fr\/clg-la-marine\/wp-content\/uploads\/sites\/119\/2022\/12\/image-9-113x150.png\" class=\"attachment-post-thumbnail size-post-thumbnail wp-post-image\" alt=\"\" srcset=\"https:\/\/etab.ac-reunion.fr\/clg-la-marine\/wp-content\/uploads\/sites\/119\/2022\/12\/image-9-113x150.png 113w, https:\/\/etab.ac-reunion.fr\/clg-la-marine\/wp-content\/uploads\/sites\/119\/2022\/12\/image-9-225x300.png 225w, https:\/\/etab.ac-reunion.fr\/clg-la-marine\/wp-content\/uploads\/sites\/119\/2022\/12\/image-9.png 324w\" sizes=\"auto, (max-width: 113px) 100vw, 113px\" \/><\/a><\/a>\n\t\t\t\t\n\t\t\t\t<h2 class=\"su-post-title\"><a href=\"https:\/\/etab.ac-reunion.fr\/clg-la-marine\/?p=2740\">Le jardin partag\u00e9 avec l\u2019\u00e9cole primaire et maternelle de Vincendo<\/a><\/h2>\n\n\t\t\t\t<div class=\"su-post-meta\">\n\t\t\t\t\tPubli\u00e9: 16 d\u00e9cembre 2022\t\t\t\t<\/div>\n\n\t\t\t\t<div class=\"su-post-excerpt\">\n\t\t\t\t\t<p>Ce lundi 12 d\u00e9cembre, les \u00e9l\u00e8ves du dispositif ont pu recevoir la classe de CE1 de Mme Boyer et de MS de Mme Ouledi au jardin. Plusieurs petits ateliers ont \u00e9t\u00e9 mis en place. Tout d\u2019abord, ils ont appris \u00e0 confectionner des kok\u00e9damas. Puis, les \u00e9l\u00e8ves du dispositif ont offert&#8230;<\/p>\n<p class=\"continue-reading-button\"> <a class=\"continue-reading-link\" href=\"https:\/\/etab.ac-reunion.fr\/clg-la-marine\/?p=2740\">En savoir plus&#8230;<i class=\"crycon-right-dir\"><\/i><\/a><\/p>\n\t\t\t\t<\/div>\n\n\t\t\t\t\n\t\t\t<\/div>\n\n\t\t\t\t\t\n\t\t\t\n\t\t\t<div id=\"su-post-2699\" class=\"su-post \">\n\n\t\t\t\t\t\t\t\t\t<a class=\"su-post-thumbnail\" href=\"https:\/\/etab.ac-reunion.fr\/clg-la-marine\/?p=2699\"><a href=\"https:\/\/etab.ac-reunion.fr\/clg-la-marine\/?p=2699\" title=\"Le jardin du coll\u00e8ge\"><img loading=\"lazy\" decoding=\"async\" width=\"150\" height=\"113\" src=\"https:\/\/etab.ac-reunion.fr\/clg-la-marine\/wp-content\/uploads\/sites\/119\/2022\/11\/1-150x113.png\" class=\"attachment-post-thumbnail size-post-thumbnail wp-post-image\" alt=\"\" srcset=\"https:\/\/etab.ac-reunion.fr\/clg-la-marine\/wp-content\/uploads\/sites\/119\/2022\/11\/1-150x113.png 150w, https:\/\/etab.ac-reunion.fr\/clg-la-marine\/wp-content\/uploads\/sites\/119\/2022\/11\/1-300x225.png 300w, https:\/\/etab.ac-reunion.fr\/clg-la-marine\/wp-content\/uploads\/sites\/119\/2022\/11\/1.png 605w\" sizes=\"auto, (max-width: 150px) 100vw, 150px\" \/><\/a><\/a>\n\t\t\t\t\n\t\t\t\t<h2 class=\"su-post-title\"><a href=\"https:\/\/etab.ac-reunion.fr\/clg-la-marine\/?p=2699\">Le jardin du coll\u00e8ge<\/a><\/h2>\n\n\t\t\t\t<div class=\"su-post-meta\">\n\t\t\t\t\tPubli\u00e9: 17 novembre 2022\t\t\t\t<\/div>\n\n\t\t\t\t<div class=\"su-post-excerpt\">\n\t\t\t\t\t<p>Pour cette rentr\u00e9e scolaire 2022-2023, nous continuons \u00e0 nous occuper du jardin du coll\u00e8ge avec les \u00e9l\u00e8ves volontaires et les \u00e9l\u00e8ves du dispositif. Nous avons eu des dons de plantes de la part du personnel du coll\u00e8ge (AESH, professeurs, ATTEE). L\u2019aide des ATTEE pour am\u00e9liorer l\u2019acc\u00e8s au jardin. Enfin, nous&#8230;<\/p>\n<p class=\"continue-reading-button\"> <a class=\"continue-reading-link\" href=\"https:\/\/etab.ac-reunion.fr\/clg-la-marine\/?p=2699\">En savoir plus&#8230;<i class=\"crycon-right-dir\"><\/i><\/a><\/p>\n\t\t\t\t<\/div>\n\n\t\t\t\t\n\t\t\t<\/div>\n\n\t\t\t\t\t\n\t\t\t\n\t\t\t<div id=\"su-post-2627\" class=\"su-post \">\n\n\t\t\t\t\t\t\t\t\t<a class=\"su-post-thumbnail\" href=\"https:\/\/etab.ac-reunion.fr\/clg-la-marine\/?p=2627\"><a href=\"https:\/\/etab.ac-reunion.fr\/clg-la-marine\/?p=2627\" title=\"Retour en images sur le cross du coll\u00e8ge\"><img loading=\"lazy\" decoding=\"async\" width=\"150\" height=\"113\" src=\"https:\/\/etab.ac-reunion.fr\/clg-la-marine\/wp-content\/uploads\/sites\/119\/2022\/11\/IMG_20220922_081749-150x113.jpg\" class=\"attachment-post-thumbnail size-post-thumbnail wp-post-image\" alt=\"cross 22\" srcset=\"https:\/\/etab.ac-reunion.fr\/clg-la-marine\/wp-content\/uploads\/sites\/119\/2022\/11\/IMG_20220922_081749-150x113.jpg 150w, https:\/\/etab.ac-reunion.fr\/clg-la-marine\/wp-content\/uploads\/sites\/119\/2022\/11\/IMG_20220922_081749-300x225.jpg 300w, https:\/\/etab.ac-reunion.fr\/clg-la-marine\/wp-content\/uploads\/sites\/119\/2022\/11\/IMG_20220922_081749-1024x768.jpg 1024w, https:\/\/etab.ac-reunion.fr\/clg-la-marine\/wp-content\/uploads\/sites\/119\/2022\/11\/IMG_20220922_081749-768x576.jpg 768w, https:\/\/etab.ac-reunion.fr\/clg-la-marine\/wp-content\/uploads\/sites\/119\/2022\/11\/IMG_20220922_081749-1536x1152.jpg 1536w, https:\/\/etab.ac-reunion.fr\/clg-la-marine\/wp-content\/uploads\/sites\/119\/2022\/11\/IMG_20220922_081749-2048x1536.jpg 2048w\" sizes=\"auto, (max-width: 150px) 100vw, 150px\" \/><\/a><\/a>\n\t\t\t\t\n\t\t\t\t<h2 class=\"su-post-title\"><a href=\"https:\/\/etab.ac-reunion.fr\/clg-la-marine\/?p=2627\">Retour en images sur le cross du coll\u00e8ge<\/a><\/h2>\n\n\t\t\t\t<div class=\"su-post-meta\">\n\t\t\t\t\tPubli\u00e9: 4 novembre 2022\t\t\t\t<\/div>\n\n\t\t\t\t<div class=\"su-post-excerpt\">\n\t\t\t\t\t<p>Jeudi 22 septembre dernier, le coup d&rsquo;envoi a \u00e9t\u00e9 donn\u00e9 pour un cross endiabl\u00e9 au coll\u00e8ge. Les \u00e9l\u00e8ves se sont donn\u00e9s \u00e0 fond et ont profit\u00e9 de ce moment festif dans un esprit sportif et jovial. Ce sont les gar\u00e7ons puis les filles de 5e qui ont ouvert la course&#8230;.<\/p>\n<p class=\"continue-reading-button\"> <a class=\"continue-reading-link\" href=\"https:\/\/etab.ac-reunion.fr\/clg-la-marine\/?p=2627\">En savoir plus&#8230;<i class=\"crycon-right-dir\"><\/i><\/a><\/p>\n\t\t\t\t<\/div>\n\n\t\t\t\t\n\t\t\t<\/div>\n\n\t\t\t\t\t\n\t\t\t\n\t\t\t<div id=\"su-post-2527\" class=\"su-post \">\n\n\t\t\t\t\t\t\t\t\t<a class=\"su-post-thumbnail\" href=\"https:\/\/etab.ac-reunion.fr\/clg-la-marine\/?p=2527\"><a href=\"https:\/\/etab.ac-reunion.fr\/clg-la-marine\/?p=2527\" title=\"Horaire des bus pour le DNB 2022\"><img loading=\"lazy\" decoding=\"async\" width=\"150\" height=\"106\" src=\"https:\/\/etab.ac-reunion.fr\/clg-la-marine\/wp-content\/uploads\/sites\/119\/2022\/06\/Horaires-des-bus-pour-le-DNB-2022-150x106.jpg\" class=\"attachment-post-thumbnail size-post-thumbnail wp-post-image\" alt=\"\" srcset=\"https:\/\/etab.ac-reunion.fr\/clg-la-marine\/wp-content\/uploads\/sites\/119\/2022\/06\/Horaires-des-bus-pour-le-DNB-2022-150x106.jpg 150w, https:\/\/etab.ac-reunion.fr\/clg-la-marine\/wp-content\/uploads\/sites\/119\/2022\/06\/Horaires-des-bus-pour-le-DNB-2022-300x212.jpg 300w, https:\/\/etab.ac-reunion.fr\/clg-la-marine\/wp-content\/uploads\/sites\/119\/2022\/06\/Horaires-des-bus-pour-le-DNB-2022-1024x724.jpg 1024w, https:\/\/etab.ac-reunion.fr\/clg-la-marine\/wp-content\/uploads\/sites\/119\/2022\/06\/Horaires-des-bus-pour-le-DNB-2022-768x543.jpg 768w, https:\/\/etab.ac-reunion.fr\/clg-la-marine\/wp-content\/uploads\/sites\/119\/2022\/06\/Horaires-des-bus-pour-le-DNB-2022-1536x1086.jpg 1536w, https:\/\/etab.ac-reunion.fr\/clg-la-marine\/wp-content\/uploads\/sites\/119\/2022\/06\/Horaires-des-bus-pour-le-DNB-2022.jpg 1755w\" sizes=\"auto, (max-width: 150px) 100vw, 150px\" \/><\/a><\/a>\n\t\t\t\t\n\t\t\t\t<h2 class=\"su-post-title\"><a href=\"https:\/\/etab.ac-reunion.fr\/clg-la-marine\/?p=2527\">Horaire des bus pour le DNB 2022<\/a><\/h2>\n\n\t\t\t\t<div class=\"su-post-meta\">\n\t\t\t\t\tPubli\u00e9: 24 juin 2022\t\t\t\t<\/div>\n\n\t\t\t\t<div class=\"su-post-excerpt\">\n\t\t\t\t\t<p class=\"continue-reading-button\"> <a class=\"continue-reading-link\" href=\"https:\/\/etab.ac-reunion.fr\/clg-la-marine\/?p=2527\">En savoir plus&#8230;<i class=\"crycon-right-dir\"><\/i><\/a><\/p>\n\t\t\t\t<\/div>\n\n\t\t\t\t\n\t\t\t<\/div>\n\n\t\t\t\t\t\n\t\t\t\n\t\t\t<div id=\"su-post-2073\" class=\"su-post \">\n\n\t\t\t\t\t\t\t\t\t<a class=\"su-post-thumbnail\" href=\"https:\/\/etab.ac-reunion.fr\/clg-la-marine\/?p=2073\"><a href=\"https:\/\/etab.ac-reunion.fr\/clg-la-marine\/?p=2073\" title=\"Escape game des d\u00e9l\u00e9gu\u00e9s - 5e, 4e, 3e\"><img loading=\"lazy\" decoding=\"async\" width=\"150\" height=\"113\" src=\"https:\/\/etab.ac-reunion.fr\/clg-la-marine\/wp-content\/uploads\/sites\/119\/2021\/05\/IMG-20210528-WA0003-150x113.jpg\" class=\"attachment-post-thumbnail size-post-thumbnail wp-post-image\" alt=\"\" srcset=\"https:\/\/etab.ac-reunion.fr\/clg-la-marine\/wp-content\/uploads\/sites\/119\/2021\/05\/IMG-20210528-WA0003-150x113.jpg 150w, https:\/\/etab.ac-reunion.fr\/clg-la-marine\/wp-content\/uploads\/sites\/119\/2021\/05\/IMG-20210528-WA0003-300x225.jpg 300w, https:\/\/etab.ac-reunion.fr\/clg-la-marine\/wp-content\/uploads\/sites\/119\/2021\/05\/IMG-20210528-WA0003-1024x768.jpg 1024w, https:\/\/etab.ac-reunion.fr\/clg-la-marine\/wp-content\/uploads\/sites\/119\/2021\/05\/IMG-20210528-WA0003-768x576.jpg 768w, https:\/\/etab.ac-reunion.fr\/clg-la-marine\/wp-content\/uploads\/sites\/119\/2021\/05\/IMG-20210528-WA0003.jpg 1280w\" sizes=\"auto, (max-width: 150px) 100vw, 150px\" \/><\/a><\/a>\n\t\t\t\t\n\t\t\t\t<h2 class=\"su-post-title\"><a href=\"https:\/\/etab.ac-reunion.fr\/clg-la-marine\/?p=2073\">Escape game des d\u00e9l\u00e9gu\u00e9s &#8211; 5e, 4e, 3e<\/a><\/h2>\n\n\t\t\t\t<div class=\"su-post-meta\">\n\t\t\t\t\tPubli\u00e9: 31 mai 2021\t\t\t\t<\/div>\n\n\t\t\t\t<div class=\"su-post-excerpt\">\n\t\t\t\t\t<p>Le vendredi 28 mai 2021, 3 \u00e9quipes devaient lib\u00e9rer le principal enferm\u00e9 contre son gr\u00e9 par un agent dans une salle. Ils ont eu 1h15 pour r\u00e9aliser une suite de d\u00e9fis. Devise des 4\u00e8mes Devise des 3\u00e8mes Jeu des instances<\/p>\n<p class=\"continue-reading-button\"> <a class=\"continue-reading-link\" href=\"https:\/\/etab.ac-reunion.fr\/clg-la-marine\/?p=2073\">En savoir plus&#8230;<i class=\"crycon-right-dir\"><\/i><\/a><\/p>\n\t\t\t\t<\/div>\n\n\t\t\t\t\n\t\t\t<\/div>\n\n\t\t\t\t\t\n\t\t\t\n\t\t\t<div id=\"su-post-1518\" class=\"su-post \">\n\n\t\t\t\t\n\t\t\t\t<h2 class=\"su-post-title\"><a href=\"https:\/\/etab.ac-reunion.fr\/clg-la-marine\/?p=1518\">Pr\u00e9parer son orientation !<\/a><\/h2>\n\n\t\t\t\t<div class=\"su-post-meta\">\n\t\t\t\t\tPubli\u00e9: 8 avril 2020\t\t\t\t<\/div>\n\n\t\t\t\t<div class=\"su-post-excerpt\">\n\t\t\t\t\t<p>En cette p\u00e9riode particuli\u00e8re, il pourrait \u00eatre int\u00e9ressant de mettre votre temps \u00e0 profit pour pr\u00e9parer les v\u0153ux d\u2019orientation et d\u2019affectation. En effet, l\u2019orientation se construit tout au long de la scolarit\u00e9 et repr\u00e9sente un des enjeux de la classe de 3\u00e8me. Pour vous aider, voici une liste de sites&#8230;<\/p>\n<p class=\"continue-reading-button\"> <a class=\"continue-reading-link\" href=\"https:\/\/etab.ac-reunion.fr\/clg-la-marine\/?p=1518\">En savoir plus&#8230;<i class=\"crycon-right-dir\"><\/i><\/a><\/p>\n\t\t\t\t<\/div>\n\n\t\t\t\t\n\t\t\t<\/div>\n\n\t\t\t\t\t\n\t\t\t\n\t\t\t<div id=\"su-post-1462\" class=\"su-post \">\n\n\t\t\t\t\n\t\t\t\t<h2 class=\"su-post-title\"><a href=\"https:\/\/etab.ac-reunion.fr\/clg-la-marine\/?p=1462\">LES MERCREDIS de l&rsquo;Association Sportive &#8211; UNSS &#8211; saison 2019-2020<\/a><\/h2>\n\n\t\t\t\t<div class=\"su-post-meta\">\n\t\t\t\t\tPubli\u00e9: 7 octobre 2019\t\t\t\t<\/div>\n\n\t\t\t\t<div class=\"su-post-excerpt\">\n\t\t\t\t\t<p>Mercredi 4 septembre\u00a0: &#8211; Hand-ball\u00a0: entra\u00eenement Jocelyn et Patricia Mercredi 11 septembre\u00a0: &#8211; Hand-ball\u00a0: entra\u00eenement Jocelyn et Patricia &#8211; VTT\u00a0: entra\u00eenement M. Hoareau &#8211; Danse-A\u00e9robic\u00a0: entra\u00eenement\u00a0: Mme P\u00e9nombre &#8211; Formation Jeunes Dirigeants ( du 11 au 13 )\u00a0: La Saline\u00a0: Mme Sprauer Mercredi 18 septembre\u00a0: &#8211; Hand-ball\u00a0: entra\u00eenement Jocelyn et&#8230;<\/p>\n<p class=\"continue-reading-button\"> <a class=\"continue-reading-link\" href=\"https:\/\/etab.ac-reunion.fr\/clg-la-marine\/?p=1462\">En savoir plus&#8230;<i class=\"crycon-right-dir\"><\/i><\/a><\/p>\n\t\t\t\t<\/div>\n\n\t\t\t\t\n\t\t\t<\/div>\n\n\t\t\t\t\t\n\t\t\t\n\t\t\t<div id=\"su-post-1460\" class=\"su-post \">\n\n\t\t\t\t\n\t\t\t\t<h2 class=\"su-post-title\"><a href=\"https:\/\/etab.ac-reunion.fr\/clg-la-marine\/?p=1460\">Calendrier pr\u00e9visionnel des mercredi de l&rsquo;UNSS<\/a><\/h2>\n\n\t\t\t\t<div class=\"su-post-meta\">\n\t\t\t\t\tPubli\u00e9: 7 octobre 2019\t\t\t\t<\/div>\n\n\t\t\t\t<div class=\"su-post-excerpt\">\n\t\t\t\t\t<p>Mercredi 4 septembre\u00a0: &#8211; Hand-ball\u00a0: entra\u00eenement Jocelyn et Patricia Mercredi 11 septembre\u00a0: &#8211; Hand-ball\u00a0: entra\u00eenement Jocelyn et Patricia &#8211; VTT\u00a0: entra\u00eenement M. Hoareau &#8211; Danse-A\u00e9robic\u00a0: entra\u00eenement\u00a0: Mme P\u00e9nombre &#8211; Formation Jeunes Dirigeants ( du 11 au 13 )\u00a0: La Saline\u00a0: Mme Sprauer Mercredi 18 septembre\u00a0: &#8211; Hand-ball\u00a0: entra\u00eenement Jocelyn et&#8230;<\/p>\n<p class=\"continue-reading-button\"> <a class=\"continue-reading-link\" href=\"https:\/\/etab.ac-reunion.fr\/clg-la-marine\/?p=1460\">En savoir plus&#8230;<i class=\"crycon-right-dir\"><\/i><\/a><\/p>\n\t\t\t\t<\/div>\n\n\t\t\t\t\n\t\t\t<\/div>\n\n\t\t\t\t\t\n\t\t\t\n\t\t\t<div id=\"su-post-1457\" class=\"su-post \">\n\n\t\t\t\t\n\t\t\t\t<h2 class=\"su-post-title\"><a href=\"https:\/\/etab.ac-reunion.fr\/clg-la-marine\/?p=1457\">Rules at La Marine Middle School<\/a><\/h2>\n\n\t\t\t\t<div class=\"su-post-meta\">\n\t\t\t\t\tPubli\u00e9: 7 octobre 2019\t\t\t\t<\/div>\n\n\t\t\t\t<div class=\"su-post-excerpt\">\n\t\t\t\t\t<p>Pupils have to be punctual. School starts at 7:50. Pupils who arrive late must go to the office to get a tardy slip. In case of absence, parents have to call the school in the morning. Absence notes are compulsory. Having your school supplies is a golden rule. It\u2019s forbidden&#8230;<\/p>\n<p class=\"continue-reading-button\"> <a class=\"continue-reading-link\" href=\"https:\/\/etab.ac-reunion.fr\/clg-la-marine\/?p=1457\">En savoir plus&#8230;<i class=\"crycon-right-dir\"><\/i><\/a><\/p>\n\t\t\t\t<\/div>\n\n\t\t\t\t\n\t\t\t<\/div>\n\n\t\t\t\t\t\n\t\t\t\n\t\t\t<div id=\"su-post-1386\" class=\"su-post \">\n\n\t\t\t\t\n\t\t\t\t<h2 class=\"su-post-title\"><a href=\"https:\/\/etab.ac-reunion.fr\/clg-la-marine\/?p=1386\">Concours Zerbaz P\u00e9i<\/a><\/h2>\n\n\t\t\t\t<div class=\"su-post-meta\">\n\t\t\t\t\tPubli\u00e9: 9 juillet 2019\t\t\t\t<\/div>\n\n\t\t\t\t<div class=\"su-post-excerpt\">\n\t\t\t\t\t<p>Les \u00e9l\u00e8ves d&rsquo;ULIS ont fait partie cette ann\u00e9e des laur\u00e9ats de la 13\u00e8me \u00e9dition du Concours Zerbaz P\u00e9i. Le but du concours \u00e9tait de faire des planches d&rsquo;Herbier sur les plantes m\u00e9dicinales de l&rsquo;\u00eele. Nos \u00e9l\u00e8ves ont fini 3\u00e8me et \u00e0 ce titre ils ont \u00e9t\u00e9 convi\u00e9s \u00e0 la remise&#8230;<\/p>\n<p class=\"continue-reading-button\"> <a class=\"continue-reading-link\" href=\"https:\/\/etab.ac-reunion.fr\/clg-la-marine\/?p=1386\">En savoir plus&#8230;<i class=\"crycon-right-dir\"><\/i><\/a><\/p>\n\t\t\t\t<\/div>\n\n\t\t\t\t\n\t\t\t<\/div>\n\n\t\t\n\t\n<\/div>\n\n","protected":false},"excerpt":{"rendered":"<p class=\"continue-reading-button\"> <a class=\"continue-reading-link\" href=\"https:\/\/etab.ac-reunion.fr\/clg-la-marine\/?p=1386\">En savoir plus&#8230;<i class=\"crycon-right-dir\"><\/i><\/a><\/p>\n","protected":false},"author":5358,"featured_media":0,"parent":0,"menu_order":0,"comment_status":"closed","ping_status":"open","template":"","meta":{"footnotes":"","_links_to":"","_links_to_target":""},"class_list":["post-98","page","type-page","status-publish","hentry"],"_links":{"self":[{"href":"https:\/\/etab.ac-reunion.fr\/clg-la-marine\/index.php?rest_route=\/wp\/v2\/pages\/98","targetHints":{"allow":["GET"]}}],"collection":[{"href":"https:\/\/etab.ac-reunion.fr\/clg-la-marine\/index.php?rest_route=\/wp\/v2\/pages"}],"about":[{"href":"https:\/\/etab.ac-reunion.fr\/clg-la-marine\/index.php?rest_route=\/wp\/v2\/types\/page"}],"author":[{"embeddable":true,"href":"https:\/\/etab.ac-reunion.fr\/clg-la-marine\/index.php?rest_route=\/wp\/v2\/users\/5358"}],"replies":[{"embeddable":true,"href":"https:\/\/etab.ac-reunion.fr\/clg-la-marine\/index.php?rest_route=%2Fwp%2Fv2%2Fcomments&post=98"}],"version-history":[{"count":2,"href":"https:\/\/etab.ac-reunion.fr\/clg-la-marine\/index.php?rest_route=\/wp\/v2\/pages\/98\/revisions"}],"predecessor-version":[{"id":700,"href":"https:\/\/etab.ac-reunion.fr\/clg-la-marine\/index.php?rest_route=\/wp\/v2\/pages\/98\/revisions\/700"}],"wp:attachment":[{"href":"https:\/\/etab.ac-reunion.fr\/clg-la-marine\/index.php?rest_route=%2Fwp%2Fv2%2Fmedia&parent=98"}],"curies":[{"name":"wp","href":"https:\/\/api.w.org\/{rel}","templated":true}]}}