{"id":13569,"date":"2014-09-30T20:20:10","date_gmt":"2014-09-30T16:20:10","guid":{"rendered":"http:\/\/college-lamontagne.ac-reunion.fr\/?page_id=13569"},"modified":"2021-10-07T16:24:35","modified_gmt":"2021-10-07T12:24:35","slug":"quest-ce-que-cest","status":"publish","type":"page","link":"https:\/\/etab.ac-reunion.fr\/clg-la-montagne\/quest-ce-que-cest\/","title":{"rendered":"Qu&rsquo;est ce que c&rsquo;est?"},"content":{"rendered":"<p>S.E.G.P.A. signifie \u00ab <span style=\"color: #ff0000\">S<\/span>ection d&rsquo;<span style=\"color: #ff0000\">E<\/span>nseignement <span style=\"color: #ff0000\">G<\/span>\u00e9n\u00e9ral et <span style=\"color: #ff0000\">P<\/span>rofessionnel <span style=\"color: #ff0000\">A<\/span>dapt\u00e9 \u00bb.<br \/>\nCette Section accueille des coll\u00e9giens, en\u00a0 difficult\u00e9 scolaire principalement \u00e0 la fin\u00a0 de l&rsquo;\u00e9cole \u00e9l\u00e9mentaire et s&rsquo;applique \u00e0 les amener, \u00e0 l&rsquo;issue d&rsquo;un cursus de 4 ans (de la 6\u00e8me \u00e0 la 3\u00e8me), vers une formation qualifiante de niveau CAP.<\/p>\n<p>&nbsp;<\/p>\n<p><span style=\"text-decoration: underline\"><strong>Cela s&rsquo;organise \u00e0 travers :<\/strong><\/span><br \/>\n1) Des objectifs :<br \/>\n&#8211; Aider l&rsquo;\u00e9l\u00e8ve \u00e0 retrouver la confiance par une image de soi plus positive,<br \/>\n&#8211; se construire et adopter un ensemble de valeurs citoyennes,<br \/>\n&#8211; donner du sens aux apprentissages,<br \/>\n&#8211; se construire un socle de connaissances et de comp\u00e9tences pour pr\u00e9parer l&rsquo;entr\u00e9e en formation professionnelle et \u00e0 plus long terme, l&rsquo;insertion professionnelle.<\/p>\n<p><span style=\"text-decoration: underline\"><strong>2) Un enseignement et une p\u00e9dagogie adapt\u00e9s :<\/strong><\/span><br \/>\nL&rsquo;effectif de chaque classe est au environ de 16 \u00e9l\u00e8ves.<\/p>\n<p>&nbsp;<\/p>\n<p><span style=\"text-decoration: underline\"><strong>a) En 6\u00e8me et en 5\u00e8me<\/strong><\/span> : Les \u00e9l\u00e8ves b\u00e9n\u00e9ficient d&rsquo;un enseignement g\u00e9n\u00e9ral comportant l&rsquo;ensemble des mati\u00e8res pr\u00e9vues pour toutes les classes de ce niveau, au coll\u00e8ge. Cet enseignement est assur\u00e9 pour une partie par des professeurs des \u00e9coles ayant re\u00e7u une formation \u00e0 l&rsquo;adaptation scolaire et pour une autre partie par des enseignants de coll\u00e8ge (musique, EPS, anglais, technologie\u2026).<\/p>\n<p>&nbsp;<\/p>\n<p><span style=\"text-decoration: underline\"><strong>b) En 4\u00e8me et en 3\u00e8me<\/strong><\/span> : En plus de l\u2019enseignement g\u00e9n\u00e9ral adapt\u00e9 comme dans les classes pr\u00e9c\u00e9dentes, les \u00e9l\u00e8ves d\u00e9couvrent des champs professionnels. La SEGPA de La Montagne propose la d\u00e9couverte de \u00a0deux champs professionnels\u00a0: Hygi\u00e8ne Alimentation Service et Espace Rural et Environnement.<\/p>\n<p>Il ne s\u2019agit pas l\u00e0 de se former \u00e0 un m\u00e9tier mais de r\u00e9pondre \u00e0 trois\u00a0 objectifs principaux :<\/p>\n<p>-contribuer, de fa\u00e7on compl\u00e9mentaire de\u00a0 l\u2019enseignement g\u00e9n\u00e9ral, \u00e0\u00a0\u00a0 l\u2019acquisition du socle commun de connaissances, de comp\u00e9tences et de culture.<br \/>\n&#8211; acqu\u00e9rir des comp\u00e9tences techniques, technologiques et comportementales utilisables dans n&rsquo;importe quel secteur d&rsquo;activit\u00e9.<br \/>\n&#8211; contribuer \u00e0 l&rsquo;\u00e9laboration d&rsquo;un projet d&rsquo;orientation (choix d&rsquo;un m\u00e9tier, choix d&rsquo;une formation\u2026) pour la fin de la 3\u00e8me.<br \/>\nUn travail important est d&rsquo;ailleurs fait autour du projet d&rsquo;orientation de chaque \u00e9l\u00e8ve. Ainsi le travail effectu\u00e9 en classe est \u00e9tay\u00e9 par\u00a0:<br \/>\n&#8211; des visites d&rsquo;entreprises, de forums des m\u00e9tiers,<br \/>\n&#8211; des mini-stages dans des \u00e9tablissements de formation professionnelle,<br \/>\n&#8211; la recherche d&rsquo;informations et de documentation sur les m\u00e9tiers,<br \/>\n&#8211; des rencontres individuelles et collectives avec le (la) Conseiller(e) d&rsquo;Orientation,<br \/>\n-un suivi individuel des projets d&rsquo;orientation,<br \/>\n&#8211; des stages en entreprise.<br \/>\nEn classe de 3\u00e8me, les \u00e9l\u00e8ves pr\u00e9parent le CFG (Certificat de Formation G\u00e9n\u00e9ral), ce premier dipl\u00f4me est aussi un \u00e9l\u00e9ment de motivation importante.<\/p>\n<p><span style=\"text-decoration: underline\"><strong>3) Un suivi individualis\u00e9 qui comprend entre autres<\/strong> <\/span>:<br \/>\n&#8211; un Projet Individuel de Formation,<br \/>\n&#8211; une prise en charge par toute une \u00e9quipe p\u00e9dagogique et \u00e9ducative avec : le directeur de la SEGPA, les enseignants, le conseiller principal d&rsquo;\u00e9ducation, les surveillants et assistants d&rsquo;\u00e9ducation, le m\u00e9decin, l&rsquo;infirmi\u00e8re et l&rsquo;assistante sociale.<br \/>\n&#8211; des rencontres r\u00e9guli\u00e8res (collectives ou individuelles) avec les familles.<\/p>\n<p><span style=\"text-decoration: underline\"><strong>Et apr\u00e8s la SEGPA<\/strong><\/span> ?<br \/>\nEn fin de 3\u00e8me les \u00e9l\u00e8ves devront avoir fait aboutir leur projet de formation<br \/>\nprofessionnelle. Pour pr\u00e9parer le C.A.P[1]. dans le m\u00e9tier de son choix, l\u2019\u00e9l\u00e8ve a globalement deux possibilit\u00e9s :<br \/>\n1) Entrer en lyc\u00e9e professionnel. Il y suivra une formation th\u00e9orique et pratique dans le m\u00eame \u00e9tablissement sous statut scolaire.<br \/>\n2) Pr\u00e9parer un C.A.P. en alternance. Il suivra une formation th\u00e9orique dans un \u00e9tablissement (C.F.A[2]., M.F.R[3]\u2026.) et une formation pratique chez un employeur\u00a0 sous statut salari\u00e9.<\/p>\n<p><span style=\"text-decoration: underline\"><strong>La place de l&rsquo;\u00e9l\u00e8ve de SEGPA dans le coll\u00e8ge<\/strong><\/span> :<br \/>\nL&rsquo;\u00e9l\u00e8ve de SEGPA est un coll\u00e9gien comme tous les autres. Il a donc acc\u00e8s aux m\u00eames services (CDI, restaurant scolaire\u2026) et peut participer aux m\u00eames activit\u00e9s organis\u00e9es en dehors de la classe (accompagnement \u00e9ducatif, UNSS, foyer socio-\u00e9ducatif\u2026). Il est aussi soumis au m\u00eame r\u00e8glement int\u00e9rieur.<\/p>\n<p>&nbsp;<\/p>\n[1] Certificat d\u2019Aptitude Professionnelle. Dipl\u00f4me s\u2019obtenant en 2 ans.<br \/>\n[2] Centre de Formation d\u2019Apprentis<br \/>\n[3] Maison familiale Rurale<\/p>\n","protected":false},"excerpt":{"rendered":"<p>S.E.G.P.A. signifie \u00ab Section d&rsquo;Enseignement G\u00e9n\u00e9ral et Professionnel Adapt\u00e9 \u00bb. Cette Section accueille des coll\u00e9giens, en\u00a0 difficult\u00e9 scolaire principalement \u00e0 la fin\u00a0 de l&rsquo;\u00e9cole \u00e9l\u00e9mentaire et s&rsquo;applique \u00e0 les amener, \u00e0 l&rsquo;issue d&rsquo;un cursus de 4 ans (de la 6\u00e8me \u00e0 la 3\u00e8me), vers une formation qualifiante de niveau CAP&#8230;.<\/p>\n<p> <a class=\"continue-reading-link\" href=\"https:\/\/etab.ac-reunion.fr\/clg-la-montagne\/quest-ce-que-cest\/\"><span>Lire plus<\/span><i class=\"crycon-right-dir\"><\/i><\/a> <\/p>\n","protected":false},"author":1511,"featured_media":0,"parent":0,"menu_order":0,"comment_status":"closed","ping_status":"closed","template":"","meta":{"footnotes":""},"class_list":["post-13569","page","type-page","status-publish","hentry"],"_links":{"self":[{"href":"https:\/\/etab.ac-reunion.fr\/clg-la-montagne\/wp-json\/wp\/v2\/pages\/13569","targetHints":{"allow":["GET"]}}],"collection":[{"href":"https:\/\/etab.ac-reunion.fr\/clg-la-montagne\/wp-json\/wp\/v2\/pages"}],"about":[{"href":"https:\/\/etab.ac-reunion.fr\/clg-la-montagne\/wp-json\/wp\/v2\/types\/page"}],"author":[{"embeddable":true,"href":"https:\/\/etab.ac-reunion.fr\/clg-la-montagne\/wp-json\/wp\/v2\/users\/1511"}],"replies":[{"embeddable":true,"href":"https:\/\/etab.ac-reunion.fr\/clg-la-montagne\/wp-json\/wp\/v2\/comments?post=13569"}],"version-history":[{"count":8,"href":"https:\/\/etab.ac-reunion.fr\/clg-la-montagne\/wp-json\/wp\/v2\/pages\/13569\/revisions"}],"predecessor-version":[{"id":18621,"href":"https:\/\/etab.ac-reunion.fr\/clg-la-montagne\/wp-json\/wp\/v2\/pages\/13569\/revisions\/18621"}],"wp:attachment":[{"href":"https:\/\/etab.ac-reunion.fr\/clg-la-montagne\/wp-json\/wp\/v2\/media?parent=13569"}],"curies":[{"name":"wp","href":"https:\/\/api.w.org\/{rel}","templated":true}]}}