{"id":13840,"date":"2014-11-08T16:46:40","date_gmt":"2014-11-08T12:46:40","guid":{"rendered":"http:\/\/college-lamontagne.ac-reunion.fr\/?page_id=13840"},"modified":"2014-11-08T16:53:04","modified_gmt":"2014-11-08T12:53:04","slug":"lapplication-eop","status":"publish","type":"page","link":"https:\/\/etab.ac-reunion.fr\/clg-la-montagne\/tutoriel\/lapplication-eop\/","title":{"rendered":"L&rsquo;application EOP"},"content":{"rendered":"<p><img loading=\"lazy\" decoding=\"async\" class=\"alignleft wp-image-13842 size-medium\" src=\"https:\/\/etab.ac-reunion.fr\/clg-la-montagne\/wp-content\/uploads\/sites\/74\/2014\/11\/EOP-300x139.png\" alt=\"EOP\" width=\"300\" height=\"139\" \/><\/p>\n<p>EOP est une application permettant de distribuer des devoirs num\u00e9riques aux \u00e9l\u00e8ves, de les ramasser et de les retourner corrig\u00e9s aux int\u00e9ress\u00e9s.<\/p>\n<p>Ci-dessous deux vid\u00e9os d&rsquo;utilisation d&rsquo;EOP. Celle pour les enseignants et celle pour les \u00e9l\u00e8ves pour savoir s&rsquo;y prendre.<\/p>\n<p>Bon courage \u00e0 tous et toutes.<\/p>\n<p>1\/ celle du c\u00f4t\u00e9 de l&rsquo;enseignant:<\/p>\n<div class=\"su-youtube su-u-responsive-media-yes\"><iframe loading=\"lazy\" width=\"420\" height=\"300\" src=\"https:\/\/www.youtube.com\/embed\/12KBgkePz20?\" frameborder=\"0\" allowfullscreen allow=\"autoplay; encrypted-media; picture-in-picture\" title=\"\"><\/iframe><\/div>\n<p>2\/ celle du c\u00f4t\u00e9 de l&rsquo;\u00e9l\u00e8ve:<\/p>\n<div class=\"su-youtube su-u-responsive-media-yes\"><iframe loading=\"lazy\" width=\"420\" height=\"300\" src=\"https:\/\/www.youtube.com\/embed\/y7AeaFkroag?\" frameborder=\"0\" allowfullscreen allow=\"autoplay; encrypted-media; picture-in-picture\" title=\"\"><\/iframe><\/div>\n","protected":false},"excerpt":{"rendered":"<p>EOP est une application permettant de distribuer des devoirs num\u00e9riques aux \u00e9l\u00e8ves, de les ramasser et de les retourner corrig\u00e9s aux int\u00e9ress\u00e9s. Ci-dessous deux vid\u00e9os d&rsquo;utilisation d&rsquo;EOP. Celle pour les enseignants et celle pour les \u00e9l\u00e8ves pour savoir s&rsquo;y prendre. Bon courage \u00e0 tous et toutes. 1\/ celle du c\u00f4t\u00e9&#8230;<\/p>\n<p> <a class=\"continue-reading-link\" href=\"https:\/\/etab.ac-reunion.fr\/clg-la-montagne\/tutoriel\/lapplication-eop\/\"><span>Lire plus<\/span><i class=\"crycon-right-dir\"><\/i><\/a> <\/p>\n","protected":false},"author":1511,"featured_media":0,"parent":86,"menu_order":0,"comment_status":"open","ping_status":"open","template":"","meta":{"footnotes":""},"class_list":["post-13840","page","type-page","status-publish","hentry"],"_links":{"self":[{"href":"https:\/\/etab.ac-reunion.fr\/clg-la-montagne\/wp-json\/wp\/v2\/pages\/13840","targetHints":{"allow":["GET"]}}],"collection":[{"href":"https:\/\/etab.ac-reunion.fr\/clg-la-montagne\/wp-json\/wp\/v2\/pages"}],"about":[{"href":"https:\/\/etab.ac-reunion.fr\/clg-la-montagne\/wp-json\/wp\/v2\/types\/page"}],"author":[{"embeddable":true,"href":"https:\/\/etab.ac-reunion.fr\/clg-la-montagne\/wp-json\/wp\/v2\/users\/1511"}],"replies":[{"embeddable":true,"href":"https:\/\/etab.ac-reunion.fr\/clg-la-montagne\/wp-json\/wp\/v2\/comments?post=13840"}],"version-history":[{"count":7,"href":"https:\/\/etab.ac-reunion.fr\/clg-la-montagne\/wp-json\/wp\/v2\/pages\/13840\/revisions"}],"predecessor-version":[{"id":13848,"href":"https:\/\/etab.ac-reunion.fr\/clg-la-montagne\/wp-json\/wp\/v2\/pages\/13840\/revisions\/13848"}],"up":[{"embeddable":true,"href":"https:\/\/etab.ac-reunion.fr\/clg-la-montagne\/wp-json\/wp\/v2\/pages\/86"}],"wp:attachment":[{"href":"https:\/\/etab.ac-reunion.fr\/clg-la-montagne\/wp-json\/wp\/v2\/media?parent=13840"}],"curies":[{"name":"wp","href":"https:\/\/api.w.org\/{rel}","templated":true}]}}