{"id":14737,"date":"2015-04-29T16:02:22","date_gmt":"2015-04-29T12:02:22","guid":{"rendered":"http:\/\/college-lamontagne.ac-reunion.fr\/?page_id=14737"},"modified":"2015-04-29T16:02:22","modified_gmt":"2015-04-29T12:02:22","slug":"tarifs-prestations","status":"publish","type":"page","link":"https:\/\/etab.ac-reunion.fr\/clg-la-montagne\/tarifs-prestations\/","title":{"rendered":"Tarifs &amp; Prestations"},"content":{"rendered":"<p><strong><u>Les tarifs\u00a0 des objets confectionn\u00e9s<\/u><\/strong><\/p>\n<p>&nbsp;<\/p>\n<p><em><u>Un objet confectionn\u00e9<\/u><\/em> se d\u00e9finit comme \u00e9tant une transformation de mati\u00e8re d&rsquo;\u0153uvre<\/p>\n<p>ou une prestation de service r\u00e9alis\u00e9e par les \u00e9l\u00e8ves dans le cadre d\u2019une d\u00e9marche<\/p>\n<p>p\u00e9dagogique et ayant une valeur marchande.<\/p>\n<p>La pratique des \u00ab\u00a0objets confectionn\u00e9s\u00a0\u00bb constitue un \u00e9l\u00e9ment essentiel de la p\u00e9dagogie des SEGPA. Elle permet de placer les \u00e9l\u00e8ves dans des situations tr\u00e8s proches de celles qu\u2019ils rencontreront au cours de leur vie professionnelle.<\/p>\n<p><strong><u>Le champ professionnel Hygi\u00e8ne-Alimentation-Service(HAS)<\/u><\/strong><\/p>\n<table width=\"614\">\n<tbody>\n<tr>\n<td width=\"413\">Lavage Repassage au mouill\u00e9<\/td>\n<td width=\"201\">Prix<\/td>\n<\/tr>\n<tr>\n<td width=\"413\">Linge plat (draps, taie d\u2019oreiller, housse de couette, nappe, torchon, serviette)<\/td>\n<td width=\"201\">2,50 \u20ac \/ KG<\/td>\n<\/tr>\n<tr>\n<td width=\"413\">Linge \u00e0 laver, s\u00e9cher, repasser (sauf) pantalon et chemise)<\/td>\n<td width=\"201\">2 \u20ac \/ KG<\/td>\n<\/tr>\n<tr>\n<td width=\"413\">Linge pour repassage, pour lavage seul<\/td>\n<td width=\"201\">1,5 \u20ac \/KG<\/td>\n<\/tr>\n<tr>\n<td width=\"413\">Peignoir de bain<\/td>\n<td width=\"201\">2 \u20ac l&rsquo;unit\u00e9<\/td>\n<\/tr>\n<tr>\n<td width=\"413\">Chemise \u00e0 laver, s\u00e9cher, repasser<\/td>\n<td width=\"201\">2 \u20ac l&rsquo;unit\u00e9<\/td>\n<\/tr>\n<tr>\n<td width=\"413\">Chemise \u00e0 repasser<\/td>\n<td width=\"201\">1 \u20ac l&rsquo;unit\u00e9<\/td>\n<\/tr>\n<tr>\n<td width=\"413\">Blouse blanche ou bleu de travail<\/td>\n<td width=\"201\">1,5 \u20ac l&rsquo;unit\u00e9<\/td>\n<\/tr>\n<tr>\n<td width=\"413\">Pantalon \u00e0 laver, s\u00e9cher, repasser<\/td>\n<td width=\"201\">2 \u20ac l&rsquo;unit\u00e9<\/td>\n<\/tr>\n<tr>\n<td width=\"413\">Pantalon \u00e0 repasser<\/td>\n<td width=\"201\">1 \u20ac l&rsquo;unit\u00e9<\/td>\n<\/tr>\n<tr>\n<td width=\"413\">Sweat shirt manches longues<\/td>\n<td width=\"201\">1,25 \u20ac l&rsquo;unit\u00e9<\/td>\n<\/tr>\n<tr>\n<td width=\"413\">Pull<\/td>\n<td width=\"201\">2 \u20ac l&rsquo;unit\u00e9<\/td>\n<\/tr>\n<tr>\n<td width=\"413\">Dessus de lit<\/td>\n<td width=\"201\">5,00 \u20ac<\/td>\n<\/tr>\n<tr>\n<td width=\"413\">Couette 1 personne<\/td>\n<td width=\"201\">5,00 \u20ac<\/td>\n<\/tr>\n<tr>\n<td width=\"413\">Couette 2 personnes<\/td>\n<td width=\"201\">7,00 \u20ac<\/td>\n<\/tr>\n<tr>\n<td width=\"413\">Blouson<\/td>\n<td width=\"201\">5,00 \u20ac<\/td>\n<\/tr>\n<tr>\n<td width=\"413\">Robe<\/td>\n<td width=\"201\">2,50 \u20ac<\/td>\n<\/tr>\n<tr>\n<td width=\"413\">Jupe ou short<\/td>\n<td width=\"201\">1,50 \u20ac<\/td>\n<\/tr>\n<tr>\n<td width=\"413\">Veste<\/td>\n<td width=\"201\">2,50 \u20ac<\/td>\n<\/tr>\n<tr>\n<td width=\"413\">Complet veste \u2013 short ou jupe<\/td>\n<td width=\"201\">5,00 \u20ac<\/td>\n<\/tr>\n<tr>\n<td width=\"413\">Rideau<\/td>\n<td width=\"201\">3,00 \u20ac<\/td>\n<\/tr>\n<\/tbody>\n<\/table>\n<p>&nbsp;<\/p>\n<p>&nbsp;<\/p>\n<p>&nbsp;<\/p>\n<p><strong><span style=\"text-decoration: underline\">Le champ professionnel Espace Rural-Environnement (E.R.E)<\/span><\/strong><\/p>\n<table width=\"614\">\n<tbody>\n<tr>\n<td width=\"307\"><strong>Plantes\/fleurs<\/strong><\/td>\n<td width=\"154\"><strong>TAILLE 1<\/strong><\/td>\n<td width=\"154\"><strong>TAILLE 2<\/strong><\/td>\n<\/tr>\n<tr>\n<td width=\"307\">Anthurium<\/td>\n<td width=\"154\">5,00 \u20ac<\/td>\n<td width=\"154\">&nbsp;<\/td>\n<\/tr>\n<tr>\n<td width=\"307\">Duranta Gold<\/td>\n<td width=\"154\">6,00 \u20ac<\/td>\n<td width=\"154\">10,00 \u20ac<\/td>\n<\/tr>\n<tr>\n<td width=\"307\">Cordyline Rouge<\/td>\n<td width=\"154\">4,00 \u20ac<\/td>\n<td width=\"154\">8,00 \u20ac<\/td>\n<\/tr>\n<tr>\n<td width=\"307\">Cordyline Blanche<\/td>\n<td width=\"154\">4,00 \u20ac<\/td>\n<td width=\"154\">8,00 \u20ac<\/td>\n<\/tr>\n<tr>\n<td width=\"307\">Palmier de Madagascar<\/td>\n<td width=\"154\">3,00 \u20ac<\/td>\n<td width=\"154\">6,00 \u20ac<\/td>\n<\/tr>\n<tr>\n<td width=\"307\">Palmier<\/td>\n<td width=\"154\">4,00 \u20ac<\/td>\n<td width=\"154\">10,00 \u20ac<\/td>\n<\/tr>\n<tr>\n<td width=\"307\">Polyscias<\/td>\n<td width=\"154\">5,00 \u20ac<\/td>\n<td width=\"154\">8,00 \u20ac<\/td>\n<\/tr>\n<tr>\n<td width=\"307\">Shefflera<\/td>\n<td width=\"154\">3,00 \u20ac<\/td>\n<td width=\"154\">5,00 \u20ac<\/td>\n<\/tr>\n<tr>\n<td width=\"307\">Terreau de feuilles<\/td>\n<td width=\"154\">0,50 \u20ac \/ L<\/td>\n<td width=\"154\">&nbsp;<\/td>\n<\/tr>\n<tr>\n<td width=\"307\">Terreau de feuilles enrichi<\/td>\n<td width=\"154\">1,00 \u20ac \/ L<\/td>\n<td width=\"154\">&nbsp;<\/td>\n<\/tr>\n<\/tbody>\n<\/table>\n<p>&nbsp;<\/p>\n<p>Pour toute demande d&rsquo;information compl\u00e9mentaire vous pouvez contacter:<\/p>\n<p>la SEGPA : 02 62 23 94 27 ou segpa-La.Montagne@ac-reunion.fr<\/p>\n","protected":false},"excerpt":{"rendered":"<p>Les tarifs\u00a0 des objets confectionn\u00e9s &nbsp; Un objet confectionn\u00e9 se d\u00e9finit comme \u00e9tant une transformation de mati\u00e8re d&rsquo;\u0153uvre ou une prestation de service r\u00e9alis\u00e9e par les \u00e9l\u00e8ves dans le cadre d\u2019une d\u00e9marche p\u00e9dagogique et ayant une valeur marchande. La pratique des \u00ab\u00a0objets confectionn\u00e9s\u00a0\u00bb constitue un \u00e9l\u00e9ment essentiel de la p\u00e9dagogie&#8230;<\/p>\n<p> <a class=\"continue-reading-link\" href=\"https:\/\/etab.ac-reunion.fr\/clg-la-montagne\/tarifs-prestations\/\"><span>Lire plus<\/span><i class=\"crycon-right-dir\"><\/i><\/a> <\/p>\n","protected":false},"author":1511,"featured_media":0,"parent":0,"menu_order":0,"comment_status":"open","ping_status":"open","template":"","meta":{"footnotes":""},"class_list":["post-14737","page","type-page","status-publish","hentry"],"_links":{"self":[{"href":"https:\/\/etab.ac-reunion.fr\/clg-la-montagne\/wp-json\/wp\/v2\/pages\/14737","targetHints":{"allow":["GET"]}}],"collection":[{"href":"https:\/\/etab.ac-reunion.fr\/clg-la-montagne\/wp-json\/wp\/v2\/pages"}],"about":[{"href":"https:\/\/etab.ac-reunion.fr\/clg-la-montagne\/wp-json\/wp\/v2\/types\/page"}],"author":[{"embeddable":true,"href":"https:\/\/etab.ac-reunion.fr\/clg-la-montagne\/wp-json\/wp\/v2\/users\/1511"}],"replies":[{"embeddable":true,"href":"https:\/\/etab.ac-reunion.fr\/clg-la-montagne\/wp-json\/wp\/v2\/comments?post=14737"}],"version-history":[{"count":1,"href":"https:\/\/etab.ac-reunion.fr\/clg-la-montagne\/wp-json\/wp\/v2\/pages\/14737\/revisions"}],"predecessor-version":[{"id":14738,"href":"https:\/\/etab.ac-reunion.fr\/clg-la-montagne\/wp-json\/wp\/v2\/pages\/14737\/revisions\/14738"}],"wp:attachment":[{"href":"https:\/\/etab.ac-reunion.fr\/clg-la-montagne\/wp-json\/wp\/v2\/media?parent=14737"}],"curies":[{"name":"wp","href":"https:\/\/api.w.org\/{rel}","templated":true}]}}