{"id":15237,"date":"2016-03-06T14:27:31","date_gmt":"2016-03-06T10:27:31","guid":{"rendered":"http:\/\/college-lamontagne.ac-reunion.fr\/?page_id=15237"},"modified":"2017-08-21T12:12:00","modified_gmt":"2017-08-21T08:12:00","slug":"nouveau","status":"publish","type":"page","link":"https:\/\/etab.ac-reunion.fr\/clg-la-montagne\/nouveau\/","title":{"rendered":"Nouveau?"},"content":{"rendered":"<p style=\"text-align: left\">Vous \u00eates nouveau au Coll\u00e8ge de la Montagne?\u00a0Voici quelques informations relatives \u00e0 l\u2019usage des ressources informatiques au sein de l&rsquo;\u00e9tablissement.<\/p>\n<p>Vous trouverez ci-dessous comment vous connecter aux services du rectorat (ENT = M\u00e9tice), au portail du coll\u00e8ge, au serveur Pronote h\u00e9berg\u00e9 dans l&rsquo;\u00e9tablissement.<\/p>\n<p>&nbsp;<\/p>\n<h2><span style=\"color: #ff0000\">I\/ E.N.T.<\/span><\/h2>\n<p>&nbsp;<\/p>\n<ul>\n<li>Pour se connecter \u00e0 M\u00e9tice ENT\u00a0: <a href=\"http:\/\/metice.ac-reunion.fr\/\" target=\"_blank\" rel=\"noopener\">http:\/\/metice.ac-reunion.fr\/<\/a><\/li>\n<li>Votre identifiant M\u00e9tice est\u00a0: <strong>la premi\u00e8re lettre de votre pr\u00e9nom + votre nom (ex: jdupont)<\/strong><\/li>\n<li>Votre mot de passe M\u00e9tice est\u00a0: soit un <strong>mot de passe personnel<\/strong> \/ soit <strong>NUMEN<\/strong> (par d\u00e9faut)<\/li>\n<\/ul>\n<p>(info\u00a0: il s\u2019agit du mot de passe utilis\u00e9 pour aller sur I-Prof)<\/p>\n<p><a href=\"http:\/\/metice.ac-reunion.fr\/\" target=\"_blank\" rel=\"noopener\"><img loading=\"lazy\" decoding=\"async\" class=\"size-medium wp-image-15246 aligncenter\" src=\"https:\/\/etab.ac-reunion.fr\/clg-la-montagne\/wp-content\/uploads\/sites\/74\/2016\/03\/metice-252x300.jpg\" alt=\"metice\" width=\"252\" height=\"300\" srcset=\"https:\/\/etab.ac-reunion.fr\/clg-la-montagne\/wp-content\/uploads\/sites\/74\/2016\/03\/metice-252x300.jpg 252w, https:\/\/etab.ac-reunion.fr\/clg-la-montagne\/wp-content\/uploads\/sites\/74\/2016\/03\/metice.jpg 345w\" sizes=\"auto, (max-width: 252px) 100vw, 252px\" \/><\/a><\/p>\n<h2><\/h2>\n<h2><\/h2>\n<h2><span style=\"color: #ff0000\">II\/ Portail du coll\u00e8ge<\/span><\/h2>\n<p>&nbsp;<\/p>\n<ul>\n<li>Pour vous connecter au portail du coll\u00e8ge (<em><u>services locaux<\/u><\/em>: scribe, pydio, pronote, r\u00e9servations de salle\u2026)<\/li>\n<\/ul>\n<p><a href=\"https:\/\/portail.college-lamontagne.re\" target=\"_blank\" rel=\"noopener\">https:\/\/portail.college-lamontagne.re<\/a><\/p>\n<ul>\n<li>Votre identifiant est\u00a0: <strong>la premi\u00e8re lettre de votre pr\u00e9nom + votre nom (ex: jdupont)<\/strong><\/li>\n<li>Votre mot de passe est\u00a0: <strong>celui qui vous a \u00e9t\u00e9 donn\u00e9 par le responsable informatique.<\/strong><\/li>\n<\/ul>\n<p><a href=\"https:\/\/portail.college-lamontagne.re\" target=\"_blank\" rel=\"noopener\"><img loading=\"lazy\" decoding=\"async\" class=\"size-full wp-image-15274 aligncenter\" src=\"https:\/\/etab.ac-reunion.fr\/clg-la-montagne\/wp-content\/uploads\/sites\/74\/2016\/03\/envole.jpg\" alt=\"envole\" width=\"524\" height=\"346\" srcset=\"https:\/\/etab.ac-reunion.fr\/clg-la-montagne\/wp-content\/uploads\/sites\/74\/2016\/03\/envole.jpg 524w, https:\/\/etab.ac-reunion.fr\/clg-la-montagne\/wp-content\/uploads\/sites\/74\/2016\/03\/envole-300x198.jpg 300w, https:\/\/etab.ac-reunion.fr\/clg-la-montagne\/wp-content\/uploads\/sites\/74\/2016\/03\/envole-207x136.jpg 207w, https:\/\/etab.ac-reunion.fr\/clg-la-montagne\/wp-content\/uploads\/sites\/74\/2016\/03\/envole-430x283.jpg 430w\" sizes=\"auto, (max-width: 524px) 100vw, 524px\" \/><\/a><\/p>\n<p>&nbsp;<\/p>\n<h2><span style=\"color: #ff0000\">III\/ Pronote<\/span><\/h2>\n<p>&nbsp;<\/p>\n<p>Pour vous connecter \u00e0 Pronote et <strong><u>faire l\u2019appel<\/u><\/strong> dans votre salle \u00e0 chaque cours\u00a0:<\/p>\n<ul>\n<li>Votre identifiant est\u00a0: <strong>la premi\u00e8re lettre de votre pr\u00e9nom + votre nom<\/strong><\/li>\n<li>Votre mot de passe est\u00a0: <strong>celui qui vous a \u00e9t\u00e9 donn\u00e9 <strong>par le responsable informatique.<\/strong><\/strong><\/li>\n<\/ul>\n<p>Pour t\u00e9l\u00e9charger le client Pronote cliquer ici\u00a0:\u00a0<a href=\"http:\/\/www.index-education.com\/fr\/telecharger-pronote-pre-version.php\" target=\"_blank\" rel=\"noopener\"><img loading=\"lazy\" decoding=\"async\" class=\"wp-image-15244 alignnone\" src=\"https:\/\/etab.ac-reunion.fr\/clg-la-montagne\/wp-content\/uploads\/sites\/74\/2016\/03\/pronote-1.jpg\" alt=\"pronote\" width=\"78\" height=\"20\" \/><\/a>\u00a0choisir le \u00ab\u00a0<strong>client<\/strong>\u00ab\u00a0.<\/p>\n<p>Pour le param\u00e9trer, 2 possibilit\u00e9s. Soit vous \u00eates <strong><u>au coll\u00e8ge<\/u><\/strong> et vous devez utiliser <strong><u>l\u2019adresse interne<\/u><\/strong>. Soit vous \u00eates <strong><u>hors du coll\u00e8ge<\/u><\/strong> et vous devrez utiliser <span style=\"text-decoration: underline\"><strong>l\u2019<\/strong><\/span><u><strong>adresse externe<\/strong><\/u>. Pour ajouter une connexion cliquer sur \u00ab\u00a0ajouter les coordonn\u00e9es\u2026\u00a0\u00bb<\/p>\n<p>Pour une utilisation <span style=\"text-decoration: underline\"><strong>chez vous<\/strong><\/span>, param\u00e9trer le client comme suit (adresse externe):<\/p>\n<p><img loading=\"lazy\" decoding=\"async\" class=\"size-full wp-image-15184 alignnone\" src=\"https:\/\/etab.ac-reunion.fr\/clg-la-montagne\/wp-content\/uploads\/sites\/74\/2016\/03\/pronote-ext2.jpg\" alt=\"pronote-ext2\" width=\"491\" height=\"238\" srcset=\"https:\/\/etab.ac-reunion.fr\/clg-la-montagne\/wp-content\/uploads\/sites\/74\/2016\/03\/pronote-ext2.jpg 491w, https:\/\/etab.ac-reunion.fr\/clg-la-montagne\/wp-content\/uploads\/sites\/74\/2016\/03\/pronote-ext2-300x145.jpg 300w\" sizes=\"auto, (max-width: 491px) 100vw, 491px\" \/><\/p>\n<p>ou encore si vous pr\u00e9f\u00e9rez utiliser une adresse IP :<\/p>\n<p><img loading=\"lazy\" decoding=\"async\" class=\"size-full wp-image-15183 alignnone\" src=\"https:\/\/etab.ac-reunion.fr\/clg-la-montagne\/wp-content\/uploads\/sites\/74\/2016\/03\/pronote-ext.jpg\" alt=\"pronote-ext\" width=\"491\" height=\"238\" srcset=\"https:\/\/etab.ac-reunion.fr\/clg-la-montagne\/wp-content\/uploads\/sites\/74\/2016\/03\/pronote-ext.jpg 491w, https:\/\/etab.ac-reunion.fr\/clg-la-montagne\/wp-content\/uploads\/sites\/74\/2016\/03\/pronote-ext-300x145.jpg 300w\" sizes=\"auto, (max-width: 491px) 100vw, 491px\" \/><\/p>\n<p>Pour une utilisation <span style=\"text-decoration: underline\"><strong>au coll\u00e8ge UNIQUEMENT<\/strong><\/span>, param\u00e9trer le client comme suit (adresse interne):<\/p>\n<p><img loading=\"lazy\" decoding=\"async\" class=\"size-full wp-image-15181 alignnone\" src=\"https:\/\/etab.ac-reunion.fr\/clg-la-montagne\/wp-content\/uploads\/sites\/74\/2016\/03\/pronote-int.jpg\" alt=\"pronote-int\" width=\"491\" height=\"238\" srcset=\"https:\/\/etab.ac-reunion.fr\/clg-la-montagne\/wp-content\/uploads\/sites\/74\/2016\/03\/pronote-int.jpg 491w, https:\/\/etab.ac-reunion.fr\/clg-la-montagne\/wp-content\/uploads\/sites\/74\/2016\/03\/pronote-int-300x145.jpg 300w\" sizes=\"auto, (max-width: 491px) 100vw, 491px\" \/><\/p>\n<ul>\n<li>Pour faire l\u2019appel <strong><u>au coll\u00e8ge<\/u><\/strong> utiliser l\u2019adresse suivante\u00a0: 10.210.49.11<\/li>\n<li>Pour utiliser pronote <strong><u>hors de l\u2019\u00e9tablissement<\/u><\/strong>, utiliser l\u2019adresse suivante\u00a0: 5.102.73.146<\/li>\n<\/ul>\n<p>Pour vous identifier utiliser les informations donn\u00e9es soit par la direction soit par le responsable informatique :<\/p>\n<p><img loading=\"lazy\" decoding=\"async\" class=\"wp-image-15182 alignnone\" src=\"https:\/\/etab.ac-reunion.fr\/clg-la-montagne\/wp-content\/uploads\/sites\/74\/2016\/03\/pronote.jpg\" alt=\"pronote\" width=\"500\" height=\"144\" srcset=\"https:\/\/etab.ac-reunion.fr\/clg-la-montagne\/wp-content\/uploads\/sites\/74\/2016\/03\/pronote.jpg 814w, https:\/\/etab.ac-reunion.fr\/clg-la-montagne\/wp-content\/uploads\/sites\/74\/2016\/03\/pronote-300x87.jpg 300w\" sizes=\"auto, (max-width: 500px) 100vw, 500px\" \/><\/p>\n<p><strong>Avec un t\u00e9l\u00e9phone mobile<\/strong>\u00a0 :<\/p>\n<ol>\n<li>Il faut se connecter sur\u00a0 l\u2019ENT et prendre le raccourci Pronote 3G en 3G ou le raccourci Pronote en wifi<\/li>\n<li>On peut directement passer par le lien suivant : <a href=\"https:\/\/portail.college-lamontagne.re\/pronote\/mobile.html\" target=\"_blank\" rel=\"noopener\">https:\/\/portail.college-lamontagne.re\/pronote\/mobile.html<\/a><\/li>\n<\/ol>\n<p><strong>Pour contacter le responsable informatique :<\/strong><\/p>\n<ul>\n<li>soit passer par la rubrique :\u00a0<span style=\"color: #0000ff\"><a href=\"https:\/\/etab.ac-reunion.fr\/clg-la-montagne\/nous-contacter\/\" target=\"_blank\" rel=\"noopener\">contact<\/a><\/span><\/li>\n<li>soit \u00e9crire \u00e0 : <a href=\"mailto:college.montagne@gmail.com\" target=\"_blank\" rel=\"noopener\">college.montagne@gmail.com<\/a><\/li>\n<\/ul>\n<p><span style=\"color: #000000\">N&rsquo;oubliez pas de nous donner <span style=\"color: #ff0000\">un maximum d&rsquo;informations <\/span>: Votre nom et votre pr\u00e9nom la mati\u00e8re enseign\u00e9e, le navigateur utilis\u00e9 et surtout des d\u00e9tails pr\u00e9cis sur la situation posant probl\u00e8me. Tout cela pour vous venir en aide au mieux.<\/span><\/p>\n<p><span style=\"color: #000000\">Aussi <span style=\"text-decoration: underline;color: #ff0000\">assurez-vous que votre <strong>adresse mail soit bien saisie<\/strong> sans quoi il nous sera impossible de vous contacter<\/span>.<\/span><\/p>\n","protected":false},"excerpt":{"rendered":"<p>Vous \u00eates nouveau au Coll\u00e8ge de la Montagne?\u00a0Voici quelques informations relatives \u00e0 l\u2019usage des ressources informatiques au sein de l&rsquo;\u00e9tablissement. Vous trouverez ci-dessous comment vous connecter aux services du rectorat (ENT = M\u00e9tice), au portail du coll\u00e8ge, au serveur Pronote h\u00e9berg\u00e9 dans l&rsquo;\u00e9tablissement. &nbsp; I\/ E.N.T. &nbsp; Pour se connecter&#8230;<\/p>\n<p> <a class=\"continue-reading-link\" href=\"https:\/\/etab.ac-reunion.fr\/clg-la-montagne\/nouveau\/\"><span>Lire plus<\/span><i class=\"crycon-right-dir\"><\/i><\/a> <\/p>\n","protected":false},"author":1511,"featured_media":0,"parent":0,"menu_order":0,"comment_status":"open","ping_status":"closed","template":"","meta":{"footnotes":""},"class_list":["post-15237","page","type-page","status-publish","hentry"],"_links":{"self":[{"href":"https:\/\/etab.ac-reunion.fr\/clg-la-montagne\/wp-json\/wp\/v2\/pages\/15237","targetHints":{"allow":["GET"]}}],"collection":[{"href":"https:\/\/etab.ac-reunion.fr\/clg-la-montagne\/wp-json\/wp\/v2\/pages"}],"about":[{"href":"https:\/\/etab.ac-reunion.fr\/clg-la-montagne\/wp-json\/wp\/v2\/types\/page"}],"author":[{"embeddable":true,"href":"https:\/\/etab.ac-reunion.fr\/clg-la-montagne\/wp-json\/wp\/v2\/users\/1511"}],"replies":[{"embeddable":true,"href":"https:\/\/etab.ac-reunion.fr\/clg-la-montagne\/wp-json\/wp\/v2\/comments?post=15237"}],"version-history":[{"count":41,"href":"https:\/\/etab.ac-reunion.fr\/clg-la-montagne\/wp-json\/wp\/v2\/pages\/15237\/revisions"}],"predecessor-version":[{"id":15780,"href":"https:\/\/etab.ac-reunion.fr\/clg-la-montagne\/wp-json\/wp\/v2\/pages\/15237\/revisions\/15780"}],"wp:attachment":[{"href":"https:\/\/etab.ac-reunion.fr\/clg-la-montagne\/wp-json\/wp\/v2\/media?parent=15237"}],"curies":[{"name":"wp","href":"https:\/\/api.w.org\/{rel}","templated":true}]}}