{"id":15570,"date":"2017-02-18T14:26:53","date_gmt":"2017-02-18T10:26:53","guid":{"rendered":"http:\/\/college-lamontagne.ac-reunion.fr\/?page_id=15570"},"modified":"2017-02-18T14:33:17","modified_gmt":"2017-02-18T10:33:17","slug":"moodle-2","status":"publish","type":"page","link":"https:\/\/etab.ac-reunion.fr\/clg-la-montagne\/moodle-2\/","title":{"rendered":"Moodle &#8211; Les tutos"},"content":{"rendered":"<p>Vous trouverez dans cette section une s\u00e9rie de <span style=\"color: #ff6600\"><strong>tutoriels Moodle<\/strong><\/span> vous permettant de vous lancer sur la plateforme de cours \u00e0 distance.<\/p>\n<p>Vous pourrez :<\/p>\n<ul>\n<li>Cr\u00e9er vos cours<\/li>\n<li>Les param\u00e9trer<\/li>\n<li>Les \u00e9toffer, les mettre en valeur<\/li>\n<li>Proposer des ressources t\u00e9l\u00e9chargeables \u00e0 vos \u00e9l\u00e8ves<\/li>\n<li>Cr\u00e9er des devoirs<\/li>\n<li>Entra\u00eener vos \u00e9l\u00e8ves<\/li>\n<li>Les \u00e9valuer<\/li>\n<li>Prolonger la classe&#8230;<\/li>\n<\/ul>\n<p><strong><span style=\"text-decoration: underline\">Voici une vid\u00e9o expliquant ce que <span style=\"color: #ff6600;text-decoration: underline\">Moodle <\/span>permet de faire:<\/span><\/strong><\/p>\n<div class=\"su-youtube su-u-responsive-media-yes\"><iframe loading=\"lazy\" width=\"640\" height=\"480\" src=\"https:\/\/www.youtube.com\/embed\/JxucMvGDeB8?\" frameborder=\"0\" allowfullscreen allow=\"autoplay; encrypted-media; picture-in-picture\" title=\"\"><\/iframe><\/div>\n<p>Pour retrouver l&rsquo;int\u00e9gralit\u00e9 des tutoriels, rendez-vous sur <span style=\"color: #ff6600\"><a style=\"color: #ff6600\" href=\"https:\/\/pedagogie.ac-reunion.fr\/langues-vivantes-etrangeres\/podcaz\/tutoriels-moodle.html\" target=\"_blank\">PODCAZ<\/a><\/span>.<\/p>\n<p>Bonne utilisation.<\/p>\n<p><span style=\"color: #ff6600\">Lancez<\/span>&#8211;<span style=\"color: #000000\">vous <span style=\"color: #ff6600\">\ud83d\ude09<\/span><\/span><\/p>\n","protected":false},"excerpt":{"rendered":"<p>Vous trouverez dans cette section une s\u00e9rie de tutoriels Moodle vous permettant de vous lancer sur la plateforme de cours \u00e0 distance. Vous pourrez : Cr\u00e9er vos cours Les param\u00e9trer Les \u00e9toffer, les mettre en valeur Proposer des ressources t\u00e9l\u00e9chargeables \u00e0 vos \u00e9l\u00e8ves Cr\u00e9er des devoirs Entra\u00eener vos \u00e9l\u00e8ves Les&#8230;<\/p>\n<p> <a class=\"continue-reading-link\" href=\"https:\/\/etab.ac-reunion.fr\/clg-la-montagne\/moodle-2\/\"><span>Lire plus<\/span><i class=\"crycon-right-dir\"><\/i><\/a> <\/p>\n","protected":false},"author":1511,"featured_media":0,"parent":0,"menu_order":0,"comment_status":"closed","ping_status":"closed","template":"","meta":{"footnotes":""},"class_list":["post-15570","page","type-page","status-publish","hentry"],"_links":{"self":[{"href":"https:\/\/etab.ac-reunion.fr\/clg-la-montagne\/wp-json\/wp\/v2\/pages\/15570","targetHints":{"allow":["GET"]}}],"collection":[{"href":"https:\/\/etab.ac-reunion.fr\/clg-la-montagne\/wp-json\/wp\/v2\/pages"}],"about":[{"href":"https:\/\/etab.ac-reunion.fr\/clg-la-montagne\/wp-json\/wp\/v2\/types\/page"}],"author":[{"embeddable":true,"href":"https:\/\/etab.ac-reunion.fr\/clg-la-montagne\/wp-json\/wp\/v2\/users\/1511"}],"replies":[{"embeddable":true,"href":"https:\/\/etab.ac-reunion.fr\/clg-la-montagne\/wp-json\/wp\/v2\/comments?post=15570"}],"version-history":[{"count":2,"href":"https:\/\/etab.ac-reunion.fr\/clg-la-montagne\/wp-json\/wp\/v2\/pages\/15570\/revisions"}],"predecessor-version":[{"id":15572,"href":"https:\/\/etab.ac-reunion.fr\/clg-la-montagne\/wp-json\/wp\/v2\/pages\/15570\/revisions\/15572"}],"wp:attachment":[{"href":"https:\/\/etab.ac-reunion.fr\/clg-la-montagne\/wp-json\/wp\/v2\/media?parent=15570"}],"curies":[{"name":"wp","href":"https:\/\/api.w.org\/{rel}","templated":true}]}}