{"id":16273,"date":"2018-09-24T20:54:49","date_gmt":"2018-09-24T16:54:49","guid":{"rendered":"http:\/\/college-lamontagne.ac-reunion.fr\/?page_id=16273"},"modified":"2021-10-07T15:57:44","modified_gmt":"2021-10-07T11:57:44","slug":"presentation-du-college","status":"publish","type":"page","link":"https:\/\/etab.ac-reunion.fr\/clg-la-montagne\/presentation-du-college\/","title":{"rendered":"Pr\u00e9sentation du coll\u00e8ge"},"content":{"rendered":"<p style=\"text-align: center\" align=\"justify\"><strong>Le mot du principal<\/strong><\/p>\n<p class=\"western\" align=\"justify\"><span style=\"font-family: Comic Sans MS, serif\"><span style=\"font-size: small\">Le coll\u00e8ge de la Montagne <\/span><\/span><span style=\"font-family: Comic Sans MS, serif\"><span style=\"font-size: small\">est<\/span><\/span><span style=\"font-family: Comic Sans MS, serif\"><span style=\"font-size: small\"> situ\u00e9 sur les Hauteurs de Saint Denis, dans une zone tr\u00e8s ventil\u00e9e et tr\u00e8s arros\u00e9e, au c\u0153ur d\u2019une soci\u00e9t\u00e9 multiculturelle, tr\u00e8s diversifi\u00e9e \u00e9conomiquement, tr\u00e8s favorablement concernant l\u2019ouverture sur le monde culturel. Il doit aussi \u00eatre un espace de dynamisme, encourageant les \u00e9l\u00e8ves, particuli\u00e8rement ceux qui, en dehors de l&rsquo;\u00e9cole, sont dans la pr\u00e9carit\u00e9 socialement et culturellement.<\/span><\/span><\/p>\n<p class=\"western\" align=\"justify\"><span style=\"font-family: Comic Sans MS, serif\"><span style=\"font-size: small\">Le coll\u00e8ge est class\u00e9 hors \u00e9ducation prioritaire (HEP). C&rsquo;est un premier enjeu de cultiver et d\u2019enrichir l&rsquo;ouverture vers l&rsquo;ext\u00e9rieur, de favoriser les projets \u00e9ducatifs qui rythment l&rsquo;ann\u00e9e scolaire et ses temps forts. Les moyens sont favorables \u00e0 l\u2019apprentissage. Il nous appartient de les utiliser en aidant les \u00e9l\u00e8ves en difficult\u00e9, en renfor\u00e7ant le lien avec toutes les \u00e9coles primaires, en int\u00e9grant les familles, en favorisant l&rsquo;orientation en fin de cycle de troisi\u00e8me.<\/span><\/span><\/p>\n<p class=\"western\" align=\"justify\"><span style=\"font-family: Comic Sans MS, serif\"><span style=\"font-size: small\">Ensemble, nous commen\u00e7ons <\/span><\/span><span style=\"font-family: Comic Sans MS, serif\"><span style=\"font-size: small\"><b>une troisi\u00e8me ann\u00e9e scolaire<\/b><\/span><\/span><span style=\"font-family: Comic Sans MS, serif\"><span style=\"font-size: small\">. Les enjeux locaux et les objectifs nationaux de <\/span><\/span><span style=\"font-family: Comic Sans MS, serif\"><span style=\"font-size: small\">l\u2019\u00c9ducation<\/span><\/span><span style=\"font-family: Comic Sans MS, serif\"><span style=\"font-size: small\"> Nationale imposent une indispensable \u00e9volution du coll\u00e8ge de la Montagne o\u00f9 l&rsquo;exp\u00e9rience des anciens et le regard neuf des plus jeunes et des nouveaux se conjuguent pour formaliser une v\u00e9ritable vie d&rsquo;\u00e9tablissement int\u00e9grant toutes les dimensions de la communaut\u00e9 \u00e9ducative et pla\u00e7ant toujours l&rsquo;\u00e9l\u00e8ve au centre du syst\u00e8me.<\/span><\/span><\/p>\n<p align=\"justify\"><span style=\"color: #0070c0\"><span style=\"font-family: Comic Sans MS, serif\"><span style=\"font-size: small\"><b>Le coll\u00e8ge de la Montagne se veut une \u00e9cole inclusive, d\u00e9fendant ses valeurs fondatrices qui sont : <\/b><\/span><\/span><\/span><span style=\"color: #0070c0\"><span style=\"font-family: Comic Sans MS, serif\"><span style=\"font-size: small\"><b>l<\/b><\/span><\/span><\/span><span style=\"color: #0070c0\"><span style=\"font-family: Comic Sans MS, serif\"><span style=\"font-size: small\"><b>a d\u00e9fense de tous, l\u2019accompagnement de chaque individu, le d\u00e9veloppement de\u00a0l\u2019ambition, sans compter l\u2019engagement citoyen et la solidarit\u00e9 qui sont au c\u0153ur de notre d\u00e9marche \u00e9ducative et des valeurs port\u00e9es par notre institution.\u00a0<\/b><\/span><\/span><\/span><\/p>\n<p class=\"western\"><span style=\"font-family: Comic Sans MS, serif\"><span style=\"font-size: small\">Maintenant, en ce qui concerne chaque professeur<\/span><\/span><span style=\"font-family: Comic Sans MS, serif\"><span style=\"font-size: small\">. <\/span><\/span><\/p>\n<p align=\"justify\"><span style=\"color: #0070c0\"><span style=\"font-family: Comic Sans MS, serif\"><span style=\"font-size: small\">Malgr\u00e9 la situation sanitaire, qui nous plonge dans un avenir incertain, nous devons garder confiance. Chers professeurs, en cette rentr\u00e9e, notre feuille de route est ambitieuse mais exaltante. Ensemble, nous sommes appel\u00e9s \u00e0 faire preuve d\u2019imagination et d\u2019engagement pour faire rayonner et partager les qualit\u00e9s et les valeurs qui sont l\u2019essence m\u00eame de notre r\u00e9publique.\u00a0<\/span><\/span><\/span><\/p>\n<p align=\"justify\"><span style=\"color: #0070c0\"><span style=\"font-family: Comic Sans MS, serif\"><span style=\"font-size: small\"><b>Une nouvelle page du coll\u00e8ge s\u2019\u00e9crit avec vous, pour une 22\u00e8me g\u00e9n\u00e9ration de dipl\u00f4m\u00e9s. Je vous souhaite pour terminer une excellente ann\u00e9e scolaire 2021-2022 \u00e0 tous ! Sous le signe de la confiance et de la solidarit\u00e9.<\/b><\/span><\/span><\/span><\/p>\n<p class=\"western\"><span style=\"font-family: Comic Sans MS, serif\"><span style=\"font-size: small\">Je souhaiterai<\/span><\/span><span style=\"font-family: Comic Sans MS, serif\"><span style=\"font-size: small\">s<\/span><\/span><span style=\"font-family: Comic Sans MS, serif\"><span style=\"font-size: small\"> leur dire avec beaucoup d\u2019humilit\u00e9 et de respect en leur faisant partager mon point de vue sur le m\u00e9tier\u00a0:<\/span><\/span><\/p>\n<p class=\"western\"><span style=\"font-family: Comic Sans MS, serif\"><span style=\"font-size: small\">Avant tout, <\/span><\/span><span style=\"font-family: Comic Sans MS, serif\"><span style=\"font-size: small\">i<\/span><\/span><span style=\"font-family: Comic Sans MS, serif\"><span style=\"font-size: small\">l faut \u00eatre fid\u00e8le \u00e0 nos engagements de p\u00e9dagogue, pour \u0153uvrer \u00e0 l\u2019am\u00e9lioration de l\u2019humanit\u00e9. Cela suppose d\u2019\u00e9vidence un engagement sans faille, chacun selon ses choix, convictions, ses comp\u00e9tences, ses moyens. Cela suppose un travail dans la continuit\u00e9 et bien s<\/span><\/span><span style=\"font-family: Comic Sans MS, serif\"><span style=\"font-size: small\">\u00fb<\/span><\/span><span style=\"font-family: Comic Sans MS, serif\"><span style=\"font-size: small\">r dans le temps. Notre cheminement de p\u00e9dagogue nous enrichit de valeurs et d\u2019exigence morale, base du rayonnement personnel. Cheminer doucement avec honn\u00eatet\u00e9, humilit\u00e9 et humaniste pour toujours, voil\u00e0 l\u2019esprit qui doit nous animer pour b\u00e9n\u00e9ficier des enseignements que nous recevons ici, pour chaque jour se remettre en question, et entourer toutes nos actions par le sentiment d&rsquo;Amour qui est le propre du p\u00e9dagogue.<\/span><\/span><\/p>\n<p class=\"western\"><span style=\"font-family: Comic Sans MS, serif\"><span style=\"font-size: small\">C\u2019est le ciment de notre solidarit\u00e9 au service de nos jeunes, garant de la qui\u00e9tude, <\/span><\/span><span style=\"color: #000000\"><span style=\"font-family: Comic Sans MS, serif\"><span style=\"font-size: small\">de<\/span><\/span><\/span><span style=\"font-family: Comic Sans MS, serif\"><span style=\"font-size: small\"> la s\u00e9r\u00e9nit\u00e9,<\/span><\/span><span style=\"color: #000000\"><span style=\"font-family: Comic Sans MS, serif\"><span style=\"font-size: small\"> de<\/span><\/span><\/span><span style=\"font-family: Comic Sans MS, serif\"><span style=\"font-size: small\"> la Sagesse utiles et n\u00e9cessaires \u00e0 nos engagements. <\/span><\/span><span style=\"font-family: Comic Sans MS, serif\"><span style=\"font-size: small\">L\u2019enseignant doit se montrer respectueux et juste avec ses \u00e9l\u00e8ves et avec lui-m\u00eame. Le professeur qui est reconnaissant de la gentillesse de ses \u00e9l\u00e8ves et des bonnes choses qui existent dans sa vie, qui vit chaque heure en donnant le meilleur de lui-m\u00eame, qui jouit de la possibilit\u00e9 d\u2019enrichir son existence, qui sait faire cadeau d\u2019un sourire, offrir ses mains ouvertes pour \u00e9difier le temple des autres sans rien esp\u00e9rer en retour. Voil\u00e0 en quelque sorte ma vision des choses pour cette \u00e9cole r\u00e9publicaine qui transcende l\u2019universalit\u00e9 des savoirs et des connaissances\u2026 Sur ces quelques lignes\u2026<\/span><\/span><\/p>\n<p class=\"western\" align=\"justify\"><span style=\"font-family: Comic Sans MS, serif\"><span style=\"font-size: small\">Je compte sur chacun d\u2019entre vous pour ancrer l\u2019\u00e9tablissement dans une tradition de la r\u00e9ussite.<\/span><\/span><\/p>\n<p class=\"western\" align=\"justify\"><span style=\"font-family: Comic Sans MS, serif\"><span style=\"font-size: small\">Bonne rentr\u00e9e, bonne ann\u00e9e \u00e0 tous\u2026<\/span><\/span><\/p>\n<p class=\"western\" align=\"justify\"><span style=\"font-family: Comic Sans MS, serif\"><span style=\"font-size: small\"><b>Edouard GOKALSING<\/b><\/span><\/span><\/p>\n<p align=\"justify\">\n<p>&nbsp;<\/p>\n","protected":false},"excerpt":{"rendered":"<p>Le mot du principal Le coll\u00e8ge de la Montagne est situ\u00e9 sur les Hauteurs de Saint Denis, dans une zone tr\u00e8s ventil\u00e9e et tr\u00e8s arros\u00e9e, au c\u0153ur d\u2019une soci\u00e9t\u00e9 multiculturelle, tr\u00e8s diversifi\u00e9e \u00e9conomiquement, tr\u00e8s favorablement concernant l\u2019ouverture sur le monde culturel. Il doit aussi \u00eatre un espace de dynamisme, encourageant&#8230;<\/p>\n<p> <a class=\"continue-reading-link\" href=\"https:\/\/etab.ac-reunion.fr\/clg-la-montagne\/presentation-du-college\/\"><span>Lire plus<\/span><i class=\"crycon-right-dir\"><\/i><\/a> <\/p>\n","protected":false},"author":19939,"featured_media":0,"parent":0,"menu_order":0,"comment_status":"closed","ping_status":"closed","template":"","meta":{"footnotes":""},"class_list":["post-16273","page","type-page","status-publish","hentry"],"_links":{"self":[{"href":"https:\/\/etab.ac-reunion.fr\/clg-la-montagne\/wp-json\/wp\/v2\/pages\/16273","targetHints":{"allow":["GET"]}}],"collection":[{"href":"https:\/\/etab.ac-reunion.fr\/clg-la-montagne\/wp-json\/wp\/v2\/pages"}],"about":[{"href":"https:\/\/etab.ac-reunion.fr\/clg-la-montagne\/wp-json\/wp\/v2\/types\/page"}],"author":[{"embeddable":true,"href":"https:\/\/etab.ac-reunion.fr\/clg-la-montagne\/wp-json\/wp\/v2\/users\/19939"}],"replies":[{"embeddable":true,"href":"https:\/\/etab.ac-reunion.fr\/clg-la-montagne\/wp-json\/wp\/v2\/comments?post=16273"}],"version-history":[{"count":6,"href":"https:\/\/etab.ac-reunion.fr\/clg-la-montagne\/wp-json\/wp\/v2\/pages\/16273\/revisions"}],"predecessor-version":[{"id":18614,"href":"https:\/\/etab.ac-reunion.fr\/clg-la-montagne\/wp-json\/wp\/v2\/pages\/16273\/revisions\/18614"}],"wp:attachment":[{"href":"https:\/\/etab.ac-reunion.fr\/clg-la-montagne\/wp-json\/wp\/v2\/media?parent=16273"}],"curies":[{"name":"wp","href":"https:\/\/api.w.org\/{rel}","templated":true}]}}