{"id":16277,"date":"2018-09-24T20:58:21","date_gmt":"2018-09-24T16:58:21","guid":{"rendered":"http:\/\/college-lamontagne.ac-reunion.fr\/?page_id=16277"},"modified":"2023-07-03T14:45:39","modified_gmt":"2023-07-03T10:45:39","slug":"les-enseignants","status":"publish","type":"page","link":"https:\/\/etab.ac-reunion.fr\/clg-la-montagne\/page-d-exemple\/les-enseignants\/","title":{"rendered":"Les enseignants"},"content":{"rendered":"<p><strong>Lettres Modernes et classiques<\/strong><\/p>\n<ul>\n<li>Mme Patricia CLERCY<\/li>\n<li>Mme Axelle DANSOU-BOURGAIN<\/li>\n<li>Mme Colette DAOUT<\/li>\n<li>Mme St\u00e9phanie BASTIEN<\/li>\n<li>Mme Jessica PAYET<\/li>\n<li>Mme Jean MAHELE<\/li>\n<li>Mme Nicole REDOUTE<\/li>\n<li>Mme Anne Laure LAUMOND<\/li>\n<li>Mme D\u00e9borah RAMASSAMY<\/li>\n<li>Mme Emilie BENATY<\/li>\n<\/ul>\n<p><strong>Professeur-Documentaliste<\/strong><\/p>\n<ul>\n<li>St\u00e9phanie COHADIER<\/li>\n<\/ul>\n<p><strong>Histoire G\u00e9ographie<\/strong><\/p>\n<ul>\n<li>Mme Catherine CALPETARD<\/li>\n<li>Mr Bertrand GAUVILLE<\/li>\n<li>M PAYET Fr\u00e9d\u00e9ric<\/li>\n<li>M Cyril ALBERT<\/li>\n<\/ul>\n<p><strong>Anglais<\/strong><\/p>\n<ul>\n<li>Mme Anne-Claire CHAUVIN<\/li>\n<li>Mr Olivier CARASSOU<\/li>\n<li>Mme Magalie GIGANT<\/li>\n<li>Mr Michel PAVADEMESTRY<\/li>\n<li>Mme Marie Reine May VYPLASIL<\/li>\n<\/ul>\n<p><strong>Espagnol<\/strong><\/p>\n<ul>\n<li>Mme Virginie LAVAL-VIRAMA<\/li>\n<li>Mme Amandine LOUGNON<\/li>\n<li>Mme Michelle ADRIEN<\/li>\n<\/ul>\n<p><strong>Allemand<\/strong><\/p>\n<ul>\n<li>Mme Sylke DREYER<\/li>\n<\/ul>\n<p><strong>Musique<\/strong><\/p>\n<ul>\n<li>Mr Guillaume THEVENOT<\/li>\n<li>Mme Ombline SALMON-LEGAGNEUR<\/li>\n<\/ul>\n<p><strong>Arts Plastiques<\/strong><\/p>\n<ul>\n<li>Mr Mario CAPONE (rempl: M. Indianise SERAPHIN)<\/li>\n<li>Mme Marie Karina M&rsquo;COUROUPA<\/li>\n<\/ul>\n<p><strong>Math\u00e9matiques<\/strong><\/p>\n<ul>\n<li>Mme Marie-Andr\u00e9e BOUCHER<\/li>\n<li>Mme HOAREAU Joan<\/li>\n<li>M. Geoffroy CHENE<\/li>\n<li>M. Thomas JURKIEWITCH<\/li>\n<li>M. Tony HOARAU<\/li>\n<li>M. Ronan LE PAGE<\/li>\n<\/ul>\n<p><strong>Sciences Physiques<\/strong><\/p>\n<ul>\n<li>Mme Sylvia ALPOU<\/li>\n<li>Mme Elisabeth MAGNANI<\/li>\n<li>M. Thierry VLODY<\/li>\n<\/ul>\n<p><strong>SVT<\/strong><\/p>\n<ul>\n<li>Mme SAVRIMOUTOU Marie-Nad\u00e8ge<\/li>\n<li>Mme Aline GALAOR<\/li>\n<li>Mme Laurence VILLIEN<\/li>\n<\/ul>\n<p><strong>Technologie<\/strong><\/p>\n<ul>\n<li>M. Franck LOMBARDIN<\/li>\n<li>M. Johnny PAYET<\/li>\n<li>M. Fran\u00e7ois POTIER<\/li>\n<\/ul>\n<p><strong>EPS<\/strong><\/p>\n<ul>\n<li>M. Pierre Etienne BRETTE<\/li>\n<li>M Christophe VERGNET<\/li>\n<li>Mme Dominique LATERRIERE<\/li>\n<li>M. C\u00e9dric LOPEZ<\/li>\n<li>Mr SANDANOM Jean-Erick<\/li>\n<\/ul>\n<p><strong>Professeurs des Ecoles Sp\u00e9cialis\u00e9s<\/strong><\/p>\n<ul>\n<li>Mr Vincent JUIGNIER<\/li>\n<li>Mme Sandy LAROCHELLE<\/li>\n<\/ul>\n<p><strong>Professeurs des Ecoles<\/strong><\/p>\n<ul>\n<li>Mme Laetitia GOSSARD<\/li>\n<li>M S\u00e9bastien ORTIZ<\/li>\n<li>Mme Christine BLEANDONU<\/li>\n<\/ul>\n<p><strong>P.L.P Textiles<\/strong><\/p>\n<ul>\n<li>Mme Monique ESCARTIN (SEGPA)<\/li>\n<\/ul>\n<p><strong>Horticulture<\/strong><\/p>\n<ul>\n<li>Mme Brigitte RAUWEL (SEGPA)<\/li>\n<\/ul>\n<p>&nbsp;<\/p>\n","protected":false},"excerpt":{"rendered":"<p>Lettres Modernes et classiques Mme Patricia CLERCY Mme Axelle DANSOU-BOURGAIN Mme Colette DAOUT Mme St\u00e9phanie BASTIEN Mme Jessica PAYET Mme Jean MAHELE Mme Nicole REDOUTE Mme Anne Laure LAUMOND Mme D\u00e9borah RAMASSAMY Mme Emilie BENATY Professeur-Documentaliste St\u00e9phanie COHADIER Histoire G\u00e9ographie Mme Catherine CALPETARD Mr Bertrand GAUVILLE M PAYET Fr\u00e9d\u00e9ric M&#8230;<\/p>\n<p> <a class=\"continue-reading-link\" href=\"https:\/\/etab.ac-reunion.fr\/clg-la-montagne\/page-d-exemple\/les-enseignants\/\"><span>Lire plus<\/span><i class=\"crycon-right-dir\"><\/i><\/a> <\/p>\n","protected":false},"author":19939,"featured_media":0,"parent":2,"menu_order":0,"comment_status":"closed","ping_status":"closed","template":"","meta":{"footnotes":""},"class_list":["post-16277","page","type-page","status-publish","hentry"],"_links":{"self":[{"href":"https:\/\/etab.ac-reunion.fr\/clg-la-montagne\/wp-json\/wp\/v2\/pages\/16277","targetHints":{"allow":["GET"]}}],"collection":[{"href":"https:\/\/etab.ac-reunion.fr\/clg-la-montagne\/wp-json\/wp\/v2\/pages"}],"about":[{"href":"https:\/\/etab.ac-reunion.fr\/clg-la-montagne\/wp-json\/wp\/v2\/types\/page"}],"author":[{"embeddable":true,"href":"https:\/\/etab.ac-reunion.fr\/clg-la-montagne\/wp-json\/wp\/v2\/users\/19939"}],"replies":[{"embeddable":true,"href":"https:\/\/etab.ac-reunion.fr\/clg-la-montagne\/wp-json\/wp\/v2\/comments?post=16277"}],"version-history":[{"count":17,"href":"https:\/\/etab.ac-reunion.fr\/clg-la-montagne\/wp-json\/wp\/v2\/pages\/16277\/revisions"}],"predecessor-version":[{"id":19107,"href":"https:\/\/etab.ac-reunion.fr\/clg-la-montagne\/wp-json\/wp\/v2\/pages\/16277\/revisions\/19107"}],"up":[{"embeddable":true,"href":"https:\/\/etab.ac-reunion.fr\/clg-la-montagne\/wp-json\/wp\/v2\/pages\/2"}],"wp:attachment":[{"href":"https:\/\/etab.ac-reunion.fr\/clg-la-montagne\/wp-json\/wp\/v2\/media?parent=16277"}],"curies":[{"name":"wp","href":"https:\/\/api.w.org\/{rel}","templated":true}]}}