{"id":18230,"date":"2020-09-16T10:23:06","date_gmt":"2020-09-16T06:23:06","guid":{"rendered":"http:\/\/college-lamontagne.ac-reunion.fr\/?page_id=18230"},"modified":"2025-12-01T08:00:19","modified_gmt":"2025-12-01T04:00:19","slug":"educonnect-2","status":"publish","type":"page","link":"https:\/\/etab.ac-reunion.fr\/clg-la-montagne\/educonnect-2\/","title":{"rendered":"EDUCONNECT"},"content":{"rendered":"<p><strong>Mise en place d&rsquo;une nouvelle proc\u00e9dure pour vos d\u00e9marches en ligne concernant la scolarit\u00e9 de votre enfant au coll\u00e8ge (acc\u00e8s aux t\u00e9l\u00e9services, bourse, LSU, cantine, saisie de l&rsquo;orientation\u2026)\u00a0<\/strong><\/p>\n<p class=\"western\"><strong>Educonnect remplace d\u00e9sormais les comptes ATEN<\/strong>\u00a0qui seront d\u00e9sactiv\u00e9s \u00e0 partir du 16 septembre 2020.<\/p>\n<p class=\"western\">Educonnect est un compte unique qui permet d\u2018acc\u00e9der \u00e0 un ensemble de services et de d\u00e9marches pour suivre la scolarit\u00e9 de vos enfants.<\/p>\n<p>&nbsp;<\/p>\n<p class=\"western\">Pour une aide \u00e0 l&rsquo;activation de votre compte, <a href=\"https:\/\/etab.ac-reunion.fr\/clg-la-montagne\/wp-content\/uploads\/sites\/74\/2021\/03\/Educonnect-Activation-compte-Parents_v3.pdf\" target=\"_blank\" rel=\"noopener noreferrer\">veuillez cliquer ici.<\/a><\/p>\n<p>Pour une aide \u00e0 la connexion (une fois le compte activ\u00e9), <a href=\"https:\/\/etab.ac-reunion.fr\/clg-la-montagne\/wp-content\/uploads\/sites\/74\/2021\/03\/Educonnect-Connexion-Parents_v3.pdf\" target=\"_blank\" rel=\"noopener\">veuillez cliquer ici.<\/a><\/p>\n<p>Si vous avez oubli\u00e9 vos identifiants, <a href=\"https:\/\/etab.ac-reunion.fr\/clg-la-montagne\/wp-content\/uploads\/sites\/74\/2021\/03\/Educonnect-Identifiants-perdus-Parents_v1.pdf\" target=\"_blank\" rel=\"noopener\">veuillez cliquer ici<\/a><\/p>\n<p>&nbsp;<\/p>\n","protected":false},"excerpt":{"rendered":"<p>Mise en place d&rsquo;une nouvelle proc\u00e9dure pour vos d\u00e9marches en ligne concernant la scolarit\u00e9 de votre enfant au coll\u00e8ge (acc\u00e8s aux t\u00e9l\u00e9services, bourse, LSU, cantine, saisie de l&rsquo;orientation\u2026)\u00a0 Educonnect remplace d\u00e9sormais les comptes ATEN\u00a0qui seront d\u00e9sactiv\u00e9s \u00e0 partir du 16 septembre 2020. Educonnect est un compte unique qui permet d\u2018acc\u00e9der&#8230;<\/p>\n<p> <a class=\"continue-reading-link\" href=\"https:\/\/etab.ac-reunion.fr\/clg-la-montagne\/educonnect-2\/\"><span>Lire plus<\/span><i class=\"crycon-right-dir\"><\/i><\/a> <\/p>\n","protected":false},"author":24704,"featured_media":0,"parent":0,"menu_order":0,"comment_status":"closed","ping_status":"closed","template":"","meta":{"footnotes":""},"class_list":["post-18230","page","type-page","status-publish","hentry"],"_links":{"self":[{"href":"https:\/\/etab.ac-reunion.fr\/clg-la-montagne\/wp-json\/wp\/v2\/pages\/18230","targetHints":{"allow":["GET"]}}],"collection":[{"href":"https:\/\/etab.ac-reunion.fr\/clg-la-montagne\/wp-json\/wp\/v2\/pages"}],"about":[{"href":"https:\/\/etab.ac-reunion.fr\/clg-la-montagne\/wp-json\/wp\/v2\/types\/page"}],"author":[{"embeddable":true,"href":"https:\/\/etab.ac-reunion.fr\/clg-la-montagne\/wp-json\/wp\/v2\/users\/24704"}],"replies":[{"embeddable":true,"href":"https:\/\/etab.ac-reunion.fr\/clg-la-montagne\/wp-json\/wp\/v2\/comments?post=18230"}],"version-history":[{"count":9,"href":"https:\/\/etab.ac-reunion.fr\/clg-la-montagne\/wp-json\/wp\/v2\/pages\/18230\/revisions"}],"predecessor-version":[{"id":19745,"href":"https:\/\/etab.ac-reunion.fr\/clg-la-montagne\/wp-json\/wp\/v2\/pages\/18230\/revisions\/19745"}],"wp:attachment":[{"href":"https:\/\/etab.ac-reunion.fr\/clg-la-montagne\/wp-json\/wp\/v2\/media?parent=18230"}],"curies":[{"name":"wp","href":"https:\/\/api.w.org\/{rel}","templated":true}]}}