{"id":18558,"date":"2021-09-13T16:11:39","date_gmt":"2021-09-13T12:11:39","guid":{"rendered":"http:\/\/college-lamontagne.ac-reunion.fr\/?page_id=18558"},"modified":"2021-09-13T16:13:10","modified_gmt":"2021-09-13T12:13:10","slug":"le-portail-du-cdi","status":"publish","type":"page","link":"https:\/\/etab.ac-reunion.fr\/clg-la-montagne\/cdi\/le-portail-du-cdi\/","title":{"rendered":"Le portail du CDI"},"content":{"rendered":"<p><strong>A quoi sert E-Sidoc ?<\/strong><\/p>\n<p>E-Sidoc est le portail documentaire du C.D.I. Il vous permet de\u00a0:<\/p>\n<ol>\n<li><em>rep\u00e9rer\u00a0<strong>en ligne<\/strong>\u00a0ce qui s\u2019y trouve\u00a0<\/em>\u00a0:<br \/>\n<strong><img decoding=\"async\" class=\"puce\" src=\"http:\/\/www.clg-petitbois-pierrelaye.ac-versailles.fr\/local\/cache-vignettes\/L8xH11\/puce-32883.gif?1524082337\" alt=\"-\" \/>\u00a0catalogue des ressources pr\u00e9sentes au C.D.I.<\/strong><a href=\"https:\/\/9740042c.esidoc.fr\/\"><img loading=\"lazy\" decoding=\"async\" class=\"size-medium wp-image-18559 alignright\" src=\"https:\/\/etab.ac-reunion.fr\/clg-la-montagne\/wp-content\/uploads\/sites\/74\/2021\/09\/telechargement-300x166.png\" alt=\"\" width=\"300\" height=\"166\" srcset=\"https:\/\/etab.ac-reunion.fr\/clg-la-montagne\/wp-content\/uploads\/sites\/74\/2021\/09\/telechargement-300x166.png 300w, https:\/\/etab.ac-reunion.fr\/clg-la-montagne\/wp-content\/uploads\/sites\/74\/2021\/09\/telechargement-150x83.png 150w, https:\/\/etab.ac-reunion.fr\/clg-la-montagne\/wp-content\/uploads\/sites\/74\/2021\/09\/telechargement.png 302w\" sizes=\"auto, (max-width: 300px) 100vw, 300px\" \/><\/a><br \/>\n<strong><img decoding=\"async\" class=\"puce\" src=\"http:\/\/www.clg-petitbois-pierrelaye.ac-versailles.fr\/local\/cache-vignettes\/L8xH11\/puce-32883.gif?1524082337\" alt=\"-\" \/>\u00a0liste des nouveaux ouvrages<\/strong><br \/>\n<strong><img decoding=\"async\" class=\"puce\" src=\"http:\/\/www.clg-petitbois-pierrelaye.ac-versailles.fr\/local\/cache-vignettes\/L8xH11\/puce-32883.gif?1524082337\" alt=\"-\" \/>\u00a0derniers num\u00e9ros des revues<\/strong><\/li>\n<li><em>v\u00e9rifier si les documents sont disponibles ou en pr\u00eats<\/em><\/li>\n<li><em>faire des recherches sur plusieurs sources<\/em>\u00a0: base de donn\u00e9es du C.D.I.,\u00a0<strong>sites\u00a0<\/strong><strong>Internet<\/strong>, ressources num\u00e9riques<\/li>\n<li><i>acc\u00e9der \u00e0 une s\u00e9lection de ressources culturelles en ligne<\/i><\/li>\n<\/ol>\n","protected":false},"excerpt":{"rendered":"<p>A quoi sert E-Sidoc ? E-Sidoc est le portail documentaire du C.D.I. Il vous permet de\u00a0: rep\u00e9rer\u00a0en ligne\u00a0ce qui s\u2019y trouve\u00a0\u00a0: \u00a0catalogue des ressources pr\u00e9sentes au C.D.I. \u00a0liste des nouveaux ouvrages \u00a0derniers num\u00e9ros des revues v\u00e9rifier si les documents sont disponibles ou en pr\u00eats faire des recherches sur plusieurs sources\u00a0:&#8230;<\/p>\n<p> <a class=\"continue-reading-link\" href=\"https:\/\/etab.ac-reunion.fr\/clg-la-montagne\/cdi\/le-portail-du-cdi\/\"><span>Lire plus<\/span><i class=\"crycon-right-dir\"><\/i><\/a> <\/p>\n","protected":false},"author":28689,"featured_media":0,"parent":26,"menu_order":0,"comment_status":"closed","ping_status":"closed","template":"","meta":{"footnotes":""},"class_list":["post-18558","page","type-page","status-publish","hentry"],"_links":{"self":[{"href":"https:\/\/etab.ac-reunion.fr\/clg-la-montagne\/wp-json\/wp\/v2\/pages\/18558","targetHints":{"allow":["GET"]}}],"collection":[{"href":"https:\/\/etab.ac-reunion.fr\/clg-la-montagne\/wp-json\/wp\/v2\/pages"}],"about":[{"href":"https:\/\/etab.ac-reunion.fr\/clg-la-montagne\/wp-json\/wp\/v2\/types\/page"}],"author":[{"embeddable":true,"href":"https:\/\/etab.ac-reunion.fr\/clg-la-montagne\/wp-json\/wp\/v2\/users\/28689"}],"replies":[{"embeddable":true,"href":"https:\/\/etab.ac-reunion.fr\/clg-la-montagne\/wp-json\/wp\/v2\/comments?post=18558"}],"version-history":[{"count":1,"href":"https:\/\/etab.ac-reunion.fr\/clg-la-montagne\/wp-json\/wp\/v2\/pages\/18558\/revisions"}],"predecessor-version":[{"id":18560,"href":"https:\/\/etab.ac-reunion.fr\/clg-la-montagne\/wp-json\/wp\/v2\/pages\/18558\/revisions\/18560"}],"up":[{"embeddable":true,"href":"https:\/\/etab.ac-reunion.fr\/clg-la-montagne\/wp-json\/wp\/v2\/pages\/26"}],"wp:attachment":[{"href":"https:\/\/etab.ac-reunion.fr\/clg-la-montagne\/wp-json\/wp\/v2\/media?parent=18558"}],"curies":[{"name":"wp","href":"https:\/\/api.w.org\/{rel}","templated":true}]}}