{"id":18720,"date":"2022-02-10T10:40:31","date_gmt":"2022-02-10T06:40:31","guid":{"rendered":"http:\/\/college-lamontagne.ac-reunion.fr\/?page_id=18720"},"modified":"2024-10-01T15:47:07","modified_gmt":"2024-10-01T11:47:07","slug":"pix","status":"publish","type":"page","link":"https:\/\/etab.ac-reunion.fr\/clg-la-montagne\/pix\/","title":{"rendered":"PIX"},"content":{"rendered":"<h5 style=\"text-align: left\"><strong>La certification Pix, c&rsquo;est quoi ?<\/strong><\/h5>\n<h5 style=\"text-align: left\">Apr\u00e8s avoir \u00e9valu\u00e9 et d\u00e9velopp\u00e9 vos comp\u00e9tences num\u00e9riques via votre profil Pix, la certification Pix vous permet de les valoriser officiellement. A travers une session de<br \/>\ncertification, Pix v\u00e9rifie la sinc\u00e9rit\u00e9 de votre profil et vous d\u00e9livre un certificat.<br \/>\nQuelle est sa reconnaissance et dur\u00e9e de validit\u00e9 ?<br \/>\nLa certification Pix est reconnue officiellement par l\u2019\u00c9tat et le monde professionnel. Compte tenu de l\u2019\u00e9volution rapide et constante du num\u00e9rique, sa dur\u00e9e de validit\u00e9 est de trois ans.<\/h5>\n<h5 style=\"text-align: left\"><strong>Comment savoir si je peux passer la certification ?<\/strong><br \/>\nPour \u00eatre certifiable et donc pouvoir passer la certification Pix, il vous suffit d\u2019avoir un<br \/>\ncompte Pix et d\u2019avoir atteint au moins le niveau 1 dans 5 comp\u00e9tences.<\/h5>\n<h5><strong>\u00a0<\/strong><\/h5>\n<p>&nbsp;<\/p>\n","protected":false},"excerpt":{"rendered":"<p>La certification Pix, c&rsquo;est quoi ? Apr\u00e8s avoir \u00e9valu\u00e9 et d\u00e9velopp\u00e9 vos comp\u00e9tences num\u00e9riques via votre profil Pix, la certification Pix vous permet de les valoriser officiellement. A travers une session de certification, Pix v\u00e9rifie la sinc\u00e9rit\u00e9 de votre profil et vous d\u00e9livre un certificat. Quelle est sa reconnaissance et&#8230;<\/p>\n<p> <a class=\"continue-reading-link\" href=\"https:\/\/etab.ac-reunion.fr\/clg-la-montagne\/pix\/\"><span>Lire plus<\/span><i class=\"crycon-right-dir\"><\/i><\/a> <\/p>\n","protected":false},"author":28689,"featured_media":0,"parent":0,"menu_order":0,"comment_status":"closed","ping_status":"closed","template":"","meta":{"footnotes":""},"class_list":["post-18720","page","type-page","status-publish","hentry"],"_links":{"self":[{"href":"https:\/\/etab.ac-reunion.fr\/clg-la-montagne\/wp-json\/wp\/v2\/pages\/18720","targetHints":{"allow":["GET"]}}],"collection":[{"href":"https:\/\/etab.ac-reunion.fr\/clg-la-montagne\/wp-json\/wp\/v2\/pages"}],"about":[{"href":"https:\/\/etab.ac-reunion.fr\/clg-la-montagne\/wp-json\/wp\/v2\/types\/page"}],"author":[{"embeddable":true,"href":"https:\/\/etab.ac-reunion.fr\/clg-la-montagne\/wp-json\/wp\/v2\/users\/28689"}],"replies":[{"embeddable":true,"href":"https:\/\/etab.ac-reunion.fr\/clg-la-montagne\/wp-json\/wp\/v2\/comments?post=18720"}],"version-history":[{"count":14,"href":"https:\/\/etab.ac-reunion.fr\/clg-la-montagne\/wp-json\/wp\/v2\/pages\/18720\/revisions"}],"predecessor-version":[{"id":19429,"href":"https:\/\/etab.ac-reunion.fr\/clg-la-montagne\/wp-json\/wp\/v2\/pages\/18720\/revisions\/19429"}],"wp:attachment":[{"href":"https:\/\/etab.ac-reunion.fr\/clg-la-montagne\/wp-json\/wp\/v2\/media?parent=18720"}],"curies":[{"name":"wp","href":"https:\/\/api.w.org\/{rel}","templated":true}]}}