{"id":19102,"date":"2023-07-03T14:27:41","date_gmt":"2023-07-03T10:27:41","guid":{"rendered":"https:\/\/etab.ac-reunion.fr\/clg-la-montagne\/?page_id=19102"},"modified":"2023-10-13T15:21:19","modified_gmt":"2023-10-13T11:21:19","slug":"19102-2","status":"publish","type":"page","link":"https:\/\/etab.ac-reunion.fr\/clg-la-montagne\/19102-2\/","title":{"rendered":"Charte d&rsquo;utilisation de l&rsquo;Internet et des services multim\u00e9dia"},"content":{"rendered":"<p class=\"western\" align=\"center\"><span style=\"color: #ff0000\"><span style=\"font-family: Arial, sans-serif\"><span style=\"font-size: large\"><b>Charte \u00ab \u00e9l\u00e8ve \u00bb d\u2019utilisation de l\u2019Internet et des services multim\u00e9dias<\/b><\/span><\/span><\/span><\/p>\n<p class=\"western\"><span style=\"font-family: Arial, sans-serif\">Sauf \u00e9volution qui lui serait communiqu\u00e9e, cette charte est valable pour la dur\u00e9e de scolarit\u00e9 de l\u2019\u00e9l\u00e8ve au coll\u00e8ge de la Montagne.<\/span><\/p>\n<p class=\"western\" align=\"center\"><span style=\"font-family: Arial, sans-serif\"><b>PR\u00c9AMBULE\u00a0:<\/b><\/span><\/p>\n<p class=\"western\"><span style=\"font-family: Arial, sans-serif\">Cette charte a pour objet de d\u00e9finir les conditions d\u2019utilisation des services multim\u00e9dias et d\u2019Internet dans le cadre des activit\u00e9s du coll\u00e8ge.<\/span><\/p>\n<p class=\"western\"><span style=\"font-family: Arial, sans-serif\">Elle est consultable sur le site Internet du coll\u00e8ge\u00a0<\/span><span style=\"color: #0070c0\"><span style=\"font-family: Arial, sans-serif\"><b>: <\/b><\/span><\/span><span style=\"color: #0070c0\"><span style=\"font-family: Arial, sans-serif\"><i><b>http:\/\/www.college-lamontagne@ac-reunion.fr<\/b><\/i><\/span><\/span><\/p>\n<p class=\"western\"><span style=\"font-family: Arial, sans-serif\">La fourniture des services li\u00e9s aux Technologies de l\u2019Information et de la Communication (TIC) r\u00e9pond \u00e0 un objectif p\u00e9dagogique et \u00e9ducatif. Cette charte, jointe au r\u00e8glement int\u00e9rieur du coll\u00e8ge, d\u00e9finit les conditions g\u00e9n\u00e9rales de leurs utilisations ainsi que les droits et devoirs de chacun. <\/span><\/p>\n<p class=\"western\"><span style=\"font-family: Arial, sans-serif\">L\u2019Internet, les r\u00e9seaux et les services li\u00e9s aux TIC en g\u00e9n\u00e9ral ne sont pas des zones de non-droit. L\u2019\u00e9l\u00e8ve et le coll\u00e8ge sont tenus de respecter la l\u00e9gislation et les valeurs fondamentales de l\u2019\u00c9ducation nationale.<\/span><\/p>\n<p class=\"western\" align=\"center\"><span style=\"font-family: Arial, sans-serif\"><b>SERVICES PROPOSES ET ENGAGEMENTS DU COLL\u00c8GE\u00a0:<\/b><\/span><\/p>\n<p class=\"western\"><span style=\"font-family: Arial, sans-serif\"><b>Description du service<\/b><\/span><span style=\"font-family: Arial, sans-serif\"> : <\/span><\/p>\n<p class=\"western\"><span style=\"font-family: Arial, sans-serif\">Le coll\u00e8ge met \u00e0 disposition des \u00e9l\u00e8ves les moyens et services suivants : <\/span><\/p>\n<ul>\n<li><span style=\"font-family: Arial, sans-serif\">Communications Internet : <\/span>\n<ul>\n<li><span style=\"font-family: Arial, sans-serif\">Services de recherche sur la toile (surf sur les sites web). <\/span><\/li>\n<li><span style=\"font-family: Arial, sans-serif\">Services d\u2019\u00e9changes (Espace Num\u00e9rique de Travail, cahier de texte, notes, absences \u2026).<\/span><\/li>\n<li><span style=\"font-family: Arial, sans-serif\">Espace personnel de stockage (Folios). <\/span><\/li>\n<\/ul>\n<\/li>\n<li><span style=\"font-family: Arial, sans-serif\">Moyens d\u00e9ploy\u00e9s : <\/span>\n<ul>\n<li><span style=\"font-family: Arial, sans-serif\">Salle informatique, Labo de langues, salle de technologie, CDI. <\/span><\/li>\n<li><span style=\"font-family: Arial, sans-serif\">Moyens audiovisuels (Appareil photo, TV, Tableaux blancs interactifs, \u2026) <\/span><\/li>\n<\/ul>\n<\/li>\n<\/ul>\n<p class=\"western\"><span style=\"font-family: Arial, sans-serif\"><b>Accompagnement et respect de la loi : <\/b><\/span><\/p>\n<p class=\"western\"><span style=\"font-family: Arial, sans-serif\">Le coll\u00e8ge s\u2019engage \u00e0 pr\u00e9parer, conseiller et assister l\u2019\u00e9l\u00e8ve dans son utilisation des services offerts et aux risques qui en d\u00e9coulent. Il s\u2019oblige \u00e0 faire respecter la loi. Il se dote de dispositifs assurant les protections des \u00e9l\u00e8ves et notamment des mineurs en particulier avec des moyens de filtrages des protocoles d\u2019\u00e9changes et des moyens de contr\u00f4le et des sites visit\u00e9s. <\/span><\/p>\n<p class=\"western\"><span style=\"font-family: Arial, sans-serif\"><b>Acc\u00e8s au r\u00e9seau informatique : <\/b><\/span><\/p>\n<p class=\"western\"><span style=\"font-family: Arial, sans-serif\">Le coll\u00e8ge rend obligatoire l\u2019authentification de tous les postes connect\u00e9s \u00e0 ses r\u00e9seaux informatiques. <\/span><\/p>\n<p class=\"western\"><span style=\"font-family: Arial, sans-serif\">Les comptes et mots de passe sont nominatifs, personnels, temporaires et non cessibles. Chaque utilisateur est responsable de l\u2019utilisation qui en est faite. Si son mot de passe ne lui permet plus de se connecter, l\u2019utilisateur pr\u00e9viendra un responsable dans les plus brefs d\u00e9lais.<\/span><\/p>\n<p class=\"western\"><span style=\"font-family: Arial, sans-serif\">L\u2019utilisateur doit quitter son poste informatique en fermant sa session de travail faute de quoi, son r\u00e9pertoire personnel reste accessible pour tout utilisateur lui succ\u00e9dant sur le poste.<\/span><\/p>\n<p class=\"western\"><span style=\"font-family: Arial, sans-serif\"><b>Disponibilit\u00e9 du service : <\/b><\/span><\/p>\n<p class=\"western\"><span style=\"font-family: Arial, sans-serif\">Le coll\u00e8ge s&rsquo;efforce dans la mesure du possible de maintenir accessibles les services propos\u00e9s de mani\u00e8re permanente, mais n&rsquo;est tenu \u00e0 aucune obligation d&rsquo;y parvenir. Il ne peut pas \u00eatre tenu pour responsable des cons\u00e9quences d\u2019interruptions aussi bien pour l\u2019\u00e9l\u00e8ve que pour tous tiers. <\/span><\/p>\n<p class=\"western\"><span style=\"font-family: Arial, sans-serif\"><b>Cas de l\u2019espace de stockage attribu\u00e9 \u00e0 l\u2019\u00e9l\u00e8ve : <\/b><\/span><\/p>\n<p class=\"western\"><span style=\"font-family: Arial, sans-serif\">L\u2019\u00e9l\u00e8ve dispose d\u2019un espace d\u00e9di\u00e9 lui permettant de conserver des documents utiles \u00e0 son enseignement et \u00e0 son orientation. Le contenu reste consultable et modifiable par le coll\u00e8ge. Tous fichiers \u2018infect\u00e9s\u2019 par un virus seront supprim\u00e9s sans pr\u00e9avis. <\/span><\/p>\n<p class=\"western\"><span style=\"font-family: Arial, sans-serif\">L\u2019enregistrement des travaux des \u00e9l\u00e8ves doit \u00eatre r\u00e9alis\u00e9 dans les espaces pr\u00e9vus \u00e0 cet effet (r\u00e9pertoire personnel de l\u2019utilisateur, r\u00e9pertoire commun de la classe, etc\u2026). Tout document situ\u00e9 hors de ces r\u00e9pertoires pourra \u00eatre supprim\u00e9 sans pr\u00e9avis. <\/span><\/p>\n<p class=\"western\" align=\"center\"><span style=\"font-family: Arial, sans-serif\"><b>ENGAGEMENT DE L\u2019\u00c9L\u00c8VE<\/b><\/span><\/p>\n<p class=\"western\"><span style=\"font-family: Arial, sans-serif\">L\u2019\u00e9l\u00e8ve s\u2019engage \u00e0 respecter et suivre les consignes qui lui sont donn\u00e9es par les personnels du coll\u00e8ge. Toute utilisation n\u2019ayant pas re\u00e7u l\u2019aval du coll\u00e8ge est interdite. <\/span><\/p>\n<p class=\"western\"><span style=\"font-family: Arial, sans-serif\"><b>Interdictions\u00a0:<\/b><\/span><\/p>\n<ul>\n<li><span style=\"font-family: Arial, sans-serif\"><u><b>Il est interdit de d\u00e9t\u00e9riorer, de d\u00e9monter ou de retirer le mat\u00e9riel mis \u00e0 disposition. <\/b><\/u><\/span><\/li>\n<li><span style=\"font-family: Arial, sans-serif\">L\u2019\u00e9l\u00e8ve doit s\u2019assurer aupr\u00e8s du coll\u00e8ge de son bon droit dans l\u2019usage ou la cr\u00e9ation de tous documents comportant des textes, des images ou du son ; dans la navigation et la recherche de documents sur la toile ; et dans la diffusion ou la transmission d\u2019informations. <\/span><\/li>\n<li><span style=\"font-family: Arial, sans-serif\">L\u2019\u00e9l\u00e8ve ne doit pas perturber volontairement le fonctionnement des services. Il est notamment interdit d\u2019utiliser des programmes destin\u00e9s \u00e0 contourner la s\u00e9curit\u00e9 ou \u00e0 saturer les ressources, d\u2019introduire des programmes nuisibles ou des programmes d\u2019\u00e9coute, <\/span><span style=\"color: #0070c0\"><span style=\"font-family: Arial, sans-serif\"><b>de modifier sans autorisation la configuration des<\/b><\/span><\/span><b> <\/b><span style=\"color: #5983b0\"><span style=\"font-family: Arial, sans-serif\"><b>machines<\/b><\/span><\/span><span style=\"font-family: Arial, sans-serif\">, d\u2019effectuer des copies ou des installations illicites de logiciels. <\/span><\/li>\n<li><span style=\"font-family: Arial, sans-serif\">L\u2019\u00e9l\u00e8ve doit informer le coll\u00e8ge de toute perte, anomalie ou tentative de violation de ses codes d\u2019acc\u00e8s personnels et confidentiels. Il lui est interdit de masquer son identit\u00e9.<\/span><\/li>\n<li><span style=\"font-family: Arial, sans-serif\">L\u2019\u00e9l\u00e8ve s\u2019engage \u00e0 ne pas se faire passer pour une autre personne (usurpation d\u2019identit\u00e9) et \u00e0 ne pas acc\u00e9der aux donn\u00e9es d\u2019autrui sans l\u2019accord de leurs auteurs m\u00eame lorsque ces informations ne sont pas explicitement prot\u00e9g\u00e9es. <\/span><\/li>\n<li>\n<p class=\"western\"><span style=\"font-family: Arial, sans-serif\">L\u2019\u00e9l\u00e8ve s\u2019engage \u00e0 ne pas modifier ou d\u00e9truire des informations ou des fichiers ne lui appartenant pas\u00a0 (r\u00e9pertoires, logiciels, etc&#8230;)<\/span><\/p>\n<\/li>\n<li><span style=\"font-family: Arial, sans-serif\">La connexion d\u2019un quelconque appareil sur le r\u00e9seau du coll\u00e8ge est strictement interdite.<\/span><\/li>\n<li><span style=\"font-family: Arial, sans-serif\">L\u2019\u00e9l\u00e8ve s\u2019engage \u00e0 ne pas effectuer intentionnellement des op\u00e9rations qui pourraient avoir pour cons\u00e9quences le non-respect de cette charte.<\/span><\/li>\n<\/ul>\n<p class=\"western\"><span style=\"font-family: Arial, sans-serif\"><b>Droits et limitations de l\u2019\u00e9l\u00e8ve\u00a0:<\/b><\/span><\/p>\n<ul>\n<li><span style=\"font-family: Arial, sans-serif\">Chaque \u00e9l\u00e8ve s\u2019engage \u00e0 prendre soin du mat\u00e9riel et des locaux informatiques mis \u00e0 sa disposition. Il informera les administrateurs du r\u00e9seau de toute anomalie constat\u00e9e.<\/span><\/li>\n<li><span style=\"font-family: Arial, sans-serif\">L\u2019introduction de supports personnels amovibles (cl\u00e9s USB, GSM, disque dur externe \u2026) est exclusivement autoris\u00e9e aux personnels du coll\u00e8ge (donc interdite aux \u00e9l\u00e8ves) sauf en pr\u00e9sence d\u2019un responsable ayant v\u00e9rifi\u00e9 au pr\u00e9alable le contenu du support.<\/span><\/li>\n<li><span style=\"font-family: Arial, sans-serif\">L\u2019usage des imprimantes est soumis \u00e0 autorisation.<\/span><\/li>\n<li><span style=\"font-family: Arial, sans-serif\">L\u2019installation de programmes informatiques (logiciels, c\u00e9d\u00e9roms, \u2026) doit \u00eatre effectu\u00e9e par les administrateurs du r\u00e9seau informatique.<\/span><\/li>\n<\/ul>\n<p class=\"western\"><span style=\"font-family: Arial, sans-serif\"><b>Utilisation d\u2019internet\u00a0:<\/b><\/span><\/p>\n<p class=\"western\"><span style=\"font-family: Arial, sans-serif\">L\u2019objectif de l\u2019utilisation d\u2019Internet en milieu scolaire est de favoriser l\u2019\u00e9panouissement des \u00e9l\u00e8ves en leur permettant l\u2019acc\u00e8s \u00e0 une quantit\u00e9 importante d\u2019informations, mais aussi de les rendre critiques et responsables de leurs choix. L\u2019utilisation du r\u00e9seau du coll\u00e8ge permet l\u2019acc\u00e8s \u00e0 un r\u00e9seau global (Internet) qui d\u00e9passe tr\u00e8s largement le cadre \u00e9ducatif, et m\u00eame le cadre national. <\/span><\/p>\n<p class=\"western\"><span style=\"font-family: Arial, sans-serif\">Un certain nombre de mesures sont donc prises \u00e0 des fins de contr\u00f4les :<\/span><\/p>\n<ul>\n<li><span style=\"font-family: Arial, sans-serif\">Les activit\u00e9s des postes informatiques (acc\u00e8s \u00e0 Internet, impressions, \u2026) sont enregistr\u00e9es\u00a0\u00a0 en permanence sur diff\u00e9rents serveurs de l\u2019\u00e9tablissement<\/span><\/li>\n<li><span style=\"font-family: Arial, sans-serif\">Des outils de filtrages des sites r\u00e9pr\u00e9hensibles et des programmes dangereux existent. Ils imposent des limitations techniques \u00e0 la fourniture d\u2019acc\u00e8s Internet par l\u2019\u00e9tablissement. <\/span><span style=\"color: #0070c0\"><span style=\"font-family: Arial, sans-serif\"><b>Toute tentative visant \u00e0 contourner volontairement ses filtres fera l\u2019objet d\u2019une sanction imm\u00e9diate.<\/b><\/span><\/span><\/li>\n<li><span style=\"font-family: Arial, sans-serif\">L\u2019acc\u00e8s \u00e0 Internet en classe, en groupe ou \u00e0 titre individuel est r\u00e9serv\u00e9 aux recherches documentaires dans le cas d\u2019objectifs p\u00e9dagogiques ou de projet professionnel de l\u2019\u00e9l\u00e8ve, c\u2019est-\u00e0-dire fiche de cours, exercices en ligne, sujets et corrig\u00e9s, orientation scolaire et professionnelle, etc\u2026<\/span><\/li>\n<li><span style=\"color: #0070c0\"><span style=\"font-family: Arial, sans-serif\"><i><b>L\u2019acc\u00e8s en libre- service, \u00e0 des fins personnelles ou de loisirs est exclusivement autoris\u00e9 (selon les disponibilit\u00e9s) au CDI et en salle informatique de 12h30 \u00e0 13h30 en pr\u00e9sence d\u2019un adulte responsable. Par ailleurs, toute consultation doit se faire en pr\u00e9sence d\u2019un adulte membre de la communaut\u00e9 \u00e9ducative, qui exercera la surveillance des sites consult\u00e9s.<\/b><\/i><\/span><\/span><\/li>\n<li><span style=\"font-family: Arial, sans-serif\">Le t\u00e9l\u00e9chargement est soumis \u00e0 condition\u00a0: il est possible de t\u00e9l\u00e9charger certains fichiers ou documents dans son r\u00e9pertoire personnel en vue de la r\u00e9alisation d\u2019expos\u00e9s ou de travaux demand\u00e9s par les professeurs.<\/span><\/li>\n<\/ul>\n<p class=\"western\"><span style=\"font-family: Arial, sans-serif\">Par la pr\u00e9sente charte, l\u2019\u00e9l\u00e8ve s\u2019engage \u00e9galement \u00e0 :<\/span><\/p>\n<ul>\n<li><span style=\"font-family: Arial, sans-serif\">ne pas se connecter (ou tenter de se connecter) volontairement sur un site sans y \u00eatre autoris\u00e9 ou sur un site sans rapport avec la recherche demand\u00e9e par le professeur.<\/span><\/li>\n<li><span style=\"font-family: Arial, sans-serif\">ne pas consulter \/utiliser sa messagerie personnelle externe au coll\u00e8ge.<\/span><\/li>\n<li><span style=\"font-family: Arial, sans-serif\">imprimer que le strict n\u00e9cessaire et lorsque l\u2019autorisation lui a \u00e9t\u00e9 donn\u00e9e.<\/span><\/li>\n<\/ul>\n<p class=\"western\"><span style=\"font-family: Arial, sans-serif\">Chaque utilisateur doit \u00e9galement conna\u00eetre et respecter les r\u00e8gles juridiques s\u2019agissant du respect d\u2019autrui, du respect des valeurs humaines et sociales. Il est par cons\u00e9quent interdit de consulter, de publier ou t\u00e9l\u00e9charger des documents :<\/span><\/p>\n<ul>\n<li><span style=\"color: #0070c0\"><span style=\"font-family: Arial, sans-serif\"><b>\u00e0 caract\u00e8re diffamatoire, injurieux, obsc\u00e8ne, raciste, x\u00e9nophobe,<\/b><\/span><\/span><\/li>\n<li><span style=\"color: #0070c0\"><span style=\"font-family: Arial, sans-serif\"><b>\u00e0 caract\u00e8re p\u00e9dophile ou pornographique,<\/b><\/span><\/span><\/li>\n<li><span style=\"color: #0070c0\"><span style=\"font-family: Arial, sans-serif\"><b>incitant aux crimes, d\u00e9lits et \u00e0 la haine raciale, \u00e0 la consommation de substances illicites,<\/b><\/span><\/span><\/li>\n<li><span style=\"color: #0070c0\"><span style=\"font-family: Arial, sans-serif\"><b>contrevenant aux droits d\u2019auteur.<\/b><\/span><\/span><\/li>\n<\/ul>\n<p>&nbsp;<\/p>\n<p class=\"western\"><span style=\"color: #0070c0\"><span style=\"font-family: Arial, sans-serif\"><u><b>L\u2019\u00e9l\u00e8ve qui contreviendrait \u00e0 ces r\u00e8gles s\u2019expose \u00e0 des sanctions et poursuites p\u00e9nales<\/b><\/u><\/span><\/span><b> <\/b><span style=\"font-family: Arial, sans-serif\">pr\u00e9vues par les textes l\u00e9gislatifs et r\u00e9glementaires en vigueur.<\/span><\/p>\n<p><span style=\"font-family: Arial, sans-serif\"><b>Rappel des lois<\/b><\/span><span style=\"font-family: Arial, sans-serif\">\u00a0: <\/span><\/p>\n<ul>\n<li>\n<p align=\"justify\"><span style=\"font-family: Arial, sans-serif\">La loi 88-19 du 5 janvier 1988 sur la fraude informatique<\/span><\/p>\n<\/li>\n<li>\n<p align=\"justify\"><span style=\"font-family: Arial, sans-serif\">La loi 78-17 du 6 janvier 1978 dite \u00ab\u00a0informatique et libert\u00e9\u00a0\u00bb<\/span><\/p>\n<\/li>\n<li>\n<p align=\"justify\"><span style=\"font-family: Arial, sans-serif\">La loi 92-597 du 1<\/span><sup><span style=\"font-family: Arial, sans-serif\">er<\/span><\/sup><span style=\"font-family: Arial, sans-serif\"> juillet 1992 sur \u00ab\u00a0la propri\u00e9t\u00e9 intellectuelle\u00a0\u00bb<\/span><\/p>\n<\/li>\n<li>\n<p align=\"justify\"><span style=\"font-family: Arial, sans-serif\">La loi 90-61 5 du 13 juillet 1990 qui condamne toute discrimination (raciale, religieuse\u2026)<\/span><\/p>\n<\/li>\n<li>\n<p align=\"justify\"><span style=\"font-family: Arial, sans-serif\">Le nouveau Code P\u00e9nal pour les articles sur les atteintes \u00e0 la personnalit\u00e9 et aux mineurs.<\/span><\/p>\n<\/li>\n<\/ul>\n<p>&nbsp;<\/p>\n<p class=\"western\" align=\"center\"><span style=\"font-family: Arial, sans-serif\"><b>SANCTIONS<\/b><\/span><\/p>\n<p class=\"western\"><span style=\"font-family: Arial, sans-serif\">L\u2019\u00e9l\u00e8ve ne respectant pas les r\u00e8gles \u00e9nonc\u00e9es ci-dessus pourra se voir retirer le droit d\u2019acc\u00e8s aux services, faire l\u2019objet de mesures pr\u00e9vues par le r\u00e8glement int\u00e9rieur et \u00eatre \u00e9ventuellement passible de sanctions administratives et p\u00e9nales suivant le cas.<\/span><\/p>\n<p class=\"western\">\n","protected":false},"excerpt":{"rendered":"<p>Charte \u00ab \u00e9l\u00e8ve \u00bb d\u2019utilisation de l\u2019Internet et des services multim\u00e9dias Sauf \u00e9volution qui lui serait communiqu\u00e9e, cette charte est valable pour la dur\u00e9e de scolarit\u00e9 de l\u2019\u00e9l\u00e8ve au coll\u00e8ge de la Montagne. PR\u00c9AMBULE\u00a0: Cette charte a pour objet de d\u00e9finir les conditions d\u2019utilisation des services multim\u00e9dias et d\u2019Internet dans&#8230;<\/p>\n<p> <a class=\"continue-reading-link\" href=\"https:\/\/etab.ac-reunion.fr\/clg-la-montagne\/19102-2\/\"><span>Lire plus<\/span><i class=\"crycon-right-dir\"><\/i><\/a> <\/p>\n","protected":false},"author":28689,"featured_media":0,"parent":0,"menu_order":0,"comment_status":"closed","ping_status":"closed","template":"","meta":{"footnotes":""},"class_list":["post-19102","page","type-page","status-publish","hentry"],"_links":{"self":[{"href":"https:\/\/etab.ac-reunion.fr\/clg-la-montagne\/wp-json\/wp\/v2\/pages\/19102","targetHints":{"allow":["GET"]}}],"collection":[{"href":"https:\/\/etab.ac-reunion.fr\/clg-la-montagne\/wp-json\/wp\/v2\/pages"}],"about":[{"href":"https:\/\/etab.ac-reunion.fr\/clg-la-montagne\/wp-json\/wp\/v2\/types\/page"}],"author":[{"embeddable":true,"href":"https:\/\/etab.ac-reunion.fr\/clg-la-montagne\/wp-json\/wp\/v2\/users\/28689"}],"replies":[{"embeddable":true,"href":"https:\/\/etab.ac-reunion.fr\/clg-la-montagne\/wp-json\/wp\/v2\/comments?post=19102"}],"version-history":[{"count":4,"href":"https:\/\/etab.ac-reunion.fr\/clg-la-montagne\/wp-json\/wp\/v2\/pages\/19102\/revisions"}],"predecessor-version":[{"id":19201,"href":"https:\/\/etab.ac-reunion.fr\/clg-la-montagne\/wp-json\/wp\/v2\/pages\/19102\/revisions\/19201"}],"wp:attachment":[{"href":"https:\/\/etab.ac-reunion.fr\/clg-la-montagne\/wp-json\/wp\/v2\/media?parent=19102"}],"curies":[{"name":"wp","href":"https:\/\/api.w.org\/{rel}","templated":true}]}}