{"id":3912,"date":"2014-05-29T16:09:24","date_gmt":"2014-05-29T12:09:24","guid":{"rendered":"http:\/\/college-lamontagne.ac-reunion.fr\/?page_id=3912"},"modified":"2014-07-04T09:59:57","modified_gmt":"2014-07-04T05:59:57","slug":"balado","status":"publish","type":"page","link":"https:\/\/etab.ac-reunion.fr\/clg-la-montagne\/balado\/","title":{"rendered":"Balad((O))"},"content":{"rendered":"<p><span style=\"color: #333333\"><a href=\"https:\/\/etab.ac-reunion.fr\/clg-la-montagne\/wp-content\/uploads\/sites\/74\/2014\/05\/balado.png\"><img loading=\"lazy\" decoding=\"async\" class=\"alignleft wp-image-3931 size-full\" src=\"https:\/\/etab.ac-reunion.fr\/clg-la-montagne\/wp-content\/uploads\/sites\/74\/2014\/05\/balado.png\" alt=\"balado\" width=\"56\" height=\"70\" \/><\/a>Dans le domaine \u00e9ducatif, l\u2019espace Balad((O)) de l\u2019acad\u00e9mie de Cr\u00e9teil permet de s\u2019enregistrer directement en ligne et de partager ses enregistrements. Mais il offre plus que cela. D\u2019abord, gr\u00e2ce aux flux RSS, c\u2019est \u00e9galement un site de podcasting. Ensuite, la possibilit\u00e9 d\u2019associer aux fichiers audio des images, des textes et des vid\u00e9os lui donne une v\u00e9ritable dimension p\u00e9dagogique.<\/span><\/p>\n<p><span style=\"color: #333333\"> L\u2019espace Balad((O)) peut \u00eatre utilis\u00e9 comme un \u00ab labo de langues \u00bb asynchrone en ligne pour mettre en place des activit\u00e9s de classe, hors de la classe, c\u2019est-\u00e0-dire des activit\u00e9s distantes et diff\u00e9r\u00e9es.<\/span><\/p>\n<div class=\"su-youtube su-u-responsive-media-yes\"><iframe loading=\"lazy\" width=\"420\" height=\"300\" src=\"https:\/\/www.youtube.com\/embed\/45OxrcVKUgc?\" frameborder=\"0\" allowfullscreen allow=\"autoplay; encrypted-media; picture-in-picture\" title=\"\"><\/iframe><\/div>\n<p><span style=\"color: #333333\">Voici une <a title=\"Balad((O))\" href=\"http:\/\/infometice.ac-reunion.fr\/wordpress\/applications-services\/applications\/balado\/\">petite vid\u00e9o<\/a> pour vous donner\u00a0un aper\u00e7u de ce que cette application permet.<\/span><\/p>\n<p>&nbsp;<\/p>\n","protected":false},"excerpt":{"rendered":"<p>Dans le domaine \u00e9ducatif, l\u2019espace Balad((O)) de l\u2019acad\u00e9mie de Cr\u00e9teil permet de s\u2019enregistrer directement en ligne et de partager ses enregistrements. Mais il offre plus que cela. D\u2019abord, gr\u00e2ce aux flux RSS, c\u2019est \u00e9galement un site de podcasting. Ensuite, la possibilit\u00e9 d\u2019associer aux fichiers audio des images, des textes et&#8230;<\/p>\n<p> <a class=\"continue-reading-link\" href=\"https:\/\/etab.ac-reunion.fr\/clg-la-montagne\/balado\/\"><span>Lire plus<\/span><i class=\"crycon-right-dir\"><\/i><\/a> <\/p>\n","protected":false},"author":1511,"featured_media":0,"parent":0,"menu_order":0,"comment_status":"open","ping_status":"open","template":"","meta":{"footnotes":""},"class_list":["post-3912","page","type-page","status-publish","hentry"],"_links":{"self":[{"href":"https:\/\/etab.ac-reunion.fr\/clg-la-montagne\/wp-json\/wp\/v2\/pages\/3912","targetHints":{"allow":["GET"]}}],"collection":[{"href":"https:\/\/etab.ac-reunion.fr\/clg-la-montagne\/wp-json\/wp\/v2\/pages"}],"about":[{"href":"https:\/\/etab.ac-reunion.fr\/clg-la-montagne\/wp-json\/wp\/v2\/types\/page"}],"author":[{"embeddable":true,"href":"https:\/\/etab.ac-reunion.fr\/clg-la-montagne\/wp-json\/wp\/v2\/users\/1511"}],"replies":[{"embeddable":true,"href":"https:\/\/etab.ac-reunion.fr\/clg-la-montagne\/wp-json\/wp\/v2\/comments?post=3912"}],"version-history":[{"count":7,"href":"https:\/\/etab.ac-reunion.fr\/clg-la-montagne\/wp-json\/wp\/v2\/pages\/3912\/revisions"}],"predecessor-version":[{"id":13301,"href":"https:\/\/etab.ac-reunion.fr\/clg-la-montagne\/wp-json\/wp\/v2\/pages\/3912\/revisions\/13301"}],"wp:attachment":[{"href":"https:\/\/etab.ac-reunion.fr\/clg-la-montagne\/wp-json\/wp\/v2\/media?parent=3912"}],"curies":[{"name":"wp","href":"https:\/\/api.w.org\/{rel}","templated":true}]}}