{"id":41,"date":"2014-05-03T21:08:19","date_gmt":"2014-05-03T17:08:19","guid":{"rendered":"http:\/\/college-lamontagne.ac-reunion.fr\/?page_id=41"},"modified":"2021-10-04T16:30:06","modified_gmt":"2021-10-04T12:30:06","slug":"locaux","status":"publish","type":"page","link":"https:\/\/etab.ac-reunion.fr\/clg-la-montagne\/page-d-exemple\/locaux\/","title":{"rendered":"Locaux et horaires"},"content":{"rendered":"<p>Lundi, mardi, jeudi, vendredi:<\/p>\n<p>Ouverture des grilles \u00e0 07h15 \/ Entr\u00e9e en classe: 07h55 \/\u00a0 R\u00e9cr\u00e9ation 9h50 \u00e0 10h05 \/ Fin des cours \u00e0 12h<\/p>\n<p>Ouverture des grilles \u00e0 13h15 \/ Reprise des cours \u00e0 13h30 \/ R\u00e9cr\u00e9ation 15h25 \u00e0 15h35 \/ Fin des cours \u00e0 16h30<\/p>\n<p>Mercredi: 07h55 &#8211; 12h<\/p>\n<p><a href=\"https:\/\/etab.ac-reunion.fr\/clg-la-montagne\/wp-content\/uploads\/sites\/74\/2014\/05\/photo4.jpg\"><img loading=\"lazy\" decoding=\"async\" class=\"alignleft wp-image-13127\" src=\"https:\/\/etab.ac-reunion.fr\/clg-la-montagne\/wp-content\/uploads\/sites\/74\/2014\/05\/photo4-1024x685.jpg\" alt=\"photo4\" width=\"670\" height=\"449\" srcset=\"https:\/\/etab.ac-reunion.fr\/clg-la-montagne\/wp-content\/uploads\/sites\/74\/2014\/05\/photo4-1024x685.jpg 1024w, https:\/\/etab.ac-reunion.fr\/clg-la-montagne\/wp-content\/uploads\/sites\/74\/2014\/05\/photo4-300x200.jpg 300w, https:\/\/etab.ac-reunion.fr\/clg-la-montagne\/wp-content\/uploads\/sites\/74\/2014\/05\/photo4-140x94.jpg 140w, https:\/\/etab.ac-reunion.fr\/clg-la-montagne\/wp-content\/uploads\/sites\/74\/2014\/05\/photo4.jpg 1162w\" sizes=\"auto, (max-width: 670px) 100vw, 670px\" \/><\/a><a href=\"https:\/\/etab.ac-reunion.fr\/clg-la-montagne\/wp-content\/uploads\/sites\/74\/2014\/05\/Capture-d\u2019e\u0301cran-2014-06-08-a\u0300-15.17.19.png\"><img loading=\"lazy\" decoding=\"async\" class=\"alignleft wp-image-13138 size-full\" src=\"https:\/\/etab.ac-reunion.fr\/clg-la-montagne\/wp-content\/uploads\/sites\/74\/2014\/05\/Capture-d\u2019e\u0301cran-2014-06-08-a\u0300-15.17.19.png\" alt=\"Capture d\u2019e\u0301cran 2014-06-08 a\u0300 15.17.19\" width=\"570\" height=\"472\" srcset=\"https:\/\/etab.ac-reunion.fr\/clg-la-montagne\/wp-content\/uploads\/sites\/74\/2014\/05\/Capture-d\u2019e\u0301cran-2014-06-08-a\u0300-15.17.19.png 570w, https:\/\/etab.ac-reunion.fr\/clg-la-montagne\/wp-content\/uploads\/sites\/74\/2014\/05\/Capture-d\u2019e\u0301cran-2014-06-08-a\u0300-15.17.19-300x248.png 300w\" sizes=\"auto, (max-width: 570px) 100vw, 570px\" \/><\/a><\/p>\n<p>&nbsp;<\/p>\n<p>&nbsp;<\/p>\n<p>&nbsp;<\/p>\n<p>&nbsp;<\/p>\n<p>&nbsp;<\/p>\n<p>&nbsp;<\/p>\n<p>&nbsp;<\/p>\n<p>&nbsp;<\/p>\n<p>&nbsp;<\/p>\n<p>&nbsp;<\/p>\n<p>&nbsp;<\/p>\n<p>&nbsp;<\/p>\n<p>&nbsp;<\/p>\n<p>&nbsp;<\/p>\n<p>&nbsp;<\/p>\n<p>&nbsp;<\/p>\n<p>&nbsp;<\/p>\n<p>&nbsp;<\/p>\n<p>&nbsp;<\/p>\n<p>&nbsp;<\/p>\n<p>&nbsp;<\/p>\n<p><a href=\"https:\/\/etab.ac-reunion.fr\/clg-la-montagne\/wp-content\/uploads\/sites\/74\/2014\/05\/photo1.png\"><img loading=\"lazy\" decoding=\"async\" class=\"alignleft size-medium wp-image-13142\" src=\"https:\/\/etab.ac-reunion.fr\/clg-la-montagne\/wp-content\/uploads\/sites\/74\/2014\/05\/photo1-300x200.png\" alt=\"photo1\" width=\"300\" height=\"200\" srcset=\"https:\/\/etab.ac-reunion.fr\/clg-la-montagne\/wp-content\/uploads\/sites\/74\/2014\/05\/photo1-300x200.png 300w, https:\/\/etab.ac-reunion.fr\/clg-la-montagne\/wp-content\/uploads\/sites\/74\/2014\/05\/photo1-1024x685.png 1024w, https:\/\/etab.ac-reunion.fr\/clg-la-montagne\/wp-content\/uploads\/sites\/74\/2014\/05\/photo1-140x94.png 140w, https:\/\/etab.ac-reunion.fr\/clg-la-montagne\/wp-content\/uploads\/sites\/74\/2014\/05\/photo1.png 1162w\" sizes=\"auto, (max-width: 300px) 100vw, 300px\" \/><\/a> <a href=\"https:\/\/etab.ac-reunion.fr\/clg-la-montagne\/wp-content\/uploads\/sites\/74\/2014\/05\/photo2.png\"><img loading=\"lazy\" decoding=\"async\" class=\"alignleft size-medium wp-image-13143\" src=\"https:\/\/etab.ac-reunion.fr\/clg-la-montagne\/wp-content\/uploads\/sites\/74\/2014\/05\/photo2-300x200.png\" alt=\"photo2\" width=\"300\" height=\"200\" srcset=\"https:\/\/etab.ac-reunion.fr\/clg-la-montagne\/wp-content\/uploads\/sites\/74\/2014\/05\/photo2-300x200.png 300w, https:\/\/etab.ac-reunion.fr\/clg-la-montagne\/wp-content\/uploads\/sites\/74\/2014\/05\/photo2-1024x685.png 1024w, https:\/\/etab.ac-reunion.fr\/clg-la-montagne\/wp-content\/uploads\/sites\/74\/2014\/05\/photo2-140x94.png 140w, https:\/\/etab.ac-reunion.fr\/clg-la-montagne\/wp-content\/uploads\/sites\/74\/2014\/05\/photo2.png 1162w\" sizes=\"auto, (max-width: 300px) 100vw, 300px\" \/><\/a> <a href=\"https:\/\/etab.ac-reunion.fr\/clg-la-montagne\/wp-content\/uploads\/sites\/74\/2014\/05\/photo4.png\"><img loading=\"lazy\" decoding=\"async\" class=\"alignleft wp-image-13146 size-medium\" src=\"https:\/\/etab.ac-reunion.fr\/clg-la-montagne\/wp-content\/uploads\/sites\/74\/2014\/05\/photo4-300x200.png\" alt=\"photo4\" width=\"300\" height=\"200\" srcset=\"https:\/\/etab.ac-reunion.fr\/clg-la-montagne\/wp-content\/uploads\/sites\/74\/2014\/05\/photo4-300x200.png 300w, https:\/\/etab.ac-reunion.fr\/clg-la-montagne\/wp-content\/uploads\/sites\/74\/2014\/05\/photo4-1024x685.png 1024w, https:\/\/etab.ac-reunion.fr\/clg-la-montagne\/wp-content\/uploads\/sites\/74\/2014\/05\/photo4-140x94.png 140w, https:\/\/etab.ac-reunion.fr\/clg-la-montagne\/wp-content\/uploads\/sites\/74\/2014\/05\/photo4.png 1162w\" sizes=\"auto, (max-width: 300px) 100vw, 300px\" \/><\/a><\/p>\n","protected":false},"excerpt":{"rendered":"<p>Lundi, mardi, jeudi, vendredi: Ouverture des grilles \u00e0 07h15 \/ Entr\u00e9e en classe: 07h55 \/\u00a0 R\u00e9cr\u00e9ation 9h50 \u00e0 10h05 \/ Fin des cours \u00e0 12h Ouverture des grilles \u00e0 13h15 \/ Reprise des cours \u00e0 13h30 \/ R\u00e9cr\u00e9ation 15h25 \u00e0 15h35 \/ Fin des cours \u00e0 16h30 Mercredi: 07h55 &#8211;&#8230;<\/p>\n<p> <a class=\"continue-reading-link\" href=\"https:\/\/etab.ac-reunion.fr\/clg-la-montagne\/page-d-exemple\/locaux\/\"><span>Lire plus<\/span><i class=\"crycon-right-dir\"><\/i><\/a> <\/p>\n","protected":false},"author":1511,"featured_media":0,"parent":2,"menu_order":4,"comment_status":"closed","ping_status":"closed","template":"","meta":{"footnotes":""},"class_list":["post-41","page","type-page","status-publish","hentry"],"_links":{"self":[{"href":"https:\/\/etab.ac-reunion.fr\/clg-la-montagne\/wp-json\/wp\/v2\/pages\/41","targetHints":{"allow":["GET"]}}],"collection":[{"href":"https:\/\/etab.ac-reunion.fr\/clg-la-montagne\/wp-json\/wp\/v2\/pages"}],"about":[{"href":"https:\/\/etab.ac-reunion.fr\/clg-la-montagne\/wp-json\/wp\/v2\/types\/page"}],"author":[{"embeddable":true,"href":"https:\/\/etab.ac-reunion.fr\/clg-la-montagne\/wp-json\/wp\/v2\/users\/1511"}],"replies":[{"embeddable":true,"href":"https:\/\/etab.ac-reunion.fr\/clg-la-montagne\/wp-json\/wp\/v2\/comments?post=41"}],"version-history":[{"count":15,"href":"https:\/\/etab.ac-reunion.fr\/clg-la-montagne\/wp-json\/wp\/v2\/pages\/41\/revisions"}],"predecessor-version":[{"id":18605,"href":"https:\/\/etab.ac-reunion.fr\/clg-la-montagne\/wp-json\/wp\/v2\/pages\/41\/revisions\/18605"}],"up":[{"embeddable":true,"href":"https:\/\/etab.ac-reunion.fr\/clg-la-montagne\/wp-json\/wp\/v2\/pages\/2"}],"wp:attachment":[{"href":"https:\/\/etab.ac-reunion.fr\/clg-la-montagne\/wp-json\/wp\/v2\/media?parent=41"}],"curies":[{"name":"wp","href":"https:\/\/api.w.org\/{rel}","templated":true}]}}