{"id":467,"date":"2014-05-15T19:58:10","date_gmt":"2014-05-15T15:58:10","guid":{"rendered":"http:\/\/college-lamontagne.ac-reunion.fr\/?page_id=467"},"modified":"2021-09-30T12:59:33","modified_gmt":"2021-09-30T08:59:33","slug":"nous-contacter","status":"publish","type":"page","link":"https:\/\/etab.ac-reunion.fr\/clg-la-montagne\/nous-contacter\/","title":{"rendered":"Contact"},"content":{"rendered":"<p><span style=\"color: #800000\"><strong><em>Coll\u00e8ge de la Montagne<\/em> <\/strong><\/span><\/p>\n<p><strong>115 chemin du Colorado<\/strong><\/p>\n<p><strong>La Montagne<\/strong><\/p>\n<p><strong>97417\u00a0 SAINT-DENIS<\/strong><\/p>\n<p><strong>REUNION<\/strong><\/p>\n<p>T\u00e9l :<strong>0262 23 60 66<\/strong>\u00a0 Fax : <strong>0262 23 87 34<\/strong><\/p>\n<p>Courriel : <strong>ce.9740042c@ac-reunion.fr<\/strong><\/p>\n<p>Site : <strong><a href=\"https:\/\/etab.ac-reunion.fr\/clg-la-montagne\">https:\/\/etab.ac-reunion.fr\/clg-la-montagne<\/a><\/strong><\/p>\n<p><span style=\"color: #000000\">Vous pouvez nous contacter en remplissant le formulaire ci-dessous.<\/span><\/p>\n<p><span style=\"color: #000000\">Une r\u00e9ponse vous sera faite dans les plus brefs d\u00e9lais.<\/span><\/p>\n\n<div class=\"wpcf7 no-js\" id=\"wpcf7-f17464-o1\" lang=\"fr-FR\" dir=\"ltr\" data-wpcf7-id=\"17464\">\n<div class=\"screen-reader-response\"><p role=\"status\" aria-live=\"polite\" aria-atomic=\"true\"><\/p> <ul><\/ul><\/div>\n<form action=\"\/clg-la-montagne\/wp-json\/wp\/v2\/pages\/467#wpcf7-f17464-o1\" method=\"post\" class=\"wpcf7-form init\" aria-label=\"Formulaire de contact\" novalidate=\"novalidate\" data-status=\"init\">\n<fieldset class=\"hidden-fields-container\"><input type=\"hidden\" name=\"_wpcf7\" value=\"17464\" \/><input type=\"hidden\" name=\"_wpcf7_version\" value=\"6.1.5\" \/><input type=\"hidden\" name=\"_wpcf7_locale\" value=\"fr_FR\" \/><input type=\"hidden\" name=\"_wpcf7_unit_tag\" value=\"wpcf7-f17464-o1\" \/><input type=\"hidden\" name=\"_wpcf7_container_post\" value=\"0\" \/><input type=\"hidden\" name=\"_wpcf7_posted_data_hash\" value=\"\" \/>\n<\/fieldset>\n<p><label> Votre nom (obligatoire)<br \/>\n<span class=\"wpcf7-form-control-wrap\" data-name=\"your-name\"><input size=\"40\" maxlength=\"400\" class=\"wpcf7-form-control wpcf7-text wpcf7-validates-as-required\" aria-required=\"true\" aria-invalid=\"false\" value=\"\" type=\"text\" name=\"your-name\" \/><\/span> <\/label>\n<\/p>\n<p><label> Votre adresse de messagerie (obligatoire)<br \/>\n<span class=\"wpcf7-form-control-wrap\" data-name=\"your-email\"><input size=\"40\" maxlength=\"400\" class=\"wpcf7-form-control wpcf7-email wpcf7-validates-as-required wpcf7-text wpcf7-validates-as-email\" aria-required=\"true\" aria-invalid=\"false\" value=\"\" type=\"email\" name=\"your-email\" \/><\/span> <\/label>\n<\/p>\n<p><label> Objet<br \/>\n<span class=\"wpcf7-form-control-wrap\" data-name=\"your-subject\"><input size=\"40\" maxlength=\"400\" class=\"wpcf7-form-control wpcf7-text\" aria-invalid=\"false\" value=\"\" type=\"text\" name=\"your-subject\" \/><\/span> <\/label>\n<\/p>\n<p><label> Votre message<br \/>\n<span class=\"wpcf7-form-control-wrap\" data-name=\"your-message\"><textarea cols=\"40\" rows=\"10\" maxlength=\"2000\" class=\"wpcf7-form-control wpcf7-textarea\" aria-invalid=\"false\" name=\"your-message\"><\/textarea><\/span> <\/label>\n<\/p>\n<p><input class=\"wpcf7-form-control wpcf7-submit has-spinner\" type=\"submit\" value=\"Envoyer\" \/>\n<\/p><div class=\"wpcf7-response-output\" aria-hidden=\"true\"><\/div>\n<\/form>\n<\/div>\n\n<p><span style=\"color: #000000\">N&rsquo;oubliez pas de nous donner <span style=\"color: #0000ff\">un maximum d&rsquo;informations<\/span> : Votre nom et votre pr\u00e9nom, le nom de l&rsquo;enfant concern\u00e9, sa classe et surtout des d\u00e9tails pr\u00e9cis sur la situation posant probl\u00e8me. Tout cela pour vous venir en aide au mieux. <\/span><\/p>\n<p><span style=\"color: #000000\">Aussi <span style=\"text-decoration: underline\">assurez-vous que votre adresse mail soit bien saisie sans quoi il nous sera impossible de vous contacter<\/span>.<\/span><\/p>\n<p><em>Pour les probl\u00e8mes de connexions : Attention les circuits informatiques du Rectorat et du Coll\u00e8ge sont optimis\u00e9s pour <span style=\"color: #ff0000\">Firefox<\/span> navigateur aux r\u00e9glages ind\u00e9pendants des syst\u00e8mes (Mac Linux Windows). L&rsquo;utilisation de Google <span style=\"color: #ff0000\">Chrome<\/span> est possible en acceptant les certificats du rectorat .\u00a0<\/em><\/p>\n<p>&nbsp;<\/p>\n<div class=\"su-gmap su-u-responsive-media-yes\"><iframe loading=\"lazy\" width=\"600\" height=\"400\" src=\"\/\/maps.google.com\/maps?q=51%20rue%20du%20colorado%2C%20Saint%20Denis&amp;output=embed\" title=\"\"><\/iframe><\/div>\n","protected":false},"excerpt":{"rendered":"<p>Coll\u00e8ge de la Montagne 115 chemin du Colorado La Montagne 97417\u00a0 SAINT-DENIS REUNION T\u00e9l :0262 23 60 66\u00a0 Fax : 0262 23 87 34 Courriel : ce.9740042c@ac-reunion.fr Site : https:\/\/etab.ac-reunion.fr\/clg-la-montagne Vous pouvez nous contacter en remplissant le formulaire ci-dessous. Une r\u00e9ponse vous sera faite dans les plus brefs d\u00e9lais. &nbsp;&#8230;<\/p>\n<p> <a class=\"continue-reading-link\" href=\"https:\/\/etab.ac-reunion.fr\/clg-la-montagne\/nous-contacter\/\"><span>Lire plus<\/span><i class=\"crycon-right-dir\"><\/i><\/a> <\/p>\n","protected":false},"author":1511,"featured_media":0,"parent":0,"menu_order":0,"comment_status":"closed","ping_status":"closed","template":"","meta":{"footnotes":""},"class_list":["post-467","page","type-page","status-publish","hentry"],"_links":{"self":[{"href":"https:\/\/etab.ac-reunion.fr\/clg-la-montagne\/wp-json\/wp\/v2\/pages\/467","targetHints":{"allow":["GET"]}}],"collection":[{"href":"https:\/\/etab.ac-reunion.fr\/clg-la-montagne\/wp-json\/wp\/v2\/pages"}],"about":[{"href":"https:\/\/etab.ac-reunion.fr\/clg-la-montagne\/wp-json\/wp\/v2\/types\/page"}],"author":[{"embeddable":true,"href":"https:\/\/etab.ac-reunion.fr\/clg-la-montagne\/wp-json\/wp\/v2\/users\/1511"}],"replies":[{"embeddable":true,"href":"https:\/\/etab.ac-reunion.fr\/clg-la-montagne\/wp-json\/wp\/v2\/comments?post=467"}],"version-history":[{"count":68,"href":"https:\/\/etab.ac-reunion.fr\/clg-la-montagne\/wp-json\/wp\/v2\/pages\/467\/revisions"}],"predecessor-version":[{"id":18594,"href":"https:\/\/etab.ac-reunion.fr\/clg-la-montagne\/wp-json\/wp\/v2\/pages\/467\/revisions\/18594"}],"wp:attachment":[{"href":"https:\/\/etab.ac-reunion.fr\/clg-la-montagne\/wp-json\/wp\/v2\/media?parent=467"}],"curies":[{"name":"wp","href":"https:\/\/api.w.org\/{rel}","templated":true}]}}