{"id":89,"date":"2014-05-03T21:37:01","date_gmt":"2014-05-03T17:37:01","guid":{"rendered":"http:\/\/college-lamontagne.ac-reunion.fr\/?page_id=89"},"modified":"2017-02-26T14:52:03","modified_gmt":"2017-02-26T10:52:03","slug":"pronote","status":"publish","type":"page","link":"https:\/\/etab.ac-reunion.fr\/clg-la-montagne\/pronote\/","title":{"rendered":"ENT &amp; Proxy"},"content":{"rendered":"<p><strong>Pour nous contacter<\/strong>\u00a0en cas de probl\u00e8me, de mot de passe ou de login\u00a0oubli\u00e9 voire perdu,\u00a0utiliser l&rsquo;onglet \u00ab\u00a0<a href=\"https:\/\/etab.ac-reunion.fr\/clg-la-montagne\/nous-contacter\/\">Contact<\/a>\u00a0\u00bb du site sinon vous pouvez contacter l&rsquo;assistance \u00e0 cette adresse mail : <a href=\"mailto:college.montagne@gmail.com\">college.montagne@gmail.com<\/a><\/p>\n<p>Dans la rubrique ci-dessous vous trouverez des informations pour vous connecter \u00e0 l&rsquo;ENT ainsi que param\u00e9trer votre ordinateur en interne pour acc\u00e9der \u00e0 des sites s\u00e9curis\u00e9s (en \u00ab\u00a0https\u00a0\u00bb).<\/p>\n<p>&nbsp;<\/p>\n<h1 style=\"text-align: center\"><span style=\"color: #ff0000\">Acc\u00e8s ENT<\/span><\/h1>\n<p>&nbsp;<\/p>\n<p><strong>Pour acc\u00e9der \u00e0 l&rsquo;ENT<\/strong> (M\u00e9tice) on peut passer par <strong>les services du rectorat<\/strong> :<br \/>\n<a href=\"http:\/\/metice.ac-reunion.fr\/\" target=\"_blank\">http:\/\/metice.ac-reunion.fr<\/a><\/p>\n<p><strong>Pour acc\u00e9der \u00e0 l&rsquo;ENT<\/strong> (M\u00e9tice) on peut \u00e9galement passer par <strong>le portail du coll\u00e8ge<\/strong> :<br \/>\n<a href=\"https:\/\/portail.college-lamontagne.re\/\" target=\"_blank\">https:\/\/portail.college-lamontagne.re\/<\/a><\/p>\n<p><strong>ATTENTION<\/strong>, vous devez <span style=\"color: #ff0000\">IMP\u00c9RATIVEMENT<\/span> utiliser les navigateurs suivants pour vous connecter : <strong>Mozilla Firefox<\/strong> ou <strong>Google Chrome<\/strong>. Si vous utilisez\u00a0<del>Internet Explorer<\/del>\u00a0ou <del>safari<\/del> vous risquez de rencontrer des probl\u00e8mes.<\/p>\n<ol>\n<li>Depuis chez vous aucun r\u00e9glage n&rsquo;est n\u00e9cessaire.<\/li>\n<li>Depuis le coll\u00e8ge attention il faut r\u00e9gler votre navigateur (chrome\/firefox) pour renseigner les proxy.<\/li>\n<\/ol>\n<p><strong>Avec un t\u00e9l\u00e9phone mobile<\/strong>\u00a0 :<\/p>\n<ol>\n<li>Il faut se connecter sur\u00a0 l&rsquo;ENT et prendre le raccourci Pronote 3G en 3G ou le raccourci Pronote en wifi<\/li>\n<li>On peut directement passer par le lien suivant : <a href=\"https:\/\/portail.college-lamontagne.re\/pronote\/mobile.html\">https:\/\/portail.college-lamontagne.re\/pronote\/mobile.html<\/a><\/li>\n<\/ol>\n<p>&nbsp;<\/p>\n<h1 style=\"text-align: center\"><span style=\"color: #ff0000\">Proxy (<span style=\"text-decoration: underline\">en interne uniquement<\/span>)<\/span><\/h1>\n<p>&nbsp;<\/p>\n<p>Pour acc\u00e9der \u00e0 des sites web en <a href=\"https:\/\/www\">https:\/\/www<\/a>. \u2026\u2026, Il faut rentrer un proxy et son port.<\/p>\n<p>&nbsp;<\/p>\n<h3><span style=\"color: #000080\">Mozilla FIREFOX<\/span><\/h3>\n<p>&nbsp;<\/p>\n<p>Pour configurer le proxy dans Mozilla FIREFOX suivez les \u00e9tapes suivantes:<\/p>\n<div class=\"su-custom-gallery su-custom-gallery-align-left su-custom-gallery-title-never\"><div class=\"su-custom-gallery-slide\" style=\"width:150px;height:70px\"><a href=\"https:\/\/etab.ac-reunion.fr\/clg-la-montagne\/wp-content\/uploads\/sites\/74\/2016\/03\/firefox0.jpg\" target=\"_blank\" title=\"firefox0\"><img loading=\"lazy\" decoding=\"async\" src=\"https:\/\/etab.ac-reunion.fr\/clg-la-montagne\/wp-content\/uploads\/sites\/74\/2016\/03\/firefox0.jpg\" alt=\"firefox0\" width=\"150\" height=\"70\" \/><span class=\"su-custom-gallery-title\">firefox0<\/span><\/a><\/div><div class=\"su-custom-gallery-slide\" style=\"width:150px;height:70px\"><a href=\"https:\/\/etab.ac-reunion.fr\/clg-la-montagne\/wp-content\/uploads\/sites\/74\/2016\/03\/firefox1.jpg\" target=\"_blank\" title=\"firefox1\"><img loading=\"lazy\" decoding=\"async\" src=\"https:\/\/etab.ac-reunion.fr\/clg-la-montagne\/wp-content\/uploads\/sites\/74\/2016\/03\/firefox1.jpg\" alt=\"firefox1\" width=\"150\" height=\"70\" \/><span class=\"su-custom-gallery-title\">firefox1<\/span><\/a><\/div><div class=\"su-custom-gallery-slide\" style=\"width:150px;height:70px\"><a href=\"https:\/\/etab.ac-reunion.fr\/clg-la-montagne\/wp-content\/uploads\/sites\/74\/2016\/03\/firefox2.jpg\" target=\"_blank\" title=\"firefox2\"><img loading=\"lazy\" decoding=\"async\" src=\"https:\/\/etab.ac-reunion.fr\/clg-la-montagne\/wp-content\/uploads\/sites\/74\/2016\/03\/firefox2.jpg\" alt=\"firefox2\" width=\"150\" height=\"70\" \/><span class=\"su-custom-gallery-title\">firefox2<\/span><\/a><\/div><div class=\"su-custom-gallery-slide\" style=\"width:150px;height:70px\"><a href=\"https:\/\/etab.ac-reunion.fr\/clg-la-montagne\/wp-content\/uploads\/sites\/74\/2016\/03\/firefox3.jpg\" target=\"_blank\" title=\"firefox3\"><img loading=\"lazy\" decoding=\"async\" src=\"https:\/\/etab.ac-reunion.fr\/clg-la-montagne\/wp-content\/uploads\/sites\/74\/2016\/03\/firefox3.jpg\" alt=\"firefox3\" width=\"150\" height=\"70\" \/><span class=\"su-custom-gallery-title\">firefox3<\/span><\/a><\/div><div class=\"su-custom-gallery-slide\" style=\"width:150px;height:70px\"><a href=\"https:\/\/etab.ac-reunion.fr\/clg-la-montagne\/wp-content\/uploads\/sites\/74\/2016\/03\/firefox4.jpg\" target=\"_blank\" title=\"firefox4\"><img loading=\"lazy\" decoding=\"async\" src=\"https:\/\/etab.ac-reunion.fr\/clg-la-montagne\/wp-content\/uploads\/sites\/74\/2016\/03\/firefox4.jpg\" alt=\"firefox4\" width=\"150\" height=\"70\" \/><span class=\"su-custom-gallery-title\">firefox4<\/span><\/a><\/div><div class=\"su-clear\"><\/div><\/div>\n<p><span style=\"text-decoration: underline\"><strong>Le proxy<\/strong><\/span> est\u00a0: <strong>172.16.136.1<\/strong> et le <span style=\"text-decoration: underline\"><strong>port<\/strong><\/span>\u00a0: <strong>3128<\/strong><\/p>\n<p>&nbsp;<\/p>\n<h3><span style=\"color: #000080\">Google CHROME<\/span><\/h3>\n<p>&nbsp;<\/p>\n<div class=\"su-custom-gallery su-custom-gallery-align-left su-custom-gallery-title-never\"><div class=\"su-custom-gallery-slide\" style=\"width:150px;height:70px\"><a href=\"https:\/\/etab.ac-reunion.fr\/clg-la-montagne\/wp-content\/uploads\/sites\/74\/2016\/03\/proxy0.jpg\" target=\"_blank\" title=\"proxy0\"><img loading=\"lazy\" decoding=\"async\" src=\"https:\/\/etab.ac-reunion.fr\/clg-la-montagne\/wp-content\/uploads\/sites\/74\/2016\/03\/proxy0.jpg\" alt=\"proxy0\" width=\"150\" height=\"70\" \/><span class=\"su-custom-gallery-title\">proxy0<\/span><\/a><\/div><div class=\"su-custom-gallery-slide\" style=\"width:150px;height:70px\"><a href=\"https:\/\/etab.ac-reunion.fr\/clg-la-montagne\/wp-content\/uploads\/sites\/74\/2016\/03\/proxy1.jpg\" target=\"_blank\" title=\"proxy1\"><img loading=\"lazy\" decoding=\"async\" src=\"https:\/\/etab.ac-reunion.fr\/clg-la-montagne\/wp-content\/uploads\/sites\/74\/2016\/03\/proxy1.jpg\" alt=\"proxy1\" width=\"150\" height=\"70\" \/><span class=\"su-custom-gallery-title\">proxy1<\/span><\/a><\/div><div class=\"su-custom-gallery-slide\" style=\"width:150px;height:70px\"><a href=\"https:\/\/etab.ac-reunion.fr\/clg-la-montagne\/wp-content\/uploads\/sites\/74\/2016\/03\/proxy3.jpg\" target=\"_blank\" title=\"proxy3\"><img loading=\"lazy\" decoding=\"async\" src=\"https:\/\/etab.ac-reunion.fr\/clg-la-montagne\/wp-content\/uploads\/sites\/74\/2016\/03\/proxy3.jpg\" alt=\"proxy3\" width=\"150\" height=\"70\" \/><span class=\"su-custom-gallery-title\">proxy3<\/span><\/a><\/div><div class=\"su-clear\"><\/div><\/div>\n<p><span style=\"text-decoration: underline\"><strong>Le proxy<\/strong><\/span> est\u00a0: <strong>172.16.136.1<\/strong> et le <span style=\"text-decoration: underline\"><strong>port<\/strong><\/span>\u00a0: <strong>3128<\/strong><\/p>\n<p>Pour nous contacter en cas de souci\u00a0: <a href=\"mailto:college.montagne@gmail.com\">college.montagne@gmail.com<\/a><\/p>\n","protected":false},"excerpt":{"rendered":"<p>Pour nous contacter\u00a0en cas de probl\u00e8me, de mot de passe ou de login\u00a0oubli\u00e9 voire perdu,\u00a0utiliser l&rsquo;onglet \u00ab\u00a0Contact\u00a0\u00bb du site sinon vous pouvez contacter l&rsquo;assistance \u00e0 cette adresse mail : college.montagne@gmail.com Dans la rubrique ci-dessous vous trouverez des informations pour vous connecter \u00e0 l&rsquo;ENT ainsi que param\u00e9trer votre ordinateur en interne&#8230;<\/p>\n<p> <a class=\"continue-reading-link\" href=\"https:\/\/etab.ac-reunion.fr\/clg-la-montagne\/pronote\/\"><span>Lire plus<\/span><i class=\"crycon-right-dir\"><\/i><\/a> <\/p>\n","protected":false},"author":1511,"featured_media":0,"parent":0,"menu_order":0,"comment_status":"open","ping_status":"open","template":"","meta":{"footnotes":""},"class_list":["post-89","page","type-page","status-publish","hentry"],"_links":{"self":[{"href":"https:\/\/etab.ac-reunion.fr\/clg-la-montagne\/wp-json\/wp\/v2\/pages\/89","targetHints":{"allow":["GET"]}}],"collection":[{"href":"https:\/\/etab.ac-reunion.fr\/clg-la-montagne\/wp-json\/wp\/v2\/pages"}],"about":[{"href":"https:\/\/etab.ac-reunion.fr\/clg-la-montagne\/wp-json\/wp\/v2\/types\/page"}],"author":[{"embeddable":true,"href":"https:\/\/etab.ac-reunion.fr\/clg-la-montagne\/wp-json\/wp\/v2\/users\/1511"}],"replies":[{"embeddable":true,"href":"https:\/\/etab.ac-reunion.fr\/clg-la-montagne\/wp-json\/wp\/v2\/comments?post=89"}],"version-history":[{"count":40,"href":"https:\/\/etab.ac-reunion.fr\/clg-la-montagne\/wp-json\/wp\/v2\/pages\/89\/revisions"}],"predecessor-version":[{"id":15580,"href":"https:\/\/etab.ac-reunion.fr\/clg-la-montagne\/wp-json\/wp\/v2\/pages\/89\/revisions\/15580"}],"wp:attachment":[{"href":"https:\/\/etab.ac-reunion.fr\/clg-la-montagne\/wp-json\/wp\/v2\/media?parent=89"}],"curies":[{"name":"wp","href":"https:\/\/api.w.org\/{rel}","templated":true}]}}