{"id":1298,"date":"2015-04-08T09:59:48","date_gmt":"2015-04-08T05:59:48","guid":{"rendered":"http:\/\/college-lacaussade.ac-reunion.fr\/?page_id=1298"},"modified":"2022-11-15T11:47:59","modified_gmt":"2022-11-15T07:47:59","slug":"contact-plan-geolocalisation","status":"publish","type":"page","link":"https:\/\/etab.ac-reunion.fr\/clg-lacaussade\/contact-plan-geolocalisation\/","title":{"rendered":"Contact, plan, g\u00e9olocalisation"},"content":{"rendered":"\n<figure class=\"wp-block-image alignright size-full is-style-rounded\"><img loading=\"lazy\" decoding=\"async\" width=\"320\" height=\"213\" src=\"https:\/\/etab.ac-reunion.fr\/clg-lacaussade\/wp-content\/uploads\/sites\/75\/2014\/05\/imageContact.jpg\" alt=\"imageContact\" class=\"wp-image-10\" srcset=\"https:\/\/etab.ac-reunion.fr\/clg-lacaussade\/wp-content\/uploads\/sites\/75\/2014\/05\/imageContact.jpg 320w, https:\/\/etab.ac-reunion.fr\/clg-lacaussade\/wp-content\/uploads\/sites\/75\/2014\/05\/imageContact-300x199.jpg 300w, https:\/\/etab.ac-reunion.fr\/clg-lacaussade\/wp-content\/uploads\/sites\/75\/2014\/05\/imageContact-140x94.jpg 140w\" sizes=\"(max-width: 320px) 100vw, 320px\" \/><\/figure>\n\n\n\n<p>Coll\u00e8ge Auguste Lacaussade<br>115 Route d\u00e9partementale 52 &#8211; Mare \u00e0 citrons<br>97433 Salazie<\/p>\n\n\n\n<p><span style=\"text-decoration: underline\">Tel :<\/span> 0262 47 51 55<br><span style=\"text-decoration: underline\">Fax :<\/span> 0262 47 68 40<\/p>\n\n\n\n<p><span style=\"text-decoration: underline\">Principal :<\/span> M. ROUDAIRE<br><span style=\"text-decoration: underline\">Principal adjoint :<\/span> Mme MOOSAJEE<\/p>\n\n\n\n<p class=\"has-text-align-center\"><strong>Plan de localisation<\/strong><\/p>\n\n\n\n<figure class=\"wp-block-image aligncenter\"><a href=\"https:\/\/www.openstreetmap.org\/?mlat=-21.03477&amp;mlon=55.53266#map=17\/-21.03477\/55.53266\" target=\"_blank\" rel=\"noopener noreferrer\"><img loading=\"lazy\" decoding=\"async\" width=\"660\" height=\"600\" src=\"https:\/\/etab.ac-reunion.fr\/clg-lacaussade\/wp-content\/uploads\/sites\/75\/2015\/04\/PlanRouteCollege.jpg\" alt=\"planroutecollege\" class=\"wp-image-2760\" srcset=\"https:\/\/etab.ac-reunion.fr\/clg-lacaussade\/wp-content\/uploads\/sites\/75\/2015\/04\/PlanRouteCollege.jpg 660w, https:\/\/etab.ac-reunion.fr\/clg-lacaussade\/wp-content\/uploads\/sites\/75\/2015\/04\/PlanRouteCollege-300x273.jpg 300w\" sizes=\"(max-width: 660px) 100vw, 660px\" \/><\/a><\/figure>\n","protected":false},"excerpt":{"rendered":"<p>Coll\u00e8ge Auguste Lacaussade115 Route d\u00e9partementale 52 &#8211; Mare \u00e0 citrons97433 Salazie Tel : 0262 47 51 55Fax : 0262 47 68 40 Principal : M. ROUDAIREPrincipal adjoint : Mme MOOSAJEE [&hellip;]<\/p>\n","protected":false},"author":1514,"featured_media":2244,"parent":0,"menu_order":0,"comment_status":"closed","ping_status":"closed","template":"","meta":{"_et_pb_use_builder":"","_et_pb_old_content":"","_et_gb_content_width":"","footnotes":""},"class_list":["post-1298","page","type-page","status-publish","has-post-thumbnail","hentry"],"_links":{"self":[{"href":"https:\/\/etab.ac-reunion.fr\/clg-lacaussade\/wp-json\/wp\/v2\/pages\/1298","targetHints":{"allow":["GET"]}}],"collection":[{"href":"https:\/\/etab.ac-reunion.fr\/clg-lacaussade\/wp-json\/wp\/v2\/pages"}],"about":[{"href":"https:\/\/etab.ac-reunion.fr\/clg-lacaussade\/wp-json\/wp\/v2\/types\/page"}],"author":[{"embeddable":true,"href":"https:\/\/etab.ac-reunion.fr\/clg-lacaussade\/wp-json\/wp\/v2\/users\/1514"}],"replies":[{"embeddable":true,"href":"https:\/\/etab.ac-reunion.fr\/clg-lacaussade\/wp-json\/wp\/v2\/comments?post=1298"}],"version-history":[{"count":23,"href":"https:\/\/etab.ac-reunion.fr\/clg-lacaussade\/wp-json\/wp\/v2\/pages\/1298\/revisions"}],"predecessor-version":[{"id":6187,"href":"https:\/\/etab.ac-reunion.fr\/clg-lacaussade\/wp-json\/wp\/v2\/pages\/1298\/revisions\/6187"}],"wp:featuredmedia":[{"embeddable":true,"href":"https:\/\/etab.ac-reunion.fr\/clg-lacaussade\/wp-json\/wp\/v2\/media\/2244"}],"wp:attachment":[{"href":"https:\/\/etab.ac-reunion.fr\/clg-lacaussade\/wp-json\/wp\/v2\/media?parent=1298"}],"curies":[{"name":"wp","href":"https:\/\/api.w.org\/{rel}","templated":true}]}}