{"id":13,"date":"2014-05-02T10:56:20","date_gmt":"2014-05-02T09:56:20","guid":{"rendered":"http:\/\/college-lacaussade.ac-reunion.fr\/?page_id=13"},"modified":"2023-02-15T19:09:33","modified_gmt":"2023-02-15T15:09:33","slug":"mentions-legales","status":"publish","type":"page","link":"https:\/\/etab.ac-reunion.fr\/clg-lacaussade\/mentions-legales\/","title":{"rendered":"Mentions l\u00e9gales"},"content":{"rendered":"<p><span style=\"text-decoration: underline\"><strong>Editeur:<\/strong><\/span><\/p>\n<p>College Auguste Lacaussade<br \/>\n115 Route d\u00e9partementale 52 &#8211; Mare \u00e0 citrons<br \/>\nSalazie 97433<br \/>\nT\u00e9l: 0262 47 51 55<br \/>\nFax: 0262 47 68 40<\/p>\n<p><span style=\"text-decoration: underline\"><strong>Directeur de la publication et responsable de la r\u00e9daction:<\/strong><\/span><\/p>\n<p>M. Bertrand ROUDAIRE, Chef d&rsquo;\u00e9tablissement<\/p>\n<p><span style=\"text-decoration: underline\"><strong>Fournisseur de l&rsquo;h\u00e9bergement:<\/strong><\/span><\/p>\n<p>Rectorat de l\u2019Acad\u00e9mie de La R\u00e9union<br \/>\nSecr\u00e9tariat g\u00e9n\u00e9ral \u2013 Service Communication<br \/>\n24, Avenue Georges Brassens \u2013 97702 \u2013 St-Denis \u2013 Messagerie Cedex 9<\/p>\n<p><span style=\"text-decoration: underline\"><strong>Propri\u00e9t\u00e9 intellectuelle:<\/strong><\/span><\/p>\n<p>Les photographies, textes, slogans, dessins, images, s\u00e9quences anim\u00e9es,<br \/>\nsonores ou non, ainsi que toutes les \u0153uvres int\u00e9gr\u00e9es dans le site sont la propri\u00e9t\u00e9<br \/>\nde l&rsquo;\u00e9diteur du site ou de tiers ayant autoris\u00e9 l&rsquo;\u00e9diteur du site \u00e0 les utiliser.<br \/>\nToute reproduction totale ou partielle de ces \u00e9l\u00e9ments sans l&rsquo;autorisation expresse de<br \/>\nl&rsquo;exploitant du site Internet ou de ses ayant-droit est prohib\u00e9e, au sens de l&rsquo;article L713-2 du CPI.<\/p>\n","protected":false},"excerpt":{"rendered":"<p>Editeur: College Auguste Lacaussade 115 Route d\u00e9partementale 52 &#8211; Mare \u00e0 citrons Salazie 97433 T\u00e9l: 0262 47 51 55 Fax: 0262 47 68 40 Directeur de la publication et responsable [&hellip;]<\/p>\n","protected":false},"author":1514,"featured_media":0,"parent":0,"menu_order":0,"comment_status":"closed","ping_status":"closed","template":"","meta":{"_et_pb_use_builder":"","_et_pb_old_content":"","_et_gb_content_width":"","footnotes":""},"class_list":["post-13","page","type-page","status-publish","hentry"],"_links":{"self":[{"href":"https:\/\/etab.ac-reunion.fr\/clg-lacaussade\/wp-json\/wp\/v2\/pages\/13","targetHints":{"allow":["GET"]}}],"collection":[{"href":"https:\/\/etab.ac-reunion.fr\/clg-lacaussade\/wp-json\/wp\/v2\/pages"}],"about":[{"href":"https:\/\/etab.ac-reunion.fr\/clg-lacaussade\/wp-json\/wp\/v2\/types\/page"}],"author":[{"embeddable":true,"href":"https:\/\/etab.ac-reunion.fr\/clg-lacaussade\/wp-json\/wp\/v2\/users\/1514"}],"replies":[{"embeddable":true,"href":"https:\/\/etab.ac-reunion.fr\/clg-lacaussade\/wp-json\/wp\/v2\/comments?post=13"}],"version-history":[{"count":5,"href":"https:\/\/etab.ac-reunion.fr\/clg-lacaussade\/wp-json\/wp\/v2\/pages\/13\/revisions"}],"predecessor-version":[{"id":6441,"href":"https:\/\/etab.ac-reunion.fr\/clg-lacaussade\/wp-json\/wp\/v2\/pages\/13\/revisions\/6441"}],"wp:attachment":[{"href":"https:\/\/etab.ac-reunion.fr\/clg-lacaussade\/wp-json\/wp\/v2\/media?parent=13"}],"curies":[{"name":"wp","href":"https:\/\/api.w.org\/{rel}","templated":true}]}}