{"id":179,"date":"2014-05-07T08:34:12","date_gmt":"2014-05-07T04:34:12","guid":{"rendered":"http:\/\/college-lacaussade.ac-reunion.fr\/?page_id=179"},"modified":"2024-11-29T08:23:00","modified_gmt":"2024-11-29T04:23:00","slug":"gestion","status":"publish","type":"page","link":"https:\/\/etab.ac-reunion.fr\/clg-lacaussade\/sitemap\/4881-2\/letablissement\/gestion\/","title":{"rendered":"Gestion"},"content":{"rendered":"<p><strong>Gestionnaire : <\/strong>Mme amandine Fontaine <br \/><strong style=\"height: 30px;float: left;margin-right: 5px\">Secr\u00e9tariat de gestion :<\/strong> M. Nandjy-Ramin<br \/>Mme Collet<\/p>\n<p><strong>Mail :<\/strong> <a href=\"mailto:%67%65%73%74%69%6f%6e%2e%39%37%34%30%36%35%31%70%40%61%63%2d%72%65%75%6e%69%6f%6e%2e%66%72\">Envoyer un mail<\/a><\/p>\n<p><strong>T\u00e9l\u00e9phone<\/strong> :<strong> 0262 47 51 55 puis taper 2 pour \u00eatre mis en relation avec le service\u00a0 gestion<\/strong><\/p>\n\n\n<p><\/p>\n","protected":false},"excerpt":{"rendered":"<p>Gestionnaire : Mme amandine Fontaine Secr\u00e9tariat de gestion : M. Nandjy-RaminMme Collet Mail : Envoyer un mail T\u00e9l\u00e9phone : 0262 47 51 55 puis taper 2 pour \u00eatre mis en [&hellip;]<\/p>\n","protected":false},"author":32044,"featured_media":0,"parent":91,"menu_order":0,"comment_status":"closed","ping_status":"closed","template":"","meta":{"_et_pb_use_builder":"","_et_pb_old_content":"","_et_gb_content_width":"","footnotes":""},"class_list":["post-179","page","type-page","status-publish","hentry"],"_links":{"self":[{"href":"https:\/\/etab.ac-reunion.fr\/clg-lacaussade\/wp-json\/wp\/v2\/pages\/179","targetHints":{"allow":["GET"]}}],"collection":[{"href":"https:\/\/etab.ac-reunion.fr\/clg-lacaussade\/wp-json\/wp\/v2\/pages"}],"about":[{"href":"https:\/\/etab.ac-reunion.fr\/clg-lacaussade\/wp-json\/wp\/v2\/types\/page"}],"author":[{"embeddable":true,"href":"https:\/\/etab.ac-reunion.fr\/clg-lacaussade\/wp-json\/wp\/v2\/users\/32044"}],"replies":[{"embeddable":true,"href":"https:\/\/etab.ac-reunion.fr\/clg-lacaussade\/wp-json\/wp\/v2\/comments?post=179"}],"version-history":[{"count":11,"href":"https:\/\/etab.ac-reunion.fr\/clg-lacaussade\/wp-json\/wp\/v2\/pages\/179\/revisions"}],"predecessor-version":[{"id":7569,"href":"https:\/\/etab.ac-reunion.fr\/clg-lacaussade\/wp-json\/wp\/v2\/pages\/179\/revisions\/7569"}],"up":[{"embeddable":true,"href":"https:\/\/etab.ac-reunion.fr\/clg-lacaussade\/wp-json\/wp\/v2\/pages\/91"}],"wp:attachment":[{"href":"https:\/\/etab.ac-reunion.fr\/clg-lacaussade\/wp-json\/wp\/v2\/media?parent=179"}],"curies":[{"name":"wp","href":"https:\/\/api.w.org\/{rel}","templated":true}]}}