{"id":30,"date":"2014-05-02T14:36:12","date_gmt":"2014-05-02T10:36:12","guid":{"rendered":"http:\/\/college-lacaussade.ac-reunion.fr\/?page_id=30"},"modified":"2014-05-05T08:53:03","modified_gmt":"2014-05-05T04:53:03","slug":"vie-scolaire","status":"publish","type":"page","link":"https:\/\/etab.ac-reunion.fr\/clg-lacaussade\/vie-au-college\/vie-scolaire\/","title":{"rendered":"Vie scolaire"},"content":{"rendered":"<p style=\"text-align: center\"><span style=\"color: #81aa4f\"><span style=\"font-size: 18pt\">Qu&rsquo;est-ce que la vie scolaire?<\/span><\/span><\/p>\n<p>C\u2019est tout ce qui n\u2019est pas directement l\u2019enseignement !<\/p>\n<p>&nbsp;<\/p>\n<p>Le coll\u00e8ge, c\u2019est aussi un lieu de vie, de socialisation pour apprendre dans le respect de l\u2019autre et devenir un futur citoyen responsable.<\/p>\n<p>La \u00ab Vie Scolaire \u00bb, c\u2019est aussi, dans un \u00e9tablissement scolaire, le service compos\u00e9 des surveillants, sous la responsabilit\u00e9 des <strong>Conseillers Principaux d\u2019Education<\/strong> qui :<\/p>\n<p>&nbsp;<\/p>\n<ul>\n<li>Organise le temps scolaire en dehors des heures de cours (accueil, demi-pension, permanences, r\u00e9cr\u00e9ations, sorties\u2026)<\/li>\n<\/ul>\n<ul>\n<li>Est disponible, attentif \u00e0 l\u2019\u00e9l\u00e8ve dans son comportement individuel et au sein de la classe, de l\u2019\u00e9tablissement\u2026<\/li>\n<\/ul>\n<ul>\n<li>Est \u00e0 l\u2019\u00e9coute de l\u2019\u00e9l\u00e8ve pour le conseiller\u2026<\/li>\n<\/ul>\n<ul>\n<li>Veille \u00e0 la s\u00e9curit\u00e9 et au respect des r\u00e8gles de vie au coll\u00e8ge\u2026<\/li>\n<\/ul>\n<ul>\n<li>Contr\u00f4le les pr\u00e9sences au coll\u00e8ge, pr\u00e9vient des absences, des retards\u2026<\/li>\n<\/ul>\n<ul>\n<li>Suit avec les professeurs le travail scolaire de l\u2019\u00e9l\u00e8ve, l\u2019encourage, le conseille et l\u2019aide \u00e0 r\u00e9fl\u00e9chir \u00e0 son projet d\u2019orientation\u2026<\/li>\n<\/ul>\n<ul>\n<li>Propose des animations, forme les d\u00e9l\u00e9gu\u00e9s et les \u00e9l\u00e8ves \u00e0 devenir de vrais citoyens en leur rappelant leurs droits et leurs devoirs et en les faisant participer \u00e0 l\u2019\u00e9laboration de ces r\u00e8gles communes\u2026<\/li>\n<\/ul>\n<ul>\n<li>Travaille avec tous les personnels et en particulier avec l\u2019assistance sociale scolaire pour aider personnellement l\u2019\u00e9l\u00e8ve.<\/li>\n<\/ul>\n<p>&nbsp;<\/p>\n<p>En un mot, la Vie Scolaire, comme tous les acteurs de l\u2019\u00e9tablissement, cherche \u00e0 placer <strong>l\u2019\u00e9l\u00e8ve dans les meilleures conditions de r\u00e9ussite personnelle et scolaire\u2026<\/strong><\/p>\n<p>&nbsp;<\/p>\n<p style=\"text-align: center\"><span style=\"color: #9c4444\"><span style=\"font-size: 14pt\">N\u2019HESITEZ PAS A NOUS RENCONTRER !<\/span><\/span><\/p>\n<p>&nbsp;<\/p>\n<p style=\"text-align: center\"><em><strong>Les conseillers Principaux d\u2019Education<\/strong><\/em><\/p>\n<p style=\"text-align: center\"><em><strong>Et l\u2019\u00e9quipe de la Vie Scolaire<\/strong><\/em><\/p>\n<p style=\"text-align: center\"><em><strong><span style=\"color: #ff9900;font-family: arial black,avant garde\">N&rsquo;h\u00e9sitez pas \u00e0 appeler <strong>au 0262 47 51 55 en demandant \u00ab\u00a0Vie scolaire\u00a0\u00bb<\/strong><\/span><\/strong><\/em><\/p>\n","protected":false},"excerpt":{"rendered":"<p>Qu&rsquo;est-ce que la vie scolaire? C\u2019est tout ce qui n\u2019est pas directement l\u2019enseignement ! &nbsp; Le coll\u00e8ge, c\u2019est aussi un lieu de vie, de socialisation pour apprendre dans le respect [&hellip;]<\/p>\n","protected":false},"author":1514,"featured_media":0,"parent":74,"menu_order":0,"comment_status":"open","ping_status":"closed","template":"","meta":{"_et_pb_use_builder":"","_et_pb_old_content":"","_et_gb_content_width":"","footnotes":""},"class_list":["post-30","page","type-page","status-publish","hentry"],"_links":{"self":[{"href":"https:\/\/etab.ac-reunion.fr\/clg-lacaussade\/wp-json\/wp\/v2\/pages\/30","targetHints":{"allow":["GET"]}}],"collection":[{"href":"https:\/\/etab.ac-reunion.fr\/clg-lacaussade\/wp-json\/wp\/v2\/pages"}],"about":[{"href":"https:\/\/etab.ac-reunion.fr\/clg-lacaussade\/wp-json\/wp\/v2\/types\/page"}],"author":[{"embeddable":true,"href":"https:\/\/etab.ac-reunion.fr\/clg-lacaussade\/wp-json\/wp\/v2\/users\/1514"}],"replies":[{"embeddable":true,"href":"https:\/\/etab.ac-reunion.fr\/clg-lacaussade\/wp-json\/wp\/v2\/comments?post=30"}],"version-history":[{"count":1,"href":"https:\/\/etab.ac-reunion.fr\/clg-lacaussade\/wp-json\/wp\/v2\/pages\/30\/revisions"}],"predecessor-version":[{"id":31,"href":"https:\/\/etab.ac-reunion.fr\/clg-lacaussade\/wp-json\/wp\/v2\/pages\/30\/revisions\/31"}],"up":[{"embeddable":true,"href":"https:\/\/etab.ac-reunion.fr\/clg-lacaussade\/wp-json\/wp\/v2\/pages\/74"}],"wp:attachment":[{"href":"https:\/\/etab.ac-reunion.fr\/clg-lacaussade\/wp-json\/wp\/v2\/media?parent=30"}],"curies":[{"name":"wp","href":"https:\/\/api.w.org\/{rel}","templated":true}]}}