{"id":339,"date":"2014-06-05T14:34:11","date_gmt":"2014-06-05T10:34:11","guid":{"rendered":"http:\/\/college-lacaussade.ac-reunion.fr\/?page_id=339"},"modified":"2014-06-05T14:34:11","modified_gmt":"2014-06-05T10:34:11","slug":"le-dispositif-ulis","status":"publish","type":"page","link":"https:\/\/etab.ac-reunion.fr\/clg-lacaussade\/vie-au-college\/le-dispositif-ulis\/","title":{"rendered":"Le dispositif ULIS"},"content":{"rendered":"<p>Les unit\u00e9s localis\u00e9es pour l&rsquo;inclusion scolaire (ULIS) permettent l&rsquo;accueil dans un coll\u00e8ge, un lyc\u00e9e g\u00e9n\u00e9ral et technologique, ou un lyc\u00e9e professionnel d&rsquo;un petit groupe d&rsquo;\u00e9l\u00e8ves pr\u00e9sentant le m\u00eame type de handicap.<\/p>\n<h2>Les \u00e9l\u00e8ves scolaris\u00e9s au titre des ULIS<\/h2>\n<div>\n<p>Les \u00e9l\u00e8ves scolaris\u00e9s au titre des ULIS pr\u00e9sentent des troubles des fonctions cognitives ou mentales, des troubles envahissants du d\u00e9veloppement, des troubles de la fonction auditive, des troubles de la fonction visuelle ou des troubles multiples associ\u00e9s.<\/p>\n<p>Les ULIS acueillent des \u00e9l\u00e8ves dont le handicap ne permet pas d&rsquo;envisager une scolarisation individuelle continue dans une classe ordinaire mais qui peuvent b\u00e9n\u00e9ficier, dans le cadre d&rsquo;un \u00e9tablissement scolaire du second degr\u00e9, d&rsquo;une scolarisation adapt\u00e9e. Les ULIS sont un dispositif permettant la mise en \u0153uvre des projets personnalis\u00e9s de scolarisation (PPS).<\/p>\n<p>Chaque \u00e9l\u00e8ve scolaris\u00e9 au titre des ULIS b\u00e9n\u00e9ficie, selon ses possibilit\u00e9s, de temps de scolarisation dans une classe de l&rsquo;\u00e9tablissement scolaire o\u00f9 il peut effectuer des apprentissages scolaires \u00e0 un rythme proche de celui des autres \u00e9l\u00e8ves.<\/p>\n<p>C&rsquo;est la commission des droits et de l&rsquo;autonomie des personnes handicap\u00e9es (CDAPH) qui propose l&rsquo;orientation en ULIS dans le cadre du projet personnalis\u00e9 de scolarisation (PPS) de l&rsquo;\u00e9l\u00e8ve.<\/p>\n<\/div>\n<h2>Mise en \u0153uvre du PPS<\/h2>\n<div>\n<p>L&rsquo;enseignant coordonnateur charg\u00e9 d&rsquo;une ULIS est un enseignant titulaire du CPA-SH ou du 2CA-SH qui fait partie de l&rsquo;\u00e9quipe p\u00e9dagogique de l&rsquo;\u00e9tablissement et qui organise le travail des \u00e9l\u00e8ves handicap\u00e9s dont il a la responsabilit\u00e9 en fonction des indications des projets personnalis\u00e9s de scolarisation, en lien avec l&rsquo;enseignant r\u00e9f\u00e9rent et avec les enseignants des classes du coll\u00e8ge ou du lyc\u00e9e.<\/p>\n<p>Plus encore que pour les autres \u00e9l\u00e8ves, pour les \u00e9l\u00e8ves des ULIS, la r\u00e9ussite des phases d&rsquo;orientation doit donner lieu \u00e0 une pr\u00e9paration sp\u00e9cifique, d\u00e9taill\u00e9e dans un volet d\u00e9di\u00e9 \u00e0 l&rsquo;orientation au sein du PPS.<\/p>\n<p>Les perspectives d&rsquo;insertion professionnelle, pour les \u00e9l\u00e8ves handicap\u00e9s plus encore que pour les autres, d\u00e9pendent fortement de la possibilit\u00e9 pour eux d&rsquo;effectuer des stages en entreprise. Dans le cadre de la mise en \u0153uvre du PPS, ces stages doivent permettre d&rsquo;\u00e9valuer les potentialit\u00e9s de travail de l&rsquo;\u00e9l\u00e8ve en situation professionnelle et donc de pr\u00e9ciser son projet d&rsquo;insertion. Un conventionnement peut \u00eatre pr\u00e9vu avec un \u00e9tablissement m\u00e9dico-social dispensant des formations professionnelles ou d&rsquo;un CFA, sous r\u00e9serve que ceux-ci disposent d&rsquo;un plateau technique permettant la mise en \u0153uvre des r\u00e9f\u00e9rentiels de comp\u00e9tences. Conseil : Chaque ULIS repose sur un projet p\u00e9dagogique sp\u00e9cifique, partie int\u00e9grante du projet d&rsquo;\u00e9tablissement. Celui-ci doit permettre la r\u00e9alisation des objectifs de chaque projet personnalis\u00e9 de scolarisation.<\/p>\n<p><span style=\"text-decoration: underline\">Source :<\/span> <a href=\"http:\/\/eduscol.education.fr\/pid23254-cid53163\/les-unites-localisees-pour-l-inclusion-scolaire-ulis.html\">Eduscol<\/a><\/p>\n<p><span style=\"text-decoration: underline\">Plus d&rsquo;informations :<\/span> <a href=\"http:\/\/www.education.gouv.fr\/cid52478\/mene1015813c.html\">Bulletin officiel n\u00b028 du 15 juillet 2010<\/a><\/p>\n<\/div>\n","protected":false},"excerpt":{"rendered":"<p>Les unit\u00e9s localis\u00e9es pour l&rsquo;inclusion scolaire (ULIS) permettent l&rsquo;accueil dans un coll\u00e8ge, un lyc\u00e9e g\u00e9n\u00e9ral et technologique, ou un lyc\u00e9e professionnel d&rsquo;un petit groupe d&rsquo;\u00e9l\u00e8ves pr\u00e9sentant le m\u00eame type de [&hellip;]<\/p>\n","protected":false},"author":1514,"featured_media":0,"parent":74,"menu_order":0,"comment_status":"closed","ping_status":"closed","template":"","meta":{"_et_pb_use_builder":"","_et_pb_old_content":"","_et_gb_content_width":"","footnotes":""},"class_list":["post-339","page","type-page","status-publish","hentry"],"_links":{"self":[{"href":"https:\/\/etab.ac-reunion.fr\/clg-lacaussade\/wp-json\/wp\/v2\/pages\/339","targetHints":{"allow":["GET"]}}],"collection":[{"href":"https:\/\/etab.ac-reunion.fr\/clg-lacaussade\/wp-json\/wp\/v2\/pages"}],"about":[{"href":"https:\/\/etab.ac-reunion.fr\/clg-lacaussade\/wp-json\/wp\/v2\/types\/page"}],"author":[{"embeddable":true,"href":"https:\/\/etab.ac-reunion.fr\/clg-lacaussade\/wp-json\/wp\/v2\/users\/1514"}],"replies":[{"embeddable":true,"href":"https:\/\/etab.ac-reunion.fr\/clg-lacaussade\/wp-json\/wp\/v2\/comments?post=339"}],"version-history":[{"count":1,"href":"https:\/\/etab.ac-reunion.fr\/clg-lacaussade\/wp-json\/wp\/v2\/pages\/339\/revisions"}],"predecessor-version":[{"id":340,"href":"https:\/\/etab.ac-reunion.fr\/clg-lacaussade\/wp-json\/wp\/v2\/pages\/339\/revisions\/340"}],"up":[{"embeddable":true,"href":"https:\/\/etab.ac-reunion.fr\/clg-lacaussade\/wp-json\/wp\/v2\/pages\/74"}],"wp:attachment":[{"href":"https:\/\/etab.ac-reunion.fr\/clg-lacaussade\/wp-json\/wp\/v2\/media?parent=339"}],"curies":[{"name":"wp","href":"https:\/\/api.w.org\/{rel}","templated":true}]}}