{"id":34,"date":"2014-05-02T14:37:48","date_gmt":"2014-05-02T10:37:48","guid":{"rendered":"http:\/\/college-lacaussade.ac-reunion.fr\/?page_id=34"},"modified":"2024-11-29T08:21:14","modified_gmt":"2024-11-29T04:21:14","slug":"absences-au-college","status":"publish","type":"page","link":"https:\/\/etab.ac-reunion.fr\/clg-lacaussade\/vie-au-college\/vie-scolaire\/absences-au-college\/","title":{"rendered":"Absences au coll\u00e8ge"},"content":{"rendered":"<div class=\"div_center\"><span style=\"font-family: arial black,avant garde\"><span style=\"color: #3366ff\">Le premier devoir du coll\u00e9gien est d&rsquo;assister \u00e0 tous les cours !<\/span> <\/span><\/div>\n<div style=\"text-align: justify\"><span style=\"font-family: arial,helvetica,sans-serif\"><span style=\"font-family: arial,helvetica,sans-serif\">Les absences sont donc exceptionnelles et c&rsquo;est toujours pour un bon motif.<\/span><\/span><strong><span style=\"text-decoration: underline\">Alors, que faire quand mon enfant est malade ou s&rsquo;il ne peut se rendre au college<\/span><\/strong> <span style=\"text-decoration: underline\">?<\/span><\/p>\n<p>D\u00e8s 7h30, j&rsquo;appelle la Vie Scolaire pour signaler son absence (sinon je recevrai un courrier me demandant les raisons de cette absence, mais il vaut mieux t\u00e9l\u00e9phoner !)<\/p>\n<p>Je remplis un billet d&rsquo;excuse pr\u00e9vu \u00e0 cet effet dans le carnet de correspondance ; billet qu&rsquo;il doit pr\u00e9senter \u00e0 la Vie Scolaire \u00e0 son retour pour r\u00e9int\u00e9grer sa classe &#8230;<\/p>\n<p><strong>Un \u00e9l\u00e8ve qui accumule les absences, m\u00eame de courte dur\u00e9e, se place in\u00e9vitablement dans une situation difficile qui conduit souvent \u00e0 l&rsquo;\u00e9chec scolaire ! Vous devez, vous aussi, <span style=\"text-decoration: underline\">en cas de d\u00e9motivation, user de votre autorit\u00e9 parentale<\/span> pour rappeler \u00e0 votre enfant son obligation de pr\u00e9sence.<br \/>\n<\/strong><br \/>\nNous sommes tr\u00e8s attentifs \u00e0 l&rsquo;assiduit\u00e9 et la ponctualit\u00e9 de vos enfants. Nous n&rsquo;h\u00e9siterons pas \u00e0 vous t\u00e9l\u00e9phoner en cas de probl\u00e8mes &#8230; par ailleurs, vous recevrez un bilan d\u00e9taill\u00e9 des absences et retards avec le bulletin, chaque trimestre &#8230; en cas d&rsquo;absences r\u00e9p\u00e9t\u00e9es, un signalement sera effectu\u00e9.<\/p>\n<\/div>\n<div style=\"text-align: justify\"><\/div>\n<div class=\"div_center\"><span style=\"color: #ff9900;font-family: arial black,avant garde\">N&rsquo;h\u00e9sitez pas \u00e0 appeler <strong>au 0262 47 51 55 puis taper 1 pour \u00eatre mis en relation avec le service\u00a0 Vie scolaire<\/strong><\/span><\/div>\n","protected":false},"excerpt":{"rendered":"<p>Le premier devoir du coll\u00e9gien est d&rsquo;assister \u00e0 tous les cours ! Les absences sont donc exceptionnelles et c&rsquo;est toujours pour un bon motif.Alors, que faire quand mon enfant est [&hellip;]<\/p>\n","protected":false},"author":1514,"featured_media":0,"parent":30,"menu_order":1,"comment_status":"open","ping_status":"open","template":"","meta":{"_et_pb_use_builder":"","_et_pb_old_content":"","_et_gb_content_width":"","footnotes":""},"class_list":["post-34","page","type-page","status-publish","hentry"],"_links":{"self":[{"href":"https:\/\/etab.ac-reunion.fr\/clg-lacaussade\/wp-json\/wp\/v2\/pages\/34","targetHints":{"allow":["GET"]}}],"collection":[{"href":"https:\/\/etab.ac-reunion.fr\/clg-lacaussade\/wp-json\/wp\/v2\/pages"}],"about":[{"href":"https:\/\/etab.ac-reunion.fr\/clg-lacaussade\/wp-json\/wp\/v2\/types\/page"}],"author":[{"embeddable":true,"href":"https:\/\/etab.ac-reunion.fr\/clg-lacaussade\/wp-json\/wp\/v2\/users\/1514"}],"replies":[{"embeddable":true,"href":"https:\/\/etab.ac-reunion.fr\/clg-lacaussade\/wp-json\/wp\/v2\/comments?post=34"}],"version-history":[{"count":2,"href":"https:\/\/etab.ac-reunion.fr\/clg-lacaussade\/wp-json\/wp\/v2\/pages\/34\/revisions"}],"predecessor-version":[{"id":7568,"href":"https:\/\/etab.ac-reunion.fr\/clg-lacaussade\/wp-json\/wp\/v2\/pages\/34\/revisions\/7568"}],"up":[{"embeddable":true,"href":"https:\/\/etab.ac-reunion.fr\/clg-lacaussade\/wp-json\/wp\/v2\/pages\/30"}],"wp:attachment":[{"href":"https:\/\/etab.ac-reunion.fr\/clg-lacaussade\/wp-json\/wp\/v2\/media?parent=34"}],"curies":[{"name":"wp","href":"https:\/\/api.w.org\/{rel}","templated":true}]}}