{"id":36,"date":"2014-05-02T14:41:26","date_gmt":"2014-05-02T10:41:26","guid":{"rendered":"http:\/\/college-lacaussade.ac-reunion.fr\/?page_id=36"},"modified":"2023-05-02T11:53:35","modified_gmt":"2023-05-02T07:53:35","slug":"cdi","status":"publish","type":"page","link":"https:\/\/etab.ac-reunion.fr\/clg-lacaussade\/vie-au-college\/cdi\/","title":{"rendered":"CDI"},"content":{"rendered":"<div class=\"entry-content clearfix\">\n<p style=\"text-align: center\">Bienvenue \u00e0 tous, \u00e9l\u00e8ves, parents, enseignants et membres de la communaut\u00e9 \u00e9ducative du coll\u00e8ge Auguste Lacaussade.<\/p>\n<p style=\"text-align: center\">Le CDI est un espace de recherche et de lecture g\u00e9r\u00e9 par le professeur documentaliste.<\/p>\n<p style=\"text-align: center\">Il est ouvert aux \u00e9l\u00e8ves et \u00e0 l\u2019ensemble de la communaut\u00e9 \u00e9ducative.<\/p>\n<p style=\"text-align: center\">Mme Bertrand K., Professeur documentaliste<\/p>\n<p style=\"text-align: center\">et Mme GABOU.M l&rsquo;assistante documentaliste<\/p>\n<p><a href=\"https:\/\/etab.ac-reunion.fr\/clg-lacaussade\/wp-content\/uploads\/sites\/75\/2023\/05\/Resized_20230502_110826001.jpg\"><img loading=\"lazy\" decoding=\"async\" class=\"wp-image-6728 size-medium aligncenter\" style=\"border: 5px outset #FFA500\" src=\"https:\/\/etab.ac-reunion.fr\/clg-lacaussade\/wp-content\/uploads\/sites\/75\/2023\/05\/Resized_20230502_110826001-300x169.jpg\" alt=\"\" width=\"300\" height=\"169\" \/><\/a><\/p>\n<\/div>\n<p style=\"text-align: center\">_______________<\/p>\n<p style=\"text-align: center\"><span style=\"font-size: 18px\"><strong>Horaires du CDI<\/strong><\/span><\/p>\n<p style=\"text-align: center\">LUNDI : 7h-16h30<br \/>\nMARDI : 7h-16h30<br \/>\nMERCREDI : 7h-12h<br \/>\nJEUDI : 7h-16h30<br \/>\nVENDREDI : 7h-16h30<\/p>\n<p style=\"text-align: center\">_______________<\/p>\n<div style=\"width: 660px;height: 450px\">\n<div id=\"attachment_3799\" style=\"width: 280px\" class=\"wp-caption alignleft\"><a href=\"https:\/\/etab.ac-reunion.fr\/clg-lacaussade\/wp-content\/uploads\/sites\/75\/2014\/05\/CDI_Mode-demploi.png\"><img loading=\"lazy\" decoding=\"async\" aria-describedby=\"caption-attachment-3799\" class=\"wp-image-3799\" src=\"https:\/\/etab.ac-reunion.fr\/clg-lacaussade\/wp-content\/uploads\/sites\/75\/2014\/05\/CDI_Mode-demploi-666x1024.png\" alt=\"\" width=\"270\" height=\"416\" srcset=\"https:\/\/etab.ac-reunion.fr\/clg-lacaussade\/wp-content\/uploads\/sites\/75\/2014\/05\/CDI_Mode-demploi-666x1024.png 666w, https:\/\/etab.ac-reunion.fr\/clg-lacaussade\/wp-content\/uploads\/sites\/75\/2014\/05\/CDI_Mode-demploi-195x300.png 195w, https:\/\/etab.ac-reunion.fr\/clg-lacaussade\/wp-content\/uploads\/sites\/75\/2014\/05\/CDI_Mode-demploi.png 1200w\" sizes=\"(max-width: 270px) 100vw, 270px\" \/><\/a><p id=\"caption-attachment-3799\" class=\"wp-caption-text\">CDI : Mode d&#8217;emploi<\/p><\/div>\n<div id=\"attachment_3800\" style=\"width: 280px\" class=\"wp-caption alignright\"><a href=\"https:\/\/etab.ac-reunion.fr\/clg-lacaussade\/wp-content\/uploads\/sites\/75\/2014\/05\/R\u00e8gles-de-vie-CDI.png\"><img loading=\"lazy\" decoding=\"async\" aria-describedby=\"caption-attachment-3800\" class=\"wp-image-3800\" src=\"https:\/\/etab.ac-reunion.fr\/clg-lacaussade\/wp-content\/uploads\/sites\/75\/2014\/05\/R\u00e8gles-de-vie-CDI-666x1024.png\" alt=\"\" width=\"270\" height=\"416\" srcset=\"https:\/\/etab.ac-reunion.fr\/clg-lacaussade\/wp-content\/uploads\/sites\/75\/2014\/05\/R\u00e8gles-de-vie-CDI-666x1024.png 666w, https:\/\/etab.ac-reunion.fr\/clg-lacaussade\/wp-content\/uploads\/sites\/75\/2014\/05\/R\u00e8gles-de-vie-CDI-195x300.png 195w, https:\/\/etab.ac-reunion.fr\/clg-lacaussade\/wp-content\/uploads\/sites\/75\/2014\/05\/R\u00e8gles-de-vie-CDI.png 1200w\" sizes=\"(max-width: 270px) 100vw, 270px\" \/><\/a><p id=\"caption-attachment-3800\" class=\"wp-caption-text\">R\u00e8gles de vie du CDI<\/p><\/div>\n<\/div>\n","protected":false},"excerpt":{"rendered":"<p>Bienvenue \u00e0 tous, \u00e9l\u00e8ves, parents, enseignants et membres de la communaut\u00e9 \u00e9ducative du coll\u00e8ge Auguste Lacaussade. Le CDI est un espace de recherche et de lecture g\u00e9r\u00e9 par le professeur [&hellip;]<\/p>\n","protected":false},"author":4452,"featured_media":2490,"parent":74,"menu_order":0,"comment_status":"closed","ping_status":"closed","template":"","meta":{"_et_pb_use_builder":"","_et_pb_old_content":"","_et_gb_content_width":"","footnotes":""},"class_list":["post-36","page","type-page","status-publish","has-post-thumbnail","hentry"],"_links":{"self":[{"href":"https:\/\/etab.ac-reunion.fr\/clg-lacaussade\/wp-json\/wp\/v2\/pages\/36","targetHints":{"allow":["GET"]}}],"collection":[{"href":"https:\/\/etab.ac-reunion.fr\/clg-lacaussade\/wp-json\/wp\/v2\/pages"}],"about":[{"href":"https:\/\/etab.ac-reunion.fr\/clg-lacaussade\/wp-json\/wp\/v2\/types\/page"}],"author":[{"embeddable":true,"href":"https:\/\/etab.ac-reunion.fr\/clg-lacaussade\/wp-json\/wp\/v2\/users\/4452"}],"replies":[{"embeddable":true,"href":"https:\/\/etab.ac-reunion.fr\/clg-lacaussade\/wp-json\/wp\/v2\/comments?post=36"}],"version-history":[{"count":22,"href":"https:\/\/etab.ac-reunion.fr\/clg-lacaussade\/wp-json\/wp\/v2\/pages\/36\/revisions"}],"predecessor-version":[{"id":6729,"href":"https:\/\/etab.ac-reunion.fr\/clg-lacaussade\/wp-json\/wp\/v2\/pages\/36\/revisions\/6729"}],"up":[{"embeddable":true,"href":"https:\/\/etab.ac-reunion.fr\/clg-lacaussade\/wp-json\/wp\/v2\/pages\/74"}],"wp:featuredmedia":[{"embeddable":true,"href":"https:\/\/etab.ac-reunion.fr\/clg-lacaussade\/wp-json\/wp\/v2\/media\/2490"}],"wp:attachment":[{"href":"https:\/\/etab.ac-reunion.fr\/clg-lacaussade\/wp-json\/wp\/v2\/media?parent=36"}],"curies":[{"name":"wp","href":"https:\/\/api.w.org\/{rel}","templated":true}]}}